{"id":9996,"date":"2020-12-28T23:03:26","date_gmt":"2020-12-28T21:03:26","guid":{"rendered":"https:\/\/steelnet.ua\/product\/szyna-uziemiajaca-sn-sz-1u\/"},"modified":"2020-12-28T23:03:26","modified_gmt":"2020-12-28T21:03:26","slug":"szyna-uziemiajaca-sn-sz-1u","status":"publish","type":"product","link":"https:\/\/steelnet.ua\/pl\/produkt\/szyna-uziemiajaca-sn-sz-1u\/","title":{"rendered":"Szyna uziemiaj\u0105ca SN-SZ-1U"},"content":{"rendered":"<p>Miedziana szyna zbiorcza zosta\u0142a zaprojektowana w celu zorganizowania pojedynczej p\u0119tli uziemienia poprzez pod\u0142\u0105czenie sprz\u0119tu sieciowego i innych przewodz\u0105cych pr\u0105d cz\u0119\u015bci 19-calowej szafy telekomunikacyjnej lub stojaka do wsp\u00f3lnej szyny uziemiaj\u0105cej.<\/p>\n<p>&nbsp;<\/p>\n<p>Specyfikacja:<\/p>\n<ul>\n<li>materia\u0142: mied\u017a, przekr\u00f3j 20&#215;5 mm.<\/li>\n<li>liczba punkt\u00f3w po\u0142\u0105czeniowych: do 14 szt.<\/li>\n<li>mocowanie za pomoc\u0105 \u015brub i nakr\u0119tek M6<\/li>\n<li>waga: 0,62 kg<\/li>\n<\/ul>\n<p>&nbsp;<\/p>\n<p>Wymiary produktu: 482x5x20 mm.<\/p>\n<p>Dostarczana w indywidualnym opakowaniu kartonowym.<\/p>\n","protected":false},"excerpt":{"rendered":"<p>Miedziana szyna zbiorcza zosta\u0142a zaprojektowana w celu zorganizowania pojedynczej p\u0119tli uziemienia poprzez pod\u0142\u0105czenie sprz\u0119tu sieciowego i innych przewodz\u0105cych pr\u0105d cz\u0119\u015bci 19-calowej szafy telekomunikacyjnej lub stojaka do wsp\u00f3lnej szyny uziemiaj\u0105cej. &nbsp; Specyfikacja: materia\u0142: mied\u017a, przekr\u00f3j 20&#215;5 mm. liczba punkt\u00f3w po\u0142\u0105czeniowych: do 14 szt. mocowanie za pomoc\u0105 \u015brub i nakr\u0119tek M6 waga: 0,62 kg &nbsp; Wymiary produktu: [&hellip;]<\/p>\n","protected":false},"featured_media":9997,"comment_status":"open","ping_status":"closed","template":"","meta":{"inline_featured_image":false},"product_cat":[],"product_tag":[],"class_list":{"0":"post-9996","1":"product","2":"type-product","3":"status-publish","4":"has-post-thumbnail","7":"first","8":"instock","9":"shipping-taxable","10":"product-type-simple"},"yoast_head":"<!-- This site is optimized with the Yoast SEO plugin v27.3 - https:\/\/yoast.com\/product\/yoast-seo-wordpress\/ -->\n<title>Szyna uziemiaj\u0105ca SN-SZ-1U - SteelNet<\/title>\n<meta name=\"robots\" content=\"index, follow, max-snippet:-1, max-image-preview:large, max-video-preview:-1\" \/>\n<link rel=\"canonical\" href=\"https:\/\/steelnet.ua\/pl\/produkt\/szyna-uziemiajaca-sn-sz-1u\/\" \/>\n<meta property=\"og:locale\" content=\"pl_PL\" \/>\n<meta property=\"og:type\" content=\"article\" \/>\n<meta property=\"og:title\" content=\"Szyna uziemiaj\u0105ca SN-SZ-1U - SteelNet\" \/>\n<meta property=\"og:description\" content=\"Miedziana szyna zbiorcza zosta\u0142a zaprojektowana w celu zorganizowania pojedynczej p\u0119tli uziemienia poprzez pod\u0142\u0105czenie sprz\u0119tu sieciowego i innych przewodz\u0105cych pr\u0105d cz\u0119\u015bci 19-calowej szafy telekomunikacyjnej lub stojaka do wsp\u00f3lnej szyny uziemiaj\u0105cej. &nbsp; Specyfikacja: materia\u0142: mied\u017a, przekr\u00f3j 20&#215;5 mm. liczba punkt\u00f3w po\u0142\u0105czeniowych: do 14 szt. mocowanie za pomoc\u0105 \u015brub i nakr\u0119tek M6 waga: 0,62 kg &nbsp; Wymiary produktu: [&hellip;]\" \/>\n<meta property=\"og:url\" content=\"https:\/\/steelnet.ua\/pl\/produkt\/szyna-uziemiajaca-sn-sz-1u\/\" \/>\n<meta property=\"og:site_name\" content=\"SteelNet\" \/>\n<meta property=\"og:image\" content=\"https:\/\/steelnet.ua\/wp-content\/uploads\/2020\/12\/lara_product_286.jpg\" \/>\n\t<meta property=\"og:image:width\" content=\"800\" \/>\n\t<meta property=\"og:image:height\" content=\"800\" \/>\n\t<meta property=\"og:image:type\" content=\"image\/jpeg\" \/>\n<meta name=\"twitter:card\" content=\"summary_large_image\" \/>\n<script type=\"application\/ld+json\" class=\"yoast-schema-graph\">{\"@context\":\"https:\\\/\\\/schema.org\",\"@graph\":[{\"@type\":\"WebPage\",\"@id\":\"https:\\\/\\\/steelnet.ua\\\/pl\\\/produkt\\\/szyna-uziemiajaca-sn-sz-1u\\\/\",\"url\":\"https:\\\/\\\/steelnet.ua\\\/pl\\\/produkt\\\/szyna-uziemiajaca-sn-sz-1u\\\/\",\"name\":\"Szyna uziemiaj\u0105ca SN-SZ-1U - SteelNet\",\"isPartOf\":{\"@id\":\"https:\\\/\\\/steelnet.ua\\\/#website\"},\"primaryImageOfPage\":{\"@id\":\"https:\\\/\\\/steelnet.ua\\\/pl\\\/produkt\\\/szyna-uziemiajaca-sn-sz-1u\\\/#primaryimage\"},\"image\":{\"@id\":\"https:\\\/\\\/steelnet.ua\\\/pl\\\/produkt\\\/szyna-uziemiajaca-sn-sz-1u\\\/#primaryimage\"},\"thumbnailUrl\":\"https:\\\/\\\/steelnet.ua\\\/wp-content\\\/uploads\\\/2020\\\/12\\\/lara_product_286.jpg\",\"datePublished\":\"2020-12-28T21:03:26+00:00\",\"breadcrumb\":{\"@id\":\"https:\\\/\\\/steelnet.ua\\\/pl\\\/produkt\\\/szyna-uziemiajaca-sn-sz-1u\\\/#breadcrumb\"},\"inLanguage\":\"pl-PL\",\"potentialAction\":[{\"@type\":\"ReadAction\",\"target\":[\"https:\\\/\\\/steelnet.ua\\\/pl\\\/produkt\\\/szyna-uziemiajaca-sn-sz-1u\\\/\"]}]},{\"@type\":\"ImageObject\",\"inLanguage\":\"pl-PL\",\"@id\":\"https:\\\/\\\/steelnet.ua\\\/pl\\\/produkt\\\/szyna-uziemiajaca-sn-sz-1u\\\/#primaryimage\",\"url\":\"https:\\\/\\\/steelnet.ua\\\/wp-content\\\/uploads\\\/2020\\\/12\\\/lara_product_286.jpg\",\"contentUrl\":\"https:\\\/\\\/steelnet.ua\\\/wp-content\\\/uploads\\\/2020\\\/12\\\/lara_product_286.jpg\",\"width\":800,\"height\":800},{\"@type\":\"BreadcrumbList\",\"@id\":\"https:\\\/\\\/steelnet.ua\\\/pl\\\/produkt\\\/szyna-uziemiajaca-sn-sz-1u\\\/#breadcrumb\",\"itemListElement\":[{\"@type\":\"ListItem\",\"position\":1,\"name\":\"\u0413\u043e\u043b\u043e\u0432\u043d\u0430 \u0421\u0442\u043e\u0440\u0456\u043d\u043a\u0430\",\"item\":\"https:\\\/\\\/steelnet.ua\\\/\"},{\"@type\":\"ListItem\",\"position\":2,\"name\":\"\u041c\u0430\u0433\u0430\u0437\u0438\u043d\",\"item\":\"https:\\\/\\\/steelnet.ua\\\/shop\\\/\"},{\"@type\":\"ListItem\",\"position\":3,\"name\":\"Szyna uziemiaj\u0105ca SN-SZ-1U\"}]},{\"@type\":\"WebSite\",\"@id\":\"https:\\\/\\\/steelnet.ua\\\/#website\",\"url\":\"https:\\\/\\\/steelnet.ua\\\/\",\"name\":\"SteelNet\",\"description\":\"\u041c\u0435\u0442\u0430\u043b\u043e\u043a\u043e\u043d\u0441\u0442\u0440\u0443\u043a\u0446\u0456\u0457 \u0442\u0430 \u0442\u0435\u043b\u0435\u043a\u043e\u043c \u043e\u0431\u043b\u0430\u0434\u043d\u0430\u043d\u043d\u044f\",\"potentialAction\":[{\"@type\":\"SearchAction\",\"target\":{\"@type\":\"EntryPoint\",\"urlTemplate\":\"https:\\\/\\\/steelnet.ua\\\/?s={search_term_string}\"},\"query-input\":{\"@type\":\"PropertyValueSpecification\",\"valueRequired\":true,\"valueName\":\"search_term_string\"}}],\"inLanguage\":\"pl-PL\"}]}<\/script>\n<!-- \/ Yoast SEO plugin. -->","yoast_head_json":{"title":"Szyna uziemiaj\u0105ca SN-SZ-1U - SteelNet","robots":{"index":"index","follow":"follow","max-snippet":"max-snippet:-1","max-image-preview":"max-image-preview:large","max-video-preview":"max-video-preview:-1"},"canonical":"https:\/\/steelnet.ua\/pl\/produkt\/szyna-uziemiajaca-sn-sz-1u\/","og_locale":"pl_PL","og_type":"article","og_title":"Szyna uziemiaj\u0105ca SN-SZ-1U - SteelNet","og_description":"Miedziana szyna zbiorcza zosta\u0142a zaprojektowana w celu zorganizowania pojedynczej p\u0119tli uziemienia poprzez pod\u0142\u0105czenie sprz\u0119tu sieciowego i innych przewodz\u0105cych pr\u0105d cz\u0119\u015bci 19-calowej szafy telekomunikacyjnej lub stojaka do wsp\u00f3lnej szyny uziemiaj\u0105cej. &nbsp; Specyfikacja: materia\u0142: mied\u017a, przekr\u00f3j 20&#215;5 mm. liczba punkt\u00f3w po\u0142\u0105czeniowych: do 14 szt. mocowanie za pomoc\u0105 \u015brub i nakr\u0119tek M6 waga: 0,62 kg &nbsp; Wymiary produktu: [&hellip;]","og_url":"https:\/\/steelnet.ua\/pl\/produkt\/szyna-uziemiajaca-sn-sz-1u\/","og_site_name":"SteelNet","og_image":[{"width":800,"height":800,"url":"https:\/\/steelnet.ua\/wp-content\/uploads\/2020\/12\/lara_product_286.jpg","type":"image\/jpeg"}],"twitter_card":"summary_large_image","schema":{"@context":"https:\/\/schema.org","@graph":[{"@type":"WebPage","@id":"https:\/\/steelnet.ua\/pl\/produkt\/szyna-uziemiajaca-sn-sz-1u\/","url":"https:\/\/steelnet.ua\/pl\/produkt\/szyna-uziemiajaca-sn-sz-1u\/","name":"Szyna uziemiaj\u0105ca SN-SZ-1U - SteelNet","isPartOf":{"@id":"https:\/\/steelnet.ua\/#website"},"primaryImageOfPage":{"@id":"https:\/\/steelnet.ua\/pl\/produkt\/szyna-uziemiajaca-sn-sz-1u\/#primaryimage"},"image":{"@id":"https:\/\/steelnet.ua\/pl\/produkt\/szyna-uziemiajaca-sn-sz-1u\/#primaryimage"},"thumbnailUrl":"https:\/\/steelnet.ua\/wp-content\/uploads\/2020\/12\/lara_product_286.jpg","datePublished":"2020-12-28T21:03:26+00:00","breadcrumb":{"@id":"https:\/\/steelnet.ua\/pl\/produkt\/szyna-uziemiajaca-sn-sz-1u\/#breadcrumb"},"inLanguage":"pl-PL","potentialAction":[{"@type":"ReadAction","target":["https:\/\/steelnet.ua\/pl\/produkt\/szyna-uziemiajaca-sn-sz-1u\/"]}]},{"@type":"ImageObject","inLanguage":"pl-PL","@id":"https:\/\/steelnet.ua\/pl\/produkt\/szyna-uziemiajaca-sn-sz-1u\/#primaryimage","url":"https:\/\/steelnet.ua\/wp-content\/uploads\/2020\/12\/lara_product_286.jpg","contentUrl":"https:\/\/steelnet.ua\/wp-content\/uploads\/2020\/12\/lara_product_286.jpg","width":800,"height":800},{"@type":"BreadcrumbList","@id":"https:\/\/steelnet.ua\/pl\/produkt\/szyna-uziemiajaca-sn-sz-1u\/#breadcrumb","itemListElement":[{"@type":"ListItem","position":1,"name":"\u0413\u043e\u043b\u043e\u0432\u043d\u0430 \u0421\u0442\u043e\u0440\u0456\u043d\u043a\u0430","item":"https:\/\/steelnet.ua\/"},{"@type":"ListItem","position":2,"name":"\u041c\u0430\u0433\u0430\u0437\u0438\u043d","item":"https:\/\/steelnet.ua\/shop\/"},{"@type":"ListItem","position":3,"name":"Szyna uziemiaj\u0105ca SN-SZ-1U"}]},{"@type":"WebSite","@id":"https:\/\/steelnet.ua\/#website","url":"https:\/\/steelnet.ua\/","name":"SteelNet","description":"\u041c\u0435\u0442\u0430\u043b\u043e\u043a\u043e\u043d\u0441\u0442\u0440\u0443\u043a\u0446\u0456\u0457 \u0442\u0430 \u0442\u0435\u043b\u0435\u043a\u043e\u043c \u043e\u0431\u043b\u0430\u0434\u043d\u0430\u043d\u043d\u044f","potentialAction":[{"@type":"SearchAction","target":{"@type":"EntryPoint","urlTemplate":"https:\/\/steelnet.ua\/?s={search_term_string}"},"query-input":{"@type":"PropertyValueSpecification","valueRequired":true,"valueName":"search_term_string"}}],"inLanguage":"pl-PL"}]}},"_links":{"self":[{"href":"https:\/\/steelnet.ua\/pl\/wp-json\/wp\/v2\/product\/9996","targetHints":{"allow":["GET"]}}],"collection":[{"href":"https:\/\/steelnet.ua\/pl\/wp-json\/wp\/v2\/product"}],"about":[{"href":"https:\/\/steelnet.ua\/pl\/wp-json\/wp\/v2\/types\/product"}],"replies":[{"embeddable":true,"href":"https:\/\/steelnet.ua\/pl\/wp-json\/wp\/v2\/comments?post=9996"}],"wp:featuredmedia":[{"embeddable":true,"href":"https:\/\/steelnet.ua\/pl\/wp-json\/wp\/v2\/media\/9997"}],"wp:attachment":[{"href":"https:\/\/steelnet.ua\/pl\/wp-json\/wp\/v2\/media?parent=9996"}],"wp:term":[{"taxonomy":"product_cat","embeddable":true,"href":"https:\/\/steelnet.ua\/pl\/wp-json\/wp\/v2\/product_cat?post=9996"},{"taxonomy":"product_tag","embeddable":true,"href":"https:\/\/steelnet.ua\/pl\/wp-json\/wp\/v2\/product_tag?post=9996"}],"curies":[{"name":"wp","href":"https:\/\/api.w.org\/{rel}","templated":true}]}}