{"id":9987,"date":"2020-12-28T22:59:45","date_gmt":"2020-12-28T20:59:45","guid":{"rendered":"https:\/\/steelnet.ua\/product\/zaslepka-obudowy-sn-bp-2u-19\/"},"modified":"2020-12-28T22:59:45","modified_gmt":"2020-12-28T20:59:45","slug":"zaslepka-obudowy-sn-bp-2u-19","status":"publish","type":"product","link":"https:\/\/steelnet.ua\/pl\/produkt\/zaslepka-obudowy-sn-bp-2u-19\/","title":{"rendered":"Za\u015blepka obudowy SN-BP-2U 19\u201d"},"content":{"rendered":"<p>Za\u015blepka\u00a0SN-\u0412\u0420-2U<\/p>\n<p>Zaprojektowana do blokowania wolnej przestrzeni pomi\u0119dzy urz\u0105dzeniami zainstalowanymi na stojakach, a tak\u017ce do organizowania prawid\u0142owej wymiany powietrza podczas wentylacji i ch\u0142odzenia.<\/p>\n<p>Za\u015blepka zapobiega mieszaniu si\u0119 zimnego i ciep\u0142ego powietrza, zwi\u0119kszaj\u0105c wydajno\u015b\u0107 ch\u0142odzenia urz\u0105dze\u0144 zainstalowanych wewn\u0105trz szafy.<\/p>\n<p>Ponadto za\u015blepka zapobiega przedostawaniu si\u0119 kurzu i brudu do zainstalowanych urz\u0105dze\u0144 oraz nadaje ca\u0142ej konstrukcji kompletny wygl\u0105d.<\/p>\n<p>Za\u015blepka pokryta jest specjaln\u0105 farb\u0105 proszkowo-polimerow\u0105, kt\u00f3ra tworzy trwa\u0142\u0105 pow\u0142ok\u0119 z w\u0119glik\u00f3w spiekanych, odporn\u0105 na dzia\u0142anie czynnik\u00f3w zewn\u0119trznych, w tym napr\u0119\u017ce\u0144 mechanicznych.<\/p>\n<p>Dost\u0119pne s\u0105 dwa standardowe kolory: RAL7035 (szary) oraz RAL9005 (czarny).<\/p>\n<p>SN-BP-2U\u00a0 ma wymiary (wys. x szer. x g\u0142.) 88,4 \u0445 482 \u0445 10 mm.<\/p>\n<p>SN-BP-1U\u00a0 ma wymiary (wys. x szer. x g\u0142.) 44,45 \u0445 482 \u0445 10 mm.<\/p>\n<p>SN-BP-4U\u00a0 ma wymiary (wys. x szer. x g\u0142.) 177,8 \u0445 482 \u0445 10 mm.<\/p>\n","protected":false},"excerpt":{"rendered":"<p>Za\u015blepka\u00a0SN-\u0412\u0420-2U Zaprojektowana do blokowania wolnej przestrzeni pomi\u0119dzy urz\u0105dzeniami zainstalowanymi na stojakach, a tak\u017ce do organizowania prawid\u0142owej wymiany powietrza podczas wentylacji i ch\u0142odzenia. Za\u015blepka zapobiega mieszaniu si\u0119 zimnego i ciep\u0142ego powietrza, zwi\u0119kszaj\u0105c wydajno\u015b\u0107 ch\u0142odzenia urz\u0105dze\u0144 zainstalowanych wewn\u0105trz szafy. Ponadto za\u015blepka zapobiega przedostawaniu si\u0119 kurzu i brudu do zainstalowanych urz\u0105dze\u0144 oraz nadaje ca\u0142ej konstrukcji kompletny wygl\u0105d. Za\u015blepka [&hellip;]<\/p>\n","protected":false},"featured_media":9988,"comment_status":"open","ping_status":"closed","template":"","meta":{"inline_featured_image":false},"product_cat":[],"product_tag":[],"class_list":{"0":"post-9987","1":"product","2":"type-product","3":"status-publish","4":"has-post-thumbnail","7":"first","8":"instock","9":"shipping-taxable","10":"product-type-simple"},"yoast_head":"<!-- This site is optimized with the Yoast SEO plugin v27.3 - https:\/\/yoast.com\/product\/yoast-seo-wordpress\/ -->\n<title>Metalowa wtyczka dla 2 urz\u0105dze\u0144, w szafce telekomunikacyjnej, kup Ukraina<\/title>\n<meta name=\"description\" content=\"Metalowa wtyczka na 2 jednostki, w szafie telekomunikacyjnej 19 cali, SN-BP-2U 19\u201d, kup Ukraina, hurt, detal, cena produkcji Steelnet\" \/>\n<meta name=\"robots\" content=\"index, follow, max-snippet:-1, max-image-preview:large, max-video-preview:-1\" \/>\n<link rel=\"canonical\" href=\"https:\/\/steelnet.ua\/pl\/produkt\/zaslepka-obudowy-sn-bp-2u-19\/\" \/>\n<meta property=\"og:locale\" content=\"pl_PL\" \/>\n<meta property=\"og:type\" content=\"article\" \/>\n<meta property=\"og:title\" content=\"Metalowa wtyczka dla 2 urz\u0105dze\u0144, w szafce telekomunikacyjnej, kup Ukraina\" \/>\n<meta property=\"og:description\" content=\"Metalowa wtyczka na 2 jednostki, w szafie telekomunikacyjnej 19 cali, SN-BP-2U 19\u201d, kup Ukraina, hurt, detal, cena produkcji Steelnet\" \/>\n<meta property=\"og:url\" content=\"https:\/\/steelnet.ua\/pl\/produkt\/zaslepka-obudowy-sn-bp-2u-19\/\" \/>\n<meta property=\"og:site_name\" content=\"SteelNet\" \/>\n<meta property=\"og:image\" content=\"https:\/\/steelnet.ua\/wp-content\/uploads\/2021\/01\/lara_product_272.jpg\" \/>\n\t<meta property=\"og:image:width\" content=\"640\" \/>\n\t<meta property=\"og:image:height\" content=\"640\" \/>\n\t<meta property=\"og:image:type\" content=\"image\/jpeg\" \/>\n<meta name=\"twitter:card\" content=\"summary_large_image\" \/>\n<meta name=\"twitter:label1\" content=\"Szacowany czas czytania\" \/>\n\t<meta name=\"twitter:data1\" content=\"1 minuta\" \/>\n<script type=\"application\/ld+json\" class=\"yoast-schema-graph\">{\"@context\":\"https:\\\/\\\/schema.org\",\"@graph\":[{\"@type\":\"WebPage\",\"@id\":\"https:\\\/\\\/steelnet.ua\\\/pl\\\/produkt\\\/zaslepka-obudowy-sn-bp-2u-19\\\/\",\"url\":\"https:\\\/\\\/steelnet.ua\\\/pl\\\/produkt\\\/zaslepka-obudowy-sn-bp-2u-19\\\/\",\"name\":\"Metalowa wtyczka dla 2 urz\u0105dze\u0144, w szafce telekomunikacyjnej, kup Ukraina\",\"isPartOf\":{\"@id\":\"https:\\\/\\\/steelnet.ua\\\/#website\"},\"primaryImageOfPage\":{\"@id\":\"https:\\\/\\\/steelnet.ua\\\/pl\\\/produkt\\\/zaslepka-obudowy-sn-bp-2u-19\\\/#primaryimage\"},\"image\":{\"@id\":\"https:\\\/\\\/steelnet.ua\\\/pl\\\/produkt\\\/zaslepka-obudowy-sn-bp-2u-19\\\/#primaryimage\"},\"thumbnailUrl\":\"https:\\\/\\\/steelnet.ua\\\/wp-content\\\/uploads\\\/2021\\\/01\\\/lara_product_272.jpg\",\"datePublished\":\"2020-12-28T20:59:45+00:00\",\"description\":\"Metalowa wtyczka na 2 jednostki, w szafie telekomunikacyjnej 19 cali, SN-BP-2U 19\u201d, kup Ukraina, hurt, detal, cena produkcji Steelnet\",\"breadcrumb\":{\"@id\":\"https:\\\/\\\/steelnet.ua\\\/pl\\\/produkt\\\/zaslepka-obudowy-sn-bp-2u-19\\\/#breadcrumb\"},\"inLanguage\":\"pl-PL\",\"potentialAction\":[{\"@type\":\"ReadAction\",\"target\":[\"https:\\\/\\\/steelnet.ua\\\/pl\\\/produkt\\\/zaslepka-obudowy-sn-bp-2u-19\\\/\"]}]},{\"@type\":\"ImageObject\",\"inLanguage\":\"pl-PL\",\"@id\":\"https:\\\/\\\/steelnet.ua\\\/pl\\\/produkt\\\/zaslepka-obudowy-sn-bp-2u-19\\\/#primaryimage\",\"url\":\"https:\\\/\\\/steelnet.ua\\\/wp-content\\\/uploads\\\/2021\\\/01\\\/lara_product_272.jpg\",\"contentUrl\":\"https:\\\/\\\/steelnet.ua\\\/wp-content\\\/uploads\\\/2021\\\/01\\\/lara_product_272.jpg\",\"width\":640,\"height\":640},{\"@type\":\"BreadcrumbList\",\"@id\":\"https:\\\/\\\/steelnet.ua\\\/pl\\\/produkt\\\/zaslepka-obudowy-sn-bp-2u-19\\\/#breadcrumb\",\"itemListElement\":[{\"@type\":\"ListItem\",\"position\":1,\"name\":\"\u0413\u043e\u043b\u043e\u0432\u043d\u0430 \u0421\u0442\u043e\u0440\u0456\u043d\u043a\u0430\",\"item\":\"https:\\\/\\\/steelnet.ua\\\/\"},{\"@type\":\"ListItem\",\"position\":2,\"name\":\"\u041c\u0430\u0433\u0430\u0437\u0438\u043d\",\"item\":\"https:\\\/\\\/steelnet.ua\\\/shop\\\/\"},{\"@type\":\"ListItem\",\"position\":3,\"name\":\"Za\u015blepka obudowy SN-BP-2U 19\u201d\"}]},{\"@type\":\"WebSite\",\"@id\":\"https:\\\/\\\/steelnet.ua\\\/#website\",\"url\":\"https:\\\/\\\/steelnet.ua\\\/\",\"name\":\"SteelNet\",\"description\":\"\u041c\u0435\u0442\u0430\u043b\u043e\u043a\u043e\u043d\u0441\u0442\u0440\u0443\u043a\u0446\u0456\u0457 \u0442\u0430 \u0442\u0435\u043b\u0435\u043a\u043e\u043c \u043e\u0431\u043b\u0430\u0434\u043d\u0430\u043d\u043d\u044f\",\"potentialAction\":[{\"@type\":\"SearchAction\",\"target\":{\"@type\":\"EntryPoint\",\"urlTemplate\":\"https:\\\/\\\/steelnet.ua\\\/?s={search_term_string}\"},\"query-input\":{\"@type\":\"PropertyValueSpecification\",\"valueRequired\":true,\"valueName\":\"search_term_string\"}}],\"inLanguage\":\"pl-PL\"}]}<\/script>\n<!-- \/ Yoast SEO plugin. -->","yoast_head_json":{"title":"Metalowa wtyczka dla 2 urz\u0105dze\u0144, w szafce telekomunikacyjnej, kup Ukraina","description":"Metalowa wtyczka na 2 jednostki, w szafie telekomunikacyjnej 19 cali, SN-BP-2U 19\u201d, kup Ukraina, hurt, detal, cena produkcji Steelnet","robots":{"index":"index","follow":"follow","max-snippet":"max-snippet:-1","max-image-preview":"max-image-preview:large","max-video-preview":"max-video-preview:-1"},"canonical":"https:\/\/steelnet.ua\/pl\/produkt\/zaslepka-obudowy-sn-bp-2u-19\/","og_locale":"pl_PL","og_type":"article","og_title":"Metalowa wtyczka dla 2 urz\u0105dze\u0144, w szafce telekomunikacyjnej, kup Ukraina","og_description":"Metalowa wtyczka na 2 jednostki, w szafie telekomunikacyjnej 19 cali, SN-BP-2U 19\u201d, kup Ukraina, hurt, detal, cena produkcji Steelnet","og_url":"https:\/\/steelnet.ua\/pl\/produkt\/zaslepka-obudowy-sn-bp-2u-19\/","og_site_name":"SteelNet","og_image":[{"width":640,"height":640,"url":"https:\/\/steelnet.ua\/wp-content\/uploads\/2021\/01\/lara_product_272.jpg","type":"image\/jpeg"}],"twitter_card":"summary_large_image","twitter_misc":{"Szacowany czas czytania":"1 minuta"},"schema":{"@context":"https:\/\/schema.org","@graph":[{"@type":"WebPage","@id":"https:\/\/steelnet.ua\/pl\/produkt\/zaslepka-obudowy-sn-bp-2u-19\/","url":"https:\/\/steelnet.ua\/pl\/produkt\/zaslepka-obudowy-sn-bp-2u-19\/","name":"Metalowa wtyczka dla 2 urz\u0105dze\u0144, w szafce telekomunikacyjnej, kup Ukraina","isPartOf":{"@id":"https:\/\/steelnet.ua\/#website"},"primaryImageOfPage":{"@id":"https:\/\/steelnet.ua\/pl\/produkt\/zaslepka-obudowy-sn-bp-2u-19\/#primaryimage"},"image":{"@id":"https:\/\/steelnet.ua\/pl\/produkt\/zaslepka-obudowy-sn-bp-2u-19\/#primaryimage"},"thumbnailUrl":"https:\/\/steelnet.ua\/wp-content\/uploads\/2021\/01\/lara_product_272.jpg","datePublished":"2020-12-28T20:59:45+00:00","description":"Metalowa wtyczka na 2 jednostki, w szafie telekomunikacyjnej 19 cali, SN-BP-2U 19\u201d, kup Ukraina, hurt, detal, cena produkcji Steelnet","breadcrumb":{"@id":"https:\/\/steelnet.ua\/pl\/produkt\/zaslepka-obudowy-sn-bp-2u-19\/#breadcrumb"},"inLanguage":"pl-PL","potentialAction":[{"@type":"ReadAction","target":["https:\/\/steelnet.ua\/pl\/produkt\/zaslepka-obudowy-sn-bp-2u-19\/"]}]},{"@type":"ImageObject","inLanguage":"pl-PL","@id":"https:\/\/steelnet.ua\/pl\/produkt\/zaslepka-obudowy-sn-bp-2u-19\/#primaryimage","url":"https:\/\/steelnet.ua\/wp-content\/uploads\/2021\/01\/lara_product_272.jpg","contentUrl":"https:\/\/steelnet.ua\/wp-content\/uploads\/2021\/01\/lara_product_272.jpg","width":640,"height":640},{"@type":"BreadcrumbList","@id":"https:\/\/steelnet.ua\/pl\/produkt\/zaslepka-obudowy-sn-bp-2u-19\/#breadcrumb","itemListElement":[{"@type":"ListItem","position":1,"name":"\u0413\u043e\u043b\u043e\u0432\u043d\u0430 \u0421\u0442\u043e\u0440\u0456\u043d\u043a\u0430","item":"https:\/\/steelnet.ua\/"},{"@type":"ListItem","position":2,"name":"\u041c\u0430\u0433\u0430\u0437\u0438\u043d","item":"https:\/\/steelnet.ua\/shop\/"},{"@type":"ListItem","position":3,"name":"Za\u015blepka obudowy SN-BP-2U 19\u201d"}]},{"@type":"WebSite","@id":"https:\/\/steelnet.ua\/#website","url":"https:\/\/steelnet.ua\/","name":"SteelNet","description":"\u041c\u0435\u0442\u0430\u043b\u043e\u043a\u043e\u043d\u0441\u0442\u0440\u0443\u043a\u0446\u0456\u0457 \u0442\u0430 \u0442\u0435\u043b\u0435\u043a\u043e\u043c \u043e\u0431\u043b\u0430\u0434\u043d\u0430\u043d\u043d\u044f","potentialAction":[{"@type":"SearchAction","target":{"@type":"EntryPoint","urlTemplate":"https:\/\/steelnet.ua\/?s={search_term_string}"},"query-input":{"@type":"PropertyValueSpecification","valueRequired":true,"valueName":"search_term_string"}}],"inLanguage":"pl-PL"}]}},"_links":{"self":[{"href":"https:\/\/steelnet.ua\/pl\/wp-json\/wp\/v2\/product\/9987","targetHints":{"allow":["GET"]}}],"collection":[{"href":"https:\/\/steelnet.ua\/pl\/wp-json\/wp\/v2\/product"}],"about":[{"href":"https:\/\/steelnet.ua\/pl\/wp-json\/wp\/v2\/types\/product"}],"replies":[{"embeddable":true,"href":"https:\/\/steelnet.ua\/pl\/wp-json\/wp\/v2\/comments?post=9987"}],"wp:featuredmedia":[{"embeddable":true,"href":"https:\/\/steelnet.ua\/pl\/wp-json\/wp\/v2\/media\/9988"}],"wp:attachment":[{"href":"https:\/\/steelnet.ua\/pl\/wp-json\/wp\/v2\/media?parent=9987"}],"wp:term":[{"taxonomy":"product_cat","embeddable":true,"href":"https:\/\/steelnet.ua\/pl\/wp-json\/wp\/v2\/product_cat?post=9987"},{"taxonomy":"product_tag","embeddable":true,"href":"https:\/\/steelnet.ua\/pl\/wp-json\/wp\/v2\/product_tag?post=9987"}],"curies":[{"name":"wp","href":"https:\/\/api.w.org\/{rel}","templated":true}]}}