{"id":9985,"date":"2020-12-28T23:04:57","date_gmt":"2020-12-28T21:04:57","guid":{"rendered":"https:\/\/steelnet.ua\/product\/modul-wentylatora-typu-snv-4-9005-snv-4t-9005\/"},"modified":"2020-12-28T23:04:57","modified_gmt":"2020-12-28T21:04:57","slug":"modul-wentylatora-typu-snv-4-9005-snv-4t-9005","status":"publish","type":"product","link":"https:\/\/steelnet.ua\/pl\/produkt\/modul-wentylatora-typu-snv-4-9005-snv-4t-9005\/","title":{"rendered":"Modu\u0142 wentylatora typu SNV-4-9005 \/ SNV-4T-9005"},"content":{"rendered":"<p>Zosta\u0142 zaprojektowany do wymuszonego ch\u0142odzenia w szafach telekomunikacyjnych.<\/p>\n<p>Aby zoptymalizowa\u0107 wykorzystanie wewn\u0119trznej przestrzeni szafy, modu\u0142 jest instalowany w dachu szafy bez zajmowania miejsca w szafie monta\u017cowej.<\/p>\n<p>Specyfikacja:<\/p>\n<p>&#8211; ilo\u015b\u0107 wentylator\u00f3w: 4 szt.<\/p>\n<p>&#8211; wydajno\u015b\u0107: 4\u00d7160, m<sup>3<\/sup>\/godz.<\/p>\n<p>&#8211; napi\u0119cie zasilania: 220-240V\/50-60 Hz<\/p>\n<p>&#8211; zakres regulacji temperatury (dla SNV-4T-7035): 0- 60\u00b0\u0421<\/p>\n<p>&#8211; panel urz\u0105dzenia: blacha stalowa S=1,2 m;<\/p>\n<p>&#8211; instalacja: mo\u017ce by\u0107 zainstalowany jako opcja pod dachem szafy;<\/p>\n<p>&#8211; przycisk w\u0142\u0105czania\/wy\u0142\u0105czania na obudowie modu\u0142u;<\/p>\n<p>&#8211; pow\u0142oka antykorozyjna i dekoracyjna \u2013 emalia proszkowo-polimerowa;<\/p>\n<p>&#8211; kolor: RAL 7035 (jasnoszary) lub RAL 9005 (czarny).<\/p>\n","protected":false},"excerpt":{"rendered":"<p>Zosta\u0142 zaprojektowany do wymuszonego ch\u0142odzenia w szafach telekomunikacyjnych. Aby zoptymalizowa\u0107 wykorzystanie wewn\u0119trznej przestrzeni szafy, modu\u0142 jest instalowany w dachu szafy bez zajmowania miejsca w szafie monta\u017cowej. Specyfikacja: &#8211; ilo\u015b\u0107 wentylator\u00f3w: 4 szt. &#8211; wydajno\u015b\u0107: 4\u00d7160, m3\/godz. &#8211; napi\u0119cie zasilania: 220-240V\/50-60 Hz &#8211; zakres regulacji temperatury (dla SNV-4T-7035): 0- 60\u00b0\u0421 &#8211; panel urz\u0105dzenia: blacha stalowa S=1,2 [&hellip;]<\/p>\n","protected":false},"featured_media":9986,"comment_status":"open","ping_status":"closed","template":"","meta":{"inline_featured_image":false},"product_cat":[],"product_tag":[],"class_list":{"0":"post-9985","1":"product","2":"type-product","3":"status-publish","4":"has-post-thumbnail","7":"first","8":"instock","9":"shipping-taxable","10":"product-type-simple"},"yoast_head":"<!-- This site is optimized with the Yoast SEO plugin v27.3 - https:\/\/yoast.com\/product\/yoast-seo-wordpress\/ -->\n<title>Modu\u0142 wentylatora typu SNV-4-9005 \/ SNV-4T-9005 - SteelNet<\/title>\n<meta name=\"robots\" content=\"index, follow, max-snippet:-1, max-image-preview:large, max-video-preview:-1\" \/>\n<link rel=\"canonical\" href=\"https:\/\/steelnet.ua\/pl\/produkt\/modul-wentylatora-typu-snv-4-9005-snv-4t-9005\/\" \/>\n<meta property=\"og:locale\" content=\"pl_PL\" \/>\n<meta property=\"og:type\" content=\"article\" \/>\n<meta property=\"og:title\" content=\"Modu\u0142 wentylatora typu SNV-4-9005 \/ SNV-4T-9005 - SteelNet\" \/>\n<meta property=\"og:description\" content=\"Zosta\u0142 zaprojektowany do wymuszonego ch\u0142odzenia w szafach telekomunikacyjnych. Aby zoptymalizowa\u0107 wykorzystanie wewn\u0119trznej przestrzeni szafy, modu\u0142 jest instalowany w dachu szafy bez zajmowania miejsca w szafie monta\u017cowej. Specyfikacja: &#8211; ilo\u015b\u0107 wentylator\u00f3w: 4 szt. &#8211; wydajno\u015b\u0107: 4\u00d7160, m3\/godz. &#8211; napi\u0119cie zasilania: 220-240V\/50-60 Hz &#8211; zakres regulacji temperatury (dla SNV-4T-7035): 0- 60\u00b0\u0421 &#8211; panel urz\u0105dzenia: blacha stalowa S=1,2 [&hellip;]\" \/>\n<meta property=\"og:url\" content=\"https:\/\/steelnet.ua\/pl\/produkt\/modul-wentylatora-typu-snv-4-9005-snv-4t-9005\/\" \/>\n<meta property=\"og:site_name\" content=\"SteelNet\" \/>\n<meta property=\"og:image\" content=\"https:\/\/steelnet.ua\/wp-content\/uploads\/2020\/12\/lara_product_151.jpg\" \/>\n\t<meta property=\"og:image:width\" content=\"800\" \/>\n\t<meta property=\"og:image:height\" content=\"800\" \/>\n\t<meta property=\"og:image:type\" content=\"image\/jpeg\" \/>\n<meta name=\"twitter:card\" content=\"summary_large_image\" \/>\n<script type=\"application\/ld+json\" class=\"yoast-schema-graph\">{\"@context\":\"https:\\\/\\\/schema.org\",\"@graph\":[{\"@type\":\"WebPage\",\"@id\":\"https:\\\/\\\/steelnet.ua\\\/pl\\\/produkt\\\/modul-wentylatora-typu-snv-4-9005-snv-4t-9005\\\/\",\"url\":\"https:\\\/\\\/steelnet.ua\\\/pl\\\/produkt\\\/modul-wentylatora-typu-snv-4-9005-snv-4t-9005\\\/\",\"name\":\"Modu\u0142 wentylatora typu SNV-4-9005 \\\/ SNV-4T-9005 - SteelNet\",\"isPartOf\":{\"@id\":\"https:\\\/\\\/steelnet.ua\\\/#website\"},\"primaryImageOfPage\":{\"@id\":\"https:\\\/\\\/steelnet.ua\\\/pl\\\/produkt\\\/modul-wentylatora-typu-snv-4-9005-snv-4t-9005\\\/#primaryimage\"},\"image\":{\"@id\":\"https:\\\/\\\/steelnet.ua\\\/pl\\\/produkt\\\/modul-wentylatora-typu-snv-4-9005-snv-4t-9005\\\/#primaryimage\"},\"thumbnailUrl\":\"https:\\\/\\\/steelnet.ua\\\/wp-content\\\/uploads\\\/2020\\\/12\\\/lara_product_151.jpg\",\"datePublished\":\"2020-12-28T21:04:57+00:00\",\"breadcrumb\":{\"@id\":\"https:\\\/\\\/steelnet.ua\\\/pl\\\/produkt\\\/modul-wentylatora-typu-snv-4-9005-snv-4t-9005\\\/#breadcrumb\"},\"inLanguage\":\"pl-PL\",\"potentialAction\":[{\"@type\":\"ReadAction\",\"target\":[\"https:\\\/\\\/steelnet.ua\\\/pl\\\/produkt\\\/modul-wentylatora-typu-snv-4-9005-snv-4t-9005\\\/\"]}]},{\"@type\":\"ImageObject\",\"inLanguage\":\"pl-PL\",\"@id\":\"https:\\\/\\\/steelnet.ua\\\/pl\\\/produkt\\\/modul-wentylatora-typu-snv-4-9005-snv-4t-9005\\\/#primaryimage\",\"url\":\"https:\\\/\\\/steelnet.ua\\\/wp-content\\\/uploads\\\/2020\\\/12\\\/lara_product_151.jpg\",\"contentUrl\":\"https:\\\/\\\/steelnet.ua\\\/wp-content\\\/uploads\\\/2020\\\/12\\\/lara_product_151.jpg\",\"width\":800,\"height\":800},{\"@type\":\"BreadcrumbList\",\"@id\":\"https:\\\/\\\/steelnet.ua\\\/pl\\\/produkt\\\/modul-wentylatora-typu-snv-4-9005-snv-4t-9005\\\/#breadcrumb\",\"itemListElement\":[{\"@type\":\"ListItem\",\"position\":1,\"name\":\"\u0413\u043e\u043b\u043e\u0432\u043d\u0430 \u0421\u0442\u043e\u0440\u0456\u043d\u043a\u0430\",\"item\":\"https:\\\/\\\/steelnet.ua\\\/\"},{\"@type\":\"ListItem\",\"position\":2,\"name\":\"\u041c\u0430\u0433\u0430\u0437\u0438\u043d\",\"item\":\"https:\\\/\\\/steelnet.ua\\\/shop\\\/\"},{\"@type\":\"ListItem\",\"position\":3,\"name\":\"Modu\u0142 wentylatora typu SNV-4-9005 \\\/ SNV-4T-9005\"}]},{\"@type\":\"WebSite\",\"@id\":\"https:\\\/\\\/steelnet.ua\\\/#website\",\"url\":\"https:\\\/\\\/steelnet.ua\\\/\",\"name\":\"SteelNet\",\"description\":\"\u041c\u0435\u0442\u0430\u043b\u043e\u043a\u043e\u043d\u0441\u0442\u0440\u0443\u043a\u0446\u0456\u0457 \u0442\u0430 \u0442\u0435\u043b\u0435\u043a\u043e\u043c \u043e\u0431\u043b\u0430\u0434\u043d\u0430\u043d\u043d\u044f\",\"potentialAction\":[{\"@type\":\"SearchAction\",\"target\":{\"@type\":\"EntryPoint\",\"urlTemplate\":\"https:\\\/\\\/steelnet.ua\\\/?s={search_term_string}\"},\"query-input\":{\"@type\":\"PropertyValueSpecification\",\"valueRequired\":true,\"valueName\":\"search_term_string\"}}],\"inLanguage\":\"pl-PL\"}]}<\/script>\n<!-- \/ Yoast SEO plugin. -->","yoast_head_json":{"title":"Modu\u0142 wentylatora typu SNV-4-9005 \/ SNV-4T-9005 - SteelNet","robots":{"index":"index","follow":"follow","max-snippet":"max-snippet:-1","max-image-preview":"max-image-preview:large","max-video-preview":"max-video-preview:-1"},"canonical":"https:\/\/steelnet.ua\/pl\/produkt\/modul-wentylatora-typu-snv-4-9005-snv-4t-9005\/","og_locale":"pl_PL","og_type":"article","og_title":"Modu\u0142 wentylatora typu SNV-4-9005 \/ SNV-4T-9005 - SteelNet","og_description":"Zosta\u0142 zaprojektowany do wymuszonego ch\u0142odzenia w szafach telekomunikacyjnych. Aby zoptymalizowa\u0107 wykorzystanie wewn\u0119trznej przestrzeni szafy, modu\u0142 jest instalowany w dachu szafy bez zajmowania miejsca w szafie monta\u017cowej. Specyfikacja: &#8211; ilo\u015b\u0107 wentylator\u00f3w: 4 szt. &#8211; wydajno\u015b\u0107: 4\u00d7160, m3\/godz. &#8211; napi\u0119cie zasilania: 220-240V\/50-60 Hz &#8211; zakres regulacji temperatury (dla SNV-4T-7035): 0- 60\u00b0\u0421 &#8211; panel urz\u0105dzenia: blacha stalowa S=1,2 [&hellip;]","og_url":"https:\/\/steelnet.ua\/pl\/produkt\/modul-wentylatora-typu-snv-4-9005-snv-4t-9005\/","og_site_name":"SteelNet","og_image":[{"width":800,"height":800,"url":"https:\/\/steelnet.ua\/wp-content\/uploads\/2020\/12\/lara_product_151.jpg","type":"image\/jpeg"}],"twitter_card":"summary_large_image","schema":{"@context":"https:\/\/schema.org","@graph":[{"@type":"WebPage","@id":"https:\/\/steelnet.ua\/pl\/produkt\/modul-wentylatora-typu-snv-4-9005-snv-4t-9005\/","url":"https:\/\/steelnet.ua\/pl\/produkt\/modul-wentylatora-typu-snv-4-9005-snv-4t-9005\/","name":"Modu\u0142 wentylatora typu SNV-4-9005 \/ SNV-4T-9005 - SteelNet","isPartOf":{"@id":"https:\/\/steelnet.ua\/#website"},"primaryImageOfPage":{"@id":"https:\/\/steelnet.ua\/pl\/produkt\/modul-wentylatora-typu-snv-4-9005-snv-4t-9005\/#primaryimage"},"image":{"@id":"https:\/\/steelnet.ua\/pl\/produkt\/modul-wentylatora-typu-snv-4-9005-snv-4t-9005\/#primaryimage"},"thumbnailUrl":"https:\/\/steelnet.ua\/wp-content\/uploads\/2020\/12\/lara_product_151.jpg","datePublished":"2020-12-28T21:04:57+00:00","breadcrumb":{"@id":"https:\/\/steelnet.ua\/pl\/produkt\/modul-wentylatora-typu-snv-4-9005-snv-4t-9005\/#breadcrumb"},"inLanguage":"pl-PL","potentialAction":[{"@type":"ReadAction","target":["https:\/\/steelnet.ua\/pl\/produkt\/modul-wentylatora-typu-snv-4-9005-snv-4t-9005\/"]}]},{"@type":"ImageObject","inLanguage":"pl-PL","@id":"https:\/\/steelnet.ua\/pl\/produkt\/modul-wentylatora-typu-snv-4-9005-snv-4t-9005\/#primaryimage","url":"https:\/\/steelnet.ua\/wp-content\/uploads\/2020\/12\/lara_product_151.jpg","contentUrl":"https:\/\/steelnet.ua\/wp-content\/uploads\/2020\/12\/lara_product_151.jpg","width":800,"height":800},{"@type":"BreadcrumbList","@id":"https:\/\/steelnet.ua\/pl\/produkt\/modul-wentylatora-typu-snv-4-9005-snv-4t-9005\/#breadcrumb","itemListElement":[{"@type":"ListItem","position":1,"name":"\u0413\u043e\u043b\u043e\u0432\u043d\u0430 \u0421\u0442\u043e\u0440\u0456\u043d\u043a\u0430","item":"https:\/\/steelnet.ua\/"},{"@type":"ListItem","position":2,"name":"\u041c\u0430\u0433\u0430\u0437\u0438\u043d","item":"https:\/\/steelnet.ua\/shop\/"},{"@type":"ListItem","position":3,"name":"Modu\u0142 wentylatora typu SNV-4-9005 \/ SNV-4T-9005"}]},{"@type":"WebSite","@id":"https:\/\/steelnet.ua\/#website","url":"https:\/\/steelnet.ua\/","name":"SteelNet","description":"\u041c\u0435\u0442\u0430\u043b\u043e\u043a\u043e\u043d\u0441\u0442\u0440\u0443\u043a\u0446\u0456\u0457 \u0442\u0430 \u0442\u0435\u043b\u0435\u043a\u043e\u043c \u043e\u0431\u043b\u0430\u0434\u043d\u0430\u043d\u043d\u044f","potentialAction":[{"@type":"SearchAction","target":{"@type":"EntryPoint","urlTemplate":"https:\/\/steelnet.ua\/?s={search_term_string}"},"query-input":{"@type":"PropertyValueSpecification","valueRequired":true,"valueName":"search_term_string"}}],"inLanguage":"pl-PL"}]}},"_links":{"self":[{"href":"https:\/\/steelnet.ua\/pl\/wp-json\/wp\/v2\/product\/9985","targetHints":{"allow":["GET"]}}],"collection":[{"href":"https:\/\/steelnet.ua\/pl\/wp-json\/wp\/v2\/product"}],"about":[{"href":"https:\/\/steelnet.ua\/pl\/wp-json\/wp\/v2\/types\/product"}],"replies":[{"embeddable":true,"href":"https:\/\/steelnet.ua\/pl\/wp-json\/wp\/v2\/comments?post=9985"}],"wp:featuredmedia":[{"embeddable":true,"href":"https:\/\/steelnet.ua\/pl\/wp-json\/wp\/v2\/media\/9986"}],"wp:attachment":[{"href":"https:\/\/steelnet.ua\/pl\/wp-json\/wp\/v2\/media?parent=9985"}],"wp:term":[{"taxonomy":"product_cat","embeddable":true,"href":"https:\/\/steelnet.ua\/pl\/wp-json\/wp\/v2\/product_cat?post=9985"},{"taxonomy":"product_tag","embeddable":true,"href":"https:\/\/steelnet.ua\/pl\/wp-json\/wp\/v2\/product_tag?post=9985"}],"curies":[{"name":"wp","href":"https:\/\/api.w.org\/{rel}","templated":true}]}}