{"id":9978,"date":"2020-12-28T23:00:55","date_gmt":"2020-12-28T21:00:55","guid":{"rendered":"https:\/\/steelnet.ua\/product\/zespol-wentylatora-sn-bv-2-7035-sn-bv-2t-7035\/"},"modified":"2020-12-28T23:00:55","modified_gmt":"2020-12-28T21:00:55","slug":"zespol-wentylatora-sn-bv-2-7035-sn-bv-2t-7035","status":"publish","type":"product","link":"https:\/\/steelnet.ua\/pl\/produkt\/zespol-wentylatora-sn-bv-2-7035-sn-bv-2t-7035\/","title":{"rendered":"Zesp\u00f3\u0142 wentylatora SN-\u0411\u0412-2-7035 \/ SN-\u0411\u0412-2\u0422-7035"},"content":{"rendered":"<p>Specyfikacje:<\/p>\n<p>\u2013 liczba wentylator\u00f3w: 2 szt.;<br \/>\n\u2013 wydajno\u015b\u0107: 2\u00d7160, m\u00b3\/godz.;<br \/>\n\u2013 napi\u0119cie zasilania: 220-240V\/50-60 Hz;<br \/>\n\u2013 zakres regulacji temperatury (dla SN-\u0411\u0412-2\u0422-7035): 0-60\u00b0\u0421;<br \/>\n\u2013 panel urz\u0105dzenia: blacha stalowa S = 1,2 mm;<br \/>\n\u2013 monta\u017c: w dachu lub podstawie szafy;<br \/>\n\u2013 pow\u0142oka antykorozyjna i dekoracyjna: emalia proszkowo-polimerowa;<br \/>\n\u2013 kolor: jasnoszary RAL 7035, (czarny RAL 9005 dost\u0119pny na zam\u00f3wienie).<\/p>\n","protected":false},"excerpt":{"rendered":"<p>Specyfikacje: \u2013 liczba wentylator\u00f3w: 2 szt.; \u2013 wydajno\u015b\u0107: 2\u00d7160, m\u00b3\/godz.; \u2013 napi\u0119cie zasilania: 220-240V\/50-60 Hz; \u2013 zakres regulacji temperatury (dla SN-\u0411\u0412-2\u0422-7035): 0-60\u00b0\u0421; \u2013 panel urz\u0105dzenia: blacha stalowa S = 1,2 mm; \u2013 monta\u017c: w dachu lub podstawie szafy; \u2013 pow\u0142oka antykorozyjna i dekoracyjna: emalia proszkowo-polimerowa; \u2013 kolor: jasnoszary RAL 7035, (czarny RAL 9005 dost\u0119pny na [&hellip;]<\/p>\n","protected":false},"featured_media":9979,"comment_status":"open","ping_status":"closed","template":"","meta":{"inline_featured_image":false},"product_cat":[],"product_tag":[],"class_list":{"0":"post-9978","1":"product","2":"type-product","3":"status-publish","4":"has-post-thumbnail","7":"first","8":"instock","9":"shipping-taxable","10":"product-type-simple"},"yoast_head":"<!-- This site is optimized with the Yoast SEO plugin v27.3 - https:\/\/yoast.com\/product\/yoast-seo-wordpress\/ -->\n<title>Zesp\u00f3\u0142 wentylator\u00f3w, 2 wentylatory, w szafie serwerowej<\/title>\n<meta name=\"description\" content=\"Zesp\u00f3\u0142 wentylator\u00f3w 2 sztuki, do szaf serwerowych i telekomunikacyjnych, SN-BV-2-7035 \/ SN-BV-2T-7035, wyprodukowano w Ukrainie, Steelnet\" \/>\n<meta name=\"robots\" content=\"index, follow, max-snippet:-1, max-image-preview:large, max-video-preview:-1\" \/>\n<link rel=\"canonical\" href=\"https:\/\/steelnet.ua\/pl\/produkt\/zespol-wentylatora-sn-bv-2-7035-sn-bv-2t-7035\/\" \/>\n<meta property=\"og:locale\" content=\"pl_PL\" \/>\n<meta property=\"og:type\" content=\"article\" \/>\n<meta property=\"og:title\" content=\"Zesp\u00f3\u0142 wentylator\u00f3w, 2 wentylatory, w szafie serwerowej\" \/>\n<meta property=\"og:description\" content=\"Zesp\u00f3\u0142 wentylator\u00f3w 2 sztuki, do szaf serwerowych i telekomunikacyjnych, SN-BV-2-7035 \/ SN-BV-2T-7035, wyprodukowano w Ukrainie, Steelnet\" \/>\n<meta property=\"og:url\" content=\"https:\/\/steelnet.ua\/pl\/produkt\/zespol-wentylatora-sn-bv-2-7035-sn-bv-2t-7035\/\" \/>\n<meta property=\"og:site_name\" content=\"SteelNet\" \/>\n<meta property=\"og:image\" content=\"https:\/\/steelnet.ua\/wp-content\/uploads\/2020\/12\/lara_product_75.jpg\" \/>\n\t<meta property=\"og:image:width\" content=\"800\" \/>\n\t<meta property=\"og:image:height\" content=\"800\" \/>\n\t<meta property=\"og:image:type\" content=\"image\/jpeg\" \/>\n<meta name=\"twitter:card\" content=\"summary_large_image\" \/>\n<script type=\"application\/ld+json\" class=\"yoast-schema-graph\">{\"@context\":\"https:\\\/\\\/schema.org\",\"@graph\":[{\"@type\":\"WebPage\",\"@id\":\"https:\\\/\\\/steelnet.ua\\\/pl\\\/produkt\\\/zespol-wentylatora-sn-bv-2-7035-sn-bv-2t-7035\\\/\",\"url\":\"https:\\\/\\\/steelnet.ua\\\/pl\\\/produkt\\\/zespol-wentylatora-sn-bv-2-7035-sn-bv-2t-7035\\\/\",\"name\":\"Zesp\u00f3\u0142 wentylator\u00f3w, 2 wentylatory, w szafie serwerowej\",\"isPartOf\":{\"@id\":\"https:\\\/\\\/steelnet.ua\\\/#website\"},\"primaryImageOfPage\":{\"@id\":\"https:\\\/\\\/steelnet.ua\\\/pl\\\/produkt\\\/zespol-wentylatora-sn-bv-2-7035-sn-bv-2t-7035\\\/#primaryimage\"},\"image\":{\"@id\":\"https:\\\/\\\/steelnet.ua\\\/pl\\\/produkt\\\/zespol-wentylatora-sn-bv-2-7035-sn-bv-2t-7035\\\/#primaryimage\"},\"thumbnailUrl\":\"https:\\\/\\\/steelnet.ua\\\/wp-content\\\/uploads\\\/2020\\\/12\\\/lara_product_75.jpg\",\"datePublished\":\"2020-12-28T21:00:55+00:00\",\"description\":\"Zesp\u00f3\u0142 wentylator\u00f3w 2 sztuki, do szaf serwerowych i telekomunikacyjnych, SN-BV-2-7035 \\\/ SN-BV-2T-7035, wyprodukowano w Ukrainie, Steelnet\",\"breadcrumb\":{\"@id\":\"https:\\\/\\\/steelnet.ua\\\/pl\\\/produkt\\\/zespol-wentylatora-sn-bv-2-7035-sn-bv-2t-7035\\\/#breadcrumb\"},\"inLanguage\":\"pl-PL\",\"potentialAction\":[{\"@type\":\"ReadAction\",\"target\":[\"https:\\\/\\\/steelnet.ua\\\/pl\\\/produkt\\\/zespol-wentylatora-sn-bv-2-7035-sn-bv-2t-7035\\\/\"]}]},{\"@type\":\"ImageObject\",\"inLanguage\":\"pl-PL\",\"@id\":\"https:\\\/\\\/steelnet.ua\\\/pl\\\/produkt\\\/zespol-wentylatora-sn-bv-2-7035-sn-bv-2t-7035\\\/#primaryimage\",\"url\":\"https:\\\/\\\/steelnet.ua\\\/wp-content\\\/uploads\\\/2020\\\/12\\\/lara_product_75.jpg\",\"contentUrl\":\"https:\\\/\\\/steelnet.ua\\\/wp-content\\\/uploads\\\/2020\\\/12\\\/lara_product_75.jpg\",\"width\":800,\"height\":800},{\"@type\":\"BreadcrumbList\",\"@id\":\"https:\\\/\\\/steelnet.ua\\\/pl\\\/produkt\\\/zespol-wentylatora-sn-bv-2-7035-sn-bv-2t-7035\\\/#breadcrumb\",\"itemListElement\":[{\"@type\":\"ListItem\",\"position\":1,\"name\":\"\u0413\u043e\u043b\u043e\u0432\u043d\u0430 \u0421\u0442\u043e\u0440\u0456\u043d\u043a\u0430\",\"item\":\"https:\\\/\\\/steelnet.ua\\\/\"},{\"@type\":\"ListItem\",\"position\":2,\"name\":\"\u041c\u0430\u0433\u0430\u0437\u0438\u043d\",\"item\":\"https:\\\/\\\/steelnet.ua\\\/shop\\\/\"},{\"@type\":\"ListItem\",\"position\":3,\"name\":\"Zesp\u00f3\u0142 wentylatora SN-\u0411\u0412-2-7035 \\\/ SN-\u0411\u0412-2\u0422-7035\"}]},{\"@type\":\"WebSite\",\"@id\":\"https:\\\/\\\/steelnet.ua\\\/#website\",\"url\":\"https:\\\/\\\/steelnet.ua\\\/\",\"name\":\"SteelNet\",\"description\":\"\u041c\u0435\u0442\u0430\u043b\u043e\u043a\u043e\u043d\u0441\u0442\u0440\u0443\u043a\u0446\u0456\u0457 \u0442\u0430 \u0442\u0435\u043b\u0435\u043a\u043e\u043c \u043e\u0431\u043b\u0430\u0434\u043d\u0430\u043d\u043d\u044f\",\"potentialAction\":[{\"@type\":\"SearchAction\",\"target\":{\"@type\":\"EntryPoint\",\"urlTemplate\":\"https:\\\/\\\/steelnet.ua\\\/?s={search_term_string}\"},\"query-input\":{\"@type\":\"PropertyValueSpecification\",\"valueRequired\":true,\"valueName\":\"search_term_string\"}}],\"inLanguage\":\"pl-PL\"}]}<\/script>\n<!-- \/ Yoast SEO plugin. -->","yoast_head_json":{"title":"Zesp\u00f3\u0142 wentylator\u00f3w, 2 wentylatory, w szafie serwerowej","description":"Zesp\u00f3\u0142 wentylator\u00f3w 2 sztuki, do szaf serwerowych i telekomunikacyjnych, SN-BV-2-7035 \/ SN-BV-2T-7035, wyprodukowano w Ukrainie, Steelnet","robots":{"index":"index","follow":"follow","max-snippet":"max-snippet:-1","max-image-preview":"max-image-preview:large","max-video-preview":"max-video-preview:-1"},"canonical":"https:\/\/steelnet.ua\/pl\/produkt\/zespol-wentylatora-sn-bv-2-7035-sn-bv-2t-7035\/","og_locale":"pl_PL","og_type":"article","og_title":"Zesp\u00f3\u0142 wentylator\u00f3w, 2 wentylatory, w szafie serwerowej","og_description":"Zesp\u00f3\u0142 wentylator\u00f3w 2 sztuki, do szaf serwerowych i telekomunikacyjnych, SN-BV-2-7035 \/ SN-BV-2T-7035, wyprodukowano w Ukrainie, Steelnet","og_url":"https:\/\/steelnet.ua\/pl\/produkt\/zespol-wentylatora-sn-bv-2-7035-sn-bv-2t-7035\/","og_site_name":"SteelNet","og_image":[{"width":800,"height":800,"url":"https:\/\/steelnet.ua\/wp-content\/uploads\/2020\/12\/lara_product_75.jpg","type":"image\/jpeg"}],"twitter_card":"summary_large_image","schema":{"@context":"https:\/\/schema.org","@graph":[{"@type":"WebPage","@id":"https:\/\/steelnet.ua\/pl\/produkt\/zespol-wentylatora-sn-bv-2-7035-sn-bv-2t-7035\/","url":"https:\/\/steelnet.ua\/pl\/produkt\/zespol-wentylatora-sn-bv-2-7035-sn-bv-2t-7035\/","name":"Zesp\u00f3\u0142 wentylator\u00f3w, 2 wentylatory, w szafie serwerowej","isPartOf":{"@id":"https:\/\/steelnet.ua\/#website"},"primaryImageOfPage":{"@id":"https:\/\/steelnet.ua\/pl\/produkt\/zespol-wentylatora-sn-bv-2-7035-sn-bv-2t-7035\/#primaryimage"},"image":{"@id":"https:\/\/steelnet.ua\/pl\/produkt\/zespol-wentylatora-sn-bv-2-7035-sn-bv-2t-7035\/#primaryimage"},"thumbnailUrl":"https:\/\/steelnet.ua\/wp-content\/uploads\/2020\/12\/lara_product_75.jpg","datePublished":"2020-12-28T21:00:55+00:00","description":"Zesp\u00f3\u0142 wentylator\u00f3w 2 sztuki, do szaf serwerowych i telekomunikacyjnych, SN-BV-2-7035 \/ SN-BV-2T-7035, wyprodukowano w Ukrainie, Steelnet","breadcrumb":{"@id":"https:\/\/steelnet.ua\/pl\/produkt\/zespol-wentylatora-sn-bv-2-7035-sn-bv-2t-7035\/#breadcrumb"},"inLanguage":"pl-PL","potentialAction":[{"@type":"ReadAction","target":["https:\/\/steelnet.ua\/pl\/produkt\/zespol-wentylatora-sn-bv-2-7035-sn-bv-2t-7035\/"]}]},{"@type":"ImageObject","inLanguage":"pl-PL","@id":"https:\/\/steelnet.ua\/pl\/produkt\/zespol-wentylatora-sn-bv-2-7035-sn-bv-2t-7035\/#primaryimage","url":"https:\/\/steelnet.ua\/wp-content\/uploads\/2020\/12\/lara_product_75.jpg","contentUrl":"https:\/\/steelnet.ua\/wp-content\/uploads\/2020\/12\/lara_product_75.jpg","width":800,"height":800},{"@type":"BreadcrumbList","@id":"https:\/\/steelnet.ua\/pl\/produkt\/zespol-wentylatora-sn-bv-2-7035-sn-bv-2t-7035\/#breadcrumb","itemListElement":[{"@type":"ListItem","position":1,"name":"\u0413\u043e\u043b\u043e\u0432\u043d\u0430 \u0421\u0442\u043e\u0440\u0456\u043d\u043a\u0430","item":"https:\/\/steelnet.ua\/"},{"@type":"ListItem","position":2,"name":"\u041c\u0430\u0433\u0430\u0437\u0438\u043d","item":"https:\/\/steelnet.ua\/shop\/"},{"@type":"ListItem","position":3,"name":"Zesp\u00f3\u0142 wentylatora SN-\u0411\u0412-2-7035 \/ SN-\u0411\u0412-2\u0422-7035"}]},{"@type":"WebSite","@id":"https:\/\/steelnet.ua\/#website","url":"https:\/\/steelnet.ua\/","name":"SteelNet","description":"\u041c\u0435\u0442\u0430\u043b\u043e\u043a\u043e\u043d\u0441\u0442\u0440\u0443\u043a\u0446\u0456\u0457 \u0442\u0430 \u0442\u0435\u043b\u0435\u043a\u043e\u043c \u043e\u0431\u043b\u0430\u0434\u043d\u0430\u043d\u043d\u044f","potentialAction":[{"@type":"SearchAction","target":{"@type":"EntryPoint","urlTemplate":"https:\/\/steelnet.ua\/?s={search_term_string}"},"query-input":{"@type":"PropertyValueSpecification","valueRequired":true,"valueName":"search_term_string"}}],"inLanguage":"pl-PL"}]}},"_links":{"self":[{"href":"https:\/\/steelnet.ua\/pl\/wp-json\/wp\/v2\/product\/9978","targetHints":{"allow":["GET"]}}],"collection":[{"href":"https:\/\/steelnet.ua\/pl\/wp-json\/wp\/v2\/product"}],"about":[{"href":"https:\/\/steelnet.ua\/pl\/wp-json\/wp\/v2\/types\/product"}],"replies":[{"embeddable":true,"href":"https:\/\/steelnet.ua\/pl\/wp-json\/wp\/v2\/comments?post=9978"}],"wp:featuredmedia":[{"embeddable":true,"href":"https:\/\/steelnet.ua\/pl\/wp-json\/wp\/v2\/media\/9979"}],"wp:attachment":[{"href":"https:\/\/steelnet.ua\/pl\/wp-json\/wp\/v2\/media?parent=9978"}],"wp:term":[{"taxonomy":"product_cat","embeddable":true,"href":"https:\/\/steelnet.ua\/pl\/wp-json\/wp\/v2\/product_cat?post=9978"},{"taxonomy":"product_tag","embeddable":true,"href":"https:\/\/steelnet.ua\/pl\/wp-json\/wp\/v2\/product_tag?post=9978"}],"curies":[{"name":"wp","href":"https:\/\/api.w.org\/{rel}","templated":true}]}}