{"id":10332,"date":"2020-12-28T23:04:24","date_gmt":"2020-12-28T21:04:24","guid":{"rendered":"https:\/\/steelnet.ua\/product\/lekka-telekomunikacyjna-szafa-stojaca-sn-no\/"},"modified":"2020-12-28T23:04:24","modified_gmt":"2020-12-28T21:04:24","slug":"lekka-telekomunikacyjna-szafa-stojaca-sn-no","status":"publish","type":"product","link":"https:\/\/steelnet.ua\/pl\/produkt\/lekka-telekomunikacyjna-szafa-stojaca-sn-no\/","title":{"rendered":"LEKKA TELEKOMUNIKACYJNA SZAFA STOJ\u0104CA SN-NO"},"content":{"rendered":"<p>Sk\u0142adane telekomunikacyjne szafy stoj\u0105ce z serii SN-NO s\u0105 przeznaczone do monta\u017cu aktywnych i pasywnych urz\u0105dze\u0144 telekomunikacyjnych, a tak\u017ce do ochrony przed nieuprawnionym dost\u0119pem do wyposa\u017cenia szafy.<\/p>\n<p>Szafy s\u0105 zgodne z normami DIN EN 60297-3-100-2009, IEC 60297-3-100: 2008-11, EIA-310-D: 1992.<\/p>\n<p>Linia szaf stoj\u0105cych serii SN-NO obejmuje szafy o wysoko\u015bci od 15 do 46 jednostek. Standardowa szeroko\u015b\u0107 szafy wynosi 600 mm. G\u0142\u0119boko\u015b\u0107 szaf tej linii wynosi 600 mm, 800 mm, 1000 mm. Maksymalne roz\u0142o\u017cone obci\u0105\u017cenie statyczne szaf serii SN-NO wynosi do 500 kg.<\/p>\n<p>Konstrukcja szafy jest sk\u0142adana. Sk\u0142ada si\u0119 ona z dw\u00f3ch spawanych ram (przedniej i tylnej), dachu, dna, paneli bocznych, drzwi przednich, panelu tylnego\/drzwi, bocznych profili monta\u017cowych i dw\u00f3ch par pionowych stojak\u00f3w jednostkowych 19\u201d. Wszystkie elementy konstrukcyjne przewodz\u0105ce pr\u0105d s\u0105 uziemione.<\/p>\n<p>Standardowo przednie drzwi szafy wyposa\u017cone s\u0105 w zamek z obrotow\u0105 klamk\u0105 przeznaczon\u0105 do jednopunktowego systemu zamykania. Tylne drzwi i panele boczne posiadaj\u0105 zamki cylindryczne wykonane z chromowanej stali.<\/p>\n<p>Dost\u0119p do szafy mo\u017cliwy jest z czterech stron. W dachu i podstawie znajduj\u0105 si\u0119 d\u0142awiki kablowe do wprowadzania kabli. \u015aciany boczne s\u0105 zdejmowane i wyposa\u017cone w zamki do mocowania. Pionowe stojaki jednostkowe 19\u201d mo\u017cna regulowa\u0107 na g\u0142\u0119boko\u015b\u0107 w odst\u0119pach co 25 mm. Dach i podstawa szafy zapewniaj\u0105 miejsce na instalacj\u0119 jednostek wentylacyjnych do wymuszonego ch\u0142odzenia. Drzwi mo\u017cna zamontowa\u0107 zar\u00f3wno po lewej, jak i prawej stronie szafy.<\/p>\n<p>Szafa pokryta jest specjaln\u0105 farb\u0105 proszkowo-polimerow\u0105, kt\u00f3ra tworzy trwa\u0142\u0105, tward\u0105 pow\u0142ok\u0119 odporn\u0105 na dzia\u0142anie czynnik\u00f3w zewn\u0119trznych, w tym mechanicznych. Standardowe kolory: RAL7035 (szary) i RAL9005 (czarny).<\/p>\n<p>Szafy dostarczane s\u0105 w trzech oddzielnych miejscach w osobnych kartonach. Kompaktowe opakowanie znacznie zmniejsza obj\u0119to\u015b\u0107 i zapewnia \u0142atwo\u015b\u0107 transportu i przechowywania. Ponadto wielowarstwowe opakowanie kartonowe chroni szklane drzwi i inne elementy konstrukcyjne przed uszkodzeniami mechanicznymi\/deformacj\u0105 podczas transportu i przechowywania.<\/p>\n<p>Szafy mog\u0105 by\u0107 wyposa\u017cone w szereg dodatkowych akcesori\u00f3w: poziome i pionowe organizery, p\u00f3\u0142ki wspornikowe\/wysuwane\/wzmocnione, rozdzielnic\u0119 elektryczn\u0105, zespo\u0142y wentylator\u00f3w, ochronniki przeciwprzepi\u0119ciowe, modu\u0142y o\u015bwietleniowe, miedziane szyny zbiorcze, szyny DIN, szczotki przeciwkurzowe.<\/p>\n<h3>Zawarto\u015b\u0107 opakowania:<\/h3>\n<p>\u2013 Rama spawana \u2013 2 szt.<\/p>\n<p>\u2013 Blat \u2013 1 szt.<\/p>\n<p>\u2013 Podstawa \u2013 1 szt.<\/p>\n<p>\u2013 Drzwi przednie \u2013 1 szt.<\/p>\n<p>\u2013 Tylne drzwi\/panel \u2013 1 szt.<\/p>\n<p>\u2013 Panel boczny \u2013 2\/4 szt.<\/p>\n<p>\u2013 Profil monta\u017cowy \u2013 4\/6 szt.<\/p>\n<p>\u2013 Stojak 19\u2033 \u2013 4 szt.<\/p>\n<p>\u2013 Wspornik \u2013 4 szt.<\/p>\n<p>\u2013 Zestaw uziemiaj\u0105cy \u2013 1 szt.<\/p>\n<p>\u2013 Klucze do zamk\u00f3w \u2013 4 kpl.<\/p>\n","protected":false},"excerpt":{"rendered":"<p>Sk\u0142adane telekomunikacyjne szafy stoj\u0105ce z serii SN-NO s\u0105 przeznaczone do monta\u017cu aktywnych i pasywnych urz\u0105dze\u0144 telekomunikacyjnych, a tak\u017ce do ochrony przed nieuprawnionym dost\u0119pem do wyposa\u017cenia szafy. Szafy s\u0105 zgodne z normami DIN EN 60297-3-100-2009, IEC 60297-3-100: 2008-11, EIA-310-D: 1992. Linia szaf stoj\u0105cych serii SN-NO obejmuje szafy o wysoko\u015bci od 15 do 46 jednostek. Standardowa szeroko\u015b\u0107 [&hellip;]<\/p>\n","protected":false},"featured_media":10348,"comment_status":"open","ping_status":"closed","template":"","meta":{"inline_featured_image":false},"product_cat":[],"product_tag":[],"class_list":{"0":"post-10332","1":"product","2":"type-product","3":"status-publish","4":"has-post-thumbnail","7":"first","8":"instock","9":"shipping-taxable","10":"product-type-simple"},"yoast_head":"<!-- This site is optimized with the Yoast SEO plugin v27.3 - https:\/\/yoast.com\/product\/yoast-seo-wordpress\/ -->\n<title>LEKKA TELEKOMUNIKACYJNA SZAFA STOJ\u0104CA SN-NO - SteelNet<\/title>\n<meta name=\"robots\" content=\"index, follow, max-snippet:-1, max-image-preview:large, max-video-preview:-1\" \/>\n<link rel=\"canonical\" href=\"https:\/\/steelnet.ua\/pl\/produkt\/lekka-telekomunikacyjna-szafa-stojaca-sn-no\/\" \/>\n<meta property=\"og:locale\" content=\"pl_PL\" \/>\n<meta property=\"og:type\" content=\"article\" \/>\n<meta property=\"og:title\" content=\"LEKKA TELEKOMUNIKACYJNA SZAFA STOJ\u0104CA SN-NO - SteelNet\" \/>\n<meta property=\"og:description\" content=\"Sk\u0142adane telekomunikacyjne szafy stoj\u0105ce z serii SN-NO s\u0105 przeznaczone do monta\u017cu aktywnych i pasywnych urz\u0105dze\u0144 telekomunikacyjnych, a tak\u017ce do ochrony przed nieuprawnionym dost\u0119pem do wyposa\u017cenia szafy. Szafy s\u0105 zgodne z normami DIN EN 60297-3-100-2009, IEC 60297-3-100: 2008-11, EIA-310-D: 1992. Linia szaf stoj\u0105cych serii SN-NO obejmuje szafy o wysoko\u015bci od 15 do 46 jednostek. Standardowa szeroko\u015b\u0107 [&hellip;]\" \/>\n<meta property=\"og:url\" content=\"https:\/\/steelnet.ua\/pl\/produkt\/lekka-telekomunikacyjna-szafa-stojaca-sn-no\/\" \/>\n<meta property=\"og:site_name\" content=\"SteelNet\" \/>\n<meta property=\"og:image\" content=\"https:\/\/steelnet.ua\/wp-content\/uploads\/2020\/12\/SN_NO_42U_600_800_DS_DHi_2BH_02_HCH_SHAFA_TELEKOMUNIKATSIY-NA_PIDLOHOVA-2.jpg\" \/>\n\t<meta property=\"og:image:width\" content=\"1200\" \/>\n\t<meta property=\"og:image:height\" content=\"1200\" \/>\n\t<meta property=\"og:image:type\" content=\"image\/jpeg\" \/>\n<meta name=\"twitter:card\" content=\"summary_large_image\" \/>\n<meta name=\"twitter:label1\" content=\"Szacowany czas czytania\" \/>\n\t<meta name=\"twitter:data1\" content=\"2 minuty\" \/>\n<script type=\"application\/ld+json\" class=\"yoast-schema-graph\">{\"@context\":\"https:\\\/\\\/schema.org\",\"@graph\":[{\"@type\":\"WebPage\",\"@id\":\"https:\\\/\\\/steelnet.ua\\\/pl\\\/produkt\\\/lekka-telekomunikacyjna-szafa-stojaca-sn-no\\\/\",\"url\":\"https:\\\/\\\/steelnet.ua\\\/pl\\\/produkt\\\/lekka-telekomunikacyjna-szafa-stojaca-sn-no\\\/\",\"name\":\"LEKKA TELEKOMUNIKACYJNA SZAFA STOJ\u0104CA SN-NO - SteelNet\",\"isPartOf\":{\"@id\":\"https:\\\/\\\/steelnet.ua\\\/#website\"},\"primaryImageOfPage\":{\"@id\":\"https:\\\/\\\/steelnet.ua\\\/pl\\\/produkt\\\/lekka-telekomunikacyjna-szafa-stojaca-sn-no\\\/#primaryimage\"},\"image\":{\"@id\":\"https:\\\/\\\/steelnet.ua\\\/pl\\\/produkt\\\/lekka-telekomunikacyjna-szafa-stojaca-sn-no\\\/#primaryimage\"},\"thumbnailUrl\":\"https:\\\/\\\/steelnet.ua\\\/wp-content\\\/uploads\\\/2020\\\/12\\\/SN_NO_42U_600_800_DS_DHi_2BH_02_HCH_SHAFA_TELEKOMUNIKATSIY-NA_PIDLOHOVA-2.jpg\",\"datePublished\":\"2020-12-28T21:04:24+00:00\",\"breadcrumb\":{\"@id\":\"https:\\\/\\\/steelnet.ua\\\/pl\\\/produkt\\\/lekka-telekomunikacyjna-szafa-stojaca-sn-no\\\/#breadcrumb\"},\"inLanguage\":\"pl-PL\",\"potentialAction\":[{\"@type\":\"ReadAction\",\"target\":[\"https:\\\/\\\/steelnet.ua\\\/pl\\\/produkt\\\/lekka-telekomunikacyjna-szafa-stojaca-sn-no\\\/\"]}]},{\"@type\":\"ImageObject\",\"inLanguage\":\"pl-PL\",\"@id\":\"https:\\\/\\\/steelnet.ua\\\/pl\\\/produkt\\\/lekka-telekomunikacyjna-szafa-stojaca-sn-no\\\/#primaryimage\",\"url\":\"https:\\\/\\\/steelnet.ua\\\/wp-content\\\/uploads\\\/2020\\\/12\\\/SN_NO_42U_600_800_DS_DHi_2BH_02_HCH_SHAFA_TELEKOMUNIKATSIY-NA_PIDLOHOVA-2.jpg\",\"contentUrl\":\"https:\\\/\\\/steelnet.ua\\\/wp-content\\\/uploads\\\/2020\\\/12\\\/SN_NO_42U_600_800_DS_DHi_2BH_02_HCH_SHAFA_TELEKOMUNIKATSIY-NA_PIDLOHOVA-2.jpg\",\"width\":1200,\"height\":1200},{\"@type\":\"BreadcrumbList\",\"@id\":\"https:\\\/\\\/steelnet.ua\\\/pl\\\/produkt\\\/lekka-telekomunikacyjna-szafa-stojaca-sn-no\\\/#breadcrumb\",\"itemListElement\":[{\"@type\":\"ListItem\",\"position\":1,\"name\":\"\u0413\u043e\u043b\u043e\u0432\u043d\u0430 \u0421\u0442\u043e\u0440\u0456\u043d\u043a\u0430\",\"item\":\"https:\\\/\\\/steelnet.ua\\\/\"},{\"@type\":\"ListItem\",\"position\":2,\"name\":\"\u041c\u0430\u0433\u0430\u0437\u0438\u043d\",\"item\":\"https:\\\/\\\/steelnet.ua\\\/shop\\\/\"},{\"@type\":\"ListItem\",\"position\":3,\"name\":\"LEKKA TELEKOMUNIKACYJNA SZAFA STOJ\u0104CA SN-NO\"}]},{\"@type\":\"WebSite\",\"@id\":\"https:\\\/\\\/steelnet.ua\\\/#website\",\"url\":\"https:\\\/\\\/steelnet.ua\\\/\",\"name\":\"SteelNet\",\"description\":\"\u041c\u0435\u0442\u0430\u043b\u043e\u043a\u043e\u043d\u0441\u0442\u0440\u0443\u043a\u0446\u0456\u0457 \u0442\u0430 \u0442\u0435\u043b\u0435\u043a\u043e\u043c \u043e\u0431\u043b\u0430\u0434\u043d\u0430\u043d\u043d\u044f\",\"potentialAction\":[{\"@type\":\"SearchAction\",\"target\":{\"@type\":\"EntryPoint\",\"urlTemplate\":\"https:\\\/\\\/steelnet.ua\\\/?s={search_term_string}\"},\"query-input\":{\"@type\":\"PropertyValueSpecification\",\"valueRequired\":true,\"valueName\":\"search_term_string\"}}],\"inLanguage\":\"pl-PL\"}]}<\/script>\n<!-- \/ Yoast SEO plugin. -->","yoast_head_json":{"title":"LEKKA TELEKOMUNIKACYJNA SZAFA STOJ\u0104CA SN-NO - SteelNet","robots":{"index":"index","follow":"follow","max-snippet":"max-snippet:-1","max-image-preview":"max-image-preview:large","max-video-preview":"max-video-preview:-1"},"canonical":"https:\/\/steelnet.ua\/pl\/produkt\/lekka-telekomunikacyjna-szafa-stojaca-sn-no\/","og_locale":"pl_PL","og_type":"article","og_title":"LEKKA TELEKOMUNIKACYJNA SZAFA STOJ\u0104CA SN-NO - SteelNet","og_description":"Sk\u0142adane telekomunikacyjne szafy stoj\u0105ce z serii SN-NO s\u0105 przeznaczone do monta\u017cu aktywnych i pasywnych urz\u0105dze\u0144 telekomunikacyjnych, a tak\u017ce do ochrony przed nieuprawnionym dost\u0119pem do wyposa\u017cenia szafy. Szafy s\u0105 zgodne z normami DIN EN 60297-3-100-2009, IEC 60297-3-100: 2008-11, EIA-310-D: 1992. Linia szaf stoj\u0105cych serii SN-NO obejmuje szafy o wysoko\u015bci od 15 do 46 jednostek. Standardowa szeroko\u015b\u0107 [&hellip;]","og_url":"https:\/\/steelnet.ua\/pl\/produkt\/lekka-telekomunikacyjna-szafa-stojaca-sn-no\/","og_site_name":"SteelNet","og_image":[{"width":1200,"height":1200,"url":"https:\/\/steelnet.ua\/wp-content\/uploads\/2020\/12\/SN_NO_42U_600_800_DS_DHi_2BH_02_HCH_SHAFA_TELEKOMUNIKATSIY-NA_PIDLOHOVA-2.jpg","type":"image\/jpeg"}],"twitter_card":"summary_large_image","twitter_misc":{"Szacowany czas czytania":"2 minuty"},"schema":{"@context":"https:\/\/schema.org","@graph":[{"@type":"WebPage","@id":"https:\/\/steelnet.ua\/pl\/produkt\/lekka-telekomunikacyjna-szafa-stojaca-sn-no\/","url":"https:\/\/steelnet.ua\/pl\/produkt\/lekka-telekomunikacyjna-szafa-stojaca-sn-no\/","name":"LEKKA TELEKOMUNIKACYJNA SZAFA STOJ\u0104CA SN-NO - SteelNet","isPartOf":{"@id":"https:\/\/steelnet.ua\/#website"},"primaryImageOfPage":{"@id":"https:\/\/steelnet.ua\/pl\/produkt\/lekka-telekomunikacyjna-szafa-stojaca-sn-no\/#primaryimage"},"image":{"@id":"https:\/\/steelnet.ua\/pl\/produkt\/lekka-telekomunikacyjna-szafa-stojaca-sn-no\/#primaryimage"},"thumbnailUrl":"https:\/\/steelnet.ua\/wp-content\/uploads\/2020\/12\/SN_NO_42U_600_800_DS_DHi_2BH_02_HCH_SHAFA_TELEKOMUNIKATSIY-NA_PIDLOHOVA-2.jpg","datePublished":"2020-12-28T21:04:24+00:00","breadcrumb":{"@id":"https:\/\/steelnet.ua\/pl\/produkt\/lekka-telekomunikacyjna-szafa-stojaca-sn-no\/#breadcrumb"},"inLanguage":"pl-PL","potentialAction":[{"@type":"ReadAction","target":["https:\/\/steelnet.ua\/pl\/produkt\/lekka-telekomunikacyjna-szafa-stojaca-sn-no\/"]}]},{"@type":"ImageObject","inLanguage":"pl-PL","@id":"https:\/\/steelnet.ua\/pl\/produkt\/lekka-telekomunikacyjna-szafa-stojaca-sn-no\/#primaryimage","url":"https:\/\/steelnet.ua\/wp-content\/uploads\/2020\/12\/SN_NO_42U_600_800_DS_DHi_2BH_02_HCH_SHAFA_TELEKOMUNIKATSIY-NA_PIDLOHOVA-2.jpg","contentUrl":"https:\/\/steelnet.ua\/wp-content\/uploads\/2020\/12\/SN_NO_42U_600_800_DS_DHi_2BH_02_HCH_SHAFA_TELEKOMUNIKATSIY-NA_PIDLOHOVA-2.jpg","width":1200,"height":1200},{"@type":"BreadcrumbList","@id":"https:\/\/steelnet.ua\/pl\/produkt\/lekka-telekomunikacyjna-szafa-stojaca-sn-no\/#breadcrumb","itemListElement":[{"@type":"ListItem","position":1,"name":"\u0413\u043e\u043b\u043e\u0432\u043d\u0430 \u0421\u0442\u043e\u0440\u0456\u043d\u043a\u0430","item":"https:\/\/steelnet.ua\/"},{"@type":"ListItem","position":2,"name":"\u041c\u0430\u0433\u0430\u0437\u0438\u043d","item":"https:\/\/steelnet.ua\/shop\/"},{"@type":"ListItem","position":3,"name":"LEKKA TELEKOMUNIKACYJNA SZAFA STOJ\u0104CA SN-NO"}]},{"@type":"WebSite","@id":"https:\/\/steelnet.ua\/#website","url":"https:\/\/steelnet.ua\/","name":"SteelNet","description":"\u041c\u0435\u0442\u0430\u043b\u043e\u043a\u043e\u043d\u0441\u0442\u0440\u0443\u043a\u0446\u0456\u0457 \u0442\u0430 \u0442\u0435\u043b\u0435\u043a\u043e\u043c \u043e\u0431\u043b\u0430\u0434\u043d\u0430\u043d\u043d\u044f","potentialAction":[{"@type":"SearchAction","target":{"@type":"EntryPoint","urlTemplate":"https:\/\/steelnet.ua\/?s={search_term_string}"},"query-input":{"@type":"PropertyValueSpecification","valueRequired":true,"valueName":"search_term_string"}}],"inLanguage":"pl-PL"}]}},"_links":{"self":[{"href":"https:\/\/steelnet.ua\/pl\/wp-json\/wp\/v2\/product\/10332","targetHints":{"allow":["GET"]}}],"collection":[{"href":"https:\/\/steelnet.ua\/pl\/wp-json\/wp\/v2\/product"}],"about":[{"href":"https:\/\/steelnet.ua\/pl\/wp-json\/wp\/v2\/types\/product"}],"replies":[{"embeddable":true,"href":"https:\/\/steelnet.ua\/pl\/wp-json\/wp\/v2\/comments?post=10332"}],"wp:featuredmedia":[{"embeddable":true,"href":"https:\/\/steelnet.ua\/pl\/wp-json\/wp\/v2\/media\/10348"}],"wp:attachment":[{"href":"https:\/\/steelnet.ua\/pl\/wp-json\/wp\/v2\/media?parent=10332"}],"wp:term":[{"taxonomy":"product_cat","embeddable":true,"href":"https:\/\/steelnet.ua\/pl\/wp-json\/wp\/v2\/product_cat?post=10332"},{"taxonomy":"product_tag","embeddable":true,"href":"https:\/\/steelnet.ua\/pl\/wp-json\/wp\/v2\/product_tag?post=10332"}],"curies":[{"name":"wp","href":"https:\/\/api.w.org\/{rel}","templated":true}]}}