{"id":10320,"date":"2020-12-28T23:04:40","date_gmt":"2020-12-28T21:04:40","guid":{"rendered":"https:\/\/steelnet.ua\/product\/szafa-telekomunikacyjna-sn-rnk-19-9u\/"},"modified":"2020-12-28T23:04:40","modified_gmt":"2020-12-28T21:04:40","slug":"szafa-telekomunikacyjna-sn-rnk-19-9u","status":"publish","type":"product","link":"https:\/\/steelnet.ua\/pl\/produkt\/szafa-telekomunikacyjna-sn-rnk-19-9u\/","title":{"rendered":"SZAFA TELEKOMUNIKACYJNA SN-RNK 19\u2033 9U"},"content":{"rendered":"<p>Telekomunikacyjne szafy wisz\u0105ce z serii SN-RNK s\u0105 przeznaczone do monta\u017cu aktywnych i pasywnych urz\u0105dze\u0144 telekomunikacyjnych, a tak\u017ce do ochrony przed nieuprawnionym dost\u0119pem do \u201ewype\u0142nienia\u201d. Maj\u0105 prost\u0105, sk\u0142adan\u0105 konstrukcj\u0119. Kompaktowe opakowanie minimalizuje koszty transportu i przechowywania.<\/p>\n<h3>Ta modyfikacja obejmuje:<\/h3>\n<p>Otwory monta\u017cowe do monta\u017cu na \u015bcianie.<br \/>\nPasywn\u0105 wentylacj\u0119 na \u015bcianach bocznych i z przodu.<br \/>\nMo\u017cliwo\u015b\u0107 instalacji modu\u0142u wentylatora w podstawie i dachu szafy.<br \/>\nMo\u017cliwo\u015b\u0107 zamontowania drzwi po prawej i lewej stronie.<br \/>\nDost\u0119p do sprz\u0119tu z trzech stron: przedniej i dw\u00f3ch bocznych.<br \/>\nMo\u017cliwo\u015b\u0107 zdj\u0119cia tylnego panelu.<br \/>\nZestaw uziemiaj\u0105cy jest dostarczany w standardzie.<\/p>\n<h3>Dodatkowe cechy SN_RNK_9U.06.45.\u0414\u0421:<\/h3>\n<p>Konstrukcja \u2013 sk\u0142adana<br \/>\nOpakowanie \u2013 tektura falista<br \/>\nPionowe stojaki monta\u017cowe \u2013 z regulowan\u0105 g\u0142\u0119boko\u015bci\u0105 robocz\u0105<br \/>\nKrok regulacji n\u00f3g monta\u017cowych, mm. \u2013 15<br \/>\nD\u0142awiki kablowe \u2013 w podstawie i dachu<br \/>\nTyp paneli bocznych \u2013 zdejmowane, pe\u0142ne z zamkami krzywkowymi.<br \/>\nTyp tylnego panelu drzwi \u2013 pe\u0142ny, zdejmowany.<br \/>\nTyp drzwi przednich \u2013 metalowe pe\u0142ne, metalowe perforowane, z wk\u0142adk\u0105 z przyciemnianego szk\u0142a.<br \/>\nK\u0105t otwarcia drzwi wynosi 180\u00b0.<br \/>\nTyp zamka \u2013 krzywkowy.<br \/>\nMo\u017cliwo\u015b\u0107 monta\u017cu drzwi \u2013 po lewej i prawej stronie<br \/>\nPow\u0142oka \u2013 proszkowo-polimerowa.<br \/>\nMonta\u017c na\u015bcienny \u2013 za pomoc\u0105 \u015brub kotwi\u0105cych.<br \/>\nMaksymalne dopuszczalne obci\u0105\u017cenie statyczne wynosi do 60 kg.<br \/>\nStopie\u0144 ochrony wynosi IP20.<\/p>\n","protected":false},"excerpt":{"rendered":"<p>Telekomunikacyjne szafy wisz\u0105ce z serii SN-RNK s\u0105 przeznaczone do monta\u017cu aktywnych i pasywnych urz\u0105dze\u0144 telekomunikacyjnych, a tak\u017ce do ochrony przed nieuprawnionym dost\u0119pem do \u201ewype\u0142nienia\u201d. Maj\u0105 prost\u0105, sk\u0142adan\u0105 konstrukcj\u0119. Kompaktowe opakowanie minimalizuje koszty transportu i przechowywania. Ta modyfikacja obejmuje: Otwory monta\u017cowe do monta\u017cu na \u015bcianie. Pasywn\u0105 wentylacj\u0119 na \u015bcianach bocznych i z przodu. Mo\u017cliwo\u015b\u0107 instalacji modu\u0142u [&hellip;]<\/p>\n","protected":false},"featured_media":10331,"comment_status":"open","ping_status":"closed","template":"","meta":{"inline_featured_image":false},"product_cat":[],"product_tag":[],"class_list":{"0":"post-10320","1":"product","2":"type-product","3":"status-publish","4":"has-post-thumbnail","7":"first","8":"instock","9":"shipping-taxable","10":"product-type-simple"},"yoast_head":"<!-- This site is optimized with the Yoast SEO plugin v27.3 - https:\/\/yoast.com\/product\/yoast-seo-wordpress\/ -->\n<title>SZAFA TELEKOMUNIKACYJNA SN-RNK 19\u2033 9U - SteelNet<\/title>\n<meta name=\"robots\" content=\"index, follow, max-snippet:-1, max-image-preview:large, max-video-preview:-1\" \/>\n<link rel=\"canonical\" href=\"https:\/\/steelnet.ua\/pl\/produkt\/szafa-telekomunikacyjna-sn-rnk-19-9u\/\" \/>\n<meta property=\"og:locale\" content=\"pl_PL\" \/>\n<meta property=\"og:type\" content=\"article\" \/>\n<meta property=\"og:title\" content=\"SZAFA TELEKOMUNIKACYJNA SN-RNK 19\u2033 9U - SteelNet\" \/>\n<meta property=\"og:description\" content=\"Telekomunikacyjne szafy wisz\u0105ce z serii SN-RNK s\u0105 przeznaczone do monta\u017cu aktywnych i pasywnych urz\u0105dze\u0144 telekomunikacyjnych, a tak\u017ce do ochrony przed nieuprawnionym dost\u0119pem do \u201ewype\u0142nienia\u201d. Maj\u0105 prost\u0105, sk\u0142adan\u0105 konstrukcj\u0119. Kompaktowe opakowanie minimalizuje koszty transportu i przechowywania. Ta modyfikacja obejmuje: Otwory monta\u017cowe do monta\u017cu na \u015bcianie. Pasywn\u0105 wentylacj\u0119 na \u015bcianach bocznych i z przodu. Mo\u017cliwo\u015b\u0107 instalacji modu\u0142u [&hellip;]\" \/>\n<meta property=\"og:url\" content=\"https:\/\/steelnet.ua\/pl\/produkt\/szafa-telekomunikacyjna-sn-rnk-19-9u\/\" \/>\n<meta property=\"og:site_name\" content=\"SteelNet\" \/>\n<meta property=\"og:image\" content=\"https:\/\/steelnet.ua\/wp-content\/uploads\/2020\/12\/SN_RNK_12U.06.60.DS-HCH-SHAFA-ROZBIRNA-2_01.jpg\" \/>\n\t<meta property=\"og:image:width\" content=\"1200\" \/>\n\t<meta property=\"og:image:height\" content=\"1200\" \/>\n\t<meta property=\"og:image:type\" content=\"image\/jpeg\" \/>\n<meta name=\"twitter:card\" content=\"summary_large_image\" \/>\n<meta name=\"twitter:label1\" content=\"Szacowany czas czytania\" \/>\n\t<meta name=\"twitter:data1\" content=\"1 minuta\" \/>\n<script type=\"application\/ld+json\" class=\"yoast-schema-graph\">{\"@context\":\"https:\\\/\\\/schema.org\",\"@graph\":[{\"@type\":\"WebPage\",\"@id\":\"https:\\\/\\\/steelnet.ua\\\/pl\\\/produkt\\\/szafa-telekomunikacyjna-sn-rnk-19-9u\\\/\",\"url\":\"https:\\\/\\\/steelnet.ua\\\/pl\\\/produkt\\\/szafa-telekomunikacyjna-sn-rnk-19-9u\\\/\",\"name\":\"SZAFA TELEKOMUNIKACYJNA SN-RNK 19\u2033 9U - SteelNet\",\"isPartOf\":{\"@id\":\"https:\\\/\\\/steelnet.ua\\\/#website\"},\"primaryImageOfPage\":{\"@id\":\"https:\\\/\\\/steelnet.ua\\\/pl\\\/produkt\\\/szafa-telekomunikacyjna-sn-rnk-19-9u\\\/#primaryimage\"},\"image\":{\"@id\":\"https:\\\/\\\/steelnet.ua\\\/pl\\\/produkt\\\/szafa-telekomunikacyjna-sn-rnk-19-9u\\\/#primaryimage\"},\"thumbnailUrl\":\"https:\\\/\\\/steelnet.ua\\\/wp-content\\\/uploads\\\/2020\\\/12\\\/SN_RNK_12U.06.60.DS-HCH-SHAFA-ROZBIRNA-2_01.jpg\",\"datePublished\":\"2020-12-28T21:04:40+00:00\",\"breadcrumb\":{\"@id\":\"https:\\\/\\\/steelnet.ua\\\/pl\\\/produkt\\\/szafa-telekomunikacyjna-sn-rnk-19-9u\\\/#breadcrumb\"},\"inLanguage\":\"pl-PL\",\"potentialAction\":[{\"@type\":\"ReadAction\",\"target\":[\"https:\\\/\\\/steelnet.ua\\\/pl\\\/produkt\\\/szafa-telekomunikacyjna-sn-rnk-19-9u\\\/\"]}]},{\"@type\":\"ImageObject\",\"inLanguage\":\"pl-PL\",\"@id\":\"https:\\\/\\\/steelnet.ua\\\/pl\\\/produkt\\\/szafa-telekomunikacyjna-sn-rnk-19-9u\\\/#primaryimage\",\"url\":\"https:\\\/\\\/steelnet.ua\\\/wp-content\\\/uploads\\\/2020\\\/12\\\/SN_RNK_12U.06.60.DS-HCH-SHAFA-ROZBIRNA-2_01.jpg\",\"contentUrl\":\"https:\\\/\\\/steelnet.ua\\\/wp-content\\\/uploads\\\/2020\\\/12\\\/SN_RNK_12U.06.60.DS-HCH-SHAFA-ROZBIRNA-2_01.jpg\",\"width\":1200,\"height\":1200},{\"@type\":\"BreadcrumbList\",\"@id\":\"https:\\\/\\\/steelnet.ua\\\/pl\\\/produkt\\\/szafa-telekomunikacyjna-sn-rnk-19-9u\\\/#breadcrumb\",\"itemListElement\":[{\"@type\":\"ListItem\",\"position\":1,\"name\":\"\u0413\u043e\u043b\u043e\u0432\u043d\u0430 \u0421\u0442\u043e\u0440\u0456\u043d\u043a\u0430\",\"item\":\"https:\\\/\\\/steelnet.ua\\\/\"},{\"@type\":\"ListItem\",\"position\":2,\"name\":\"\u041c\u0430\u0433\u0430\u0437\u0438\u043d\",\"item\":\"https:\\\/\\\/steelnet.ua\\\/shop\\\/\"},{\"@type\":\"ListItem\",\"position\":3,\"name\":\"SZAFA TELEKOMUNIKACYJNA SN-RNK 19\u2033 9U\"}]},{\"@type\":\"WebSite\",\"@id\":\"https:\\\/\\\/steelnet.ua\\\/#website\",\"url\":\"https:\\\/\\\/steelnet.ua\\\/\",\"name\":\"SteelNet\",\"description\":\"\u041c\u0435\u0442\u0430\u043b\u043e\u043a\u043e\u043d\u0441\u0442\u0440\u0443\u043a\u0446\u0456\u0457 \u0442\u0430 \u0442\u0435\u043b\u0435\u043a\u043e\u043c \u043e\u0431\u043b\u0430\u0434\u043d\u0430\u043d\u043d\u044f\",\"potentialAction\":[{\"@type\":\"SearchAction\",\"target\":{\"@type\":\"EntryPoint\",\"urlTemplate\":\"https:\\\/\\\/steelnet.ua\\\/?s={search_term_string}\"},\"query-input\":{\"@type\":\"PropertyValueSpecification\",\"valueRequired\":true,\"valueName\":\"search_term_string\"}}],\"inLanguage\":\"pl-PL\"}]}<\/script>\n<!-- \/ Yoast SEO plugin. -->","yoast_head_json":{"title":"SZAFA TELEKOMUNIKACYJNA SN-RNK 19\u2033 9U - SteelNet","robots":{"index":"index","follow":"follow","max-snippet":"max-snippet:-1","max-image-preview":"max-image-preview:large","max-video-preview":"max-video-preview:-1"},"canonical":"https:\/\/steelnet.ua\/pl\/produkt\/szafa-telekomunikacyjna-sn-rnk-19-9u\/","og_locale":"pl_PL","og_type":"article","og_title":"SZAFA TELEKOMUNIKACYJNA SN-RNK 19\u2033 9U - SteelNet","og_description":"Telekomunikacyjne szafy wisz\u0105ce z serii SN-RNK s\u0105 przeznaczone do monta\u017cu aktywnych i pasywnych urz\u0105dze\u0144 telekomunikacyjnych, a tak\u017ce do ochrony przed nieuprawnionym dost\u0119pem do \u201ewype\u0142nienia\u201d. Maj\u0105 prost\u0105, sk\u0142adan\u0105 konstrukcj\u0119. Kompaktowe opakowanie minimalizuje koszty transportu i przechowywania. Ta modyfikacja obejmuje: Otwory monta\u017cowe do monta\u017cu na \u015bcianie. Pasywn\u0105 wentylacj\u0119 na \u015bcianach bocznych i z przodu. Mo\u017cliwo\u015b\u0107 instalacji modu\u0142u [&hellip;]","og_url":"https:\/\/steelnet.ua\/pl\/produkt\/szafa-telekomunikacyjna-sn-rnk-19-9u\/","og_site_name":"SteelNet","og_image":[{"width":1200,"height":1200,"url":"https:\/\/steelnet.ua\/wp-content\/uploads\/2020\/12\/SN_RNK_12U.06.60.DS-HCH-SHAFA-ROZBIRNA-2_01.jpg","type":"image\/jpeg"}],"twitter_card":"summary_large_image","twitter_misc":{"Szacowany czas czytania":"1 minuta"},"schema":{"@context":"https:\/\/schema.org","@graph":[{"@type":"WebPage","@id":"https:\/\/steelnet.ua\/pl\/produkt\/szafa-telekomunikacyjna-sn-rnk-19-9u\/","url":"https:\/\/steelnet.ua\/pl\/produkt\/szafa-telekomunikacyjna-sn-rnk-19-9u\/","name":"SZAFA TELEKOMUNIKACYJNA SN-RNK 19\u2033 9U - SteelNet","isPartOf":{"@id":"https:\/\/steelnet.ua\/#website"},"primaryImageOfPage":{"@id":"https:\/\/steelnet.ua\/pl\/produkt\/szafa-telekomunikacyjna-sn-rnk-19-9u\/#primaryimage"},"image":{"@id":"https:\/\/steelnet.ua\/pl\/produkt\/szafa-telekomunikacyjna-sn-rnk-19-9u\/#primaryimage"},"thumbnailUrl":"https:\/\/steelnet.ua\/wp-content\/uploads\/2020\/12\/SN_RNK_12U.06.60.DS-HCH-SHAFA-ROZBIRNA-2_01.jpg","datePublished":"2020-12-28T21:04:40+00:00","breadcrumb":{"@id":"https:\/\/steelnet.ua\/pl\/produkt\/szafa-telekomunikacyjna-sn-rnk-19-9u\/#breadcrumb"},"inLanguage":"pl-PL","potentialAction":[{"@type":"ReadAction","target":["https:\/\/steelnet.ua\/pl\/produkt\/szafa-telekomunikacyjna-sn-rnk-19-9u\/"]}]},{"@type":"ImageObject","inLanguage":"pl-PL","@id":"https:\/\/steelnet.ua\/pl\/produkt\/szafa-telekomunikacyjna-sn-rnk-19-9u\/#primaryimage","url":"https:\/\/steelnet.ua\/wp-content\/uploads\/2020\/12\/SN_RNK_12U.06.60.DS-HCH-SHAFA-ROZBIRNA-2_01.jpg","contentUrl":"https:\/\/steelnet.ua\/wp-content\/uploads\/2020\/12\/SN_RNK_12U.06.60.DS-HCH-SHAFA-ROZBIRNA-2_01.jpg","width":1200,"height":1200},{"@type":"BreadcrumbList","@id":"https:\/\/steelnet.ua\/pl\/produkt\/szafa-telekomunikacyjna-sn-rnk-19-9u\/#breadcrumb","itemListElement":[{"@type":"ListItem","position":1,"name":"\u0413\u043e\u043b\u043e\u0432\u043d\u0430 \u0421\u0442\u043e\u0440\u0456\u043d\u043a\u0430","item":"https:\/\/steelnet.ua\/"},{"@type":"ListItem","position":2,"name":"\u041c\u0430\u0433\u0430\u0437\u0438\u043d","item":"https:\/\/steelnet.ua\/shop\/"},{"@type":"ListItem","position":3,"name":"SZAFA TELEKOMUNIKACYJNA SN-RNK 19\u2033 9U"}]},{"@type":"WebSite","@id":"https:\/\/steelnet.ua\/#website","url":"https:\/\/steelnet.ua\/","name":"SteelNet","description":"\u041c\u0435\u0442\u0430\u043b\u043e\u043a\u043e\u043d\u0441\u0442\u0440\u0443\u043a\u0446\u0456\u0457 \u0442\u0430 \u0442\u0435\u043b\u0435\u043a\u043e\u043c \u043e\u0431\u043b\u0430\u0434\u043d\u0430\u043d\u043d\u044f","potentialAction":[{"@type":"SearchAction","target":{"@type":"EntryPoint","urlTemplate":"https:\/\/steelnet.ua\/?s={search_term_string}"},"query-input":{"@type":"PropertyValueSpecification","valueRequired":true,"valueName":"search_term_string"}}],"inLanguage":"pl-PL"}]}},"_links":{"self":[{"href":"https:\/\/steelnet.ua\/pl\/wp-json\/wp\/v2\/product\/10320","targetHints":{"allow":["GET"]}}],"collection":[{"href":"https:\/\/steelnet.ua\/pl\/wp-json\/wp\/v2\/product"}],"about":[{"href":"https:\/\/steelnet.ua\/pl\/wp-json\/wp\/v2\/types\/product"}],"replies":[{"embeddable":true,"href":"https:\/\/steelnet.ua\/pl\/wp-json\/wp\/v2\/comments?post=10320"}],"wp:featuredmedia":[{"embeddable":true,"href":"https:\/\/steelnet.ua\/pl\/wp-json\/wp\/v2\/media\/10331"}],"wp:attachment":[{"href":"https:\/\/steelnet.ua\/pl\/wp-json\/wp\/v2\/media?parent=10320"}],"wp:term":[{"taxonomy":"product_cat","embeddable":true,"href":"https:\/\/steelnet.ua\/pl\/wp-json\/wp\/v2\/product_cat?post=10320"},{"taxonomy":"product_tag","embeddable":true,"href":"https:\/\/steelnet.ua\/pl\/wp-json\/wp\/v2\/product_tag?post=10320"}],"curies":[{"name":"wp","href":"https:\/\/api.w.org\/{rel}","templated":true}]}}