{"id":10298,"date":"2020-12-28T23:04:22","date_gmt":"2020-12-28T21:04:22","guid":{"rendered":"https:\/\/steelnet.ua\/product\/szafa-serwerowa-19-sn-iron\/"},"modified":"2020-12-28T23:04:22","modified_gmt":"2020-12-28T21:04:22","slug":"szafa-serwerowa-19-sn-iron","status":"publish","type":"product","link":"https:\/\/steelnet.ua\/pl\/produkt\/szafa-serwerowa-19-sn-iron\/","title":{"rendered":"SZAFA SERWEROWA 19 SN-IRON"},"content":{"rendered":"<p>Charakterystyka techniczna szaf serwerowych SN IRON:<\/p>\n<ul>\n<li>Konstrukcja: konstrukcja sk\u0142adana<\/li>\n<li>Opakowanie: tektura falista<\/li>\n<li>Wysoko\u015b\u0107 (wysoko\u015b\u0107 robocza), U: 42.<\/li>\n<li>Szeroko\u015b\u0107, mm: 800.<\/li>\n<li>G\u0142\u0119boko\u015b\u0107, mm: 1000.<\/li>\n<li>Pionowe stojaki monta\u017cowe: 4 szt.<\/li>\n<li>Krok regulacji stojak\u00f3w monta\u017cowych: 25 mm<\/li>\n<li>Typ paneli bocznych: zdejmowane, pe\u0142ne z zamkami krzywkowymi<\/li>\n<li>D\u0142awiki kablowe*: w podstawie i dachu<\/li>\n<li>Typ panelu tylnego: zdejmowany, metalowy pe\u0142ny lub perforowany z zamkiem krzywkowym<\/li>\n<li>Typ drzwi: drzwi w standardzie<\/li>\n<li>K\u0105t otwarcia drzwi: ponad 180\u00b0.<\/li>\n<li>Typ zamka drzwi: klamka obrotowa z tr\u00f3jstronn\u0105 blokad\u0105 ryglow\u0105<\/li>\n<li>Mo\u017cliwo\u015b\u0107 monta\u017cu drzwi: po lewej i prawej stronie<\/li>\n<li>Miejsce instalacji uziemienia**: wszystkie cz\u0119\u015bci szafy<\/li>\n<li>Pow\u0142oka: proszkowo-polimerowa<\/li>\n<li>Kolor***: czarny (RAL 9005)<\/li>\n<li>Maksymalne dopuszczalne roz\u0142o\u017cone obci\u0105\u017cenie statyczne: do 1100 kg<\/li>\n<li>Stopie\u0144 ochrony: IP30.<\/li>\n<\/ul>\n<p>&nbsp;<\/p>\n<p>* opcja \u2013 mo\u017cliwo\u015b\u0107 wprowadzenia kabli przez tylny zdejmowany panel<\/p>\n<p>** zestaw uziemiaj\u0105cy do wewn\u0119trznych cz\u0119\u015bci szafy jest do\u0142\u0105czony w standardzie<\/p>\n<p>*** dost\u0119pny w kolorze RAL 9005 (czarny)<\/p>\n","protected":false},"excerpt":{"rendered":"<p>Charakterystyka techniczna szaf serwerowych SN IRON: Konstrukcja: konstrukcja sk\u0142adana Opakowanie: tektura falista Wysoko\u015b\u0107 (wysoko\u015b\u0107 robocza), U: 42. Szeroko\u015b\u0107, mm: 800. G\u0142\u0119boko\u015b\u0107, mm: 1000. Pionowe stojaki monta\u017cowe: 4 szt. Krok regulacji stojak\u00f3w monta\u017cowych: 25 mm Typ paneli bocznych: zdejmowane, pe\u0142ne z zamkami krzywkowymi D\u0142awiki kablowe*: w podstawie i dachu Typ panelu tylnego: zdejmowany, metalowy pe\u0142ny lub [&hellip;]<\/p>\n","protected":false},"featured_media":10319,"comment_status":"open","ping_status":"closed","template":"","meta":{"inline_featured_image":false},"product_cat":[],"product_tag":[],"class_list":{"0":"post-10298","1":"product","2":"type-product","3":"status-publish","4":"has-post-thumbnail","7":"first","8":"instock","9":"shipping-taxable","10":"product-type-simple"},"yoast_head":"<!-- This site is optimized with the Yoast SEO plugin v27.3 - https:\/\/yoast.com\/product\/yoast-seo-wordpress\/ -->\n<title>SZAFA SERWEROWA 19 SN-IRON - SteelNet<\/title>\n<meta name=\"robots\" content=\"index, follow, max-snippet:-1, max-image-preview:large, max-video-preview:-1\" \/>\n<link rel=\"canonical\" href=\"https:\/\/steelnet.ua\/pl\/produkt\/szafa-serwerowa-19-sn-iron\/\" \/>\n<meta property=\"og:locale\" content=\"pl_PL\" \/>\n<meta property=\"og:type\" content=\"article\" \/>\n<meta property=\"og:title\" content=\"SZAFA SERWEROWA 19 SN-IRON - SteelNet\" \/>\n<meta property=\"og:description\" content=\"Charakterystyka techniczna szaf serwerowych SN IRON: Konstrukcja: konstrukcja sk\u0142adana Opakowanie: tektura falista Wysoko\u015b\u0107 (wysoko\u015b\u0107 robocza), U: 42. Szeroko\u015b\u0107, mm: 800. G\u0142\u0119boko\u015b\u0107, mm: 1000. Pionowe stojaki monta\u017cowe: 4 szt. Krok regulacji stojak\u00f3w monta\u017cowych: 25 mm Typ paneli bocznych: zdejmowane, pe\u0142ne z zamkami krzywkowymi D\u0142awiki kablowe*: w podstawie i dachu Typ panelu tylnego: zdejmowany, metalowy pe\u0142ny lub [&hellip;]\" \/>\n<meta property=\"og:url\" content=\"https:\/\/steelnet.ua\/pl\/produkt\/szafa-serwerowa-19-sn-iron\/\" \/>\n<meta property=\"og:site_name\" content=\"SteelNet\" \/>\n<meta property=\"og:image\" content=\"https:\/\/steelnet.ua\/wp-content\/uploads\/2020\/12\/SN_42U_800_1000_DP_2DP_4BHSH_02_SHAFA_SERVERNA_19_SN_IRON_07.jpg\" \/>\n\t<meta property=\"og:image:width\" content=\"1200\" \/>\n\t<meta property=\"og:image:height\" content=\"1200\" \/>\n\t<meta property=\"og:image:type\" content=\"image\/jpeg\" \/>\n<meta name=\"twitter:card\" content=\"summary_large_image\" \/>\n<meta name=\"twitter:label1\" content=\"Szacowany czas czytania\" \/>\n\t<meta name=\"twitter:data1\" content=\"1 minuta\" \/>\n<script type=\"application\/ld+json\" class=\"yoast-schema-graph\">{\"@context\":\"https:\\\/\\\/schema.org\",\"@graph\":[{\"@type\":\"WebPage\",\"@id\":\"https:\\\/\\\/steelnet.ua\\\/pl\\\/produkt\\\/szafa-serwerowa-19-sn-iron\\\/\",\"url\":\"https:\\\/\\\/steelnet.ua\\\/pl\\\/produkt\\\/szafa-serwerowa-19-sn-iron\\\/\",\"name\":\"SZAFA SERWEROWA 19 SN-IRON - SteelNet\",\"isPartOf\":{\"@id\":\"https:\\\/\\\/steelnet.ua\\\/#website\"},\"primaryImageOfPage\":{\"@id\":\"https:\\\/\\\/steelnet.ua\\\/pl\\\/produkt\\\/szafa-serwerowa-19-sn-iron\\\/#primaryimage\"},\"image\":{\"@id\":\"https:\\\/\\\/steelnet.ua\\\/pl\\\/produkt\\\/szafa-serwerowa-19-sn-iron\\\/#primaryimage\"},\"thumbnailUrl\":\"https:\\\/\\\/steelnet.ua\\\/wp-content\\\/uploads\\\/2020\\\/12\\\/SN_42U_800_1000_DP_2DP_4BHSH_02_SHAFA_SERVERNA_19_SN_IRON_07.jpg\",\"datePublished\":\"2020-12-28T21:04:22+00:00\",\"breadcrumb\":{\"@id\":\"https:\\\/\\\/steelnet.ua\\\/pl\\\/produkt\\\/szafa-serwerowa-19-sn-iron\\\/#breadcrumb\"},\"inLanguage\":\"pl-PL\",\"potentialAction\":[{\"@type\":\"ReadAction\",\"target\":[\"https:\\\/\\\/steelnet.ua\\\/pl\\\/produkt\\\/szafa-serwerowa-19-sn-iron\\\/\"]}]},{\"@type\":\"ImageObject\",\"inLanguage\":\"pl-PL\",\"@id\":\"https:\\\/\\\/steelnet.ua\\\/pl\\\/produkt\\\/szafa-serwerowa-19-sn-iron\\\/#primaryimage\",\"url\":\"https:\\\/\\\/steelnet.ua\\\/wp-content\\\/uploads\\\/2020\\\/12\\\/SN_42U_800_1000_DP_2DP_4BHSH_02_SHAFA_SERVERNA_19_SN_IRON_07.jpg\",\"contentUrl\":\"https:\\\/\\\/steelnet.ua\\\/wp-content\\\/uploads\\\/2020\\\/12\\\/SN_42U_800_1000_DP_2DP_4BHSH_02_SHAFA_SERVERNA_19_SN_IRON_07.jpg\",\"width\":1200,\"height\":1200},{\"@type\":\"BreadcrumbList\",\"@id\":\"https:\\\/\\\/steelnet.ua\\\/pl\\\/produkt\\\/szafa-serwerowa-19-sn-iron\\\/#breadcrumb\",\"itemListElement\":[{\"@type\":\"ListItem\",\"position\":1,\"name\":\"\u0413\u043e\u043b\u043e\u0432\u043d\u0430 \u0421\u0442\u043e\u0440\u0456\u043d\u043a\u0430\",\"item\":\"https:\\\/\\\/steelnet.ua\\\/\"},{\"@type\":\"ListItem\",\"position\":2,\"name\":\"\u041c\u0430\u0433\u0430\u0437\u0438\u043d\",\"item\":\"https:\\\/\\\/steelnet.ua\\\/shop\\\/\"},{\"@type\":\"ListItem\",\"position\":3,\"name\":\"SZAFA SERWEROWA 19 SN-IRON\"}]},{\"@type\":\"WebSite\",\"@id\":\"https:\\\/\\\/steelnet.ua\\\/#website\",\"url\":\"https:\\\/\\\/steelnet.ua\\\/\",\"name\":\"SteelNet\",\"description\":\"\u041c\u0435\u0442\u0430\u043b\u043e\u043a\u043e\u043d\u0441\u0442\u0440\u0443\u043a\u0446\u0456\u0457 \u0442\u0430 \u0442\u0435\u043b\u0435\u043a\u043e\u043c \u043e\u0431\u043b\u0430\u0434\u043d\u0430\u043d\u043d\u044f\",\"potentialAction\":[{\"@type\":\"SearchAction\",\"target\":{\"@type\":\"EntryPoint\",\"urlTemplate\":\"https:\\\/\\\/steelnet.ua\\\/?s={search_term_string}\"},\"query-input\":{\"@type\":\"PropertyValueSpecification\",\"valueRequired\":true,\"valueName\":\"search_term_string\"}}],\"inLanguage\":\"pl-PL\"}]}<\/script>\n<!-- \/ Yoast SEO plugin. -->","yoast_head_json":{"title":"SZAFA SERWEROWA 19 SN-IRON - SteelNet","robots":{"index":"index","follow":"follow","max-snippet":"max-snippet:-1","max-image-preview":"max-image-preview:large","max-video-preview":"max-video-preview:-1"},"canonical":"https:\/\/steelnet.ua\/pl\/produkt\/szafa-serwerowa-19-sn-iron\/","og_locale":"pl_PL","og_type":"article","og_title":"SZAFA SERWEROWA 19 SN-IRON - SteelNet","og_description":"Charakterystyka techniczna szaf serwerowych SN IRON: Konstrukcja: konstrukcja sk\u0142adana Opakowanie: tektura falista Wysoko\u015b\u0107 (wysoko\u015b\u0107 robocza), U: 42. Szeroko\u015b\u0107, mm: 800. G\u0142\u0119boko\u015b\u0107, mm: 1000. Pionowe stojaki monta\u017cowe: 4 szt. Krok regulacji stojak\u00f3w monta\u017cowych: 25 mm Typ paneli bocznych: zdejmowane, pe\u0142ne z zamkami krzywkowymi D\u0142awiki kablowe*: w podstawie i dachu Typ panelu tylnego: zdejmowany, metalowy pe\u0142ny lub [&hellip;]","og_url":"https:\/\/steelnet.ua\/pl\/produkt\/szafa-serwerowa-19-sn-iron\/","og_site_name":"SteelNet","og_image":[{"width":1200,"height":1200,"url":"https:\/\/steelnet.ua\/wp-content\/uploads\/2020\/12\/SN_42U_800_1000_DP_2DP_4BHSH_02_SHAFA_SERVERNA_19_SN_IRON_07.jpg","type":"image\/jpeg"}],"twitter_card":"summary_large_image","twitter_misc":{"Szacowany czas czytania":"1 minuta"},"schema":{"@context":"https:\/\/schema.org","@graph":[{"@type":"WebPage","@id":"https:\/\/steelnet.ua\/pl\/produkt\/szafa-serwerowa-19-sn-iron\/","url":"https:\/\/steelnet.ua\/pl\/produkt\/szafa-serwerowa-19-sn-iron\/","name":"SZAFA SERWEROWA 19 SN-IRON - SteelNet","isPartOf":{"@id":"https:\/\/steelnet.ua\/#website"},"primaryImageOfPage":{"@id":"https:\/\/steelnet.ua\/pl\/produkt\/szafa-serwerowa-19-sn-iron\/#primaryimage"},"image":{"@id":"https:\/\/steelnet.ua\/pl\/produkt\/szafa-serwerowa-19-sn-iron\/#primaryimage"},"thumbnailUrl":"https:\/\/steelnet.ua\/wp-content\/uploads\/2020\/12\/SN_42U_800_1000_DP_2DP_4BHSH_02_SHAFA_SERVERNA_19_SN_IRON_07.jpg","datePublished":"2020-12-28T21:04:22+00:00","breadcrumb":{"@id":"https:\/\/steelnet.ua\/pl\/produkt\/szafa-serwerowa-19-sn-iron\/#breadcrumb"},"inLanguage":"pl-PL","potentialAction":[{"@type":"ReadAction","target":["https:\/\/steelnet.ua\/pl\/produkt\/szafa-serwerowa-19-sn-iron\/"]}]},{"@type":"ImageObject","inLanguage":"pl-PL","@id":"https:\/\/steelnet.ua\/pl\/produkt\/szafa-serwerowa-19-sn-iron\/#primaryimage","url":"https:\/\/steelnet.ua\/wp-content\/uploads\/2020\/12\/SN_42U_800_1000_DP_2DP_4BHSH_02_SHAFA_SERVERNA_19_SN_IRON_07.jpg","contentUrl":"https:\/\/steelnet.ua\/wp-content\/uploads\/2020\/12\/SN_42U_800_1000_DP_2DP_4BHSH_02_SHAFA_SERVERNA_19_SN_IRON_07.jpg","width":1200,"height":1200},{"@type":"BreadcrumbList","@id":"https:\/\/steelnet.ua\/pl\/produkt\/szafa-serwerowa-19-sn-iron\/#breadcrumb","itemListElement":[{"@type":"ListItem","position":1,"name":"\u0413\u043e\u043b\u043e\u0432\u043d\u0430 \u0421\u0442\u043e\u0440\u0456\u043d\u043a\u0430","item":"https:\/\/steelnet.ua\/"},{"@type":"ListItem","position":2,"name":"\u041c\u0430\u0433\u0430\u0437\u0438\u043d","item":"https:\/\/steelnet.ua\/shop\/"},{"@type":"ListItem","position":3,"name":"SZAFA SERWEROWA 19 SN-IRON"}]},{"@type":"WebSite","@id":"https:\/\/steelnet.ua\/#website","url":"https:\/\/steelnet.ua\/","name":"SteelNet","description":"\u041c\u0435\u0442\u0430\u043b\u043e\u043a\u043e\u043d\u0441\u0442\u0440\u0443\u043a\u0446\u0456\u0457 \u0442\u0430 \u0442\u0435\u043b\u0435\u043a\u043e\u043c \u043e\u0431\u043b\u0430\u0434\u043d\u0430\u043d\u043d\u044f","potentialAction":[{"@type":"SearchAction","target":{"@type":"EntryPoint","urlTemplate":"https:\/\/steelnet.ua\/?s={search_term_string}"},"query-input":{"@type":"PropertyValueSpecification","valueRequired":true,"valueName":"search_term_string"}}],"inLanguage":"pl-PL"}]}},"_links":{"self":[{"href":"https:\/\/steelnet.ua\/pl\/wp-json\/wp\/v2\/product\/10298","targetHints":{"allow":["GET"]}}],"collection":[{"href":"https:\/\/steelnet.ua\/pl\/wp-json\/wp\/v2\/product"}],"about":[{"href":"https:\/\/steelnet.ua\/pl\/wp-json\/wp\/v2\/types\/product"}],"replies":[{"embeddable":true,"href":"https:\/\/steelnet.ua\/pl\/wp-json\/wp\/v2\/comments?post=10298"}],"wp:featuredmedia":[{"embeddable":true,"href":"https:\/\/steelnet.ua\/pl\/wp-json\/wp\/v2\/media\/10319"}],"wp:attachment":[{"href":"https:\/\/steelnet.ua\/pl\/wp-json\/wp\/v2\/media?parent=10298"}],"wp:term":[{"taxonomy":"product_cat","embeddable":true,"href":"https:\/\/steelnet.ua\/pl\/wp-json\/wp\/v2\/product_cat?post=10298"},{"taxonomy":"product_tag","embeddable":true,"href":"https:\/\/steelnet.ua\/pl\/wp-json\/wp\/v2\/product_tag?post=10298"}],"curies":[{"name":"wp","href":"https:\/\/api.w.org\/{rel}","templated":true}]}}