{"id":10291,"date":"2021-05-31T15:29:00","date_gmt":"2021-05-31T12:29:00","guid":{"rendered":"https:\/\/steelnet.ua\/product\/szafa-stojaca-serii-sn-aluminium-grand-19\/"},"modified":"2025-07-02T16:28:56","modified_gmt":"2025-07-02T13:28:56","slug":"szafa-stojaca-serii-sn-aluminium-grand-19","status":"publish","type":"product","link":"https:\/\/steelnet.ua\/pl\/produkt\/szafa-stojaca-serii-sn-aluminium-grand-19\/","title":{"rendered":"SZAFA STOJ\u0104CA SERII SN-ALUMINIUM GRAND 19\u2033"},"content":{"rendered":"<p>Sk\u0142adane telekomunikacyjne szafy stoj\u0105ce z serii Aluminium Grand przeznaczone s\u0105 do przechowywania aktywnych i pasywnych urz\u0105dze\u0144 telekomunikacyjnych, a tak\u017ce do ochrony przed nieuprawnionym dost\u0119pem do sprz\u0119tu szafy.<\/p>\n<p>G\u0142\u00f3wnymi zaletami tej szafy s\u0105 rama wykonana ze specjalnego profilu (t\u0142oczonego aluminium), kt\u00f3ry zwi\u0119ksza wytrzyma\u0142o\u015b\u0107 i niezawodno\u015b\u0107 konstrukcji, \u0142atwy dost\u0119p do zainstalowanego wewn\u0105trz sprz\u0119tu oraz kompaktowe opakowanie (flatpack).<\/p>\n<p>Zalety serii Aluminium Grand w por\u00f3wnaniu z szafami stalowymi:<\/p>\n<ul>\n<li>Lepsza przewodno\u015b\u0107 elektryczna element\u00f3w konstrukcyjnych;<\/li>\n<li>Stabilno\u015b\u0107 wymiar\u00f3w geometrycznych i symetrii t\u0142oczonego profilu jest wy\u017csza ni\u017c w przypadku profili blaszanych;<\/li>\n<li>Zestaw w\u0142a\u015bciwo\u015bci t\u0142oczonego profilu aluminiowego zachowuje swoje wymiary fizyczne i geometryczne przez ca\u0142y okres u\u017cytkowania;<\/li>\n<li>Osobliwo\u015bci\u0105 profilu t\u0142oczonego s\u0105 dodatkowe \u017cebra usztywniaj\u0105ce w obszarach odpowiedzialnych za no\u015bno\u015b\u0107 konstrukcji;<\/li>\n<li>Podczas korzystania z poszczeg\u00f3lnych element\u00f3w aluminiowej szafy pozwala to na zmniejszenie wagi ca\u0142ej konstrukcji;<\/li>\n<li>Stopie\u0144 ochrony wynosi IP20;<\/li>\n<\/ul>\n<p>Rama szafy Aluminium Grand mo\u017ce wytrzyma\u0107 maksymalne dopuszczalne obci\u0105\u017cenie roz\u0142o\u017cone do 650 kg.<\/p>\n<p>Seria szaf stoj\u0105cych Aluminium Grand obejmuje szafy o wysoko\u015bci od 10 do 47 jednostek. Szeroko\u015b\u0107 szaf wynosi 600 mm i 800 mm. G\u0142\u0119boko\u015b\u0107 szaf z tej linii wynosi 600\/800\/1000 mm.<\/p>\n<p>Drzwi przednie\/tylne s\u0105 zamykane za pomoc\u0105 trzypunktowego zamka krzywkowego z uchwytem i mog\u0105 by\u0107 dostarczane w nast\u0119puj\u0105cych wersjach:<\/p>\n<p>\u2013 ze szk\u0142em hartowanym o grubo\u015bci 4 mm;<\/p>\n<p>\u2013 perforowane;<\/p>\n<p>\u2013 pe\u0142ne.<\/p>\n<p>K\u0105t otwarcia drzwi wynosi ponad 180\u00b0. Drzwi mog\u0105 by\u0107 montowane po lewej lub prawej stronie szafy.<\/p>\n<p>Zamiast tylnych drzwi mo\u017cna zamontowa\u0107 panel pe\u0142ny, kt\u00f3ry jest mocowany za pomoc\u0105 zamka krzywkowego.<\/p>\n<p>Standardowy zakres dostawy obejmuje 4 ocynkowane stojaki jednostkowe (\u201eracky\u201d), kt\u00f3re umo\u017cliwiaj\u0105 monta\u017c sprz\u0119tu wewn\u0105trz szafy. G\u0142\u0119boko\u015b\u0107 rack\u00f3w mo\u017cna regulowa\u0107 w odst\u0119pach co 25 mm.<\/p>\n<p>&nbsp;<\/p>\n<p>\u2013 konstrukcja: konstrukcja sk\u0142adana<\/p>\n<p>\u2013 opakowanie: tektura falista<\/p>\n<p>\u2013 wysoko\u015b\u0107 (wysoko\u015b\u0107 robocza), U: 10, 14, 18, 24, 30, 33, 42, 47<\/p>\n<p>\u2013 szeroko\u015b\u0107, mm: 600, 800<\/p>\n<p>\u2013 g\u0142\u0119boko\u015b\u0107, mm: 600, 800, 1000<\/p>\n<p>\u2013 pionowe stojaki monta\u017cowe:: 4 szt.<\/p>\n<p>\u2013 krok regulacji s\u0142upk\u00f3w monta\u017cowych: 25 mm<\/p>\n<p>\u2013 typ paneli bocznych: zdejmowane, pe\u0142ne z zamkami krzywkowymi<\/p>\n<p>\u2013 d\u0142awiki kablowe*: w podstawie i dachu<\/p>\n<p>\u2013 typ drzwi: metalowe pe\u0142ne, metalowe perforowane, z wk\u0142adk\u0105 z hartowanego przyciemnianego szk\u0142a<\/p>\n<p>\u2013 k\u0105t otwarcia drzwi: ponad 180\u00b0<\/p>\n<p>\u2013 typ zamka drzwi: klamka obrotowa<\/p>\n<p>\u2013 mo\u017cliwo\u015b\u0107 monta\u017cu drzwi: po lewej i prawej stronie<\/p>\n<p>\u2013 dost\u0119pno\u015b\u0107 punktu uziemienia**: wszystkie cz\u0119\u015bci szafy<\/p>\n<p>\u2013 pow\u0142oka: proszkowo-polimerowa<\/p>\n<p>\u2013 kolor***: jasnoszary (RAL 7035)<\/p>\n<p>\u2013 maksymalne dopuszczalne roz\u0142o\u017cone obci\u0105\u017cenie statyczne: do 650 kg<\/p>\n<p>&nbsp;<\/p>\n<p>Materia\u0142y komponent\u00f3w serii SN-Aluminium Grand 19\u2033<\/p>\n<p>Rama szafy \u2013 t\u0142oczone aluminium;<\/p>\n<p>Drzwi \u2013 blacha stalowa 1,2 mm;<\/p>\n<p>\u015aciany boczne \u2013 blacha stalowa 1,2 mm;<\/p>\n<p>Ramy no\u015bne -\u2013stal spawana\/ocynkowana o grubo\u015bci 2 mm;<\/p>\n<p>Dno szafy \u2013 blacha stalowa 1,2 mm;<\/p>\n<p>Racky \u2013 ocynkowane 1,2 mm;<\/p>\n<p>&nbsp;<\/p>\n<p>* opcja \u2013 mo\u017cliwo\u015b\u0107 wprowadzenia kabli przez tylny zdejmowany panel<\/p>\n<p>** zestaw uziemiaj\u0105cy do wewn\u0119trznych cz\u0119\u015bci szafy jest do\u0142\u0105czony w standardzie<\/p>\n<p>*** dost\u0119pny w kolorze RAL 9005 (czarny)<\/p>\n<p>**** indywidualna konstrukcja, modyfikacje i wyposa\u017cenie s\u0105 wykonywane zgodnie z potrzebami klienta i s\u0105 kalkulowane osobno.<\/p>\n<p>&nbsp;<\/p>\n<p>Pobierz opis szafy w formacie\u00a0<a href=\"https:\/\/drive.google.com\/file\/d\/19n0GT6Qn_BmV1GNUhgJhfVqX89rvysPr\/view?usp=sharing\"><strong>\u00a0PDF<\/strong><\/a>.<\/p>\n","protected":false},"excerpt":{"rendered":"<p>Sk\u0142adane telekomunikacyjne szafy stoj\u0105ce z serii Aluminium Grand przeznaczone s\u0105 do przechowywania aktywnych i pasywnych urz\u0105dze\u0144 telekomunikacyjnych, a tak\u017ce do ochrony przed nieuprawnionym dost\u0119pem do sprz\u0119tu szafy. G\u0142\u00f3wnymi zaletami tej szafy s\u0105 rama wykonana ze specjalnego profilu (t\u0142oczonego aluminium), kt\u00f3ry zwi\u0119ksza wytrzyma\u0142o\u015b\u0107 i niezawodno\u015b\u0107 konstrukcji, \u0142atwy dost\u0119p do zainstalowanego wewn\u0105trz sprz\u0119tu oraz kompaktowe opakowanie (flatpack). [&hellip;]<\/p>\n","protected":false},"featured_media":10292,"comment_status":"open","ping_status":"closed","template":"","meta":{"inline_featured_image":false},"product_cat":[],"product_tag":[],"class_list":{"0":"post-10291","1":"product","2":"type-product","3":"status-publish","4":"has-post-thumbnail","7":"first","8":"instock","9":"shipping-taxable","10":"product-type-simple"},"yoast_head":"<!-- This site is optimized with the Yoast SEO plugin v27.3 - https:\/\/yoast.com\/product\/yoast-seo-wordpress\/ -->\n<title>SZAFA STOJ\u0104CA SERII SN-ALUMINIUM GRAND 19\u2033 - SteelNet<\/title>\n<meta name=\"robots\" content=\"index, follow, max-snippet:-1, max-image-preview:large, max-video-preview:-1\" \/>\n<link rel=\"canonical\" href=\"https:\/\/steelnet.ua\/pl\/produkt\/szafa-stojaca-serii-sn-aluminium-grand-19\/\" \/>\n<meta property=\"og:locale\" content=\"pl_PL\" \/>\n<meta property=\"og:type\" content=\"article\" \/>\n<meta property=\"og:title\" content=\"SZAFA STOJ\u0104CA SERII SN-ALUMINIUM GRAND 19\u2033 - SteelNet\" \/>\n<meta property=\"og:description\" content=\"Sk\u0142adane telekomunikacyjne szafy stoj\u0105ce z serii Aluminium Grand przeznaczone s\u0105 do przechowywania aktywnych i pasywnych urz\u0105dze\u0144 telekomunikacyjnych, a tak\u017ce do ochrony przed nieuprawnionym dost\u0119pem do sprz\u0119tu szafy. G\u0142\u00f3wnymi zaletami tej szafy s\u0105 rama wykonana ze specjalnego profilu (t\u0142oczonego aluminium), kt\u00f3ry zwi\u0119ksza wytrzyma\u0142o\u015b\u0107 i niezawodno\u015b\u0107 konstrukcji, \u0142atwy dost\u0119p do zainstalowanego wewn\u0105trz sprz\u0119tu oraz kompaktowe opakowanie (flatpack). [&hellip;]\" \/>\n<meta property=\"og:url\" content=\"https:\/\/steelnet.ua\/pl\/produkt\/szafa-stojaca-serii-sn-aluminium-grand-19\/\" \/>\n<meta property=\"og:site_name\" content=\"SteelNet\" \/>\n<meta property=\"article:modified_time\" content=\"2025-07-02T13:28:56+00:00\" \/>\n<meta property=\"og:image\" content=\"https:\/\/steelnet.ua\/wp-content\/uploads\/2021\/05\/Aluminium-Grand.jpg\" \/>\n\t<meta property=\"og:image:width\" content=\"800\" \/>\n\t<meta property=\"og:image:height\" content=\"800\" \/>\n\t<meta property=\"og:image:type\" content=\"image\/jpeg\" \/>\n<meta name=\"twitter:card\" content=\"summary_large_image\" \/>\n<meta name=\"twitter:label1\" content=\"Szacowany czas czytania\" \/>\n\t<meta name=\"twitter:data1\" content=\"2 minuty\" \/>\n<script type=\"application\/ld+json\" class=\"yoast-schema-graph\">{\"@context\":\"https:\\\/\\\/schema.org\",\"@graph\":[{\"@type\":\"WebPage\",\"@id\":\"https:\\\/\\\/steelnet.ua\\\/pl\\\/produkt\\\/szafa-stojaca-serii-sn-aluminium-grand-19\\\/\",\"url\":\"https:\\\/\\\/steelnet.ua\\\/pl\\\/produkt\\\/szafa-stojaca-serii-sn-aluminium-grand-19\\\/\",\"name\":\"SZAFA STOJ\u0104CA SERII SN-ALUMINIUM GRAND 19\u2033 - SteelNet\",\"isPartOf\":{\"@id\":\"https:\\\/\\\/steelnet.ua\\\/#website\"},\"primaryImageOfPage\":{\"@id\":\"https:\\\/\\\/steelnet.ua\\\/pl\\\/produkt\\\/szafa-stojaca-serii-sn-aluminium-grand-19\\\/#primaryimage\"},\"image\":{\"@id\":\"https:\\\/\\\/steelnet.ua\\\/pl\\\/produkt\\\/szafa-stojaca-serii-sn-aluminium-grand-19\\\/#primaryimage\"},\"thumbnailUrl\":\"https:\\\/\\\/steelnet.ua\\\/wp-content\\\/uploads\\\/2021\\\/05\\\/Aluminium-Grand.jpg\",\"datePublished\":\"2021-05-31T12:29:00+00:00\",\"dateModified\":\"2025-07-02T13:28:56+00:00\",\"breadcrumb\":{\"@id\":\"https:\\\/\\\/steelnet.ua\\\/pl\\\/produkt\\\/szafa-stojaca-serii-sn-aluminium-grand-19\\\/#breadcrumb\"},\"inLanguage\":\"pl-PL\",\"potentialAction\":[{\"@type\":\"ReadAction\",\"target\":[\"https:\\\/\\\/steelnet.ua\\\/pl\\\/produkt\\\/szafa-stojaca-serii-sn-aluminium-grand-19\\\/\"]}]},{\"@type\":\"ImageObject\",\"inLanguage\":\"pl-PL\",\"@id\":\"https:\\\/\\\/steelnet.ua\\\/pl\\\/produkt\\\/szafa-stojaca-serii-sn-aluminium-grand-19\\\/#primaryimage\",\"url\":\"https:\\\/\\\/steelnet.ua\\\/wp-content\\\/uploads\\\/2021\\\/05\\\/Aluminium-Grand.jpg\",\"contentUrl\":\"https:\\\/\\\/steelnet.ua\\\/wp-content\\\/uploads\\\/2021\\\/05\\\/Aluminium-Grand.jpg\",\"width\":800,\"height\":800},{\"@type\":\"BreadcrumbList\",\"@id\":\"https:\\\/\\\/steelnet.ua\\\/pl\\\/produkt\\\/szafa-stojaca-serii-sn-aluminium-grand-19\\\/#breadcrumb\",\"itemListElement\":[{\"@type\":\"ListItem\",\"position\":1,\"name\":\"\u0413\u043e\u043b\u043e\u0432\u043d\u0430 \u0421\u0442\u043e\u0440\u0456\u043d\u043a\u0430\",\"item\":\"https:\\\/\\\/steelnet.ua\\\/\"},{\"@type\":\"ListItem\",\"position\":2,\"name\":\"\u041c\u0430\u0433\u0430\u0437\u0438\u043d\",\"item\":\"https:\\\/\\\/steelnet.ua\\\/shop\\\/\"},{\"@type\":\"ListItem\",\"position\":3,\"name\":\"SZAFA STOJ\u0104CA SERII SN-ALUMINIUM GRAND 19\u2033\"}]},{\"@type\":\"WebSite\",\"@id\":\"https:\\\/\\\/steelnet.ua\\\/#website\",\"url\":\"https:\\\/\\\/steelnet.ua\\\/\",\"name\":\"SteelNet\",\"description\":\"\u041c\u0435\u0442\u0430\u043b\u043e\u043a\u043e\u043d\u0441\u0442\u0440\u0443\u043a\u0446\u0456\u0457 \u0442\u0430 \u0442\u0435\u043b\u0435\u043a\u043e\u043c \u043e\u0431\u043b\u0430\u0434\u043d\u0430\u043d\u043d\u044f\",\"potentialAction\":[{\"@type\":\"SearchAction\",\"target\":{\"@type\":\"EntryPoint\",\"urlTemplate\":\"https:\\\/\\\/steelnet.ua\\\/?s={search_term_string}\"},\"query-input\":{\"@type\":\"PropertyValueSpecification\",\"valueRequired\":true,\"valueName\":\"search_term_string\"}}],\"inLanguage\":\"pl-PL\"}]}<\/script>\n<!-- \/ Yoast SEO plugin. -->","yoast_head_json":{"title":"SZAFA STOJ\u0104CA SERII SN-ALUMINIUM GRAND 19\u2033 - SteelNet","robots":{"index":"index","follow":"follow","max-snippet":"max-snippet:-1","max-image-preview":"max-image-preview:large","max-video-preview":"max-video-preview:-1"},"canonical":"https:\/\/steelnet.ua\/pl\/produkt\/szafa-stojaca-serii-sn-aluminium-grand-19\/","og_locale":"pl_PL","og_type":"article","og_title":"SZAFA STOJ\u0104CA SERII SN-ALUMINIUM GRAND 19\u2033 - SteelNet","og_description":"Sk\u0142adane telekomunikacyjne szafy stoj\u0105ce z serii Aluminium Grand przeznaczone s\u0105 do przechowywania aktywnych i pasywnych urz\u0105dze\u0144 telekomunikacyjnych, a tak\u017ce do ochrony przed nieuprawnionym dost\u0119pem do sprz\u0119tu szafy. G\u0142\u00f3wnymi zaletami tej szafy s\u0105 rama wykonana ze specjalnego profilu (t\u0142oczonego aluminium), kt\u00f3ry zwi\u0119ksza wytrzyma\u0142o\u015b\u0107 i niezawodno\u015b\u0107 konstrukcji, \u0142atwy dost\u0119p do zainstalowanego wewn\u0105trz sprz\u0119tu oraz kompaktowe opakowanie (flatpack). [&hellip;]","og_url":"https:\/\/steelnet.ua\/pl\/produkt\/szafa-stojaca-serii-sn-aluminium-grand-19\/","og_site_name":"SteelNet","article_modified_time":"2025-07-02T13:28:56+00:00","og_image":[{"width":800,"height":800,"url":"https:\/\/steelnet.ua\/wp-content\/uploads\/2021\/05\/Aluminium-Grand.jpg","type":"image\/jpeg"}],"twitter_card":"summary_large_image","twitter_misc":{"Szacowany czas czytania":"2 minuty"},"schema":{"@context":"https:\/\/schema.org","@graph":[{"@type":"WebPage","@id":"https:\/\/steelnet.ua\/pl\/produkt\/szafa-stojaca-serii-sn-aluminium-grand-19\/","url":"https:\/\/steelnet.ua\/pl\/produkt\/szafa-stojaca-serii-sn-aluminium-grand-19\/","name":"SZAFA STOJ\u0104CA SERII SN-ALUMINIUM GRAND 19\u2033 - SteelNet","isPartOf":{"@id":"https:\/\/steelnet.ua\/#website"},"primaryImageOfPage":{"@id":"https:\/\/steelnet.ua\/pl\/produkt\/szafa-stojaca-serii-sn-aluminium-grand-19\/#primaryimage"},"image":{"@id":"https:\/\/steelnet.ua\/pl\/produkt\/szafa-stojaca-serii-sn-aluminium-grand-19\/#primaryimage"},"thumbnailUrl":"https:\/\/steelnet.ua\/wp-content\/uploads\/2021\/05\/Aluminium-Grand.jpg","datePublished":"2021-05-31T12:29:00+00:00","dateModified":"2025-07-02T13:28:56+00:00","breadcrumb":{"@id":"https:\/\/steelnet.ua\/pl\/produkt\/szafa-stojaca-serii-sn-aluminium-grand-19\/#breadcrumb"},"inLanguage":"pl-PL","potentialAction":[{"@type":"ReadAction","target":["https:\/\/steelnet.ua\/pl\/produkt\/szafa-stojaca-serii-sn-aluminium-grand-19\/"]}]},{"@type":"ImageObject","inLanguage":"pl-PL","@id":"https:\/\/steelnet.ua\/pl\/produkt\/szafa-stojaca-serii-sn-aluminium-grand-19\/#primaryimage","url":"https:\/\/steelnet.ua\/wp-content\/uploads\/2021\/05\/Aluminium-Grand.jpg","contentUrl":"https:\/\/steelnet.ua\/wp-content\/uploads\/2021\/05\/Aluminium-Grand.jpg","width":800,"height":800},{"@type":"BreadcrumbList","@id":"https:\/\/steelnet.ua\/pl\/produkt\/szafa-stojaca-serii-sn-aluminium-grand-19\/#breadcrumb","itemListElement":[{"@type":"ListItem","position":1,"name":"\u0413\u043e\u043b\u043e\u0432\u043d\u0430 \u0421\u0442\u043e\u0440\u0456\u043d\u043a\u0430","item":"https:\/\/steelnet.ua\/"},{"@type":"ListItem","position":2,"name":"\u041c\u0430\u0433\u0430\u0437\u0438\u043d","item":"https:\/\/steelnet.ua\/shop\/"},{"@type":"ListItem","position":3,"name":"SZAFA STOJ\u0104CA SERII SN-ALUMINIUM GRAND 19\u2033"}]},{"@type":"WebSite","@id":"https:\/\/steelnet.ua\/#website","url":"https:\/\/steelnet.ua\/","name":"SteelNet","description":"\u041c\u0435\u0442\u0430\u043b\u043e\u043a\u043e\u043d\u0441\u0442\u0440\u0443\u043a\u0446\u0456\u0457 \u0442\u0430 \u0442\u0435\u043b\u0435\u043a\u043e\u043c \u043e\u0431\u043b\u0430\u0434\u043d\u0430\u043d\u043d\u044f","potentialAction":[{"@type":"SearchAction","target":{"@type":"EntryPoint","urlTemplate":"https:\/\/steelnet.ua\/?s={search_term_string}"},"query-input":{"@type":"PropertyValueSpecification","valueRequired":true,"valueName":"search_term_string"}}],"inLanguage":"pl-PL"}]}},"_links":{"self":[{"href":"https:\/\/steelnet.ua\/pl\/wp-json\/wp\/v2\/product\/10291","targetHints":{"allow":["GET"]}}],"collection":[{"href":"https:\/\/steelnet.ua\/pl\/wp-json\/wp\/v2\/product"}],"about":[{"href":"https:\/\/steelnet.ua\/pl\/wp-json\/wp\/v2\/types\/product"}],"replies":[{"embeddable":true,"href":"https:\/\/steelnet.ua\/pl\/wp-json\/wp\/v2\/comments?post=10291"}],"wp:featuredmedia":[{"embeddable":true,"href":"https:\/\/steelnet.ua\/pl\/wp-json\/wp\/v2\/media\/10292"}],"wp:attachment":[{"href":"https:\/\/steelnet.ua\/pl\/wp-json\/wp\/v2\/media?parent=10291"}],"wp:term":[{"taxonomy":"product_cat","embeddable":true,"href":"https:\/\/steelnet.ua\/pl\/wp-json\/wp\/v2\/product_cat?post=10291"},{"taxonomy":"product_tag","embeddable":true,"href":"https:\/\/steelnet.ua\/pl\/wp-json\/wp\/v2\/product_tag?post=10291"}],"curies":[{"name":"wp","href":"https:\/\/api.w.org\/{rel}","templated":true}]}}