{"id":10276,"date":"2020-12-28T23:05:01","date_gmt":"2020-12-28T21:05:01","guid":{"rendered":"https:\/\/steelnet.ua\/product\/szafa-stojaca-sn-iron-19-42u-06-06-ds-ph-2bh-9005\/"},"modified":"2020-12-28T23:05:01","modified_gmt":"2020-12-28T21:05:01","slug":"szafa-stojaca-sn-iron-19-42u-06-06-ds-ph-2bh-9005","status":"publish","type":"product","link":"https:\/\/steelnet.ua\/pl\/produkt\/szafa-stojaca-sn-iron-19-42u-06-06-ds-ph-2bh-9005\/","title":{"rendered":"SZAFA STOJ\u0104CA SN-IRON 19\u2033 42U-06-06-\u0414\u0421-\u041f\u0413-2\u0411\u0413-9005"},"content":{"rendered":"<p>Telekomunikacyjna szafa stoj\u0105ca SN-IRON 19<strong>\u2033.<\/strong><\/p>\n<p>Sk\u0142adane telekomunikacyjne szafy stoj\u0105ce z serii SN-IRON przeznaczone s\u0105 do przechowywania aktywnych i pasywnych urz\u0105dze\u0144 telekomunikacyjnych, a tak\u017ce do ochrony przed nieuprawnionym dost\u0119pem do szafy.<\/p>\n<p>G\u0142\u00f3wnymi zaletami tej szafy s\u0105 jej wytrzyma\u0142o\u015b\u0107 i niezawodno\u015b\u0107, \u0142atwy dost\u0119p do zainstalowanego wewn\u0105trz sprz\u0119tu oraz kompaktowe opakowanie (flatpack).<\/p>\n<p>Konstrukcja szafy sk\u0142ada si\u0119 z przedniej i tylnej ramy, g\u00f3rnego i dolnego panelu, paneli bocznych, przednich drzwi, tylnego panelu\/drzwi oraz 19-calowych profili monta\u017cowych.<\/p>\n<p>Rama wykonana jest z blachy stalowej o grubo\u015bci 2 mm, co pozwala jej wytrzyma\u0107 maksymalne dopuszczalne obci\u0105\u017cenie roz\u0142o\u017cone do 800 kg (na regulowanych n\u00f3\u017ckach) i do 300 kg (na k\u00f3\u0142kach).<\/p>\n<p>Do monta\u017cu nie jest wymagana specjalistyczna wiedza, umiej\u0119tno\u015bci ani specjalne narz\u0119dzia. Szaf\u0119 mo\u017cna zmontowa\u0107 przy u\u017cyciu jedynie \u015brubokr\u0119ta krzy\u017cakowego.<\/p>\n<p>Przednie\/tylne drzwi s\u0105 zamykane za pomoc\u0105 zamka obrotowo-klapowego z uchwytem i s\u0105 dost\u0119pne w nast\u0119puj\u0105cych wersjach:<\/p>\n<p>\u2013 ze szk\u0142em hartowanym o grubo\u015bci 4 mm;<\/p>\n<p>\u2013 perforowane;<\/p>\n<p>\u2013 ca\u0142kowicie metalowe.<\/p>\n<p>K\u0105t otwarcia drzwi wynosi ponad 180\u00b0. Drzwi mog\u0105 by\u0107 montowane po lewej lub prawej stronie szafy.<\/p>\n<p>Zamiast tylnych drzwi mo\u017cna zamontowa\u0107 ca\u0142kowicie metalowy panel, kt\u00f3ry jest mocowany za pomoc\u0105 zamka krzywkowego.<\/p>\n<p>Standardowy zakres dostawy obejmuje 4 ocynkowane profile monta\u017cowe (\u201estojaki\u201d), kt\u00f3re umo\u017cliwiaj\u0105 bezpieczny monta\u017c sprz\u0119tu wewn\u0105trz szafy. G\u0142\u0119boko\u015b\u0107 stojak\u00f3w mo\u017cna regulowa\u0107 w odst\u0119pach co 25 mm.\u00a0 Dzi\u0119ki ocynkowanej pow\u0142oce stojaki jednostkowe s\u0105 trwa\u0142e i odporne na korozj\u0119. S\u0142u\u017c\u0105 one r\u00f3wnie\u017c jako element uziemiaj\u0105cy szaf\u0119.<\/p>\n<p>Ka\u017cdy stojak jednostkowy jest przymocowany do trzech poprzecznych szyn, kt\u00f3re dodatkowo wzmacniaj\u0105 ca\u0142\u0105 konstrukcj\u0119 szafy i zapewniaj\u0105 bezpieczne mocowanie stojak\u00f3w jednostkowych.<\/p>\n<p>Zdejmowane panele boczne s\u0105 wyposa\u017cone w zamki krzywkowe zapewniaj\u0105ce bezpieczne mocowanie. W przypadku szaf o g\u0142\u0119boko\u015bci 1000 mm i wi\u0119kszej konstrukcja zapewnia dwa zdejmowane panele boczne z ka\u017cdej strony, co zapewnia \u0142atwiejszy monta\u017c\/demonta\u017c, a tak\u017ce wygodny dost\u0119p do sprz\u0119tu zainstalowanego wewn\u0105trz szafy.<\/p>\n<p>Szafa jest zamontowana na odlewanych nogach o regulowanej wysoko\u015bci lub na rolkach.<\/p>\n<p>Szafy z serii SN-IRON pokryte s\u0105 specjaln\u0105 farb\u0105 proszkowo-polimerow\u0105, kt\u00f3ra tworzy trwa\u0142\u0105 pow\u0142ok\u0119 z w\u0119glik\u00f3w spiekanych, odporn\u0105 na dzia\u0142anie czynnik\u00f3w zewn\u0119trznych, w tym mechanicznych.<\/p>\n<p>Dost\u0119pne s\u0105 dwa standardowe kolory: RAL7035 (szary) i RAL9005 (czarny).<\/p>\n<h3>Cechy konstrukcyjne:<\/h3>\n<p>\u2013 pasywna wentylacja po bokach g\u00f3rnego i dolnego panelu;<\/p>\n<p>\u2013 mo\u017cliwo\u015b\u0107 zainstalowania wentylatora w g\u00f3rnym panelu szafy;<\/p>\n<p>&#8211; prz\u00f3d szafy nie ma ostrych naro\u017cnik\u00f3w, co zmniejsza ryzyko obra\u017ce\u0144 cia\u0142a;<\/p>\n<p>\u2013 dost\u0119p do sprz\u0119tu z 4 stron: przodu, ty\u0142u i dw\u00f3ch bok\u00f3w szafy;<\/p>\n<p>\u2013 spawane miedziowane \u015bruby z zestawem uziemiaj\u0105cym;<\/p>\n<p>\u2013 wprowadzenie kabli przez otwory w g\u00f3rnym i dolnym panelu szafy.<\/p>\n<p>Szafy serii SN-IRON mog\u0105 by\u0107 wyposa\u017cone w szerok\u0105 gam\u0119 akcesori\u00f3w: poziome i pionowe organizery, p\u00f3\u0142ki wspornikowe\/wysuwane\/wzmocnione, rozdzielnic\u0119 elektryczn\u0105, zespo\u0142y wentylator\u00f3w r\u00f3\u017cnych modeli.<\/p>\n","protected":false},"excerpt":{"rendered":"<p>Telekomunikacyjna szafa stoj\u0105ca SN-IRON 19\u2033. Sk\u0142adane telekomunikacyjne szafy stoj\u0105ce z serii SN-IRON przeznaczone s\u0105 do przechowywania aktywnych i pasywnych urz\u0105dze\u0144 telekomunikacyjnych, a tak\u017ce do ochrony przed nieuprawnionym dost\u0119pem do szafy. G\u0142\u00f3wnymi zaletami tej szafy s\u0105 jej wytrzyma\u0142o\u015b\u0107 i niezawodno\u015b\u0107, \u0142atwy dost\u0119p do zainstalowanego wewn\u0105trz sprz\u0119tu oraz kompaktowe opakowanie (flatpack). Konstrukcja szafy sk\u0142ada si\u0119 z przedniej [&hellip;]<\/p>\n","protected":false},"featured_media":10277,"comment_status":"open","ping_status":"closed","template":"","meta":{"inline_featured_image":false},"product_cat":[],"product_tag":[],"class_list":{"0":"post-10276","1":"product","2":"type-product","3":"status-publish","4":"has-post-thumbnail","7":"first","8":"instock","9":"shipping-taxable","10":"product-type-simple"},"yoast_head":"<!-- This site is optimized with the Yoast SEO plugin v27.3 - https:\/\/yoast.com\/product\/yoast-seo-wordpress\/ -->\n<title>SZAFA STOJ\u0104CA SN-IRON 19\u2033 42U-06-06-\u0414\u0421-\u041f\u0413-2\u0411\u0413-9005 - SteelNet<\/title>\n<meta name=\"robots\" content=\"index, follow, max-snippet:-1, max-image-preview:large, max-video-preview:-1\" \/>\n<link rel=\"canonical\" href=\"https:\/\/steelnet.ua\/pl\/produkt\/szafa-stojaca-sn-iron-19-42u-06-06-ds-ph-2bh-9005\/\" \/>\n<meta property=\"og:locale\" content=\"pl_PL\" \/>\n<meta property=\"og:type\" content=\"article\" \/>\n<meta property=\"og:title\" content=\"SZAFA STOJ\u0104CA SN-IRON 19\u2033 42U-06-06-\u0414\u0421-\u041f\u0413-2\u0411\u0413-9005 - SteelNet\" \/>\n<meta property=\"og:description\" content=\"Telekomunikacyjna szafa stoj\u0105ca SN-IRON 19\u2033. Sk\u0142adane telekomunikacyjne szafy stoj\u0105ce z serii SN-IRON przeznaczone s\u0105 do przechowywania aktywnych i pasywnych urz\u0105dze\u0144 telekomunikacyjnych, a tak\u017ce do ochrony przed nieuprawnionym dost\u0119pem do szafy. G\u0142\u00f3wnymi zaletami tej szafy s\u0105 jej wytrzyma\u0142o\u015b\u0107 i niezawodno\u015b\u0107, \u0142atwy dost\u0119p do zainstalowanego wewn\u0105trz sprz\u0119tu oraz kompaktowe opakowanie (flatpack). Konstrukcja szafy sk\u0142ada si\u0119 z przedniej [&hellip;]\" \/>\n<meta property=\"og:url\" content=\"https:\/\/steelnet.ua\/pl\/produkt\/szafa-stojaca-sn-iron-19-42u-06-06-ds-ph-2bh-9005\/\" \/>\n<meta property=\"og:site_name\" content=\"SteelNet\" \/>\n<meta property=\"og:image\" content=\"https:\/\/steelnet.ua\/wp-content\/uploads\/2020\/12\/Floor_standing_telecom_cabinet_SN_IRON_19_42U_06_06_GD_2DP_4SP_9005-6.jpg\" \/>\n\t<meta property=\"og:image:width\" content=\"1200\" \/>\n\t<meta property=\"og:image:height\" content=\"1200\" \/>\n\t<meta property=\"og:image:type\" content=\"image\/jpeg\" \/>\n<meta name=\"twitter:card\" content=\"summary_large_image\" \/>\n<meta name=\"twitter:label1\" content=\"Szacowany czas czytania\" \/>\n\t<meta name=\"twitter:data1\" content=\"3 minuty\" \/>\n<script type=\"application\/ld+json\" class=\"yoast-schema-graph\">{\"@context\":\"https:\\\/\\\/schema.org\",\"@graph\":[{\"@type\":\"WebPage\",\"@id\":\"https:\\\/\\\/steelnet.ua\\\/pl\\\/produkt\\\/szafa-stojaca-sn-iron-19-42u-06-06-ds-ph-2bh-9005\\\/\",\"url\":\"https:\\\/\\\/steelnet.ua\\\/pl\\\/produkt\\\/szafa-stojaca-sn-iron-19-42u-06-06-ds-ph-2bh-9005\\\/\",\"name\":\"SZAFA STOJ\u0104CA SN-IRON 19\u2033 42U-06-06-\u0414\u0421-\u041f\u0413-2\u0411\u0413-9005 - SteelNet\",\"isPartOf\":{\"@id\":\"https:\\\/\\\/steelnet.ua\\\/#website\"},\"primaryImageOfPage\":{\"@id\":\"https:\\\/\\\/steelnet.ua\\\/pl\\\/produkt\\\/szafa-stojaca-sn-iron-19-42u-06-06-ds-ph-2bh-9005\\\/#primaryimage\"},\"image\":{\"@id\":\"https:\\\/\\\/steelnet.ua\\\/pl\\\/produkt\\\/szafa-stojaca-sn-iron-19-42u-06-06-ds-ph-2bh-9005\\\/#primaryimage\"},\"thumbnailUrl\":\"https:\\\/\\\/steelnet.ua\\\/wp-content\\\/uploads\\\/2020\\\/12\\\/Floor_standing_telecom_cabinet_SN_IRON_19_42U_06_06_GD_2DP_4SP_9005-6.jpg\",\"datePublished\":\"2020-12-28T21:05:01+00:00\",\"breadcrumb\":{\"@id\":\"https:\\\/\\\/steelnet.ua\\\/pl\\\/produkt\\\/szafa-stojaca-sn-iron-19-42u-06-06-ds-ph-2bh-9005\\\/#breadcrumb\"},\"inLanguage\":\"pl-PL\",\"potentialAction\":[{\"@type\":\"ReadAction\",\"target\":[\"https:\\\/\\\/steelnet.ua\\\/pl\\\/produkt\\\/szafa-stojaca-sn-iron-19-42u-06-06-ds-ph-2bh-9005\\\/\"]}]},{\"@type\":\"ImageObject\",\"inLanguage\":\"pl-PL\",\"@id\":\"https:\\\/\\\/steelnet.ua\\\/pl\\\/produkt\\\/szafa-stojaca-sn-iron-19-42u-06-06-ds-ph-2bh-9005\\\/#primaryimage\",\"url\":\"https:\\\/\\\/steelnet.ua\\\/wp-content\\\/uploads\\\/2020\\\/12\\\/Floor_standing_telecom_cabinet_SN_IRON_19_42U_06_06_GD_2DP_4SP_9005-6.jpg\",\"contentUrl\":\"https:\\\/\\\/steelnet.ua\\\/wp-content\\\/uploads\\\/2020\\\/12\\\/Floor_standing_telecom_cabinet_SN_IRON_19_42U_06_06_GD_2DP_4SP_9005-6.jpg\",\"width\":1200,\"height\":1200},{\"@type\":\"BreadcrumbList\",\"@id\":\"https:\\\/\\\/steelnet.ua\\\/pl\\\/produkt\\\/szafa-stojaca-sn-iron-19-42u-06-06-ds-ph-2bh-9005\\\/#breadcrumb\",\"itemListElement\":[{\"@type\":\"ListItem\",\"position\":1,\"name\":\"\u0413\u043e\u043b\u043e\u0432\u043d\u0430 \u0421\u0442\u043e\u0440\u0456\u043d\u043a\u0430\",\"item\":\"https:\\\/\\\/steelnet.ua\\\/\"},{\"@type\":\"ListItem\",\"position\":2,\"name\":\"\u041c\u0430\u0433\u0430\u0437\u0438\u043d\",\"item\":\"https:\\\/\\\/steelnet.ua\\\/shop\\\/\"},{\"@type\":\"ListItem\",\"position\":3,\"name\":\"SZAFA STOJ\u0104CA SN-IRON 19\u2033 42U-06-06-\u0414\u0421-\u041f\u0413-2\u0411\u0413-9005\"}]},{\"@type\":\"WebSite\",\"@id\":\"https:\\\/\\\/steelnet.ua\\\/#website\",\"url\":\"https:\\\/\\\/steelnet.ua\\\/\",\"name\":\"SteelNet\",\"description\":\"\u041c\u0435\u0442\u0430\u043b\u043e\u043a\u043e\u043d\u0441\u0442\u0440\u0443\u043a\u0446\u0456\u0457 \u0442\u0430 \u0442\u0435\u043b\u0435\u043a\u043e\u043c \u043e\u0431\u043b\u0430\u0434\u043d\u0430\u043d\u043d\u044f\",\"potentialAction\":[{\"@type\":\"SearchAction\",\"target\":{\"@type\":\"EntryPoint\",\"urlTemplate\":\"https:\\\/\\\/steelnet.ua\\\/?s={search_term_string}\"},\"query-input\":{\"@type\":\"PropertyValueSpecification\",\"valueRequired\":true,\"valueName\":\"search_term_string\"}}],\"inLanguage\":\"pl-PL\"}]}<\/script>\n<!-- \/ Yoast SEO plugin. -->","yoast_head_json":{"title":"SZAFA STOJ\u0104CA SN-IRON 19\u2033 42U-06-06-\u0414\u0421-\u041f\u0413-2\u0411\u0413-9005 - SteelNet","robots":{"index":"index","follow":"follow","max-snippet":"max-snippet:-1","max-image-preview":"max-image-preview:large","max-video-preview":"max-video-preview:-1"},"canonical":"https:\/\/steelnet.ua\/pl\/produkt\/szafa-stojaca-sn-iron-19-42u-06-06-ds-ph-2bh-9005\/","og_locale":"pl_PL","og_type":"article","og_title":"SZAFA STOJ\u0104CA SN-IRON 19\u2033 42U-06-06-\u0414\u0421-\u041f\u0413-2\u0411\u0413-9005 - SteelNet","og_description":"Telekomunikacyjna szafa stoj\u0105ca SN-IRON 19\u2033. Sk\u0142adane telekomunikacyjne szafy stoj\u0105ce z serii SN-IRON przeznaczone s\u0105 do przechowywania aktywnych i pasywnych urz\u0105dze\u0144 telekomunikacyjnych, a tak\u017ce do ochrony przed nieuprawnionym dost\u0119pem do szafy. G\u0142\u00f3wnymi zaletami tej szafy s\u0105 jej wytrzyma\u0142o\u015b\u0107 i niezawodno\u015b\u0107, \u0142atwy dost\u0119p do zainstalowanego wewn\u0105trz sprz\u0119tu oraz kompaktowe opakowanie (flatpack). Konstrukcja szafy sk\u0142ada si\u0119 z przedniej [&hellip;]","og_url":"https:\/\/steelnet.ua\/pl\/produkt\/szafa-stojaca-sn-iron-19-42u-06-06-ds-ph-2bh-9005\/","og_site_name":"SteelNet","og_image":[{"width":1200,"height":1200,"url":"https:\/\/steelnet.ua\/wp-content\/uploads\/2020\/12\/Floor_standing_telecom_cabinet_SN_IRON_19_42U_06_06_GD_2DP_4SP_9005-6.jpg","type":"image\/jpeg"}],"twitter_card":"summary_large_image","twitter_misc":{"Szacowany czas czytania":"3 minuty"},"schema":{"@context":"https:\/\/schema.org","@graph":[{"@type":"WebPage","@id":"https:\/\/steelnet.ua\/pl\/produkt\/szafa-stojaca-sn-iron-19-42u-06-06-ds-ph-2bh-9005\/","url":"https:\/\/steelnet.ua\/pl\/produkt\/szafa-stojaca-sn-iron-19-42u-06-06-ds-ph-2bh-9005\/","name":"SZAFA STOJ\u0104CA SN-IRON 19\u2033 42U-06-06-\u0414\u0421-\u041f\u0413-2\u0411\u0413-9005 - SteelNet","isPartOf":{"@id":"https:\/\/steelnet.ua\/#website"},"primaryImageOfPage":{"@id":"https:\/\/steelnet.ua\/pl\/produkt\/szafa-stojaca-sn-iron-19-42u-06-06-ds-ph-2bh-9005\/#primaryimage"},"image":{"@id":"https:\/\/steelnet.ua\/pl\/produkt\/szafa-stojaca-sn-iron-19-42u-06-06-ds-ph-2bh-9005\/#primaryimage"},"thumbnailUrl":"https:\/\/steelnet.ua\/wp-content\/uploads\/2020\/12\/Floor_standing_telecom_cabinet_SN_IRON_19_42U_06_06_GD_2DP_4SP_9005-6.jpg","datePublished":"2020-12-28T21:05:01+00:00","breadcrumb":{"@id":"https:\/\/steelnet.ua\/pl\/produkt\/szafa-stojaca-sn-iron-19-42u-06-06-ds-ph-2bh-9005\/#breadcrumb"},"inLanguage":"pl-PL","potentialAction":[{"@type":"ReadAction","target":["https:\/\/steelnet.ua\/pl\/produkt\/szafa-stojaca-sn-iron-19-42u-06-06-ds-ph-2bh-9005\/"]}]},{"@type":"ImageObject","inLanguage":"pl-PL","@id":"https:\/\/steelnet.ua\/pl\/produkt\/szafa-stojaca-sn-iron-19-42u-06-06-ds-ph-2bh-9005\/#primaryimage","url":"https:\/\/steelnet.ua\/wp-content\/uploads\/2020\/12\/Floor_standing_telecom_cabinet_SN_IRON_19_42U_06_06_GD_2DP_4SP_9005-6.jpg","contentUrl":"https:\/\/steelnet.ua\/wp-content\/uploads\/2020\/12\/Floor_standing_telecom_cabinet_SN_IRON_19_42U_06_06_GD_2DP_4SP_9005-6.jpg","width":1200,"height":1200},{"@type":"BreadcrumbList","@id":"https:\/\/steelnet.ua\/pl\/produkt\/szafa-stojaca-sn-iron-19-42u-06-06-ds-ph-2bh-9005\/#breadcrumb","itemListElement":[{"@type":"ListItem","position":1,"name":"\u0413\u043e\u043b\u043e\u0432\u043d\u0430 \u0421\u0442\u043e\u0440\u0456\u043d\u043a\u0430","item":"https:\/\/steelnet.ua\/"},{"@type":"ListItem","position":2,"name":"\u041c\u0430\u0433\u0430\u0437\u0438\u043d","item":"https:\/\/steelnet.ua\/shop\/"},{"@type":"ListItem","position":3,"name":"SZAFA STOJ\u0104CA SN-IRON 19\u2033 42U-06-06-\u0414\u0421-\u041f\u0413-2\u0411\u0413-9005"}]},{"@type":"WebSite","@id":"https:\/\/steelnet.ua\/#website","url":"https:\/\/steelnet.ua\/","name":"SteelNet","description":"\u041c\u0435\u0442\u0430\u043b\u043e\u043a\u043e\u043d\u0441\u0442\u0440\u0443\u043a\u0446\u0456\u0457 \u0442\u0430 \u0442\u0435\u043b\u0435\u043a\u043e\u043c \u043e\u0431\u043b\u0430\u0434\u043d\u0430\u043d\u043d\u044f","potentialAction":[{"@type":"SearchAction","target":{"@type":"EntryPoint","urlTemplate":"https:\/\/steelnet.ua\/?s={search_term_string}"},"query-input":{"@type":"PropertyValueSpecification","valueRequired":true,"valueName":"search_term_string"}}],"inLanguage":"pl-PL"}]}},"_links":{"self":[{"href":"https:\/\/steelnet.ua\/pl\/wp-json\/wp\/v2\/product\/10276","targetHints":{"allow":["GET"]}}],"collection":[{"href":"https:\/\/steelnet.ua\/pl\/wp-json\/wp\/v2\/product"}],"about":[{"href":"https:\/\/steelnet.ua\/pl\/wp-json\/wp\/v2\/types\/product"}],"replies":[{"embeddable":true,"href":"https:\/\/steelnet.ua\/pl\/wp-json\/wp\/v2\/comments?post=10276"}],"wp:featuredmedia":[{"embeddable":true,"href":"https:\/\/steelnet.ua\/pl\/wp-json\/wp\/v2\/media\/10277"}],"wp:attachment":[{"href":"https:\/\/steelnet.ua\/pl\/wp-json\/wp\/v2\/media?parent=10276"}],"wp:term":[{"taxonomy":"product_cat","embeddable":true,"href":"https:\/\/steelnet.ua\/pl\/wp-json\/wp\/v2\/product_cat?post=10276"},{"taxonomy":"product_tag","embeddable":true,"href":"https:\/\/steelnet.ua\/pl\/wp-json\/wp\/v2\/product_tag?post=10276"}],"curies":[{"name":"wp","href":"https:\/\/api.w.org\/{rel}","templated":true}]}}