{"id":10260,"date":"2020-12-28T23:05:26","date_gmt":"2020-12-28T21:05:26","guid":{"rendered":"https:\/\/steelnet.ua\/product\/szafa-stojaca-19-sn-rock\/"},"modified":"2020-12-28T23:05:26","modified_gmt":"2020-12-28T21:05:26","slug":"szafa-stojaca-19-sn-rock","status":"publish","type":"product","link":"https:\/\/steelnet.ua\/pl\/produkt\/szafa-stojaca-19-sn-rock\/","title":{"rendered":"Szafa stoj\u0105ca 19\u201d SN-Rock"},"content":{"rendered":"<p>Seria sk\u0142adanych telekomunikacyjnych szaf pod\u0142ogowych SN-ROCK zosta\u0142a zaprojektowana do przechowywania sprz\u0119tu serwerowego, organizowania centr\u00f3w przechowywania i przetwarzania danych.<\/p>\n<p>G\u0142\u00f3wnymi zaletami tej szafy s\u0105 jej solidno\u015b\u0107 i niezawodno\u015b\u0107, \u0142atwy dost\u0119p do zainstalowanego wewn\u0105trz sprz\u0119tu, a tak\u017ce zwi\u0119kszone dopuszczalne obci\u0105\u017cenie roz\u0142o\u017cone do 1500 kg.<\/p>\n<p>Konstrukcja szafy sk\u0142ada si\u0119 z przedniej i tylnej spawanej ramy, dachu, dna, paneli bocznych, przednich drzwi, tylnego panelu\/drzwi, profili monta\u017cowych i stojak\u00f3w na urz\u0105dzenia. Szafy serii SN-ROCK s\u0105 wyposa\u017cone w wysokiej jako\u015bci okucia.<\/p>\n<p>Seria szaf stoj\u0105cych SN-ROCK obejmuje szafy o wysoko\u015bci od 42 do 47 jednostek.<\/p>\n<p>Szeroko\u015b\u0107 szafy wynosi 600 mm i 800 mm. G\u0142\u0119boko\u015b\u0107 szaf z tej linii wynosi 800\/1000\/1100\/1200 mm.<\/p>\n<p>Drzwi przednie\/tylne s\u0105 zamykane za pomoc\u0105 trzypunktowego zamka krzywkowego z uchwytem i mog\u0105 by\u0107 dostarczane w nast\u0119puj\u0105cych wersjach:<\/p>\n<p>\u2013 ze szk\u0142em hartowanym o grubo\u015bci 4 mm;<\/p>\n<p>\u2013 perforowane;<\/p>\n<p>\u2013 pe\u0142ne.<\/p>\n<p>K\u0105t otwarcia drzwi wynosi ponad 180\u00b0. Drzwi mog\u0105 by\u0107 montowane po lewej lub prawej stronie szafy. Zamiast tylnych drzwi mo\u017cna zamontowa\u0107 panel pe\u0142ny, kt\u00f3ry jest mocowany za pomoc\u0105 zamka krzywkowego.<\/p>\n<p>Standardowy zakres dostawy obejmuje 4 ocynkowane stojaki jednostkowe (\u201eracky\u201d), kt\u00f3re umo\u017cliwiaj\u0105 monta\u017c sprz\u0119tu wewn\u0105trz szafy. G\u0142\u0119boko\u015b\u0107 rack\u00f3w mo\u017cna regulowa\u0107 w odst\u0119pach co 25 mm. Dzi\u0119ki ocynkowanej pow\u0142oce stojaki jednostkowe s\u0105 trwa\u0142e i s\u0142u\u017c\u0105 r\u00f3wnie\u017c jako element uziemiaj\u0105cy szaf\u0119.<\/p>\n<p>Ka\u017cdy stojak jednostkowy jest przymocowany do trzech poprzecznych szyn, kt\u00f3re dodatkowo wzmacniaj\u0105 ca\u0142\u0105 konstrukcj\u0119 szafy i zapewniaj\u0105 bezpieczne mocowanie stojak\u00f3w jednostkowych.<\/p>\n<p>Zdejmowane panele boczne s\u0105 wyposa\u017cone w zamki krzywkowe zapewniaj\u0105ce bezpieczne mocowanie. W przypadku szaf o g\u0142\u0119boko\u015bci 1000 mm i wi\u0119kszej konstrukcja zapewnia dwa zdejmowane panele boczne z ka\u017cdej strony, co zapewnia \u0142atwiejszy monta\u017c\/demonta\u017c, a tak\u017ce wygodny dost\u0119p do sprz\u0119tu zainstalowanego wewn\u0105trz szafy.<\/p>\n<p>Szafa jest zamontowana na odlewanych nogach o regulowanej wysoko\u015bci.<\/p>\n<p>Szafy pokryte s\u0105 specjaln\u0105 farb\u0105 proszkowo-polimerow\u0105, kt\u00f3ra tworzy trwa\u0142\u0105 pow\u0142ok\u0119 z w\u0119glik\u00f3w spiekanych, odporn\u0105 na dzia\u0142anie czynnik\u00f3w zewn\u0119trznych, w tym mechanicznych. Dost\u0119pne s\u0105 dwa standardowe kolory: RAL7035 (szary) i RAL9005 (czarny).<\/p>\n<h3>Konstrukcja szafy obejmuje:<\/h3>\n<p>\u2013 pasywn\u0105 wentylacj\u0119 po bokach dachu i w dolnej cz\u0119\u015bci szafy;<\/p>\n<p>\u2013 mo\u017cliwo\u015b\u0107 zainstalowania wentylatora na dachu i dnie szafy;<\/p>\n<p>\u2013 dost\u0119p do sprz\u0119tu z 4 stron: przodu, ty\u0142u i dw\u00f3ch bok\u00f3w szafy;<\/p>\n<p>\u2013 spawane miedziowane \u015bruby z zestawem uziemiaj\u0105cym;<\/p>\n<p>\u2013 wprowadzenie kabli przez otwory w dachu i w podstawie szafy. Niekt\u00f3re otwory posiadaj\u0105 za\u015blepki samozrywalne.<\/p>\n<p>Szafy serii SN-ROCK mog\u0105 by\u0107 wyposa\u017cone w szerok\u0105 gam\u0119 akcesori\u00f3w: poziome i pionowe organizery, p\u00f3\u0142ki wspornikowe\/wysuwane\/wzmocnione, rozdzielnic\u0119 elektryczn\u0105, zespo\u0142y wentylator\u00f3w itp.<\/p>\n<p>* opcjonalnie \u2013 mo\u017cliwo\u015b\u0107 wprowadzenia kabli przez tylny zdejmowany panel;<\/p>\n<p>** zestaw uziemiaj\u0105cy do wewn\u0119trznych cz\u0119\u015bci szafy jest do\u0142\u0105czony w standardzie;<\/p>\n<p>* dost\u0119pny w kolorze RAL 7035 (szary).<\/p>\n<p>&nbsp;<\/p>\n<p>Przyk\u0142ad oznakowania szaf SN ROCK TM SteelNet:<\/p>\n<p>SN-Rock 46U-08-10-2\u0414\u041f-\u0420\u0422-4\u0411\u0413-9005<\/p>\n","protected":false},"excerpt":{"rendered":"<p>Seria sk\u0142adanych telekomunikacyjnych szaf pod\u0142ogowych SN-ROCK zosta\u0142a zaprojektowana do przechowywania sprz\u0119tu serwerowego, organizowania centr\u00f3w przechowywania i przetwarzania danych. G\u0142\u00f3wnymi zaletami tej szafy s\u0105 jej solidno\u015b\u0107 i niezawodno\u015b\u0107, \u0142atwy dost\u0119p do zainstalowanego wewn\u0105trz sprz\u0119tu, a tak\u017ce zwi\u0119kszone dopuszczalne obci\u0105\u017cenie roz\u0142o\u017cone do 1500 kg. Konstrukcja szafy sk\u0142ada si\u0119 z przedniej i tylnej spawanej ramy, dachu, dna, paneli [&hellip;]<\/p>\n","protected":false},"featured_media":10275,"comment_status":"open","ping_status":"closed","template":"","meta":{"inline_featured_image":false},"product_cat":[],"product_tag":[],"class_list":{"0":"post-10260","1":"product","2":"type-product","3":"status-publish","4":"has-post-thumbnail","7":"first","8":"instock","9":"shipping-taxable","10":"product-type-simple"},"yoast_head":"<!-- This site is optimized with the Yoast SEO plugin v27.3 - https:\/\/yoast.com\/product\/yoast-seo-wordpress\/ -->\n<title>Szafa stoj\u0105ca 19\u201d SN-Rock - SteelNet<\/title>\n<meta name=\"robots\" content=\"index, follow, max-snippet:-1, max-image-preview:large, max-video-preview:-1\" \/>\n<link rel=\"canonical\" href=\"https:\/\/steelnet.ua\/pl\/produkt\/szafa-stojaca-19-sn-rock\/\" \/>\n<meta property=\"og:locale\" content=\"pl_PL\" \/>\n<meta property=\"og:type\" content=\"article\" \/>\n<meta property=\"og:title\" content=\"Szafa stoj\u0105ca 19\u201d SN-Rock - SteelNet\" \/>\n<meta property=\"og:description\" content=\"Seria sk\u0142adanych telekomunikacyjnych szaf pod\u0142ogowych SN-ROCK zosta\u0142a zaprojektowana do przechowywania sprz\u0119tu serwerowego, organizowania centr\u00f3w przechowywania i przetwarzania danych. G\u0142\u00f3wnymi zaletami tej szafy s\u0105 jej solidno\u015b\u0107 i niezawodno\u015b\u0107, \u0142atwy dost\u0119p do zainstalowanego wewn\u0105trz sprz\u0119tu, a tak\u017ce zwi\u0119kszone dopuszczalne obci\u0105\u017cenie roz\u0142o\u017cone do 1500 kg. Konstrukcja szafy sk\u0142ada si\u0119 z przedniej i tylnej spawanej ramy, dachu, dna, paneli [&hellip;]\" \/>\n<meta property=\"og:url\" content=\"https:\/\/steelnet.ua\/pl\/produkt\/szafa-stojaca-19-sn-rock\/\" \/>\n<meta property=\"og:site_name\" content=\"SteelNet\" \/>\n<meta property=\"og:image\" content=\"https:\/\/steelnet.ua\/wp-content\/uploads\/2020\/12\/SN_Rock_42U_800_1000_DP_DP_4PH_HCH_SHAFA_PIDLOHOVA_19_SN_ROCK_01.jpg\" \/>\n\t<meta property=\"og:image:width\" content=\"1200\" \/>\n\t<meta property=\"og:image:height\" content=\"1200\" \/>\n\t<meta property=\"og:image:type\" content=\"image\/jpeg\" \/>\n<meta name=\"twitter:card\" content=\"summary_large_image\" \/>\n<meta name=\"twitter:label1\" content=\"Szacowany czas czytania\" \/>\n\t<meta name=\"twitter:data1\" content=\"2 minuty\" \/>\n<script type=\"application\/ld+json\" class=\"yoast-schema-graph\">{\"@context\":\"https:\\\/\\\/schema.org\",\"@graph\":[{\"@type\":\"WebPage\",\"@id\":\"https:\\\/\\\/steelnet.ua\\\/pl\\\/produkt\\\/szafa-stojaca-19-sn-rock\\\/\",\"url\":\"https:\\\/\\\/steelnet.ua\\\/pl\\\/produkt\\\/szafa-stojaca-19-sn-rock\\\/\",\"name\":\"Szafa stoj\u0105ca 19\u201d SN-Rock - SteelNet\",\"isPartOf\":{\"@id\":\"https:\\\/\\\/steelnet.ua\\\/#website\"},\"primaryImageOfPage\":{\"@id\":\"https:\\\/\\\/steelnet.ua\\\/pl\\\/produkt\\\/szafa-stojaca-19-sn-rock\\\/#primaryimage\"},\"image\":{\"@id\":\"https:\\\/\\\/steelnet.ua\\\/pl\\\/produkt\\\/szafa-stojaca-19-sn-rock\\\/#primaryimage\"},\"thumbnailUrl\":\"https:\\\/\\\/steelnet.ua\\\/wp-content\\\/uploads\\\/2020\\\/12\\\/SN_Rock_42U_800_1000_DP_DP_4PH_HCH_SHAFA_PIDLOHOVA_19_SN_ROCK_01.jpg\",\"datePublished\":\"2020-12-28T21:05:26+00:00\",\"breadcrumb\":{\"@id\":\"https:\\\/\\\/steelnet.ua\\\/pl\\\/produkt\\\/szafa-stojaca-19-sn-rock\\\/#breadcrumb\"},\"inLanguage\":\"pl-PL\",\"potentialAction\":[{\"@type\":\"ReadAction\",\"target\":[\"https:\\\/\\\/steelnet.ua\\\/pl\\\/produkt\\\/szafa-stojaca-19-sn-rock\\\/\"]}]},{\"@type\":\"ImageObject\",\"inLanguage\":\"pl-PL\",\"@id\":\"https:\\\/\\\/steelnet.ua\\\/pl\\\/produkt\\\/szafa-stojaca-19-sn-rock\\\/#primaryimage\",\"url\":\"https:\\\/\\\/steelnet.ua\\\/wp-content\\\/uploads\\\/2020\\\/12\\\/SN_Rock_42U_800_1000_DP_DP_4PH_HCH_SHAFA_PIDLOHOVA_19_SN_ROCK_01.jpg\",\"contentUrl\":\"https:\\\/\\\/steelnet.ua\\\/wp-content\\\/uploads\\\/2020\\\/12\\\/SN_Rock_42U_800_1000_DP_DP_4PH_HCH_SHAFA_PIDLOHOVA_19_SN_ROCK_01.jpg\",\"width\":1200,\"height\":1200},{\"@type\":\"BreadcrumbList\",\"@id\":\"https:\\\/\\\/steelnet.ua\\\/pl\\\/produkt\\\/szafa-stojaca-19-sn-rock\\\/#breadcrumb\",\"itemListElement\":[{\"@type\":\"ListItem\",\"position\":1,\"name\":\"\u0413\u043e\u043b\u043e\u0432\u043d\u0430 \u0421\u0442\u043e\u0440\u0456\u043d\u043a\u0430\",\"item\":\"https:\\\/\\\/steelnet.ua\\\/\"},{\"@type\":\"ListItem\",\"position\":2,\"name\":\"\u041c\u0430\u0433\u0430\u0437\u0438\u043d\",\"item\":\"https:\\\/\\\/steelnet.ua\\\/shop\\\/\"},{\"@type\":\"ListItem\",\"position\":3,\"name\":\"Szafa stoj\u0105ca 19\u201d SN-Rock\"}]},{\"@type\":\"WebSite\",\"@id\":\"https:\\\/\\\/steelnet.ua\\\/#website\",\"url\":\"https:\\\/\\\/steelnet.ua\\\/\",\"name\":\"SteelNet\",\"description\":\"\u041c\u0435\u0442\u0430\u043b\u043e\u043a\u043e\u043d\u0441\u0442\u0440\u0443\u043a\u0446\u0456\u0457 \u0442\u0430 \u0442\u0435\u043b\u0435\u043a\u043e\u043c \u043e\u0431\u043b\u0430\u0434\u043d\u0430\u043d\u043d\u044f\",\"potentialAction\":[{\"@type\":\"SearchAction\",\"target\":{\"@type\":\"EntryPoint\",\"urlTemplate\":\"https:\\\/\\\/steelnet.ua\\\/?s={search_term_string}\"},\"query-input\":{\"@type\":\"PropertyValueSpecification\",\"valueRequired\":true,\"valueName\":\"search_term_string\"}}],\"inLanguage\":\"pl-PL\"}]}<\/script>\n<!-- \/ Yoast SEO plugin. -->","yoast_head_json":{"title":"Szafa stoj\u0105ca 19\u201d SN-Rock - SteelNet","robots":{"index":"index","follow":"follow","max-snippet":"max-snippet:-1","max-image-preview":"max-image-preview:large","max-video-preview":"max-video-preview:-1"},"canonical":"https:\/\/steelnet.ua\/pl\/produkt\/szafa-stojaca-19-sn-rock\/","og_locale":"pl_PL","og_type":"article","og_title":"Szafa stoj\u0105ca 19\u201d SN-Rock - SteelNet","og_description":"Seria sk\u0142adanych telekomunikacyjnych szaf pod\u0142ogowych SN-ROCK zosta\u0142a zaprojektowana do przechowywania sprz\u0119tu serwerowego, organizowania centr\u00f3w przechowywania i przetwarzania danych. G\u0142\u00f3wnymi zaletami tej szafy s\u0105 jej solidno\u015b\u0107 i niezawodno\u015b\u0107, \u0142atwy dost\u0119p do zainstalowanego wewn\u0105trz sprz\u0119tu, a tak\u017ce zwi\u0119kszone dopuszczalne obci\u0105\u017cenie roz\u0142o\u017cone do 1500 kg. Konstrukcja szafy sk\u0142ada si\u0119 z przedniej i tylnej spawanej ramy, dachu, dna, paneli [&hellip;]","og_url":"https:\/\/steelnet.ua\/pl\/produkt\/szafa-stojaca-19-sn-rock\/","og_site_name":"SteelNet","og_image":[{"width":1200,"height":1200,"url":"https:\/\/steelnet.ua\/wp-content\/uploads\/2020\/12\/SN_Rock_42U_800_1000_DP_DP_4PH_HCH_SHAFA_PIDLOHOVA_19_SN_ROCK_01.jpg","type":"image\/jpeg"}],"twitter_card":"summary_large_image","twitter_misc":{"Szacowany czas czytania":"2 minuty"},"schema":{"@context":"https:\/\/schema.org","@graph":[{"@type":"WebPage","@id":"https:\/\/steelnet.ua\/pl\/produkt\/szafa-stojaca-19-sn-rock\/","url":"https:\/\/steelnet.ua\/pl\/produkt\/szafa-stojaca-19-sn-rock\/","name":"Szafa stoj\u0105ca 19\u201d SN-Rock - SteelNet","isPartOf":{"@id":"https:\/\/steelnet.ua\/#website"},"primaryImageOfPage":{"@id":"https:\/\/steelnet.ua\/pl\/produkt\/szafa-stojaca-19-sn-rock\/#primaryimage"},"image":{"@id":"https:\/\/steelnet.ua\/pl\/produkt\/szafa-stojaca-19-sn-rock\/#primaryimage"},"thumbnailUrl":"https:\/\/steelnet.ua\/wp-content\/uploads\/2020\/12\/SN_Rock_42U_800_1000_DP_DP_4PH_HCH_SHAFA_PIDLOHOVA_19_SN_ROCK_01.jpg","datePublished":"2020-12-28T21:05:26+00:00","breadcrumb":{"@id":"https:\/\/steelnet.ua\/pl\/produkt\/szafa-stojaca-19-sn-rock\/#breadcrumb"},"inLanguage":"pl-PL","potentialAction":[{"@type":"ReadAction","target":["https:\/\/steelnet.ua\/pl\/produkt\/szafa-stojaca-19-sn-rock\/"]}]},{"@type":"ImageObject","inLanguage":"pl-PL","@id":"https:\/\/steelnet.ua\/pl\/produkt\/szafa-stojaca-19-sn-rock\/#primaryimage","url":"https:\/\/steelnet.ua\/wp-content\/uploads\/2020\/12\/SN_Rock_42U_800_1000_DP_DP_4PH_HCH_SHAFA_PIDLOHOVA_19_SN_ROCK_01.jpg","contentUrl":"https:\/\/steelnet.ua\/wp-content\/uploads\/2020\/12\/SN_Rock_42U_800_1000_DP_DP_4PH_HCH_SHAFA_PIDLOHOVA_19_SN_ROCK_01.jpg","width":1200,"height":1200},{"@type":"BreadcrumbList","@id":"https:\/\/steelnet.ua\/pl\/produkt\/szafa-stojaca-19-sn-rock\/#breadcrumb","itemListElement":[{"@type":"ListItem","position":1,"name":"\u0413\u043e\u043b\u043e\u0432\u043d\u0430 \u0421\u0442\u043e\u0440\u0456\u043d\u043a\u0430","item":"https:\/\/steelnet.ua\/"},{"@type":"ListItem","position":2,"name":"\u041c\u0430\u0433\u0430\u0437\u0438\u043d","item":"https:\/\/steelnet.ua\/shop\/"},{"@type":"ListItem","position":3,"name":"Szafa stoj\u0105ca 19\u201d SN-Rock"}]},{"@type":"WebSite","@id":"https:\/\/steelnet.ua\/#website","url":"https:\/\/steelnet.ua\/","name":"SteelNet","description":"\u041c\u0435\u0442\u0430\u043b\u043e\u043a\u043e\u043d\u0441\u0442\u0440\u0443\u043a\u0446\u0456\u0457 \u0442\u0430 \u0442\u0435\u043b\u0435\u043a\u043e\u043c \u043e\u0431\u043b\u0430\u0434\u043d\u0430\u043d\u043d\u044f","potentialAction":[{"@type":"SearchAction","target":{"@type":"EntryPoint","urlTemplate":"https:\/\/steelnet.ua\/?s={search_term_string}"},"query-input":{"@type":"PropertyValueSpecification","valueRequired":true,"valueName":"search_term_string"}}],"inLanguage":"pl-PL"}]}},"_links":{"self":[{"href":"https:\/\/steelnet.ua\/pl\/wp-json\/wp\/v2\/product\/10260","targetHints":{"allow":["GET"]}}],"collection":[{"href":"https:\/\/steelnet.ua\/pl\/wp-json\/wp\/v2\/product"}],"about":[{"href":"https:\/\/steelnet.ua\/pl\/wp-json\/wp\/v2\/types\/product"}],"replies":[{"embeddable":true,"href":"https:\/\/steelnet.ua\/pl\/wp-json\/wp\/v2\/comments?post=10260"}],"wp:featuredmedia":[{"embeddable":true,"href":"https:\/\/steelnet.ua\/pl\/wp-json\/wp\/v2\/media\/10275"}],"wp:attachment":[{"href":"https:\/\/steelnet.ua\/pl\/wp-json\/wp\/v2\/media?parent=10260"}],"wp:term":[{"taxonomy":"product_cat","embeddable":true,"href":"https:\/\/steelnet.ua\/pl\/wp-json\/wp\/v2\/product_cat?post=10260"},{"taxonomy":"product_tag","embeddable":true,"href":"https:\/\/steelnet.ua\/pl\/wp-json\/wp\/v2\/product_tag?post=10260"}],"curies":[{"name":"wp","href":"https:\/\/api.w.org\/{rel}","templated":true}]}}