{"id":10232,"date":"2022-10-03T14:51:10","date_gmt":"2022-10-03T11:51:10","guid":{"rendered":"https:\/\/steelnet.ua\/product\/szafa-wiszaca-serii-sn-is\/"},"modified":"2022-10-03T14:51:10","modified_gmt":"2022-10-03T11:51:10","slug":"szafa-wiszaca-serii-sn-is","status":"publish","type":"product","link":"https:\/\/steelnet.ua\/pl\/produkt\/szafa-wiszaca-serii-sn-is\/","title":{"rendered":"SZAFA WISZ\u0104CA SERII SN-IS"},"content":{"rendered":"<p>Ca\u0142kowicie spawana szafa wisz\u0105ca serii SN-iS.<\/p>\n<p>Seria SN-iS zosta\u0142a zaprojektowana przez Steelnet jako optymalne i ekonomiczne rozwi\u0105zanie dla spawanej 19-calowej szafy wisz\u0105cej. Klient otrzymuje szaf\u0119 gotow\u0105 do dalszej instalacji, kt\u00f3ra nie wymaga czasu na monta\u017c.<\/p>\n<p>Standardowa konstrukcja szafy sk\u0142ada si\u0119 z obudowy, drzwi i 19\u201d ocynkowanych profili monta\u017cowych. Szafa dostarczana jest bez tylnej \u015bciany. W razie potrzeby tyln\u0105 \u015bcian\u0119 mo\u017cna zam\u00f3wi\u0107 oddzielnie.<\/p>\n<p>Obudowa posiada punkty uziemienia dla drzwi i panelu tylnego.<\/p>\n<p>Szafa jest montowana na \u015bcianie za pomoc\u0105 kotew przez otwory w tylnej cz\u0119\u015bci obudowy (kotwy nie wchodz\u0105 w sk\u0142ad zestawu).<\/p>\n<p>Dost\u0119p do sprz\u0119tu jest zapewniony przez przednie drzwi.<\/p>\n<p>Konstrukcja szafy umo\u017cliwia szybk\u0105 wymian\u0119 daszka drzwi po przeciwnej stronie.<\/p>\n<p>Kabel jest wprowadzany do szafy przez regulowane d\u0142awiki znajduj\u0105ce si\u0119 w dachu i podstawie szafy. Nie ma potrzeby wy\u0142amywania otworu i obchodzenia si\u0119 z ostrymi metalowymi pozosta\u0142o\u015bciami. \u015aruby mocuj\u0105ce p\u0142yt\u0119 ochronn\u0105 s\u0105 poluzowane, a p\u0142yta przesuwa si\u0119, tworz\u0105c wymagany otw\u00f3r do wprowadzenia kabla do obudowy.<\/p>\n<p>Obudowa jest wyposa\u017cona w otwory wentylacyjne do pasywnej wentylacji i posiada otw\u00f3r monta\u017cowy wentylatora 120&#215;120 mm.<\/p>\n<p>&nbsp;<\/p>\n<p>konstrukcja ca\u0142kowicie spawana;<\/p>\n<p>\u2013 opakowanie \u2013 tektura falista;<\/p>\n<p>\u2013 wysoko\u015b\u0107 (wysoko\u015b\u0107 robocza), U \u2013 6, 9, 12, 15, 18<\/p>\n<p>\u2013 szeroko\u015b\u0107, mm \u2013 560;<\/p>\n<p>\u2013 g\u0142\u0119boko\u015b\u0107, mm \u2013 400, 600;<\/p>\n<p>&#8211; liczba stojak\u00f3w monta\u017cowych w konfiguracji podstawowej: 4 szt.<\/p>\n<p>\u2013 d\u0142awiki kablowe \u2013 w podstawie i dachu;<\/p>\n<p>\u2013 typ panelu drzwi tylnych \u2013 zdejmowany;<\/p>\n<p>\u2013 typ drzwi przednich \u2013 metalowe g\u0142uche, metalowe perforowane, z wk\u0142adk\u0105 z hartowanego przyciemnianego szk\u0142a;<\/p>\n<p>\u2013 k\u0105t otwarcia drzwi wynosi 180\u00b0;<\/p>\n<p>\u2013 typ zamka \u2013 krzywkowy;<\/p>\n<p>\u2013 mo\u017cliwo\u015b\u0107 monta\u017cu drzwi po lewej i prawej stronie;<\/p>\n<p>\u2013 dost\u0119pne punkty uziemienia \u2013 obudowa, drzwi, tylna \u015bciana*<\/p>\n<p>\u2013 pow\u0142oka \u2013 proszkowo-polimerowa;<\/p>\n<p>\u2013 kolor \u2013 jasnoszary (RAL 7035)**;<\/p>\n<p>\u2013 monta\u017c \u015bcienny \u2013 za pomoc\u0105 \u015brub kotwi\u0105cych;<\/p>\n<p>\u2013 maksymalne dopuszczalne roz\u0142o\u017cone obci\u0105\u017cenie statyczne \u2013 do 50 kg;<\/p>\n<p>\u2013 stopie\u0144 ochrony \u2013 IP20.<\/p>\n<p>&nbsp;<\/p>\n<p>* Zestaw uziemiaj\u0105cy jest dostarczany w standardzie<\/p>\n<p>** Dost\u0119pny w kolorze RAL 9005 (czarny)<\/p>\n<p>&nbsp;<\/p>\n<p>Szafy mog\u0105 by\u0107 dodatkowo wyposa\u017cone w: \u015bciank\u0119 tyln\u0105, szczotk\u0119 do kurzu, p\u00f3\u0142ki wspornikowe, organizery i listwy przeciwprzepi\u0119ciowe.<\/p>\n","protected":false},"excerpt":{"rendered":"<p>Ca\u0142kowicie spawana szafa wisz\u0105ca serii SN-iS. Seria SN-iS zosta\u0142a zaprojektowana przez Steelnet jako optymalne i ekonomiczne rozwi\u0105zanie dla spawanej 19-calowej szafy wisz\u0105cej. Klient otrzymuje szaf\u0119 gotow\u0105 do dalszej instalacji, kt\u00f3ra nie wymaga czasu na monta\u017c. Standardowa konstrukcja szafy sk\u0142ada si\u0119 z obudowy, drzwi i 19\u201d ocynkowanych profili monta\u017cowych. Szafa dostarczana jest bez tylnej \u015bciany. W [&hellip;]<\/p>\n","protected":false},"featured_media":10258,"comment_status":"open","ping_status":"closed","template":"","meta":{"inline_featured_image":false},"product_cat":[],"product_tag":[],"class_list":{"0":"post-10232","1":"product","2":"type-product","3":"status-publish","4":"has-post-thumbnail","7":"first","8":"instock","9":"shipping-taxable","10":"product-type-simple"},"yoast_head":"<!-- This site is optimized with the Yoast SEO plugin v27.3 - https:\/\/yoast.com\/product\/yoast-seo-wordpress\/ -->\n<title>SZAFA WISZ\u0104CA SERII SN-IS - SteelNet<\/title>\n<meta name=\"robots\" content=\"index, follow, max-snippet:-1, max-image-preview:large, max-video-preview:-1\" \/>\n<link rel=\"canonical\" href=\"https:\/\/steelnet.ua\/pl\/produkt\/szafa-wiszaca-serii-sn-is\/\" \/>\n<meta property=\"og:locale\" content=\"pl_PL\" \/>\n<meta property=\"og:type\" content=\"article\" \/>\n<meta property=\"og:title\" content=\"SZAFA WISZ\u0104CA SERII SN-IS - SteelNet\" \/>\n<meta property=\"og:description\" content=\"Ca\u0142kowicie spawana szafa wisz\u0105ca serii SN-iS. Seria SN-iS zosta\u0142a zaprojektowana przez Steelnet jako optymalne i ekonomiczne rozwi\u0105zanie dla spawanej 19-calowej szafy wisz\u0105cej. Klient otrzymuje szaf\u0119 gotow\u0105 do dalszej instalacji, kt\u00f3ra nie wymaga czasu na monta\u017c. Standardowa konstrukcja szafy sk\u0142ada si\u0119 z obudowy, drzwi i 19\u201d ocynkowanych profili monta\u017cowych. Szafa dostarczana jest bez tylnej \u015bciany. W [&hellip;]\" \/>\n<meta property=\"og:url\" content=\"https:\/\/steelnet.ua\/pl\/produkt\/szafa-wiszaca-serii-sn-is\/\" \/>\n<meta property=\"og:site_name\" content=\"SteelNet\" \/>\n<meta property=\"og:image\" content=\"https:\/\/steelnet.ua\/wp-content\/uploads\/2022\/10\/v631_BK_6U_560_400_DS_HCH_SHAFA_NASTINNA_SERII-_SN_IS_05.jpg\" \/>\n\t<meta property=\"og:image:width\" content=\"1200\" \/>\n\t<meta property=\"og:image:height\" content=\"1200\" \/>\n\t<meta property=\"og:image:type\" content=\"image\/jpeg\" \/>\n<meta name=\"twitter:card\" content=\"summary_large_image\" \/>\n<meta name=\"twitter:label1\" content=\"Szacowany czas czytania\" \/>\n\t<meta name=\"twitter:data1\" content=\"2 minuty\" \/>\n<script type=\"application\/ld+json\" class=\"yoast-schema-graph\">{\"@context\":\"https:\\\/\\\/schema.org\",\"@graph\":[{\"@type\":\"WebPage\",\"@id\":\"https:\\\/\\\/steelnet.ua\\\/pl\\\/produkt\\\/szafa-wiszaca-serii-sn-is\\\/\",\"url\":\"https:\\\/\\\/steelnet.ua\\\/pl\\\/produkt\\\/szafa-wiszaca-serii-sn-is\\\/\",\"name\":\"SZAFA WISZ\u0104CA SERII SN-IS - SteelNet\",\"isPartOf\":{\"@id\":\"https:\\\/\\\/steelnet.ua\\\/#website\"},\"primaryImageOfPage\":{\"@id\":\"https:\\\/\\\/steelnet.ua\\\/pl\\\/produkt\\\/szafa-wiszaca-serii-sn-is\\\/#primaryimage\"},\"image\":{\"@id\":\"https:\\\/\\\/steelnet.ua\\\/pl\\\/produkt\\\/szafa-wiszaca-serii-sn-is\\\/#primaryimage\"},\"thumbnailUrl\":\"https:\\\/\\\/steelnet.ua\\\/wp-content\\\/uploads\\\/2022\\\/10\\\/v631_BK_6U_560_400_DS_HCH_SHAFA_NASTINNA_SERII-_SN_IS_05.jpg\",\"datePublished\":\"2022-10-03T11:51:10+00:00\",\"breadcrumb\":{\"@id\":\"https:\\\/\\\/steelnet.ua\\\/pl\\\/produkt\\\/szafa-wiszaca-serii-sn-is\\\/#breadcrumb\"},\"inLanguage\":\"pl-PL\",\"potentialAction\":[{\"@type\":\"ReadAction\",\"target\":[\"https:\\\/\\\/steelnet.ua\\\/pl\\\/produkt\\\/szafa-wiszaca-serii-sn-is\\\/\"]}]},{\"@type\":\"ImageObject\",\"inLanguage\":\"pl-PL\",\"@id\":\"https:\\\/\\\/steelnet.ua\\\/pl\\\/produkt\\\/szafa-wiszaca-serii-sn-is\\\/#primaryimage\",\"url\":\"https:\\\/\\\/steelnet.ua\\\/wp-content\\\/uploads\\\/2022\\\/10\\\/v631_BK_6U_560_400_DS_HCH_SHAFA_NASTINNA_SERII-_SN_IS_05.jpg\",\"contentUrl\":\"https:\\\/\\\/steelnet.ua\\\/wp-content\\\/uploads\\\/2022\\\/10\\\/v631_BK_6U_560_400_DS_HCH_SHAFA_NASTINNA_SERII-_SN_IS_05.jpg\",\"width\":1200,\"height\":1200},{\"@type\":\"BreadcrumbList\",\"@id\":\"https:\\\/\\\/steelnet.ua\\\/pl\\\/produkt\\\/szafa-wiszaca-serii-sn-is\\\/#breadcrumb\",\"itemListElement\":[{\"@type\":\"ListItem\",\"position\":1,\"name\":\"\u0413\u043e\u043b\u043e\u0432\u043d\u0430 \u0421\u0442\u043e\u0440\u0456\u043d\u043a\u0430\",\"item\":\"https:\\\/\\\/steelnet.ua\\\/\"},{\"@type\":\"ListItem\",\"position\":2,\"name\":\"\u041c\u0430\u0433\u0430\u0437\u0438\u043d\",\"item\":\"https:\\\/\\\/steelnet.ua\\\/shop\\\/\"},{\"@type\":\"ListItem\",\"position\":3,\"name\":\"SZAFA WISZ\u0104CA SERII SN-IS\"}]},{\"@type\":\"WebSite\",\"@id\":\"https:\\\/\\\/steelnet.ua\\\/#website\",\"url\":\"https:\\\/\\\/steelnet.ua\\\/\",\"name\":\"SteelNet\",\"description\":\"\u041c\u0435\u0442\u0430\u043b\u043e\u043a\u043e\u043d\u0441\u0442\u0440\u0443\u043a\u0446\u0456\u0457 \u0442\u0430 \u0442\u0435\u043b\u0435\u043a\u043e\u043c \u043e\u0431\u043b\u0430\u0434\u043d\u0430\u043d\u043d\u044f\",\"potentialAction\":[{\"@type\":\"SearchAction\",\"target\":{\"@type\":\"EntryPoint\",\"urlTemplate\":\"https:\\\/\\\/steelnet.ua\\\/?s={search_term_string}\"},\"query-input\":{\"@type\":\"PropertyValueSpecification\",\"valueRequired\":true,\"valueName\":\"search_term_string\"}}],\"inLanguage\":\"pl-PL\"}]}<\/script>\n<!-- \/ Yoast SEO plugin. -->","yoast_head_json":{"title":"SZAFA WISZ\u0104CA SERII SN-IS - SteelNet","robots":{"index":"index","follow":"follow","max-snippet":"max-snippet:-1","max-image-preview":"max-image-preview:large","max-video-preview":"max-video-preview:-1"},"canonical":"https:\/\/steelnet.ua\/pl\/produkt\/szafa-wiszaca-serii-sn-is\/","og_locale":"pl_PL","og_type":"article","og_title":"SZAFA WISZ\u0104CA SERII SN-IS - SteelNet","og_description":"Ca\u0142kowicie spawana szafa wisz\u0105ca serii SN-iS. Seria SN-iS zosta\u0142a zaprojektowana przez Steelnet jako optymalne i ekonomiczne rozwi\u0105zanie dla spawanej 19-calowej szafy wisz\u0105cej. Klient otrzymuje szaf\u0119 gotow\u0105 do dalszej instalacji, kt\u00f3ra nie wymaga czasu na monta\u017c. Standardowa konstrukcja szafy sk\u0142ada si\u0119 z obudowy, drzwi i 19\u201d ocynkowanych profili monta\u017cowych. Szafa dostarczana jest bez tylnej \u015bciany. W [&hellip;]","og_url":"https:\/\/steelnet.ua\/pl\/produkt\/szafa-wiszaca-serii-sn-is\/","og_site_name":"SteelNet","og_image":[{"width":1200,"height":1200,"url":"https:\/\/steelnet.ua\/wp-content\/uploads\/2022\/10\/v631_BK_6U_560_400_DS_HCH_SHAFA_NASTINNA_SERII-_SN_IS_05.jpg","type":"image\/jpeg"}],"twitter_card":"summary_large_image","twitter_misc":{"Szacowany czas czytania":"2 minuty"},"schema":{"@context":"https:\/\/schema.org","@graph":[{"@type":"WebPage","@id":"https:\/\/steelnet.ua\/pl\/produkt\/szafa-wiszaca-serii-sn-is\/","url":"https:\/\/steelnet.ua\/pl\/produkt\/szafa-wiszaca-serii-sn-is\/","name":"SZAFA WISZ\u0104CA SERII SN-IS - SteelNet","isPartOf":{"@id":"https:\/\/steelnet.ua\/#website"},"primaryImageOfPage":{"@id":"https:\/\/steelnet.ua\/pl\/produkt\/szafa-wiszaca-serii-sn-is\/#primaryimage"},"image":{"@id":"https:\/\/steelnet.ua\/pl\/produkt\/szafa-wiszaca-serii-sn-is\/#primaryimage"},"thumbnailUrl":"https:\/\/steelnet.ua\/wp-content\/uploads\/2022\/10\/v631_BK_6U_560_400_DS_HCH_SHAFA_NASTINNA_SERII-_SN_IS_05.jpg","datePublished":"2022-10-03T11:51:10+00:00","breadcrumb":{"@id":"https:\/\/steelnet.ua\/pl\/produkt\/szafa-wiszaca-serii-sn-is\/#breadcrumb"},"inLanguage":"pl-PL","potentialAction":[{"@type":"ReadAction","target":["https:\/\/steelnet.ua\/pl\/produkt\/szafa-wiszaca-serii-sn-is\/"]}]},{"@type":"ImageObject","inLanguage":"pl-PL","@id":"https:\/\/steelnet.ua\/pl\/produkt\/szafa-wiszaca-serii-sn-is\/#primaryimage","url":"https:\/\/steelnet.ua\/wp-content\/uploads\/2022\/10\/v631_BK_6U_560_400_DS_HCH_SHAFA_NASTINNA_SERII-_SN_IS_05.jpg","contentUrl":"https:\/\/steelnet.ua\/wp-content\/uploads\/2022\/10\/v631_BK_6U_560_400_DS_HCH_SHAFA_NASTINNA_SERII-_SN_IS_05.jpg","width":1200,"height":1200},{"@type":"BreadcrumbList","@id":"https:\/\/steelnet.ua\/pl\/produkt\/szafa-wiszaca-serii-sn-is\/#breadcrumb","itemListElement":[{"@type":"ListItem","position":1,"name":"\u0413\u043e\u043b\u043e\u0432\u043d\u0430 \u0421\u0442\u043e\u0440\u0456\u043d\u043a\u0430","item":"https:\/\/steelnet.ua\/"},{"@type":"ListItem","position":2,"name":"\u041c\u0430\u0433\u0430\u0437\u0438\u043d","item":"https:\/\/steelnet.ua\/shop\/"},{"@type":"ListItem","position":3,"name":"SZAFA WISZ\u0104CA SERII SN-IS"}]},{"@type":"WebSite","@id":"https:\/\/steelnet.ua\/#website","url":"https:\/\/steelnet.ua\/","name":"SteelNet","description":"\u041c\u0435\u0442\u0430\u043b\u043e\u043a\u043e\u043d\u0441\u0442\u0440\u0443\u043a\u0446\u0456\u0457 \u0442\u0430 \u0442\u0435\u043b\u0435\u043a\u043e\u043c \u043e\u0431\u043b\u0430\u0434\u043d\u0430\u043d\u043d\u044f","potentialAction":[{"@type":"SearchAction","target":{"@type":"EntryPoint","urlTemplate":"https:\/\/steelnet.ua\/?s={search_term_string}"},"query-input":{"@type":"PropertyValueSpecification","valueRequired":true,"valueName":"search_term_string"}}],"inLanguage":"pl-PL"}]}},"_links":{"self":[{"href":"https:\/\/steelnet.ua\/pl\/wp-json\/wp\/v2\/product\/10232","targetHints":{"allow":["GET"]}}],"collection":[{"href":"https:\/\/steelnet.ua\/pl\/wp-json\/wp\/v2\/product"}],"about":[{"href":"https:\/\/steelnet.ua\/pl\/wp-json\/wp\/v2\/types\/product"}],"replies":[{"embeddable":true,"href":"https:\/\/steelnet.ua\/pl\/wp-json\/wp\/v2\/comments?post=10232"}],"wp:featuredmedia":[{"embeddable":true,"href":"https:\/\/steelnet.ua\/pl\/wp-json\/wp\/v2\/media\/10258"}],"wp:attachment":[{"href":"https:\/\/steelnet.ua\/pl\/wp-json\/wp\/v2\/media?parent=10232"}],"wp:term":[{"taxonomy":"product_cat","embeddable":true,"href":"https:\/\/steelnet.ua\/pl\/wp-json\/wp\/v2\/product_cat?post=10232"},{"taxonomy":"product_tag","embeddable":true,"href":"https:\/\/steelnet.ua\/pl\/wp-json\/wp\/v2\/product_tag?post=10232"}],"curies":[{"name":"wp","href":"https:\/\/api.w.org\/{rel}","templated":true}]}}