{"id":10217,"date":"2020-12-28T23:04:38","date_gmt":"2020-12-28T21:04:38","guid":{"rendered":"https:\/\/steelnet.ua\/product\/spawana-szafa-wiszaca-serii-sn-iron\/"},"modified":"2020-12-28T23:04:38","modified_gmt":"2020-12-28T21:04:38","slug":"spawana-szafa-wiszaca-serii-sn-iron","status":"publish","type":"product","link":"https:\/\/steelnet.ua\/pl\/produkt\/spawana-szafa-wiszaca-serii-sn-iron\/","title":{"rendered":"SPAWANA SZAFA WISZ\u0104CA SERII SN IRON"},"content":{"rendered":"<p>Szafy maj\u0105 ca\u0142kowicie metalow\u0105 spawan\u0105 konstrukcj\u0119 i s\u0105 wygodne do szybkiej instalacji sprz\u0119tu sieciowego, poniewa\u017c nie wymagaj\u0105 dodatkowego czasu na monta\u017c. <strong>Szafa ta jest dost\u0119pna w dw\u00f3ch modelach.<\/strong><\/p>\n<p><strong>SN\u2013IRON\u2013RW<\/strong> to szafa ze zdejmowanymi panelami bocznymi, a <strong>SN\u2013IRON\u2013NRW<\/strong> to szafa z niezdejmowanymi panelami bocznymi.<\/p>\n<p>Dost\u0119p do sprz\u0119tu w modelu <strong>SN-IRON-RW<\/strong> jest zapewniony z trzech stron: przodu i dw\u00f3ch bok\u00f3w, w <strong>SN-IRON\u2013NRW<\/strong> tylko od przodu.<\/p>\n<h3>Modyfikacja obejmuje:<\/h3>\n<ul>\n<li>otwory monta\u017cowe do monta\u017cu na \u015bcianie;<\/li>\n<li>pasywn\u0105 wentylacj\u0119 na \u015bcianach bocznych;<\/li>\n<li>mo\u017cliwo\u015b\u0107 instalacji modu\u0142u wentylatora w podstawie i dachu szafy;<\/li>\n<li>przednia cz\u0119\u015b\u0107 szafy nie ma ostrych naro\u017cnik\u00f3w, co zmniejsza ryzyko obra\u017ce\u0144 cia\u0142a;<\/li>\n<li>mo\u017cliwo\u015b\u0107 zamontowania drzwi zar\u00f3wno po prawej, jak i lewej stronie;<\/li>\n<li>dost\u0119p do sprz\u0119tu z 3 stron: przodu i dw\u00f3ch bok\u00f3w;<\/li>\n<li>zestaw uziemiaj\u0105cy jest dostarczany w standardzie.<\/li>\n<\/ul>\n<p>&nbsp;<\/p>\n<h3>Parametry techniczne szaf \u015bciennych serii SN IRON:<\/h3>\n<p>\u2013 konstrukcja ca\u0142kowicie spawana;<\/p>\n<p>\u2013 opakowanie \u2013 tektura falista;<\/p>\n<p>\u2013 wysoko\u015b\u0107 (wysoko\u015b\u0107 robocza), U \u2013 6, 9, 12, 15, 18, 21, 24;<\/p>\n<p>\u2013 szeroko\u015b\u0107, mm \u2013 600;<\/p>\n<p>\u2013 g\u0142\u0119boko\u015b\u0107, mm \u2013 450, 600;<\/p>\n<p>\u2013 pionowe stojaki monta\u017cowe \u2013 z regulowan\u0105 g\u0142\u0119boko\u015bci\u0105 robocz\u0105;<\/p>\n<p>&#8211; liczba stojak\u00f3w monta\u017cowych w konfiguracji podstawowej:<\/p>\n<p>dla szaf o g\u0142\u0119boko\u015bci 450 mm \u2013 2 szt.<\/p>\n<p>dla szaf o g\u0142\u0119boko\u015bci 600 mm \u2013 4 szt.<\/p>\n<p>\u2013 krok regulacji stojak\u00f3w monta\u017cowych, mm \u2013 25;<\/p>\n<p>\u2013 d\u0142awiki kablowe \u2013 w podstawie i dachu;<\/p>\n<p>\u2013 rodzaj paneli bocznych \u2013 zdejmowane, g\u0142uche, z zamkami krzywkowymi;<\/p>\n<p>\u2013 typ panelu drzwi tylnych \u2013 g\u0142uchy, niezdejmowany;<\/p>\n<p>-\u2013typ drzwi przednich \u2013 metalowe g\u0142uche, metalowe perforowane, z wk\u0142adk\u0105 z hartowanego przyciemnianego szk\u0142a;<\/p>\n<p>\u2013 k\u0105t otwarcia drzwi wynosi 180\u00b0;<\/p>\n<p>\u2013 typ zamka \u2013 krzywkowy<\/p>\n<p>\u2013 mo\u017cliwo\u015b\u0107 monta\u017cu drzwi po lewej i prawej stronie;<\/p>\n<p>\u2013 dost\u0119pne punkty uziemienia \u2013 wszystkie cz\u0119\u015bci szafy*;<\/p>\n<p>\u2013 pow\u0142oka \u2013 proszkowo-polimerowa;<\/p>\n<p>\u2013 kolor \u2013 jasnoszary (RAL 7035)**;<\/p>\n<p>\u2013 monta\u017c \u015bcienny \u2013 za pomoc\u0105 \u015brub kotwi\u0105cych<\/p>\n<p>\u2013 maksymalne dopuszczalne roz\u0142o\u017cone obci\u0105\u017cenie statyczne \u2013 do 60 kg;<\/p>\n<p>\u2013 stopie\u0144 ochrony \u2013 IP20.<\/p>\n<p>&nbsp;<\/p>\n<p>* Zestaw uziemiaj\u0105cy jest dostarczany w standardzie<\/p>\n<p>** Dost\u0119pny w kolorze RAL 9005 (czarny)<\/p>\n","protected":false},"excerpt":{"rendered":"<p>Szafy maj\u0105 ca\u0142kowicie metalow\u0105 spawan\u0105 konstrukcj\u0119 i s\u0105 wygodne do szybkiej instalacji sprz\u0119tu sieciowego, poniewa\u017c nie wymagaj\u0105 dodatkowego czasu na monta\u017c. Szafa ta jest dost\u0119pna w dw\u00f3ch modelach. SN\u2013IRON\u2013RW to szafa ze zdejmowanymi panelami bocznymi, a SN\u2013IRON\u2013NRW to szafa z niezdejmowanymi panelami bocznymi. Dost\u0119p do sprz\u0119tu w modelu SN-IRON-RW jest zapewniony z trzech stron: przodu [&hellip;]<\/p>\n","protected":false},"featured_media":10230,"comment_status":"open","ping_status":"closed","template":"","meta":{"inline_featured_image":false},"product_cat":[],"product_tag":[],"class_list":{"0":"post-10217","1":"product","2":"type-product","3":"status-publish","4":"has-post-thumbnail","7":"first","8":"instock","9":"shipping-taxable","10":"product-type-simple"},"yoast_head":"<!-- This site is optimized with the Yoast SEO plugin v27.3 - https:\/\/yoast.com\/product\/yoast-seo-wordpress\/ -->\n<title>SPAWANA SZAFA WISZ\u0104CA SERII SN IRON - SteelNet<\/title>\n<meta name=\"robots\" content=\"index, follow, max-snippet:-1, max-image-preview:large, max-video-preview:-1\" \/>\n<link rel=\"canonical\" href=\"https:\/\/steelnet.ua\/pl\/produkt\/spawana-szafa-wiszaca-serii-sn-iron\/\" \/>\n<meta property=\"og:locale\" content=\"pl_PL\" \/>\n<meta property=\"og:type\" content=\"article\" \/>\n<meta property=\"og:title\" content=\"SPAWANA SZAFA WISZ\u0104CA SERII SN IRON - SteelNet\" \/>\n<meta property=\"og:description\" content=\"Szafy maj\u0105 ca\u0142kowicie metalow\u0105 spawan\u0105 konstrukcj\u0119 i s\u0105 wygodne do szybkiej instalacji sprz\u0119tu sieciowego, poniewa\u017c nie wymagaj\u0105 dodatkowego czasu na monta\u017c. Szafa ta jest dost\u0119pna w dw\u00f3ch modelach. SN\u2013IRON\u2013RW to szafa ze zdejmowanymi panelami bocznymi, a SN\u2013IRON\u2013NRW to szafa z niezdejmowanymi panelami bocznymi. Dost\u0119p do sprz\u0119tu w modelu SN-IRON-RW jest zapewniony z trzech stron: przodu [&hellip;]\" \/>\n<meta property=\"og:url\" content=\"https:\/\/steelnet.ua\/pl\/produkt\/spawana-szafa-wiszaca-serii-sn-iron\/\" \/>\n<meta property=\"og:site_name\" content=\"SteelNet\" \/>\n<meta property=\"og:image\" content=\"https:\/\/steelnet.ua\/wp-content\/uploads\/2020\/12\/photo_1_2023-09-14_11-14-29.jpg\" \/>\n\t<meta property=\"og:image:width\" content=\"1200\" \/>\n\t<meta property=\"og:image:height\" content=\"1200\" \/>\n\t<meta property=\"og:image:type\" content=\"image\/jpeg\" \/>\n<meta name=\"twitter:card\" content=\"summary_large_image\" \/>\n<meta name=\"twitter:label1\" content=\"Szacowany czas czytania\" \/>\n\t<meta name=\"twitter:data1\" content=\"2 minuty\" \/>\n<script type=\"application\/ld+json\" class=\"yoast-schema-graph\">{\"@context\":\"https:\\\/\\\/schema.org\",\"@graph\":[{\"@type\":\"WebPage\",\"@id\":\"https:\\\/\\\/steelnet.ua\\\/pl\\\/produkt\\\/spawana-szafa-wiszaca-serii-sn-iron\\\/\",\"url\":\"https:\\\/\\\/steelnet.ua\\\/pl\\\/produkt\\\/spawana-szafa-wiszaca-serii-sn-iron\\\/\",\"name\":\"SPAWANA SZAFA WISZ\u0104CA SERII SN IRON - SteelNet\",\"isPartOf\":{\"@id\":\"https:\\\/\\\/steelnet.ua\\\/#website\"},\"primaryImageOfPage\":{\"@id\":\"https:\\\/\\\/steelnet.ua\\\/pl\\\/produkt\\\/spawana-szafa-wiszaca-serii-sn-iron\\\/#primaryimage\"},\"image\":{\"@id\":\"https:\\\/\\\/steelnet.ua\\\/pl\\\/produkt\\\/spawana-szafa-wiszaca-serii-sn-iron\\\/#primaryimage\"},\"thumbnailUrl\":\"https:\\\/\\\/steelnet.ua\\\/wp-content\\\/uploads\\\/2020\\\/12\\\/photo_1_2023-09-14_11-14-29.jpg\",\"datePublished\":\"2020-12-28T21:04:38+00:00\",\"breadcrumb\":{\"@id\":\"https:\\\/\\\/steelnet.ua\\\/pl\\\/produkt\\\/spawana-szafa-wiszaca-serii-sn-iron\\\/#breadcrumb\"},\"inLanguage\":\"pl-PL\",\"potentialAction\":[{\"@type\":\"ReadAction\",\"target\":[\"https:\\\/\\\/steelnet.ua\\\/pl\\\/produkt\\\/spawana-szafa-wiszaca-serii-sn-iron\\\/\"]}]},{\"@type\":\"ImageObject\",\"inLanguage\":\"pl-PL\",\"@id\":\"https:\\\/\\\/steelnet.ua\\\/pl\\\/produkt\\\/spawana-szafa-wiszaca-serii-sn-iron\\\/#primaryimage\",\"url\":\"https:\\\/\\\/steelnet.ua\\\/wp-content\\\/uploads\\\/2020\\\/12\\\/photo_1_2023-09-14_11-14-29.jpg\",\"contentUrl\":\"https:\\\/\\\/steelnet.ua\\\/wp-content\\\/uploads\\\/2020\\\/12\\\/photo_1_2023-09-14_11-14-29.jpg\",\"width\":1200,\"height\":1200},{\"@type\":\"BreadcrumbList\",\"@id\":\"https:\\\/\\\/steelnet.ua\\\/pl\\\/produkt\\\/spawana-szafa-wiszaca-serii-sn-iron\\\/#breadcrumb\",\"itemListElement\":[{\"@type\":\"ListItem\",\"position\":1,\"name\":\"\u0413\u043e\u043b\u043e\u0432\u043d\u0430 \u0421\u0442\u043e\u0440\u0456\u043d\u043a\u0430\",\"item\":\"https:\\\/\\\/steelnet.ua\\\/\"},{\"@type\":\"ListItem\",\"position\":2,\"name\":\"\u041c\u0430\u0433\u0430\u0437\u0438\u043d\",\"item\":\"https:\\\/\\\/steelnet.ua\\\/shop\\\/\"},{\"@type\":\"ListItem\",\"position\":3,\"name\":\"SPAWANA SZAFA WISZ\u0104CA SERII SN IRON\"}]},{\"@type\":\"WebSite\",\"@id\":\"https:\\\/\\\/steelnet.ua\\\/#website\",\"url\":\"https:\\\/\\\/steelnet.ua\\\/\",\"name\":\"SteelNet\",\"description\":\"\u041c\u0435\u0442\u0430\u043b\u043e\u043a\u043e\u043d\u0441\u0442\u0440\u0443\u043a\u0446\u0456\u0457 \u0442\u0430 \u0442\u0435\u043b\u0435\u043a\u043e\u043c \u043e\u0431\u043b\u0430\u0434\u043d\u0430\u043d\u043d\u044f\",\"potentialAction\":[{\"@type\":\"SearchAction\",\"target\":{\"@type\":\"EntryPoint\",\"urlTemplate\":\"https:\\\/\\\/steelnet.ua\\\/?s={search_term_string}\"},\"query-input\":{\"@type\":\"PropertyValueSpecification\",\"valueRequired\":true,\"valueName\":\"search_term_string\"}}],\"inLanguage\":\"pl-PL\"}]}<\/script>\n<!-- \/ Yoast SEO plugin. -->","yoast_head_json":{"title":"SPAWANA SZAFA WISZ\u0104CA SERII SN IRON - SteelNet","robots":{"index":"index","follow":"follow","max-snippet":"max-snippet:-1","max-image-preview":"max-image-preview:large","max-video-preview":"max-video-preview:-1"},"canonical":"https:\/\/steelnet.ua\/pl\/produkt\/spawana-szafa-wiszaca-serii-sn-iron\/","og_locale":"pl_PL","og_type":"article","og_title":"SPAWANA SZAFA WISZ\u0104CA SERII SN IRON - SteelNet","og_description":"Szafy maj\u0105 ca\u0142kowicie metalow\u0105 spawan\u0105 konstrukcj\u0119 i s\u0105 wygodne do szybkiej instalacji sprz\u0119tu sieciowego, poniewa\u017c nie wymagaj\u0105 dodatkowego czasu na monta\u017c. Szafa ta jest dost\u0119pna w dw\u00f3ch modelach. SN\u2013IRON\u2013RW to szafa ze zdejmowanymi panelami bocznymi, a SN\u2013IRON\u2013NRW to szafa z niezdejmowanymi panelami bocznymi. Dost\u0119p do sprz\u0119tu w modelu SN-IRON-RW jest zapewniony z trzech stron: przodu [&hellip;]","og_url":"https:\/\/steelnet.ua\/pl\/produkt\/spawana-szafa-wiszaca-serii-sn-iron\/","og_site_name":"SteelNet","og_image":[{"width":1200,"height":1200,"url":"https:\/\/steelnet.ua\/wp-content\/uploads\/2020\/12\/photo_1_2023-09-14_11-14-29.jpg","type":"image\/jpeg"}],"twitter_card":"summary_large_image","twitter_misc":{"Szacowany czas czytania":"2 minuty"},"schema":{"@context":"https:\/\/schema.org","@graph":[{"@type":"WebPage","@id":"https:\/\/steelnet.ua\/pl\/produkt\/spawana-szafa-wiszaca-serii-sn-iron\/","url":"https:\/\/steelnet.ua\/pl\/produkt\/spawana-szafa-wiszaca-serii-sn-iron\/","name":"SPAWANA SZAFA WISZ\u0104CA SERII SN IRON - SteelNet","isPartOf":{"@id":"https:\/\/steelnet.ua\/#website"},"primaryImageOfPage":{"@id":"https:\/\/steelnet.ua\/pl\/produkt\/spawana-szafa-wiszaca-serii-sn-iron\/#primaryimage"},"image":{"@id":"https:\/\/steelnet.ua\/pl\/produkt\/spawana-szafa-wiszaca-serii-sn-iron\/#primaryimage"},"thumbnailUrl":"https:\/\/steelnet.ua\/wp-content\/uploads\/2020\/12\/photo_1_2023-09-14_11-14-29.jpg","datePublished":"2020-12-28T21:04:38+00:00","breadcrumb":{"@id":"https:\/\/steelnet.ua\/pl\/produkt\/spawana-szafa-wiszaca-serii-sn-iron\/#breadcrumb"},"inLanguage":"pl-PL","potentialAction":[{"@type":"ReadAction","target":["https:\/\/steelnet.ua\/pl\/produkt\/spawana-szafa-wiszaca-serii-sn-iron\/"]}]},{"@type":"ImageObject","inLanguage":"pl-PL","@id":"https:\/\/steelnet.ua\/pl\/produkt\/spawana-szafa-wiszaca-serii-sn-iron\/#primaryimage","url":"https:\/\/steelnet.ua\/wp-content\/uploads\/2020\/12\/photo_1_2023-09-14_11-14-29.jpg","contentUrl":"https:\/\/steelnet.ua\/wp-content\/uploads\/2020\/12\/photo_1_2023-09-14_11-14-29.jpg","width":1200,"height":1200},{"@type":"BreadcrumbList","@id":"https:\/\/steelnet.ua\/pl\/produkt\/spawana-szafa-wiszaca-serii-sn-iron\/#breadcrumb","itemListElement":[{"@type":"ListItem","position":1,"name":"\u0413\u043e\u043b\u043e\u0432\u043d\u0430 \u0421\u0442\u043e\u0440\u0456\u043d\u043a\u0430","item":"https:\/\/steelnet.ua\/"},{"@type":"ListItem","position":2,"name":"\u041c\u0430\u0433\u0430\u0437\u0438\u043d","item":"https:\/\/steelnet.ua\/shop\/"},{"@type":"ListItem","position":3,"name":"SPAWANA SZAFA WISZ\u0104CA SERII SN IRON"}]},{"@type":"WebSite","@id":"https:\/\/steelnet.ua\/#website","url":"https:\/\/steelnet.ua\/","name":"SteelNet","description":"\u041c\u0435\u0442\u0430\u043b\u043e\u043a\u043e\u043d\u0441\u0442\u0440\u0443\u043a\u0446\u0456\u0457 \u0442\u0430 \u0442\u0435\u043b\u0435\u043a\u043e\u043c \u043e\u0431\u043b\u0430\u0434\u043d\u0430\u043d\u043d\u044f","potentialAction":[{"@type":"SearchAction","target":{"@type":"EntryPoint","urlTemplate":"https:\/\/steelnet.ua\/?s={search_term_string}"},"query-input":{"@type":"PropertyValueSpecification","valueRequired":true,"valueName":"search_term_string"}}],"inLanguage":"pl-PL"}]}},"_links":{"self":[{"href":"https:\/\/steelnet.ua\/pl\/wp-json\/wp\/v2\/product\/10217","targetHints":{"allow":["GET"]}}],"collection":[{"href":"https:\/\/steelnet.ua\/pl\/wp-json\/wp\/v2\/product"}],"about":[{"href":"https:\/\/steelnet.ua\/pl\/wp-json\/wp\/v2\/types\/product"}],"replies":[{"embeddable":true,"href":"https:\/\/steelnet.ua\/pl\/wp-json\/wp\/v2\/comments?post=10217"}],"wp:featuredmedia":[{"embeddable":true,"href":"https:\/\/steelnet.ua\/pl\/wp-json\/wp\/v2\/media\/10230"}],"wp:attachment":[{"href":"https:\/\/steelnet.ua\/pl\/wp-json\/wp\/v2\/media?parent=10217"}],"wp:term":[{"taxonomy":"product_cat","embeddable":true,"href":"https:\/\/steelnet.ua\/pl\/wp-json\/wp\/v2\/product_cat?post=10217"},{"taxonomy":"product_tag","embeddable":true,"href":"https:\/\/steelnet.ua\/pl\/wp-json\/wp\/v2\/product_tag?post=10217"}],"curies":[{"name":"wp","href":"https:\/\/api.w.org\/{rel}","templated":true}]}}