{"id":10213,"date":"2020-12-28T22:59:34","date_gmt":"2020-12-28T20:59:34","guid":{"rendered":"https:\/\/steelnet.ua\/product\/pionowa-szafa-spawana\/"},"modified":"2020-12-28T22:59:34","modified_gmt":"2020-12-28T20:59:34","slug":"pionowa-szafa-spawana","status":"publish","type":"product","link":"https:\/\/steelnet.ua\/pl\/produkt\/pionowa-szafa-spawana\/","title":{"rendered":"PIONOWA SZAFA SPAWANA"},"content":{"rendered":"<p>Spawana telekomunikacyjna szafa wisz\u0105ca SNV-IRON 19\u2019 4U-06-045-\u0414\u0421-2\u0411\u0413.<\/p>\n<p>Spawane telekomunikacyjne szafy wisz\u0105ce serii SNV-IRON s\u0105 przeznaczone do monta\u017cu aktywnych i pasywnych urz\u0105dze\u0144 telekomunikacyjnych, a tak\u017ce do ochrony przed nieuprawnionym dost\u0119pem do wyposa\u017cenia szafy.<\/p>\n<p>Szczeg\u00f3ln\u0105 cech\u0105 tej szafy jest umiejscowienie otwor\u00f3w monta\u017cowych z boku. Dzi\u0119ki temu istotn\u0105 zalet\u0105 szafy jest mo\u017cliwo\u015b\u0107 jej instalacji w ciasnych warunkach (np. w w\u0105skich pomieszczeniach). Sprz\u0119t w szafie jest instalowany pionowo.<\/p>\n<p>Drzwi mog\u0105 by\u0107 otwierane w lewo lub w prawo, co pozwala na monta\u017c drzwi w pozycji wygodnej do instalacji i nieutrudniaj\u0105cej dost\u0119pu do sprz\u0119tu.<\/p>\n<p>K\u0105t otwarcia drzwi wynosi ponad 180\u00b0.<\/p>\n<p>Konstrukcja szafy sk\u0142ada si\u0119 z ca\u0142kowicie spawanej obudowy, jednego panelu bocznego i drzwi przednich w nast\u0119puj\u0105cych wersjach:<\/p>\n<p>szk\u0142o hartowane o grubo\u015bci 4 mm;<\/p>\n<p>perforacja;<\/p>\n<p>drzwi pe\u0142ne.<\/p>\n<p>Szafy z serii SNV-IRON s\u0105 dost\u0119pne w wysoko\u015bci 4U. G\u0142\u0119boko\u015b\u0107 szaf tej linii wynosi 450 mm.<\/p>\n<p>Szafy pokryte s\u0105 specjaln\u0105 farb\u0105 proszkowo-polimerow\u0105, kt\u00f3ra tworzy trwa\u0142\u0105 pow\u0142ok\u0119 z w\u0119glik\u00f3w spiekanych, odporn\u0105 na dzia\u0142anie czynnik\u00f3w zewn\u0119trznych, w tym mechanicznych.<\/p>\n<p>Dost\u0119pne s\u0105 dwa standardowe kolory: RAL 7035 (szary) i RAL 9005 (czarny).<\/p>\n<h3>Konstrukcja szafy obejmuje:<\/h3>\n<ul>\n<li>Pasywn\u0105 wentylacj\u0119 z ty\u0142u i z boku szafy;<\/li>\n<li>Mo\u017cliwo\u015b\u0107 zainstalowania wentylatora;<\/li>\n<li>Przednia cz\u0119\u015b\u0107 szafy nie ma ostrych naro\u017cnik\u00f3w, co zmniejsza ryzyko obra\u017ce\u0144 cia\u0142a;<\/li>\n<li>Spawane miedziowane \u015bruby do uziemienia na wszystkich cz\u0119\u015bciach szafy;<\/li>\n<li>Wprowadzanie kabli odbywa si\u0119 przez otwory w dolnej i g\u00f3rnej cz\u0119\u015bci szafy.<\/li>\n<\/ul>\n<p>&nbsp;<\/p>\n<p>Maksymalne obci\u0105\u017cenie statyczne wynosi do 50 kg.<\/p>\n","protected":false},"excerpt":{"rendered":"<p>Spawana telekomunikacyjna szafa wisz\u0105ca SNV-IRON 19\u2019 4U-06-045-\u0414\u0421-2\u0411\u0413. Spawane telekomunikacyjne szafy wisz\u0105ce serii SNV-IRON s\u0105 przeznaczone do monta\u017cu aktywnych i pasywnych urz\u0105dze\u0144 telekomunikacyjnych, a tak\u017ce do ochrony przed nieuprawnionym dost\u0119pem do wyposa\u017cenia szafy. Szczeg\u00f3ln\u0105 cech\u0105 tej szafy jest umiejscowienie otwor\u00f3w monta\u017cowych z boku. Dzi\u0119ki temu istotn\u0105 zalet\u0105 szafy jest mo\u017cliwo\u015b\u0107 jej instalacji w ciasnych warunkach (np. [&hellip;]<\/p>\n","protected":false},"featured_media":10216,"comment_status":"open","ping_status":"closed","template":"","meta":{"inline_featured_image":false},"product_cat":[],"product_tag":[],"class_list":{"0":"post-10213","1":"product","2":"type-product","3":"status-publish","4":"has-post-thumbnail","7":"first","8":"instock","9":"shipping-taxable","10":"product-type-simple"},"yoast_head":"<!-- This site is optimized with the Yoast SEO plugin v27.3 - https:\/\/yoast.com\/product\/yoast-seo-wordpress\/ -->\n<title>PIONOWA SZAFA SPAWANA - SteelNet<\/title>\n<meta name=\"robots\" content=\"index, follow, max-snippet:-1, max-image-preview:large, max-video-preview:-1\" \/>\n<link rel=\"canonical\" href=\"https:\/\/steelnet.ua\/pl\/produkt\/pionowa-szafa-spawana\/\" \/>\n<meta property=\"og:locale\" content=\"pl_PL\" \/>\n<meta property=\"og:type\" content=\"article\" \/>\n<meta property=\"og:title\" content=\"PIONOWA SZAFA SPAWANA - SteelNet\" \/>\n<meta property=\"og:description\" content=\"Spawana telekomunikacyjna szafa wisz\u0105ca SNV-IRON 19\u2019 4U-06-045-\u0414\u0421-2\u0411\u0413. Spawane telekomunikacyjne szafy wisz\u0105ce serii SNV-IRON s\u0105 przeznaczone do monta\u017cu aktywnych i pasywnych urz\u0105dze\u0144 telekomunikacyjnych, a tak\u017ce do ochrony przed nieuprawnionym dost\u0119pem do wyposa\u017cenia szafy. Szczeg\u00f3ln\u0105 cech\u0105 tej szafy jest umiejscowienie otwor\u00f3w monta\u017cowych z boku. Dzi\u0119ki temu istotn\u0105 zalet\u0105 szafy jest mo\u017cliwo\u015b\u0107 jej instalacji w ciasnych warunkach (np. [&hellip;]\" \/>\n<meta property=\"og:url\" content=\"https:\/\/steelnet.ua\/pl\/produkt\/pionowa-szafa-spawana\/\" \/>\n<meta property=\"og:site_name\" content=\"SteelNet\" \/>\n<meta property=\"og:image\" content=\"https:\/\/steelnet.ua\/wp-content\/uploads\/2020\/12\/lara_product_246-1-1-e1746537429171.jpg\" \/>\n\t<meta property=\"og:image:width\" content=\"800\" \/>\n\t<meta property=\"og:image:height\" content=\"800\" \/>\n\t<meta property=\"og:image:type\" content=\"image\/jpeg\" \/>\n<meta name=\"twitter:card\" content=\"summary_large_image\" \/>\n<meta name=\"twitter:label1\" content=\"Szacowany czas czytania\" \/>\n\t<meta name=\"twitter:data1\" content=\"1 minuta\" \/>\n<script type=\"application\/ld+json\" class=\"yoast-schema-graph\">{\"@context\":\"https:\\\/\\\/schema.org\",\"@graph\":[{\"@type\":\"WebPage\",\"@id\":\"https:\\\/\\\/steelnet.ua\\\/pl\\\/produkt\\\/pionowa-szafa-spawana\\\/\",\"url\":\"https:\\\/\\\/steelnet.ua\\\/pl\\\/produkt\\\/pionowa-szafa-spawana\\\/\",\"name\":\"PIONOWA SZAFA SPAWANA - SteelNet\",\"isPartOf\":{\"@id\":\"https:\\\/\\\/steelnet.ua\\\/#website\"},\"primaryImageOfPage\":{\"@id\":\"https:\\\/\\\/steelnet.ua\\\/pl\\\/produkt\\\/pionowa-szafa-spawana\\\/#primaryimage\"},\"image\":{\"@id\":\"https:\\\/\\\/steelnet.ua\\\/pl\\\/produkt\\\/pionowa-szafa-spawana\\\/#primaryimage\"},\"thumbnailUrl\":\"https:\\\/\\\/steelnet.ua\\\/wp-content\\\/uploads\\\/2020\\\/12\\\/lara_product_246-1-1-e1746537429171.jpg\",\"datePublished\":\"2020-12-28T20:59:34+00:00\",\"breadcrumb\":{\"@id\":\"https:\\\/\\\/steelnet.ua\\\/pl\\\/produkt\\\/pionowa-szafa-spawana\\\/#breadcrumb\"},\"inLanguage\":\"pl-PL\",\"potentialAction\":[{\"@type\":\"ReadAction\",\"target\":[\"https:\\\/\\\/steelnet.ua\\\/pl\\\/produkt\\\/pionowa-szafa-spawana\\\/\"]}]},{\"@type\":\"ImageObject\",\"inLanguage\":\"pl-PL\",\"@id\":\"https:\\\/\\\/steelnet.ua\\\/pl\\\/produkt\\\/pionowa-szafa-spawana\\\/#primaryimage\",\"url\":\"https:\\\/\\\/steelnet.ua\\\/wp-content\\\/uploads\\\/2020\\\/12\\\/lara_product_246-1-1-e1746537429171.jpg\",\"contentUrl\":\"https:\\\/\\\/steelnet.ua\\\/wp-content\\\/uploads\\\/2020\\\/12\\\/lara_product_246-1-1-e1746537429171.jpg\",\"width\":800,\"height\":800},{\"@type\":\"BreadcrumbList\",\"@id\":\"https:\\\/\\\/steelnet.ua\\\/pl\\\/produkt\\\/pionowa-szafa-spawana\\\/#breadcrumb\",\"itemListElement\":[{\"@type\":\"ListItem\",\"position\":1,\"name\":\"\u0413\u043e\u043b\u043e\u0432\u043d\u0430 \u0421\u0442\u043e\u0440\u0456\u043d\u043a\u0430\",\"item\":\"https:\\\/\\\/steelnet.ua\\\/\"},{\"@type\":\"ListItem\",\"position\":2,\"name\":\"\u041c\u0430\u0433\u0430\u0437\u0438\u043d\",\"item\":\"https:\\\/\\\/steelnet.ua\\\/shop\\\/\"},{\"@type\":\"ListItem\",\"position\":3,\"name\":\"PIONOWA SZAFA SPAWANA\"}]},{\"@type\":\"WebSite\",\"@id\":\"https:\\\/\\\/steelnet.ua\\\/#website\",\"url\":\"https:\\\/\\\/steelnet.ua\\\/\",\"name\":\"SteelNet\",\"description\":\"\u041c\u0435\u0442\u0430\u043b\u043e\u043a\u043e\u043d\u0441\u0442\u0440\u0443\u043a\u0446\u0456\u0457 \u0442\u0430 \u0442\u0435\u043b\u0435\u043a\u043e\u043c \u043e\u0431\u043b\u0430\u0434\u043d\u0430\u043d\u043d\u044f\",\"potentialAction\":[{\"@type\":\"SearchAction\",\"target\":{\"@type\":\"EntryPoint\",\"urlTemplate\":\"https:\\\/\\\/steelnet.ua\\\/?s={search_term_string}\"},\"query-input\":{\"@type\":\"PropertyValueSpecification\",\"valueRequired\":true,\"valueName\":\"search_term_string\"}}],\"inLanguage\":\"pl-PL\"}]}<\/script>\n<!-- \/ Yoast SEO plugin. -->","yoast_head_json":{"title":"PIONOWA SZAFA SPAWANA - SteelNet","robots":{"index":"index","follow":"follow","max-snippet":"max-snippet:-1","max-image-preview":"max-image-preview:large","max-video-preview":"max-video-preview:-1"},"canonical":"https:\/\/steelnet.ua\/pl\/produkt\/pionowa-szafa-spawana\/","og_locale":"pl_PL","og_type":"article","og_title":"PIONOWA SZAFA SPAWANA - SteelNet","og_description":"Spawana telekomunikacyjna szafa wisz\u0105ca SNV-IRON 19\u2019 4U-06-045-\u0414\u0421-2\u0411\u0413. Spawane telekomunikacyjne szafy wisz\u0105ce serii SNV-IRON s\u0105 przeznaczone do monta\u017cu aktywnych i pasywnych urz\u0105dze\u0144 telekomunikacyjnych, a tak\u017ce do ochrony przed nieuprawnionym dost\u0119pem do wyposa\u017cenia szafy. Szczeg\u00f3ln\u0105 cech\u0105 tej szafy jest umiejscowienie otwor\u00f3w monta\u017cowych z boku. Dzi\u0119ki temu istotn\u0105 zalet\u0105 szafy jest mo\u017cliwo\u015b\u0107 jej instalacji w ciasnych warunkach (np. [&hellip;]","og_url":"https:\/\/steelnet.ua\/pl\/produkt\/pionowa-szafa-spawana\/","og_site_name":"SteelNet","og_image":[{"width":800,"height":800,"url":"https:\/\/steelnet.ua\/wp-content\/uploads\/2020\/12\/lara_product_246-1-1-e1746537429171.jpg","type":"image\/jpeg"}],"twitter_card":"summary_large_image","twitter_misc":{"Szacowany czas czytania":"1 minuta"},"schema":{"@context":"https:\/\/schema.org","@graph":[{"@type":"WebPage","@id":"https:\/\/steelnet.ua\/pl\/produkt\/pionowa-szafa-spawana\/","url":"https:\/\/steelnet.ua\/pl\/produkt\/pionowa-szafa-spawana\/","name":"PIONOWA SZAFA SPAWANA - SteelNet","isPartOf":{"@id":"https:\/\/steelnet.ua\/#website"},"primaryImageOfPage":{"@id":"https:\/\/steelnet.ua\/pl\/produkt\/pionowa-szafa-spawana\/#primaryimage"},"image":{"@id":"https:\/\/steelnet.ua\/pl\/produkt\/pionowa-szafa-spawana\/#primaryimage"},"thumbnailUrl":"https:\/\/steelnet.ua\/wp-content\/uploads\/2020\/12\/lara_product_246-1-1-e1746537429171.jpg","datePublished":"2020-12-28T20:59:34+00:00","breadcrumb":{"@id":"https:\/\/steelnet.ua\/pl\/produkt\/pionowa-szafa-spawana\/#breadcrumb"},"inLanguage":"pl-PL","potentialAction":[{"@type":"ReadAction","target":["https:\/\/steelnet.ua\/pl\/produkt\/pionowa-szafa-spawana\/"]}]},{"@type":"ImageObject","inLanguage":"pl-PL","@id":"https:\/\/steelnet.ua\/pl\/produkt\/pionowa-szafa-spawana\/#primaryimage","url":"https:\/\/steelnet.ua\/wp-content\/uploads\/2020\/12\/lara_product_246-1-1-e1746537429171.jpg","contentUrl":"https:\/\/steelnet.ua\/wp-content\/uploads\/2020\/12\/lara_product_246-1-1-e1746537429171.jpg","width":800,"height":800},{"@type":"BreadcrumbList","@id":"https:\/\/steelnet.ua\/pl\/produkt\/pionowa-szafa-spawana\/#breadcrumb","itemListElement":[{"@type":"ListItem","position":1,"name":"\u0413\u043e\u043b\u043e\u0432\u043d\u0430 \u0421\u0442\u043e\u0440\u0456\u043d\u043a\u0430","item":"https:\/\/steelnet.ua\/"},{"@type":"ListItem","position":2,"name":"\u041c\u0430\u0433\u0430\u0437\u0438\u043d","item":"https:\/\/steelnet.ua\/shop\/"},{"@type":"ListItem","position":3,"name":"PIONOWA SZAFA SPAWANA"}]},{"@type":"WebSite","@id":"https:\/\/steelnet.ua\/#website","url":"https:\/\/steelnet.ua\/","name":"SteelNet","description":"\u041c\u0435\u0442\u0430\u043b\u043e\u043a\u043e\u043d\u0441\u0442\u0440\u0443\u043a\u0446\u0456\u0457 \u0442\u0430 \u0442\u0435\u043b\u0435\u043a\u043e\u043c \u043e\u0431\u043b\u0430\u0434\u043d\u0430\u043d\u043d\u044f","potentialAction":[{"@type":"SearchAction","target":{"@type":"EntryPoint","urlTemplate":"https:\/\/steelnet.ua\/?s={search_term_string}"},"query-input":{"@type":"PropertyValueSpecification","valueRequired":true,"valueName":"search_term_string"}}],"inLanguage":"pl-PL"}]}},"_links":{"self":[{"href":"https:\/\/steelnet.ua\/pl\/wp-json\/wp\/v2\/product\/10213","targetHints":{"allow":["GET"]}}],"collection":[{"href":"https:\/\/steelnet.ua\/pl\/wp-json\/wp\/v2\/product"}],"about":[{"href":"https:\/\/steelnet.ua\/pl\/wp-json\/wp\/v2\/types\/product"}],"replies":[{"embeddable":true,"href":"https:\/\/steelnet.ua\/pl\/wp-json\/wp\/v2\/comments?post=10213"}],"wp:featuredmedia":[{"embeddable":true,"href":"https:\/\/steelnet.ua\/pl\/wp-json\/wp\/v2\/media\/10216"}],"wp:attachment":[{"href":"https:\/\/steelnet.ua\/pl\/wp-json\/wp\/v2\/media?parent=10213"}],"wp:term":[{"taxonomy":"product_cat","embeddable":true,"href":"https:\/\/steelnet.ua\/pl\/wp-json\/wp\/v2\/product_cat?post=10213"},{"taxonomy":"product_tag","embeddable":true,"href":"https:\/\/steelnet.ua\/pl\/wp-json\/wp\/v2\/product_tag?post=10213"}],"curies":[{"name":"wp","href":"https:\/\/api.w.org\/{rel}","templated":true}]}}