{"id":10187,"date":"2020-12-28T23:05:40","date_gmt":"2020-12-28T21:05:40","guid":{"rendered":"https:\/\/steelnet.ua\/product\/stojak-telekomunikacyjny-serii-sn-set\/"},"modified":"2020-12-28T23:05:40","modified_gmt":"2020-12-28T21:05:40","slug":"stojak-telekomunikacyjny-serii-sn-set","status":"publish","type":"product","link":"https:\/\/steelnet.ua\/pl\/produkt\/stojak-telekomunikacyjny-serii-sn-set\/","title":{"rendered":"STOJAK TELEKOMUNIKACYJNY SERII SN SET"},"content":{"rendered":"<p>Stojaki telekomunikacyjne serii SN SET przeznaczone s\u0105 do monta\u017cu urz\u0105dze\u0144 telekomunikacyjnych, krosowych i innych, wykonanych w standardzie 19 cali.<\/p>\n<h3>Parametry techniczne*:<\/h3>\n<p>\u2013 dwu\u015bcienne;<\/p>\n<p>\u2013 rodzaj wykonania: stoj\u0105cy;<\/p>\n<p>\u2013 wysoko\u015b\u0107 robocza, U:\u00a024, 33, 42;<\/p>\n<p>\u2013 szeroko\u015b\u0107:\u00a0600 mm.<\/p>\n<p>\u2013 g\u0142\u0119boko\u015b\u0107: regulowany monta\u017c ramy tylnej \u2013 750\/620\/580\/450;<\/p>\n<p>\u2013 konstrukcja: konstrukcja sk\u0142adana;<\/p>\n<p>\u2013 pow\u0142oka antykorozyjna i dekoracyjna: proszkowo-polimerowa RAL 7035;<\/p>\n<p>\u2013 maksymalne dopuszczalne roz\u0142o\u017cone obci\u0105\u017cenie statyczne: 800 kg.<\/p>\n<p>&nbsp;<\/p>\n<p>* dost\u0119pny w kolorze RAL 9005 (czarny)<\/p>\n<p>Przyk\u0142adowe oznakowanie stojak\u00f3w serii SN SET:\u00a0Stojak telekomunikacyjny SN SET 42U-06-045\/075-2R-7035<\/p>\n","protected":false},"excerpt":{"rendered":"<p>Stojaki telekomunikacyjne serii SN SET przeznaczone s\u0105 do monta\u017cu urz\u0105dze\u0144 telekomunikacyjnych, krosowych i innych, wykonanych w standardzie 19 cali. Parametry techniczne*: \u2013 dwu\u015bcienne; \u2013 rodzaj wykonania: stoj\u0105cy; \u2013 wysoko\u015b\u0107 robocza, U:\u00a024, 33, 42; \u2013 szeroko\u015b\u0107:\u00a0600 mm. \u2013 g\u0142\u0119boko\u015b\u0107: regulowany monta\u017c ramy tylnej \u2013 750\/620\/580\/450; \u2013 konstrukcja: konstrukcja sk\u0142adana; \u2013 pow\u0142oka antykorozyjna i dekoracyjna: proszkowo-polimerowa RAL [&hellip;]<\/p>\n","protected":false},"featured_media":10198,"comment_status":"open","ping_status":"closed","template":"","meta":{"inline_featured_image":false},"product_cat":[15],"product_tag":[],"class_list":{"0":"post-10187","1":"product","2":"type-product","3":"status-publish","4":"has-post-thumbnail","6":"product_cat-bez-katehorii","8":"first","9":"instock","10":"shipping-taxable","11":"product-type-simple"},"yoast_head":"<!-- This site is optimized with the Yoast SEO plugin v27.3 - https:\/\/yoast.com\/product\/yoast-seo-wordpress\/ -->\n<title>STOJAK TELEKOMUNIKACYJNY SERII SN SET - SteelNet<\/title>\n<meta name=\"robots\" content=\"index, follow, max-snippet:-1, max-image-preview:large, max-video-preview:-1\" \/>\n<link rel=\"canonical\" href=\"https:\/\/steelnet.ua\/pl\/produkt\/stojak-telekomunikacyjny-serii-sn-set\/\" \/>\n<meta property=\"og:locale\" content=\"pl_PL\" \/>\n<meta property=\"og:type\" content=\"article\" \/>\n<meta property=\"og:title\" content=\"STOJAK TELEKOMUNIKACYJNY SERII SN SET - SteelNet\" \/>\n<meta property=\"og:description\" content=\"Stojaki telekomunikacyjne serii SN SET przeznaczone s\u0105 do monta\u017cu urz\u0105dze\u0144 telekomunikacyjnych, krosowych i innych, wykonanych w standardzie 19 cali. Parametry techniczne*: \u2013 dwu\u015bcienne; \u2013 rodzaj wykonania: stoj\u0105cy; \u2013 wysoko\u015b\u0107 robocza, U:\u00a024, 33, 42; \u2013 szeroko\u015b\u0107:\u00a0600 mm. \u2013 g\u0142\u0119boko\u015b\u0107: regulowany monta\u017c ramy tylnej \u2013 750\/620\/580\/450; \u2013 konstrukcja: konstrukcja sk\u0142adana; \u2013 pow\u0142oka antykorozyjna i dekoracyjna: proszkowo-polimerowa RAL [&hellip;]\" \/>\n<meta property=\"og:url\" content=\"https:\/\/steelnet.ua\/pl\/produkt\/stojak-telekomunikacyjny-serii-sn-set\/\" \/>\n<meta property=\"og:site_name\" content=\"SteelNet\" \/>\n<meta property=\"og:image\" content=\"https:\/\/steelnet.ua\/wp-content\/uploads\/2020\/12\/SN_Zmo_42U_00_02_HCH_Stoy-ka_42U_STIY-KA_TELEKOMUNIKATSIY-NA_SERII-3.jpg\" \/>\n\t<meta property=\"og:image:width\" content=\"1200\" \/>\n\t<meta property=\"og:image:height\" content=\"1200\" \/>\n\t<meta property=\"og:image:type\" content=\"image\/jpeg\" \/>\n<meta name=\"twitter:card\" content=\"summary_large_image\" \/>\n<script type=\"application\/ld+json\" class=\"yoast-schema-graph\">{\"@context\":\"https:\\\/\\\/schema.org\",\"@graph\":[{\"@type\":\"WebPage\",\"@id\":\"https:\\\/\\\/steelnet.ua\\\/pl\\\/produkt\\\/stojak-telekomunikacyjny-serii-sn-set\\\/\",\"url\":\"https:\\\/\\\/steelnet.ua\\\/pl\\\/produkt\\\/stojak-telekomunikacyjny-serii-sn-set\\\/\",\"name\":\"STOJAK TELEKOMUNIKACYJNY SERII SN SET - SteelNet\",\"isPartOf\":{\"@id\":\"https:\\\/\\\/steelnet.ua\\\/#website\"},\"primaryImageOfPage\":{\"@id\":\"https:\\\/\\\/steelnet.ua\\\/pl\\\/produkt\\\/stojak-telekomunikacyjny-serii-sn-set\\\/#primaryimage\"},\"image\":{\"@id\":\"https:\\\/\\\/steelnet.ua\\\/pl\\\/produkt\\\/stojak-telekomunikacyjny-serii-sn-set\\\/#primaryimage\"},\"thumbnailUrl\":\"https:\\\/\\\/steelnet.ua\\\/wp-content\\\/uploads\\\/2020\\\/12\\\/SN_Zmo_42U_00_02_HCH_Stoy-ka_42U_STIY-KA_TELEKOMUNIKATSIY-NA_SERII-3.jpg\",\"datePublished\":\"2020-12-28T21:05:40+00:00\",\"breadcrumb\":{\"@id\":\"https:\\\/\\\/steelnet.ua\\\/pl\\\/produkt\\\/stojak-telekomunikacyjny-serii-sn-set\\\/#breadcrumb\"},\"inLanguage\":\"pl-PL\",\"potentialAction\":[{\"@type\":\"ReadAction\",\"target\":[\"https:\\\/\\\/steelnet.ua\\\/pl\\\/produkt\\\/stojak-telekomunikacyjny-serii-sn-set\\\/\"]}]},{\"@type\":\"ImageObject\",\"inLanguage\":\"pl-PL\",\"@id\":\"https:\\\/\\\/steelnet.ua\\\/pl\\\/produkt\\\/stojak-telekomunikacyjny-serii-sn-set\\\/#primaryimage\",\"url\":\"https:\\\/\\\/steelnet.ua\\\/wp-content\\\/uploads\\\/2020\\\/12\\\/SN_Zmo_42U_00_02_HCH_Stoy-ka_42U_STIY-KA_TELEKOMUNIKATSIY-NA_SERII-3.jpg\",\"contentUrl\":\"https:\\\/\\\/steelnet.ua\\\/wp-content\\\/uploads\\\/2020\\\/12\\\/SN_Zmo_42U_00_02_HCH_Stoy-ka_42U_STIY-KA_TELEKOMUNIKATSIY-NA_SERII-3.jpg\",\"width\":1200,\"height\":1200},{\"@type\":\"BreadcrumbList\",\"@id\":\"https:\\\/\\\/steelnet.ua\\\/pl\\\/produkt\\\/stojak-telekomunikacyjny-serii-sn-set\\\/#breadcrumb\",\"itemListElement\":[{\"@type\":\"ListItem\",\"position\":1,\"name\":\"\u0413\u043e\u043b\u043e\u0432\u043d\u0430 \u0421\u0442\u043e\u0440\u0456\u043d\u043a\u0430\",\"item\":\"https:\\\/\\\/steelnet.ua\\\/\"},{\"@type\":\"ListItem\",\"position\":2,\"name\":\"\u041c\u0430\u0433\u0430\u0437\u0438\u043d\",\"item\":\"https:\\\/\\\/steelnet.ua\\\/shop\\\/\"},{\"@type\":\"ListItem\",\"position\":3,\"name\":\"STOJAK TELEKOMUNIKACYJNY SERII SN SET\"}]},{\"@type\":\"WebSite\",\"@id\":\"https:\\\/\\\/steelnet.ua\\\/#website\",\"url\":\"https:\\\/\\\/steelnet.ua\\\/\",\"name\":\"SteelNet\",\"description\":\"\u041c\u0435\u0442\u0430\u043b\u043e\u043a\u043e\u043d\u0441\u0442\u0440\u0443\u043a\u0446\u0456\u0457 \u0442\u0430 \u0442\u0435\u043b\u0435\u043a\u043e\u043c \u043e\u0431\u043b\u0430\u0434\u043d\u0430\u043d\u043d\u044f\",\"potentialAction\":[{\"@type\":\"SearchAction\",\"target\":{\"@type\":\"EntryPoint\",\"urlTemplate\":\"https:\\\/\\\/steelnet.ua\\\/?s={search_term_string}\"},\"query-input\":{\"@type\":\"PropertyValueSpecification\",\"valueRequired\":true,\"valueName\":\"search_term_string\"}}],\"inLanguage\":\"pl-PL\"}]}<\/script>\n<!-- \/ Yoast SEO plugin. -->","yoast_head_json":{"title":"STOJAK TELEKOMUNIKACYJNY SERII SN SET - SteelNet","robots":{"index":"index","follow":"follow","max-snippet":"max-snippet:-1","max-image-preview":"max-image-preview:large","max-video-preview":"max-video-preview:-1"},"canonical":"https:\/\/steelnet.ua\/pl\/produkt\/stojak-telekomunikacyjny-serii-sn-set\/","og_locale":"pl_PL","og_type":"article","og_title":"STOJAK TELEKOMUNIKACYJNY SERII SN SET - SteelNet","og_description":"Stojaki telekomunikacyjne serii SN SET przeznaczone s\u0105 do monta\u017cu urz\u0105dze\u0144 telekomunikacyjnych, krosowych i innych, wykonanych w standardzie 19 cali. Parametry techniczne*: \u2013 dwu\u015bcienne; \u2013 rodzaj wykonania: stoj\u0105cy; \u2013 wysoko\u015b\u0107 robocza, U:\u00a024, 33, 42; \u2013 szeroko\u015b\u0107:\u00a0600 mm. \u2013 g\u0142\u0119boko\u015b\u0107: regulowany monta\u017c ramy tylnej \u2013 750\/620\/580\/450; \u2013 konstrukcja: konstrukcja sk\u0142adana; \u2013 pow\u0142oka antykorozyjna i dekoracyjna: proszkowo-polimerowa RAL [&hellip;]","og_url":"https:\/\/steelnet.ua\/pl\/produkt\/stojak-telekomunikacyjny-serii-sn-set\/","og_site_name":"SteelNet","og_image":[{"width":1200,"height":1200,"url":"https:\/\/steelnet.ua\/wp-content\/uploads\/2020\/12\/SN_Zmo_42U_00_02_HCH_Stoy-ka_42U_STIY-KA_TELEKOMUNIKATSIY-NA_SERII-3.jpg","type":"image\/jpeg"}],"twitter_card":"summary_large_image","schema":{"@context":"https:\/\/schema.org","@graph":[{"@type":"WebPage","@id":"https:\/\/steelnet.ua\/pl\/produkt\/stojak-telekomunikacyjny-serii-sn-set\/","url":"https:\/\/steelnet.ua\/pl\/produkt\/stojak-telekomunikacyjny-serii-sn-set\/","name":"STOJAK TELEKOMUNIKACYJNY SERII SN SET - SteelNet","isPartOf":{"@id":"https:\/\/steelnet.ua\/#website"},"primaryImageOfPage":{"@id":"https:\/\/steelnet.ua\/pl\/produkt\/stojak-telekomunikacyjny-serii-sn-set\/#primaryimage"},"image":{"@id":"https:\/\/steelnet.ua\/pl\/produkt\/stojak-telekomunikacyjny-serii-sn-set\/#primaryimage"},"thumbnailUrl":"https:\/\/steelnet.ua\/wp-content\/uploads\/2020\/12\/SN_Zmo_42U_00_02_HCH_Stoy-ka_42U_STIY-KA_TELEKOMUNIKATSIY-NA_SERII-3.jpg","datePublished":"2020-12-28T21:05:40+00:00","breadcrumb":{"@id":"https:\/\/steelnet.ua\/pl\/produkt\/stojak-telekomunikacyjny-serii-sn-set\/#breadcrumb"},"inLanguage":"pl-PL","potentialAction":[{"@type":"ReadAction","target":["https:\/\/steelnet.ua\/pl\/produkt\/stojak-telekomunikacyjny-serii-sn-set\/"]}]},{"@type":"ImageObject","inLanguage":"pl-PL","@id":"https:\/\/steelnet.ua\/pl\/produkt\/stojak-telekomunikacyjny-serii-sn-set\/#primaryimage","url":"https:\/\/steelnet.ua\/wp-content\/uploads\/2020\/12\/SN_Zmo_42U_00_02_HCH_Stoy-ka_42U_STIY-KA_TELEKOMUNIKATSIY-NA_SERII-3.jpg","contentUrl":"https:\/\/steelnet.ua\/wp-content\/uploads\/2020\/12\/SN_Zmo_42U_00_02_HCH_Stoy-ka_42U_STIY-KA_TELEKOMUNIKATSIY-NA_SERII-3.jpg","width":1200,"height":1200},{"@type":"BreadcrumbList","@id":"https:\/\/steelnet.ua\/pl\/produkt\/stojak-telekomunikacyjny-serii-sn-set\/#breadcrumb","itemListElement":[{"@type":"ListItem","position":1,"name":"\u0413\u043e\u043b\u043e\u0432\u043d\u0430 \u0421\u0442\u043e\u0440\u0456\u043d\u043a\u0430","item":"https:\/\/steelnet.ua\/"},{"@type":"ListItem","position":2,"name":"\u041c\u0430\u0433\u0430\u0437\u0438\u043d","item":"https:\/\/steelnet.ua\/shop\/"},{"@type":"ListItem","position":3,"name":"STOJAK TELEKOMUNIKACYJNY SERII SN SET"}]},{"@type":"WebSite","@id":"https:\/\/steelnet.ua\/#website","url":"https:\/\/steelnet.ua\/","name":"SteelNet","description":"\u041c\u0435\u0442\u0430\u043b\u043e\u043a\u043e\u043d\u0441\u0442\u0440\u0443\u043a\u0446\u0456\u0457 \u0442\u0430 \u0442\u0435\u043b\u0435\u043a\u043e\u043c \u043e\u0431\u043b\u0430\u0434\u043d\u0430\u043d\u043d\u044f","potentialAction":[{"@type":"SearchAction","target":{"@type":"EntryPoint","urlTemplate":"https:\/\/steelnet.ua\/?s={search_term_string}"},"query-input":{"@type":"PropertyValueSpecification","valueRequired":true,"valueName":"search_term_string"}}],"inLanguage":"pl-PL"}]}},"_links":{"self":[{"href":"https:\/\/steelnet.ua\/pl\/wp-json\/wp\/v2\/product\/10187","targetHints":{"allow":["GET"]}}],"collection":[{"href":"https:\/\/steelnet.ua\/pl\/wp-json\/wp\/v2\/product"}],"about":[{"href":"https:\/\/steelnet.ua\/pl\/wp-json\/wp\/v2\/types\/product"}],"replies":[{"embeddable":true,"href":"https:\/\/steelnet.ua\/pl\/wp-json\/wp\/v2\/comments?post=10187"}],"wp:featuredmedia":[{"embeddable":true,"href":"https:\/\/steelnet.ua\/pl\/wp-json\/wp\/v2\/media\/10198"}],"wp:attachment":[{"href":"https:\/\/steelnet.ua\/pl\/wp-json\/wp\/v2\/media?parent=10187"}],"wp:term":[{"taxonomy":"product_cat","embeddable":true,"href":"https:\/\/steelnet.ua\/pl\/wp-json\/wp\/v2\/product_cat?post=10187"},{"taxonomy":"product_tag","embeddable":true,"href":"https:\/\/steelnet.ua\/pl\/wp-json\/wp\/v2\/product_tag?post=10187"}],"curies":[{"name":"wp","href":"https:\/\/api.w.org\/{rel}","templated":true}]}}