{"id":10185,"date":"2020-12-28T23:03:54","date_gmt":"2020-12-28T21:03:54","guid":{"rendered":"https:\/\/steelnet.ua\/product\/stojak-telekomunikacyjny-serii-iron\/"},"modified":"2020-12-28T23:03:54","modified_gmt":"2020-12-28T21:03:54","slug":"stojak-telekomunikacyjny-serii-iron","status":"publish","type":"product","link":"https:\/\/steelnet.ua\/pl\/produkt\/stojak-telekomunikacyjny-serii-iron\/","title":{"rendered":"STOJAK TELEKOMUNIKACYJNY SERII IRON"},"content":{"rendered":"<p>Stojaki telekomunikacyjne serii SN Iron przeznaczone s\u0105 do monta\u017cu aktywnych i pasywnych urz\u0105dze\u0144 telekomunikacyjnych.<\/p>\n<p>Stojaki znajduj\u0105 zastosowanie w przypadkach, gdy priorytetem jest dost\u0119p i \u0142atwo\u015b\u0107 obs\u0142ugi zainstalowanego sprz\u0119tu.<\/p>\n<p>G\u0142\u00f3wn\u0105 zalet\u0105 tej serii stojak\u00f3w jest mo\u017cliwo\u015b\u0107 regulacji g\u0142\u0119boko\u015bci w zakresie od 600 do 1000 mm. Krok regulacji stojak\u00f3w wynosi 100 mm. W zwi\u0105zku z tym, w razie potrzeby, mo\u017cna zainstalowa\u0107 na stojaku sprz\u0119t o r\u00f3\u017cnej g\u0142\u0119boko\u015bci, zamiast kupowa\u0107 kilka stojak\u00f3w oddzielnie dla ka\u017cdej g\u0142\u0119boko\u015bci sprz\u0119tu.<\/p>\n<p>Stojak wykonany jest z blachy o grubo\u015bci 2 mm, co pozwala mu wytrzyma\u0107 sprz\u0119t o maksymalnym roz\u0142o\u017conym obci\u0105\u017ceniu statycznym do 900 kg. Seria stojak\u00f3w SN Iron obejmuje wysoko\u015bci od 24U do 46U.<\/p>\n<h3>Parametry techniczne*:<\/h3>\n<p>\u2013 dwu\u015bcienne<\/p>\n<p>\u2013 wysoko\u015b\u0107 robocza, U: 24, 42, 46<\/p>\n<p>\u2013 szeroko\u015b\u0107: 550 mm.<\/p>\n<p>\u2013 g\u0142\u0119boko\u015b\u0107 regulowana od 600 do 1000 mm<\/p>\n<p>\u2013 konstrukcja: sk\u0142adana, blacha stalowa S = 2 mm<\/p>\n<p>\u2013 stojak monta\u017cowy: blacha stalowa S = 2 mm<\/p>\n<p>&#8211; krok regulacji stojak\u00f3w monta\u017cowych: 100 mm.<\/p>\n<p>\u2013 pow\u0142oka: proszkowo-polimerowa<\/p>\n<p>\u2013 Kolor w dw\u00f3ch wersjach:<\/p>\n<p>RAL 7035 (jasnoszary)<\/p>\n<p>RAL 9005 (czarny)<\/p>\n<p>\u2013 rodzaj wykonania: stoj\u0105cy<\/p>\n<p>\u2013 stojaki montowane s\u0105 na profilowanych nogach z regulacj\u0105 wysoko\u015bci<\/p>\n<p>\u2013 maksymalne dopuszczalne roz\u0142o\u017cone obci\u0105\u017cenie statyczne: 900 kg<\/p>\n<p>&nbsp;<\/p>\n<p>* Warianty o indywidualnej charakterystyce dost\u0119pne na zam\u00f3wienie<\/p>\n<p>&nbsp;<\/p>\n<h3>Przyk\u0142ad oznaczenia:<\/h3>\n<p>19 SN Iron 42U-06-05-2R-7035<br \/>\n19 SN Iron 42U-06-06\/10-2R-9005<\/p>\n","protected":false},"excerpt":{"rendered":"<p>Stojaki telekomunikacyjne serii SN Iron przeznaczone s\u0105 do monta\u017cu aktywnych i pasywnych urz\u0105dze\u0144 telekomunikacyjnych. Stojaki znajduj\u0105 zastosowanie w przypadkach, gdy priorytetem jest dost\u0119p i \u0142atwo\u015b\u0107 obs\u0142ugi zainstalowanego sprz\u0119tu. G\u0142\u00f3wn\u0105 zalet\u0105 tej serii stojak\u00f3w jest mo\u017cliwo\u015b\u0107 regulacji g\u0142\u0119boko\u015bci w zakresie od 600 do 1000 mm. Krok regulacji stojak\u00f3w wynosi 100 mm. W zwi\u0105zku z tym, w [&hellip;]<\/p>\n","protected":false},"featured_media":10186,"comment_status":"open","ping_status":"closed","template":"","meta":{"inline_featured_image":false},"product_cat":[],"product_tag":[],"class_list":{"0":"post-10185","1":"product","2":"type-product","3":"status-publish","4":"has-post-thumbnail","7":"first","8":"instock","9":"shipping-taxable","10":"product-type-simple"},"yoast_head":"<!-- This site is optimized with the Yoast SEO plugin v27.3 - https:\/\/yoast.com\/product\/yoast-seo-wordpress\/ -->\n<title>STOJAK TELEKOMUNIKACYJNY SERII IRON - SteelNet<\/title>\n<meta name=\"robots\" content=\"index, follow, max-snippet:-1, max-image-preview:large, max-video-preview:-1\" \/>\n<link rel=\"canonical\" href=\"https:\/\/steelnet.ua\/pl\/produkt\/stojak-telekomunikacyjny-serii-iron\/\" \/>\n<meta property=\"og:locale\" content=\"pl_PL\" \/>\n<meta property=\"og:type\" content=\"article\" \/>\n<meta property=\"og:title\" content=\"STOJAK TELEKOMUNIKACYJNY SERII IRON - SteelNet\" \/>\n<meta property=\"og:description\" content=\"Stojaki telekomunikacyjne serii SN Iron przeznaczone s\u0105 do monta\u017cu aktywnych i pasywnych urz\u0105dze\u0144 telekomunikacyjnych. Stojaki znajduj\u0105 zastosowanie w przypadkach, gdy priorytetem jest dost\u0119p i \u0142atwo\u015b\u0107 obs\u0142ugi zainstalowanego sprz\u0119tu. G\u0142\u00f3wn\u0105 zalet\u0105 tej serii stojak\u00f3w jest mo\u017cliwo\u015b\u0107 regulacji g\u0142\u0119boko\u015bci w zakresie od 600 do 1000 mm. Krok regulacji stojak\u00f3w wynosi 100 mm. W zwi\u0105zku z tym, w [&hellip;]\" \/>\n<meta property=\"og:url\" content=\"https:\/\/steelnet.ua\/pl\/produkt\/stojak-telekomunikacyjny-serii-iron\/\" \/>\n<meta property=\"og:site_name\" content=\"SteelNet\" \/>\n<meta property=\"og:image\" content=\"https:\/\/steelnet.ua\/wp-content\/uploads\/2020\/12\/lara_product_70.jpg\" \/>\n\t<meta property=\"og:image:width\" content=\"800\" \/>\n\t<meta property=\"og:image:height\" content=\"800\" \/>\n\t<meta property=\"og:image:type\" content=\"image\/jpeg\" \/>\n<meta name=\"twitter:card\" content=\"summary_large_image\" \/>\n<meta name=\"twitter:label1\" content=\"Szacowany czas czytania\" \/>\n\t<meta name=\"twitter:data1\" content=\"1 minuta\" \/>\n<script type=\"application\/ld+json\" class=\"yoast-schema-graph\">{\"@context\":\"https:\\\/\\\/schema.org\",\"@graph\":[{\"@type\":\"WebPage\",\"@id\":\"https:\\\/\\\/steelnet.ua\\\/pl\\\/produkt\\\/stojak-telekomunikacyjny-serii-iron\\\/\",\"url\":\"https:\\\/\\\/steelnet.ua\\\/pl\\\/produkt\\\/stojak-telekomunikacyjny-serii-iron\\\/\",\"name\":\"STOJAK TELEKOMUNIKACYJNY SERII IRON - SteelNet\",\"isPartOf\":{\"@id\":\"https:\\\/\\\/steelnet.ua\\\/#website\"},\"primaryImageOfPage\":{\"@id\":\"https:\\\/\\\/steelnet.ua\\\/pl\\\/produkt\\\/stojak-telekomunikacyjny-serii-iron\\\/#primaryimage\"},\"image\":{\"@id\":\"https:\\\/\\\/steelnet.ua\\\/pl\\\/produkt\\\/stojak-telekomunikacyjny-serii-iron\\\/#primaryimage\"},\"thumbnailUrl\":\"https:\\\/\\\/steelnet.ua\\\/wp-content\\\/uploads\\\/2020\\\/12\\\/lara_product_70.jpg\",\"datePublished\":\"2020-12-28T21:03:54+00:00\",\"breadcrumb\":{\"@id\":\"https:\\\/\\\/steelnet.ua\\\/pl\\\/produkt\\\/stojak-telekomunikacyjny-serii-iron\\\/#breadcrumb\"},\"inLanguage\":\"pl-PL\",\"potentialAction\":[{\"@type\":\"ReadAction\",\"target\":[\"https:\\\/\\\/steelnet.ua\\\/pl\\\/produkt\\\/stojak-telekomunikacyjny-serii-iron\\\/\"]}]},{\"@type\":\"ImageObject\",\"inLanguage\":\"pl-PL\",\"@id\":\"https:\\\/\\\/steelnet.ua\\\/pl\\\/produkt\\\/stojak-telekomunikacyjny-serii-iron\\\/#primaryimage\",\"url\":\"https:\\\/\\\/steelnet.ua\\\/wp-content\\\/uploads\\\/2020\\\/12\\\/lara_product_70.jpg\",\"contentUrl\":\"https:\\\/\\\/steelnet.ua\\\/wp-content\\\/uploads\\\/2020\\\/12\\\/lara_product_70.jpg\",\"width\":800,\"height\":800},{\"@type\":\"BreadcrumbList\",\"@id\":\"https:\\\/\\\/steelnet.ua\\\/pl\\\/produkt\\\/stojak-telekomunikacyjny-serii-iron\\\/#breadcrumb\",\"itemListElement\":[{\"@type\":\"ListItem\",\"position\":1,\"name\":\"\u0413\u043e\u043b\u043e\u0432\u043d\u0430 \u0421\u0442\u043e\u0440\u0456\u043d\u043a\u0430\",\"item\":\"https:\\\/\\\/steelnet.ua\\\/\"},{\"@type\":\"ListItem\",\"position\":2,\"name\":\"\u041c\u0430\u0433\u0430\u0437\u0438\u043d\",\"item\":\"https:\\\/\\\/steelnet.ua\\\/shop\\\/\"},{\"@type\":\"ListItem\",\"position\":3,\"name\":\"STOJAK TELEKOMUNIKACYJNY SERII IRON\"}]},{\"@type\":\"WebSite\",\"@id\":\"https:\\\/\\\/steelnet.ua\\\/#website\",\"url\":\"https:\\\/\\\/steelnet.ua\\\/\",\"name\":\"SteelNet\",\"description\":\"\u041c\u0435\u0442\u0430\u043b\u043e\u043a\u043e\u043d\u0441\u0442\u0440\u0443\u043a\u0446\u0456\u0457 \u0442\u0430 \u0442\u0435\u043b\u0435\u043a\u043e\u043c \u043e\u0431\u043b\u0430\u0434\u043d\u0430\u043d\u043d\u044f\",\"potentialAction\":[{\"@type\":\"SearchAction\",\"target\":{\"@type\":\"EntryPoint\",\"urlTemplate\":\"https:\\\/\\\/steelnet.ua\\\/?s={search_term_string}\"},\"query-input\":{\"@type\":\"PropertyValueSpecification\",\"valueRequired\":true,\"valueName\":\"search_term_string\"}}],\"inLanguage\":\"pl-PL\"}]}<\/script>\n<!-- \/ Yoast SEO plugin. -->","yoast_head_json":{"title":"STOJAK TELEKOMUNIKACYJNY SERII IRON - SteelNet","robots":{"index":"index","follow":"follow","max-snippet":"max-snippet:-1","max-image-preview":"max-image-preview:large","max-video-preview":"max-video-preview:-1"},"canonical":"https:\/\/steelnet.ua\/pl\/produkt\/stojak-telekomunikacyjny-serii-iron\/","og_locale":"pl_PL","og_type":"article","og_title":"STOJAK TELEKOMUNIKACYJNY SERII IRON - SteelNet","og_description":"Stojaki telekomunikacyjne serii SN Iron przeznaczone s\u0105 do monta\u017cu aktywnych i pasywnych urz\u0105dze\u0144 telekomunikacyjnych. Stojaki znajduj\u0105 zastosowanie w przypadkach, gdy priorytetem jest dost\u0119p i \u0142atwo\u015b\u0107 obs\u0142ugi zainstalowanego sprz\u0119tu. G\u0142\u00f3wn\u0105 zalet\u0105 tej serii stojak\u00f3w jest mo\u017cliwo\u015b\u0107 regulacji g\u0142\u0119boko\u015bci w zakresie od 600 do 1000 mm. Krok regulacji stojak\u00f3w wynosi 100 mm. W zwi\u0105zku z tym, w [&hellip;]","og_url":"https:\/\/steelnet.ua\/pl\/produkt\/stojak-telekomunikacyjny-serii-iron\/","og_site_name":"SteelNet","og_image":[{"width":800,"height":800,"url":"https:\/\/steelnet.ua\/wp-content\/uploads\/2020\/12\/lara_product_70.jpg","type":"image\/jpeg"}],"twitter_card":"summary_large_image","twitter_misc":{"Szacowany czas czytania":"1 minuta"},"schema":{"@context":"https:\/\/schema.org","@graph":[{"@type":"WebPage","@id":"https:\/\/steelnet.ua\/pl\/produkt\/stojak-telekomunikacyjny-serii-iron\/","url":"https:\/\/steelnet.ua\/pl\/produkt\/stojak-telekomunikacyjny-serii-iron\/","name":"STOJAK TELEKOMUNIKACYJNY SERII IRON - SteelNet","isPartOf":{"@id":"https:\/\/steelnet.ua\/#website"},"primaryImageOfPage":{"@id":"https:\/\/steelnet.ua\/pl\/produkt\/stojak-telekomunikacyjny-serii-iron\/#primaryimage"},"image":{"@id":"https:\/\/steelnet.ua\/pl\/produkt\/stojak-telekomunikacyjny-serii-iron\/#primaryimage"},"thumbnailUrl":"https:\/\/steelnet.ua\/wp-content\/uploads\/2020\/12\/lara_product_70.jpg","datePublished":"2020-12-28T21:03:54+00:00","breadcrumb":{"@id":"https:\/\/steelnet.ua\/pl\/produkt\/stojak-telekomunikacyjny-serii-iron\/#breadcrumb"},"inLanguage":"pl-PL","potentialAction":[{"@type":"ReadAction","target":["https:\/\/steelnet.ua\/pl\/produkt\/stojak-telekomunikacyjny-serii-iron\/"]}]},{"@type":"ImageObject","inLanguage":"pl-PL","@id":"https:\/\/steelnet.ua\/pl\/produkt\/stojak-telekomunikacyjny-serii-iron\/#primaryimage","url":"https:\/\/steelnet.ua\/wp-content\/uploads\/2020\/12\/lara_product_70.jpg","contentUrl":"https:\/\/steelnet.ua\/wp-content\/uploads\/2020\/12\/lara_product_70.jpg","width":800,"height":800},{"@type":"BreadcrumbList","@id":"https:\/\/steelnet.ua\/pl\/produkt\/stojak-telekomunikacyjny-serii-iron\/#breadcrumb","itemListElement":[{"@type":"ListItem","position":1,"name":"\u0413\u043e\u043b\u043e\u0432\u043d\u0430 \u0421\u0442\u043e\u0440\u0456\u043d\u043a\u0430","item":"https:\/\/steelnet.ua\/"},{"@type":"ListItem","position":2,"name":"\u041c\u0430\u0433\u0430\u0437\u0438\u043d","item":"https:\/\/steelnet.ua\/shop\/"},{"@type":"ListItem","position":3,"name":"STOJAK TELEKOMUNIKACYJNY SERII IRON"}]},{"@type":"WebSite","@id":"https:\/\/steelnet.ua\/#website","url":"https:\/\/steelnet.ua\/","name":"SteelNet","description":"\u041c\u0435\u0442\u0430\u043b\u043e\u043a\u043e\u043d\u0441\u0442\u0440\u0443\u043a\u0446\u0456\u0457 \u0442\u0430 \u0442\u0435\u043b\u0435\u043a\u043e\u043c \u043e\u0431\u043b\u0430\u0434\u043d\u0430\u043d\u043d\u044f","potentialAction":[{"@type":"SearchAction","target":{"@type":"EntryPoint","urlTemplate":"https:\/\/steelnet.ua\/?s={search_term_string}"},"query-input":{"@type":"PropertyValueSpecification","valueRequired":true,"valueName":"search_term_string"}}],"inLanguage":"pl-PL"}]}},"_links":{"self":[{"href":"https:\/\/steelnet.ua\/pl\/wp-json\/wp\/v2\/product\/10185","targetHints":{"allow":["GET"]}}],"collection":[{"href":"https:\/\/steelnet.ua\/pl\/wp-json\/wp\/v2\/product"}],"about":[{"href":"https:\/\/steelnet.ua\/pl\/wp-json\/wp\/v2\/types\/product"}],"replies":[{"embeddable":true,"href":"https:\/\/steelnet.ua\/pl\/wp-json\/wp\/v2\/comments?post=10185"}],"wp:featuredmedia":[{"embeddable":true,"href":"https:\/\/steelnet.ua\/pl\/wp-json\/wp\/v2\/media\/10186"}],"wp:attachment":[{"href":"https:\/\/steelnet.ua\/pl\/wp-json\/wp\/v2\/media?parent=10185"}],"wp:term":[{"taxonomy":"product_cat","embeddable":true,"href":"https:\/\/steelnet.ua\/pl\/wp-json\/wp\/v2\/product_cat?post=10185"},{"taxonomy":"product_tag","embeddable":true,"href":"https:\/\/steelnet.ua\/pl\/wp-json\/wp\/v2\/product_tag?post=10185"}],"curies":[{"name":"wp","href":"https:\/\/api.w.org\/{rel}","templated":true}]}}