{"id":10178,"date":"2024-09-10T16:17:08","date_gmt":"2024-09-10T13:17:08","guid":{"rendered":"https:\/\/steelnet.ua\/product\/kontener-technologiczny-do-umieszczania-i-obslugi-urzadzen-telekomunikacyjnych\/"},"modified":"2024-09-10T16:17:08","modified_gmt":"2024-09-10T13:17:08","slug":"kontener-technologiczny-do-umieszczania-i-obslugi-urzadzen-telekomunikacyjnych","status":"publish","type":"product","link":"https:\/\/steelnet.ua\/pl\/produkt\/kontener-technologiczny-do-umieszczania-i-obslugi-urzadzen-telekomunikacyjnych\/","title":{"rendered":"Kontener technologiczny do umieszczania i obs\u0142ugi urz\u0105dze\u0144 telekomunikacyjnych"},"content":{"rendered":"<p>Kontener technologiczny przeznaczony jest do umieszczania i eksploatacji urz\u0105dze\u0144 telekomunikacyjnych w ka\u017cdych warunkach klimatycznych. Kontener technologiczny jest wykonany w rozmiarze 20-stopowego kontenera morskiego. Konstrukcja antyw\u0142amaniowa kontenera zapobiega kradzie\u017cy i celowemu uszkodzeniu zainstalowanego w nim sprz\u0119tu. Kontener umo\u017cliwia pod\u0142\u0105czenie obci\u0105\u017cenia z d\u0142awika 380 V. W razie potrzeby kontener jest wyposa\u017cony w z\u0142\u0105cze do pod\u0142\u0105czenia zewn\u0119trznego pilota zdalnego sterowania. Kontener jest przeznaczony do transportu drogowego.<\/p>\n<p>Typowe zastosowania obejmuj\u0105 umieszczanie sprz\u0119tu telekomunikacyjnego operator\u00f3w telekomunikacyjnych, system\u00f3w komunikacji bezprzewodowej, telewizji kablowej, cyfrowych linii kablowych i sieci bezprzewodowych, a tak\u017ce system\u00f3w zasilania z akumulatorami.<\/p>\n<p>Kontener technologiczny jest wyposa\u017cony w szaf\u0119 wej\u015bciow\u0105, szaf\u0119 dystrybucyjn\u0105 i system o\u015bwietlenia zgodnie ze specyfikacj\u0105 techniczn\u0105.<\/p>\n<p>Kontener technologiczny mo\u017ce by\u0107 r\u00f3wnie\u017c wyposa\u017cony w nast\u0119puj\u0105ce warianty system\u00f3w klimatycznych:<\/p>\n<ol>\n<li>System zamra\u017cania \u2013 8 kW \/ 12 kW \/ 24 kW;<\/li>\n<li>System klimatyzacji \u2013 8 kW \/ 12 kW \/ 24 kW;<\/li>\n<\/ol>\n","protected":false},"excerpt":{"rendered":"<p>Kontener technologiczny przeznaczony jest do umieszczania i eksploatacji urz\u0105dze\u0144 telekomunikacyjnych w ka\u017cdych warunkach klimatycznych. Kontener technologiczny jest wykonany w rozmiarze 20-stopowego kontenera morskiego. Konstrukcja antyw\u0142amaniowa kontenera zapobiega kradzie\u017cy i celowemu uszkodzeniu zainstalowanego w nim sprz\u0119tu. Kontener umo\u017cliwia pod\u0142\u0105czenie obci\u0105\u017cenia z d\u0142awika 380 V. W razie potrzeby kontener jest wyposa\u017cony w z\u0142\u0105cze do pod\u0142\u0105czenia zewn\u0119trznego pilota [&hellip;]<\/p>\n","protected":false},"featured_media":10179,"comment_status":"open","ping_status":"closed","template":"","meta":{"inline_featured_image":false},"product_cat":[15],"product_tag":[],"class_list":{"0":"post-10178","1":"product","2":"type-product","3":"status-publish","4":"has-post-thumbnail","6":"product_cat-bez-katehorii","8":"first","9":"instock","10":"shipping-taxable","11":"product-type-simple"},"yoast_head":"<!-- This site is optimized with the Yoast SEO plugin v27.3 - https:\/\/yoast.com\/product\/yoast-seo-wordpress\/ -->\n<title>Kontener technologiczny do umieszczania i obs\u0142ugi urz\u0105dze\u0144 telekomunikacyjnych - SteelNet<\/title>\n<meta name=\"robots\" content=\"index, follow, max-snippet:-1, max-image-preview:large, max-video-preview:-1\" \/>\n<link rel=\"canonical\" href=\"https:\/\/steelnet.ua\/pl\/produkt\/kontener-technologiczny-do-umieszczania-i-obslugi-urzadzen-telekomunikacyjnych\/\" \/>\n<meta property=\"og:locale\" content=\"pl_PL\" \/>\n<meta property=\"og:type\" content=\"article\" \/>\n<meta property=\"og:title\" content=\"Kontener technologiczny do umieszczania i obs\u0142ugi urz\u0105dze\u0144 telekomunikacyjnych - SteelNet\" \/>\n<meta property=\"og:description\" content=\"Kontener technologiczny przeznaczony jest do umieszczania i eksploatacji urz\u0105dze\u0144 telekomunikacyjnych w ka\u017cdych warunkach klimatycznych. Kontener technologiczny jest wykonany w rozmiarze 20-stopowego kontenera morskiego. Konstrukcja antyw\u0142amaniowa kontenera zapobiega kradzie\u017cy i celowemu uszkodzeniu zainstalowanego w nim sprz\u0119tu. Kontener umo\u017cliwia pod\u0142\u0105czenie obci\u0105\u017cenia z d\u0142awika 380 V. W razie potrzeby kontener jest wyposa\u017cony w z\u0142\u0105cze do pod\u0142\u0105czenia zewn\u0119trznego pilota [&hellip;]\" \/>\n<meta property=\"og:url\" content=\"https:\/\/steelnet.ua\/pl\/produkt\/kontener-technologiczny-do-umieszczania-i-obslugi-urzadzen-telekomunikacyjnych\/\" \/>\n<meta property=\"og:site_name\" content=\"SteelNet\" \/>\n<meta property=\"og:image\" content=\"https:\/\/steelnet.ua\/wp-content\/uploads\/2024\/09\/DSC_2256.jpg\" \/>\n\t<meta property=\"og:image:width\" content=\"1200\" \/>\n\t<meta property=\"og:image:height\" content=\"1200\" \/>\n\t<meta property=\"og:image:type\" content=\"image\/jpeg\" \/>\n<meta name=\"twitter:card\" content=\"summary_large_image\" \/>\n<meta name=\"twitter:label1\" content=\"Szacowany czas czytania\" \/>\n\t<meta name=\"twitter:data1\" content=\"1 minuta\" \/>\n<script type=\"application\/ld+json\" class=\"yoast-schema-graph\">{\"@context\":\"https:\\\/\\\/schema.org\",\"@graph\":[{\"@type\":\"WebPage\",\"@id\":\"https:\\\/\\\/steelnet.ua\\\/pl\\\/produkt\\\/kontener-technologiczny-do-umieszczania-i-obslugi-urzadzen-telekomunikacyjnych\\\/\",\"url\":\"https:\\\/\\\/steelnet.ua\\\/pl\\\/produkt\\\/kontener-technologiczny-do-umieszczania-i-obslugi-urzadzen-telekomunikacyjnych\\\/\",\"name\":\"Kontener technologiczny do umieszczania i obs\u0142ugi urz\u0105dze\u0144 telekomunikacyjnych - SteelNet\",\"isPartOf\":{\"@id\":\"https:\\\/\\\/steelnet.ua\\\/#website\"},\"primaryImageOfPage\":{\"@id\":\"https:\\\/\\\/steelnet.ua\\\/pl\\\/produkt\\\/kontener-technologiczny-do-umieszczania-i-obslugi-urzadzen-telekomunikacyjnych\\\/#primaryimage\"},\"image\":{\"@id\":\"https:\\\/\\\/steelnet.ua\\\/pl\\\/produkt\\\/kontener-technologiczny-do-umieszczania-i-obslugi-urzadzen-telekomunikacyjnych\\\/#primaryimage\"},\"thumbnailUrl\":\"https:\\\/\\\/steelnet.ua\\\/wp-content\\\/uploads\\\/2024\\\/09\\\/DSC_2256.jpg\",\"datePublished\":\"2024-09-10T13:17:08+00:00\",\"breadcrumb\":{\"@id\":\"https:\\\/\\\/steelnet.ua\\\/pl\\\/produkt\\\/kontener-technologiczny-do-umieszczania-i-obslugi-urzadzen-telekomunikacyjnych\\\/#breadcrumb\"},\"inLanguage\":\"pl-PL\",\"potentialAction\":[{\"@type\":\"ReadAction\",\"target\":[\"https:\\\/\\\/steelnet.ua\\\/pl\\\/produkt\\\/kontener-technologiczny-do-umieszczania-i-obslugi-urzadzen-telekomunikacyjnych\\\/\"]}]},{\"@type\":\"ImageObject\",\"inLanguage\":\"pl-PL\",\"@id\":\"https:\\\/\\\/steelnet.ua\\\/pl\\\/produkt\\\/kontener-technologiczny-do-umieszczania-i-obslugi-urzadzen-telekomunikacyjnych\\\/#primaryimage\",\"url\":\"https:\\\/\\\/steelnet.ua\\\/wp-content\\\/uploads\\\/2024\\\/09\\\/DSC_2256.jpg\",\"contentUrl\":\"https:\\\/\\\/steelnet.ua\\\/wp-content\\\/uploads\\\/2024\\\/09\\\/DSC_2256.jpg\",\"width\":1200,\"height\":1200},{\"@type\":\"BreadcrumbList\",\"@id\":\"https:\\\/\\\/steelnet.ua\\\/pl\\\/produkt\\\/kontener-technologiczny-do-umieszczania-i-obslugi-urzadzen-telekomunikacyjnych\\\/#breadcrumb\",\"itemListElement\":[{\"@type\":\"ListItem\",\"position\":1,\"name\":\"\u0413\u043e\u043b\u043e\u0432\u043d\u0430 \u0421\u0442\u043e\u0440\u0456\u043d\u043a\u0430\",\"item\":\"https:\\\/\\\/steelnet.ua\\\/\"},{\"@type\":\"ListItem\",\"position\":2,\"name\":\"\u041c\u0430\u0433\u0430\u0437\u0438\u043d\",\"item\":\"https:\\\/\\\/steelnet.ua\\\/shop\\\/\"},{\"@type\":\"ListItem\",\"position\":3,\"name\":\"Kontener technologiczny do umieszczania i obs\u0142ugi urz\u0105dze\u0144 telekomunikacyjnych\"}]},{\"@type\":\"WebSite\",\"@id\":\"https:\\\/\\\/steelnet.ua\\\/#website\",\"url\":\"https:\\\/\\\/steelnet.ua\\\/\",\"name\":\"SteelNet\",\"description\":\"\u041c\u0435\u0442\u0430\u043b\u043e\u043a\u043e\u043d\u0441\u0442\u0440\u0443\u043a\u0446\u0456\u0457 \u0442\u0430 \u0442\u0435\u043b\u0435\u043a\u043e\u043c \u043e\u0431\u043b\u0430\u0434\u043d\u0430\u043d\u043d\u044f\",\"potentialAction\":[{\"@type\":\"SearchAction\",\"target\":{\"@type\":\"EntryPoint\",\"urlTemplate\":\"https:\\\/\\\/steelnet.ua\\\/?s={search_term_string}\"},\"query-input\":{\"@type\":\"PropertyValueSpecification\",\"valueRequired\":true,\"valueName\":\"search_term_string\"}}],\"inLanguage\":\"pl-PL\"}]}<\/script>\n<!-- \/ Yoast SEO plugin. -->","yoast_head_json":{"title":"Kontener technologiczny do umieszczania i obs\u0142ugi urz\u0105dze\u0144 telekomunikacyjnych - SteelNet","robots":{"index":"index","follow":"follow","max-snippet":"max-snippet:-1","max-image-preview":"max-image-preview:large","max-video-preview":"max-video-preview:-1"},"canonical":"https:\/\/steelnet.ua\/pl\/produkt\/kontener-technologiczny-do-umieszczania-i-obslugi-urzadzen-telekomunikacyjnych\/","og_locale":"pl_PL","og_type":"article","og_title":"Kontener technologiczny do umieszczania i obs\u0142ugi urz\u0105dze\u0144 telekomunikacyjnych - SteelNet","og_description":"Kontener technologiczny przeznaczony jest do umieszczania i eksploatacji urz\u0105dze\u0144 telekomunikacyjnych w ka\u017cdych warunkach klimatycznych. Kontener technologiczny jest wykonany w rozmiarze 20-stopowego kontenera morskiego. Konstrukcja antyw\u0142amaniowa kontenera zapobiega kradzie\u017cy i celowemu uszkodzeniu zainstalowanego w nim sprz\u0119tu. Kontener umo\u017cliwia pod\u0142\u0105czenie obci\u0105\u017cenia z d\u0142awika 380 V. W razie potrzeby kontener jest wyposa\u017cony w z\u0142\u0105cze do pod\u0142\u0105czenia zewn\u0119trznego pilota [&hellip;]","og_url":"https:\/\/steelnet.ua\/pl\/produkt\/kontener-technologiczny-do-umieszczania-i-obslugi-urzadzen-telekomunikacyjnych\/","og_site_name":"SteelNet","og_image":[{"width":1200,"height":1200,"url":"https:\/\/steelnet.ua\/wp-content\/uploads\/2024\/09\/DSC_2256.jpg","type":"image\/jpeg"}],"twitter_card":"summary_large_image","twitter_misc":{"Szacowany czas czytania":"1 minuta"},"schema":{"@context":"https:\/\/schema.org","@graph":[{"@type":"WebPage","@id":"https:\/\/steelnet.ua\/pl\/produkt\/kontener-technologiczny-do-umieszczania-i-obslugi-urzadzen-telekomunikacyjnych\/","url":"https:\/\/steelnet.ua\/pl\/produkt\/kontener-technologiczny-do-umieszczania-i-obslugi-urzadzen-telekomunikacyjnych\/","name":"Kontener technologiczny do umieszczania i obs\u0142ugi urz\u0105dze\u0144 telekomunikacyjnych - SteelNet","isPartOf":{"@id":"https:\/\/steelnet.ua\/#website"},"primaryImageOfPage":{"@id":"https:\/\/steelnet.ua\/pl\/produkt\/kontener-technologiczny-do-umieszczania-i-obslugi-urzadzen-telekomunikacyjnych\/#primaryimage"},"image":{"@id":"https:\/\/steelnet.ua\/pl\/produkt\/kontener-technologiczny-do-umieszczania-i-obslugi-urzadzen-telekomunikacyjnych\/#primaryimage"},"thumbnailUrl":"https:\/\/steelnet.ua\/wp-content\/uploads\/2024\/09\/DSC_2256.jpg","datePublished":"2024-09-10T13:17:08+00:00","breadcrumb":{"@id":"https:\/\/steelnet.ua\/pl\/produkt\/kontener-technologiczny-do-umieszczania-i-obslugi-urzadzen-telekomunikacyjnych\/#breadcrumb"},"inLanguage":"pl-PL","potentialAction":[{"@type":"ReadAction","target":["https:\/\/steelnet.ua\/pl\/produkt\/kontener-technologiczny-do-umieszczania-i-obslugi-urzadzen-telekomunikacyjnych\/"]}]},{"@type":"ImageObject","inLanguage":"pl-PL","@id":"https:\/\/steelnet.ua\/pl\/produkt\/kontener-technologiczny-do-umieszczania-i-obslugi-urzadzen-telekomunikacyjnych\/#primaryimage","url":"https:\/\/steelnet.ua\/wp-content\/uploads\/2024\/09\/DSC_2256.jpg","contentUrl":"https:\/\/steelnet.ua\/wp-content\/uploads\/2024\/09\/DSC_2256.jpg","width":1200,"height":1200},{"@type":"BreadcrumbList","@id":"https:\/\/steelnet.ua\/pl\/produkt\/kontener-technologiczny-do-umieszczania-i-obslugi-urzadzen-telekomunikacyjnych\/#breadcrumb","itemListElement":[{"@type":"ListItem","position":1,"name":"\u0413\u043e\u043b\u043e\u0432\u043d\u0430 \u0421\u0442\u043e\u0440\u0456\u043d\u043a\u0430","item":"https:\/\/steelnet.ua\/"},{"@type":"ListItem","position":2,"name":"\u041c\u0430\u0433\u0430\u0437\u0438\u043d","item":"https:\/\/steelnet.ua\/shop\/"},{"@type":"ListItem","position":3,"name":"Kontener technologiczny do umieszczania i obs\u0142ugi urz\u0105dze\u0144 telekomunikacyjnych"}]},{"@type":"WebSite","@id":"https:\/\/steelnet.ua\/#website","url":"https:\/\/steelnet.ua\/","name":"SteelNet","description":"\u041c\u0435\u0442\u0430\u043b\u043e\u043a\u043e\u043d\u0441\u0442\u0440\u0443\u043a\u0446\u0456\u0457 \u0442\u0430 \u0442\u0435\u043b\u0435\u043a\u043e\u043c \u043e\u0431\u043b\u0430\u0434\u043d\u0430\u043d\u043d\u044f","potentialAction":[{"@type":"SearchAction","target":{"@type":"EntryPoint","urlTemplate":"https:\/\/steelnet.ua\/?s={search_term_string}"},"query-input":{"@type":"PropertyValueSpecification","valueRequired":true,"valueName":"search_term_string"}}],"inLanguage":"pl-PL"}]}},"_links":{"self":[{"href":"https:\/\/steelnet.ua\/pl\/wp-json\/wp\/v2\/product\/10178","targetHints":{"allow":["GET"]}}],"collection":[{"href":"https:\/\/steelnet.ua\/pl\/wp-json\/wp\/v2\/product"}],"about":[{"href":"https:\/\/steelnet.ua\/pl\/wp-json\/wp\/v2\/types\/product"}],"replies":[{"embeddable":true,"href":"https:\/\/steelnet.ua\/pl\/wp-json\/wp\/v2\/comments?post=10178"}],"wp:featuredmedia":[{"embeddable":true,"href":"https:\/\/steelnet.ua\/pl\/wp-json\/wp\/v2\/media\/10179"}],"wp:attachment":[{"href":"https:\/\/steelnet.ua\/pl\/wp-json\/wp\/v2\/media?parent=10178"}],"wp:term":[{"taxonomy":"product_cat","embeddable":true,"href":"https:\/\/steelnet.ua\/pl\/wp-json\/wp\/v2\/product_cat?post=10178"},{"taxonomy":"product_tag","embeddable":true,"href":"https:\/\/steelnet.ua\/pl\/wp-json\/wp\/v2\/product_tag?post=10178"}],"curies":[{"name":"wp","href":"https:\/\/api.w.org\/{rel}","templated":true}]}}