{"id":10161,"date":"2020-12-28T23:01:12","date_gmt":"2020-12-28T21:01:12","guid":{"rendered":"https:\/\/steelnet.ua\/product\/montowana-na-podlodze-szafa-klimatyczna-na-kazda-pogode\/"},"modified":"2020-12-28T23:01:12","modified_gmt":"2020-12-28T21:01:12","slug":"montowana-na-podlodze-szafa-klimatyczna-na-kazda-pogode","status":"publish","type":"product","link":"https:\/\/steelnet.ua\/pl\/produkt\/montowana-na-podlodze-szafa-klimatyczna-na-kazda-pogode\/","title":{"rendered":"Montowana na pod\u0142odze szafa klimatyczna na ka\u017cd\u0105 pogod\u0119"},"content":{"rendered":"<p>Montowana na pod\u0142odze szafa klimatyczna na ka\u017cd\u0105 pogod\u0119 jest przeznaczona do instalacji autonomicznie dzia\u0142aj\u0105cych aktywnych i pasywnych urz\u0105dze\u0144 telekomunikacyjnych. Zapewnia ochron\u0119 przed wp\u0142ywami \u015brodowiska i nieuprawnionym dost\u0119pem.<\/p>\n<p>Doskona\u0142e rozwi\u0105zanie dla tworzenia sieci, w kt\u00f3rych konieczne jest umieszczenie szaf na zewn\u0105trz. Stopie\u0144 ochrony wynosi IP54.<\/p>\n<p>Szafy klimatyczne pracuj\u0105 w temperaturach od -40\u00b0C do +40\u00b0C. Wymagana temperatura wewn\u0105trz szafy jest utrzymywana przez wentylatory ch\u0142odz\u0105ce i wentylator grzewczy, kt\u00f3re s\u0105 pod\u0142\u0105czone do sterownika w celu utrzymania sta\u0142ej temperatury (termostat).<\/p>\n<p>Dost\u0119pne s\u0105 modele SN-\u0428\u0422\u041a-33U-06-08-7035 (1660\u0445660\u0445860 mm) i SN-\u0428\u0422\u041a-42U-06-08-7035 (2060\u0445660\u0445860 mm).<\/p>\n<p>&nbsp;<\/p>\n<p>Przyk\u0142ad oznaczenia: Telekomunikacyjna szafa klimatyczna SN-\u0428\u0422\u041a-24U-06-08-7035.<\/p>\n<p>Wysoko\u015bci robocze: 24 U, 33 U, 42 U.<\/p>\n<p>Szeroko\u015b\u0107: 660 mm.<\/p>\n<p>G\u0142\u0119boko\u015b\u0107: 860 mm.<\/p>\n<p>Obudowa szafy: blacha stalowa 2 mm.<\/p>\n<p>Panele boczne: zdejmowane, hermetyczne.<\/p>\n<p>Panel tylny: zdejmowany, hermetyczny.<\/p>\n<p>Rodzaj izolacji: we\u0142na mineralna.<\/p>\n<p>Zamek: 5-ryglowy.<\/p>\n<p>K\u0105t otwarcia drzwi: 120\u00b0<\/p>\n<p>D\u0142awiki kablowe: 7 sztuk 22 mm; 3 sztuki 48 mm.<\/p>\n<p>Wentylatory: 4*190 m<sup>3<\/sup>\/godz.<\/p>\n<p>Moc wentylatora grzewczego: 400 W.<\/p>\n<p>Pow\u0142oka antykorozyjna i dekoracyjna: polimer proszkowy RAL 7035 (szary) lub RAL 9005 (czarny).<\/p>\n<p>Maksymalne dopuszczalne roz\u0142o\u017cone obci\u0105\u017cenie statyczne: 1000 kg.<\/p>\n<p>Stopie\u0144 ochrony: IP 54.<\/p>\n","protected":false},"excerpt":{"rendered":"<p>Montowana na pod\u0142odze szafa klimatyczna na ka\u017cd\u0105 pogod\u0119 jest przeznaczona do instalacji autonomicznie dzia\u0142aj\u0105cych aktywnych i pasywnych urz\u0105dze\u0144 telekomunikacyjnych. Zapewnia ochron\u0119 przed wp\u0142ywami \u015brodowiska i nieuprawnionym dost\u0119pem. Doskona\u0142e rozwi\u0105zanie dla tworzenia sieci, w kt\u00f3rych konieczne jest umieszczenie szaf na zewn\u0105trz. Stopie\u0144 ochrony wynosi IP54. Szafy klimatyczne pracuj\u0105 w temperaturach od -40\u00b0C do +40\u00b0C. Wymagana temperatura [&hellip;]<\/p>\n","protected":false},"featured_media":10165,"comment_status":"open","ping_status":"closed","template":"","meta":{"inline_featured_image":false},"product_cat":[],"product_tag":[],"class_list":{"0":"post-10161","1":"product","2":"type-product","3":"status-publish","4":"has-post-thumbnail","7":"first","8":"instock","9":"shipping-taxable","10":"product-type-simple"},"yoast_head":"<!-- This site is optimized with the Yoast SEO plugin v27.3 - https:\/\/yoast.com\/product\/yoast-seo-wordpress\/ -->\n<title>Montowana na pod\u0142odze szafa klimatyczna na ka\u017cd\u0105 pogod\u0119 - SteelNet<\/title>\n<meta name=\"robots\" content=\"index, follow, max-snippet:-1, max-image-preview:large, max-video-preview:-1\" \/>\n<link rel=\"canonical\" href=\"https:\/\/steelnet.ua\/pl\/produkt\/montowana-na-podlodze-szafa-klimatyczna-na-kazda-pogode\/\" \/>\n<meta property=\"og:locale\" content=\"pl_PL\" \/>\n<meta property=\"og:type\" content=\"article\" \/>\n<meta property=\"og:title\" content=\"Montowana na pod\u0142odze szafa klimatyczna na ka\u017cd\u0105 pogod\u0119 - SteelNet\" \/>\n<meta property=\"og:description\" content=\"Montowana na pod\u0142odze szafa klimatyczna na ka\u017cd\u0105 pogod\u0119 jest przeznaczona do instalacji autonomicznie dzia\u0142aj\u0105cych aktywnych i pasywnych urz\u0105dze\u0144 telekomunikacyjnych. Zapewnia ochron\u0119 przed wp\u0142ywami \u015brodowiska i nieuprawnionym dost\u0119pem. Doskona\u0142e rozwi\u0105zanie dla tworzenia sieci, w kt\u00f3rych konieczne jest umieszczenie szaf na zewn\u0105trz. Stopie\u0144 ochrony wynosi IP54. Szafy klimatyczne pracuj\u0105 w temperaturach od -40\u00b0C do +40\u00b0C. Wymagana temperatura [&hellip;]\" \/>\n<meta property=\"og:url\" content=\"https:\/\/steelnet.ua\/pl\/produkt\/montowana-na-podlodze-szafa-klimatyczna-na-kazda-pogode\/\" \/>\n<meta property=\"og:site_name\" content=\"SteelNet\" \/>\n<meta property=\"og:image\" content=\"https:\/\/steelnet.ua\/wp-content\/uploads\/2020\/12\/photo5434116142319907306.jpg\" \/>\n\t<meta property=\"og:image:width\" content=\"800\" \/>\n\t<meta property=\"og:image:height\" content=\"800\" \/>\n\t<meta property=\"og:image:type\" content=\"image\/jpeg\" \/>\n<meta name=\"twitter:card\" content=\"summary_large_image\" \/>\n<meta name=\"twitter:label1\" content=\"Szacowany czas czytania\" \/>\n\t<meta name=\"twitter:data1\" content=\"1 minuta\" \/>\n<script type=\"application\/ld+json\" class=\"yoast-schema-graph\">{\"@context\":\"https:\\\/\\\/schema.org\",\"@graph\":[{\"@type\":\"WebPage\",\"@id\":\"https:\\\/\\\/steelnet.ua\\\/pl\\\/produkt\\\/montowana-na-podlodze-szafa-klimatyczna-na-kazda-pogode\\\/\",\"url\":\"https:\\\/\\\/steelnet.ua\\\/pl\\\/produkt\\\/montowana-na-podlodze-szafa-klimatyczna-na-kazda-pogode\\\/\",\"name\":\"Montowana na pod\u0142odze szafa klimatyczna na ka\u017cd\u0105 pogod\u0119 - SteelNet\",\"isPartOf\":{\"@id\":\"https:\\\/\\\/steelnet.ua\\\/#website\"},\"primaryImageOfPage\":{\"@id\":\"https:\\\/\\\/steelnet.ua\\\/pl\\\/produkt\\\/montowana-na-podlodze-szafa-klimatyczna-na-kazda-pogode\\\/#primaryimage\"},\"image\":{\"@id\":\"https:\\\/\\\/steelnet.ua\\\/pl\\\/produkt\\\/montowana-na-podlodze-szafa-klimatyczna-na-kazda-pogode\\\/#primaryimage\"},\"thumbnailUrl\":\"https:\\\/\\\/steelnet.ua\\\/wp-content\\\/uploads\\\/2020\\\/12\\\/photo5434116142319907306.jpg\",\"datePublished\":\"2020-12-28T21:01:12+00:00\",\"breadcrumb\":{\"@id\":\"https:\\\/\\\/steelnet.ua\\\/pl\\\/produkt\\\/montowana-na-podlodze-szafa-klimatyczna-na-kazda-pogode\\\/#breadcrumb\"},\"inLanguage\":\"pl-PL\",\"potentialAction\":[{\"@type\":\"ReadAction\",\"target\":[\"https:\\\/\\\/steelnet.ua\\\/pl\\\/produkt\\\/montowana-na-podlodze-szafa-klimatyczna-na-kazda-pogode\\\/\"]}]},{\"@type\":\"ImageObject\",\"inLanguage\":\"pl-PL\",\"@id\":\"https:\\\/\\\/steelnet.ua\\\/pl\\\/produkt\\\/montowana-na-podlodze-szafa-klimatyczna-na-kazda-pogode\\\/#primaryimage\",\"url\":\"https:\\\/\\\/steelnet.ua\\\/wp-content\\\/uploads\\\/2020\\\/12\\\/photo5434116142319907306.jpg\",\"contentUrl\":\"https:\\\/\\\/steelnet.ua\\\/wp-content\\\/uploads\\\/2020\\\/12\\\/photo5434116142319907306.jpg\",\"width\":800,\"height\":800},{\"@type\":\"BreadcrumbList\",\"@id\":\"https:\\\/\\\/steelnet.ua\\\/pl\\\/produkt\\\/montowana-na-podlodze-szafa-klimatyczna-na-kazda-pogode\\\/#breadcrumb\",\"itemListElement\":[{\"@type\":\"ListItem\",\"position\":1,\"name\":\"\u0413\u043e\u043b\u043e\u0432\u043d\u0430 \u0421\u0442\u043e\u0440\u0456\u043d\u043a\u0430\",\"item\":\"https:\\\/\\\/steelnet.ua\\\/\"},{\"@type\":\"ListItem\",\"position\":2,\"name\":\"\u041c\u0430\u0433\u0430\u0437\u0438\u043d\",\"item\":\"https:\\\/\\\/steelnet.ua\\\/shop\\\/\"},{\"@type\":\"ListItem\",\"position\":3,\"name\":\"Montowana na pod\u0142odze szafa klimatyczna na ka\u017cd\u0105 pogod\u0119\"}]},{\"@type\":\"WebSite\",\"@id\":\"https:\\\/\\\/steelnet.ua\\\/#website\",\"url\":\"https:\\\/\\\/steelnet.ua\\\/\",\"name\":\"SteelNet\",\"description\":\"\u041c\u0435\u0442\u0430\u043b\u043e\u043a\u043e\u043d\u0441\u0442\u0440\u0443\u043a\u0446\u0456\u0457 \u0442\u0430 \u0442\u0435\u043b\u0435\u043a\u043e\u043c \u043e\u0431\u043b\u0430\u0434\u043d\u0430\u043d\u043d\u044f\",\"potentialAction\":[{\"@type\":\"SearchAction\",\"target\":{\"@type\":\"EntryPoint\",\"urlTemplate\":\"https:\\\/\\\/steelnet.ua\\\/?s={search_term_string}\"},\"query-input\":{\"@type\":\"PropertyValueSpecification\",\"valueRequired\":true,\"valueName\":\"search_term_string\"}}],\"inLanguage\":\"pl-PL\"}]}<\/script>\n<!-- \/ Yoast SEO plugin. -->","yoast_head_json":{"title":"Montowana na pod\u0142odze szafa klimatyczna na ka\u017cd\u0105 pogod\u0119 - SteelNet","robots":{"index":"index","follow":"follow","max-snippet":"max-snippet:-1","max-image-preview":"max-image-preview:large","max-video-preview":"max-video-preview:-1"},"canonical":"https:\/\/steelnet.ua\/pl\/produkt\/montowana-na-podlodze-szafa-klimatyczna-na-kazda-pogode\/","og_locale":"pl_PL","og_type":"article","og_title":"Montowana na pod\u0142odze szafa klimatyczna na ka\u017cd\u0105 pogod\u0119 - SteelNet","og_description":"Montowana na pod\u0142odze szafa klimatyczna na ka\u017cd\u0105 pogod\u0119 jest przeznaczona do instalacji autonomicznie dzia\u0142aj\u0105cych aktywnych i pasywnych urz\u0105dze\u0144 telekomunikacyjnych. Zapewnia ochron\u0119 przed wp\u0142ywami \u015brodowiska i nieuprawnionym dost\u0119pem. Doskona\u0142e rozwi\u0105zanie dla tworzenia sieci, w kt\u00f3rych konieczne jest umieszczenie szaf na zewn\u0105trz. Stopie\u0144 ochrony wynosi IP54. Szafy klimatyczne pracuj\u0105 w temperaturach od -40\u00b0C do +40\u00b0C. Wymagana temperatura [&hellip;]","og_url":"https:\/\/steelnet.ua\/pl\/produkt\/montowana-na-podlodze-szafa-klimatyczna-na-kazda-pogode\/","og_site_name":"SteelNet","og_image":[{"width":800,"height":800,"url":"https:\/\/steelnet.ua\/wp-content\/uploads\/2020\/12\/photo5434116142319907306.jpg","type":"image\/jpeg"}],"twitter_card":"summary_large_image","twitter_misc":{"Szacowany czas czytania":"1 minuta"},"schema":{"@context":"https:\/\/schema.org","@graph":[{"@type":"WebPage","@id":"https:\/\/steelnet.ua\/pl\/produkt\/montowana-na-podlodze-szafa-klimatyczna-na-kazda-pogode\/","url":"https:\/\/steelnet.ua\/pl\/produkt\/montowana-na-podlodze-szafa-klimatyczna-na-kazda-pogode\/","name":"Montowana na pod\u0142odze szafa klimatyczna na ka\u017cd\u0105 pogod\u0119 - SteelNet","isPartOf":{"@id":"https:\/\/steelnet.ua\/#website"},"primaryImageOfPage":{"@id":"https:\/\/steelnet.ua\/pl\/produkt\/montowana-na-podlodze-szafa-klimatyczna-na-kazda-pogode\/#primaryimage"},"image":{"@id":"https:\/\/steelnet.ua\/pl\/produkt\/montowana-na-podlodze-szafa-klimatyczna-na-kazda-pogode\/#primaryimage"},"thumbnailUrl":"https:\/\/steelnet.ua\/wp-content\/uploads\/2020\/12\/photo5434116142319907306.jpg","datePublished":"2020-12-28T21:01:12+00:00","breadcrumb":{"@id":"https:\/\/steelnet.ua\/pl\/produkt\/montowana-na-podlodze-szafa-klimatyczna-na-kazda-pogode\/#breadcrumb"},"inLanguage":"pl-PL","potentialAction":[{"@type":"ReadAction","target":["https:\/\/steelnet.ua\/pl\/produkt\/montowana-na-podlodze-szafa-klimatyczna-na-kazda-pogode\/"]}]},{"@type":"ImageObject","inLanguage":"pl-PL","@id":"https:\/\/steelnet.ua\/pl\/produkt\/montowana-na-podlodze-szafa-klimatyczna-na-kazda-pogode\/#primaryimage","url":"https:\/\/steelnet.ua\/wp-content\/uploads\/2020\/12\/photo5434116142319907306.jpg","contentUrl":"https:\/\/steelnet.ua\/wp-content\/uploads\/2020\/12\/photo5434116142319907306.jpg","width":800,"height":800},{"@type":"BreadcrumbList","@id":"https:\/\/steelnet.ua\/pl\/produkt\/montowana-na-podlodze-szafa-klimatyczna-na-kazda-pogode\/#breadcrumb","itemListElement":[{"@type":"ListItem","position":1,"name":"\u0413\u043e\u043b\u043e\u0432\u043d\u0430 \u0421\u0442\u043e\u0440\u0456\u043d\u043a\u0430","item":"https:\/\/steelnet.ua\/"},{"@type":"ListItem","position":2,"name":"\u041c\u0430\u0433\u0430\u0437\u0438\u043d","item":"https:\/\/steelnet.ua\/shop\/"},{"@type":"ListItem","position":3,"name":"Montowana na pod\u0142odze szafa klimatyczna na ka\u017cd\u0105 pogod\u0119"}]},{"@type":"WebSite","@id":"https:\/\/steelnet.ua\/#website","url":"https:\/\/steelnet.ua\/","name":"SteelNet","description":"\u041c\u0435\u0442\u0430\u043b\u043e\u043a\u043e\u043d\u0441\u0442\u0440\u0443\u043a\u0446\u0456\u0457 \u0442\u0430 \u0442\u0435\u043b\u0435\u043a\u043e\u043c \u043e\u0431\u043b\u0430\u0434\u043d\u0430\u043d\u043d\u044f","potentialAction":[{"@type":"SearchAction","target":{"@type":"EntryPoint","urlTemplate":"https:\/\/steelnet.ua\/?s={search_term_string}"},"query-input":{"@type":"PropertyValueSpecification","valueRequired":true,"valueName":"search_term_string"}}],"inLanguage":"pl-PL"}]}},"_links":{"self":[{"href":"https:\/\/steelnet.ua\/pl\/wp-json\/wp\/v2\/product\/10161","targetHints":{"allow":["GET"]}}],"collection":[{"href":"https:\/\/steelnet.ua\/pl\/wp-json\/wp\/v2\/product"}],"about":[{"href":"https:\/\/steelnet.ua\/pl\/wp-json\/wp\/v2\/types\/product"}],"replies":[{"embeddable":true,"href":"https:\/\/steelnet.ua\/pl\/wp-json\/wp\/v2\/comments?post=10161"}],"wp:featuredmedia":[{"embeddable":true,"href":"https:\/\/steelnet.ua\/pl\/wp-json\/wp\/v2\/media\/10165"}],"wp:attachment":[{"href":"https:\/\/steelnet.ua\/pl\/wp-json\/wp\/v2\/media?parent=10161"}],"wp:term":[{"taxonomy":"product_cat","embeddable":true,"href":"https:\/\/steelnet.ua\/pl\/wp-json\/wp\/v2\/product_cat?post=10161"},{"taxonomy":"product_tag","embeddable":true,"href":"https:\/\/steelnet.ua\/pl\/wp-json\/wp\/v2\/product_tag?post=10161"}],"curies":[{"name":"wp","href":"https:\/\/api.w.org\/{rel}","templated":true}]}}