{"id":10150,"date":"2020-12-28T22:59:59","date_gmt":"2020-12-28T20:59:59","guid":{"rendered":"https:\/\/steelnet.ua\/product\/skrzynka-hermetyczna-sn-bh-550-na-9u\/"},"modified":"2020-12-28T22:59:59","modified_gmt":"2020-12-28T20:59:59","slug":"skrzynka-hermetyczna-sn-bh-550-na-9u","status":"publish","type":"product","link":"https:\/\/steelnet.ua\/pl\/produkt\/skrzynka-hermetyczna-sn-bh-550-na-9u\/","title":{"rendered":"Skrzynka hermetyczna SN-\u0411\u0413-550 na 9U"},"content":{"rendered":"<p>Skrzynka hermetyczna SN-\u0411\u0413-550 na 9U zosta\u0142a zaprojektowana w celu ochrony sprz\u0119tu telekomunikacyjnego przed nieautoryzowanym dost\u0119pem os\u00f3b trzecich i zewn\u0119trznymi czynnikami atmosferycznymi.<\/p>\n<p>Szwy i naro\u017cniki obudowy skrzynki s\u0105 hermetyczne, a drzwi s\u0105 uszczelnione gum\u0105 uszczelniaj\u0105c\u0105, kt\u00f3ra w obudowie jest dopasowana do specjalnej obr\u0119czy odprowadzaj\u0105cej wod\u0119. Dzi\u0119ki temu skrzynki serii SN-\u0411\u0413 s\u0105 hermetyczne i zgodne z norm\u0105 IP54.<\/p>\n<p>Obudowa skrzynki jest wykonana ze stali o grubo\u015bci 1,5 mm, kt\u00f3ra niezawodnie i skutecznie chroni sprz\u0119t znajduj\u0105cy si\u0119 wewn\u0105trz.<\/p>\n<p>Materia\u0142 wykonania: blacha stalowa 1,5 mm.<\/p>\n<p>Konstrukcja: ca\u0142kowicie spawana.<\/p>\n<p>Typ drzwi: na zawiasach.<\/p>\n<p>Szeroko\u015b\u0107: 450 mm.<\/p>\n<p>Wysoko\u015b\u0107: 550 mm.<\/p>\n<p>G\u0142\u0119boko\u015b\u0107: 370 mm.<\/p>\n<p>Skrzynki hermetyczne pokryte s\u0105 specjaln\u0105 farb\u0105 proszkowo-polimerow\u0105 do zastosowa\u0144 zewn\u0119trznych, kt\u00f3ra tworzy trwa\u0142\u0105 pow\u0142ok\u0119 z w\u0119glik\u00f3w spiekanych, odporn\u0105 na dzia\u0142anie czynnik\u00f3w zewn\u0119trznych, w tym mechanicznych.<\/p>\n<p>Kolor pow\u0142oki: RAL 7035 (jasnoszary)<\/p>\n<p>znaczenie:\u00a0 SN-\u0411\u0413-450-550-370.9U-VR<\/p>\n<h3>Zawarto\u015b\u0107 zestawu (podstawowa):<\/h3>\n<p>skrzynka \u2013 1 szt.;<\/p>\n<p>wspornik do monta\u017cu na s\u0142upie \u2013 1 kpl.;<\/p>\n<p>zamek krzywkowy motylkowy \u2013 2 szt.;<\/p>\n<p>k\u0142\u00f3dka \u2013 1 szt.;<\/p>\n<p>d\u0142awik kablowy d22 \u2013 8 szt.<\/p>\n","protected":false},"excerpt":{"rendered":"<p>Skrzynka hermetyczna SN-\u0411\u0413-550 na 9U zosta\u0142a zaprojektowana w celu ochrony sprz\u0119tu telekomunikacyjnego przed nieautoryzowanym dost\u0119pem os\u00f3b trzecich i zewn\u0119trznymi czynnikami atmosferycznymi. Szwy i naro\u017cniki obudowy skrzynki s\u0105 hermetyczne, a drzwi s\u0105 uszczelnione gum\u0105 uszczelniaj\u0105c\u0105, kt\u00f3ra w obudowie jest dopasowana do specjalnej obr\u0119czy odprowadzaj\u0105cej wod\u0119. Dzi\u0119ki temu skrzynki serii SN-\u0411\u0413 s\u0105 hermetyczne i zgodne z norm\u0105 [&hellip;]<\/p>\n","protected":false},"featured_media":10151,"comment_status":"open","ping_status":"closed","template":"","meta":{"inline_featured_image":false},"product_cat":[],"product_tag":[],"class_list":{"0":"post-10150","1":"product","2":"type-product","3":"status-publish","4":"has-post-thumbnail","7":"first","8":"instock","9":"shipping-taxable","10":"product-type-simple"},"yoast_head":"<!-- This site is optimized with the Yoast SEO plugin v27.3 - https:\/\/yoast.com\/product\/yoast-seo-wordpress\/ -->\n<title>Skrzynka hermetyczna SN-\u0411\u0413-550 na 9U - SteelNet<\/title>\n<meta name=\"robots\" content=\"index, follow, max-snippet:-1, max-image-preview:large, max-video-preview:-1\" \/>\n<link rel=\"canonical\" href=\"https:\/\/steelnet.ua\/pl\/produkt\/skrzynka-hermetyczna-sn-bh-550-na-9u\/\" \/>\n<meta property=\"og:locale\" content=\"pl_PL\" \/>\n<meta property=\"og:type\" content=\"article\" \/>\n<meta property=\"og:title\" content=\"Skrzynka hermetyczna SN-\u0411\u0413-550 na 9U - SteelNet\" \/>\n<meta property=\"og:description\" content=\"Skrzynka hermetyczna SN-\u0411\u0413-550 na 9U zosta\u0142a zaprojektowana w celu ochrony sprz\u0119tu telekomunikacyjnego przed nieautoryzowanym dost\u0119pem os\u00f3b trzecich i zewn\u0119trznymi czynnikami atmosferycznymi. Szwy i naro\u017cniki obudowy skrzynki s\u0105 hermetyczne, a drzwi s\u0105 uszczelnione gum\u0105 uszczelniaj\u0105c\u0105, kt\u00f3ra w obudowie jest dopasowana do specjalnej obr\u0119czy odprowadzaj\u0105cej wod\u0119. Dzi\u0119ki temu skrzynki serii SN-\u0411\u0413 s\u0105 hermetyczne i zgodne z norm\u0105 [&hellip;]\" \/>\n<meta property=\"og:url\" content=\"https:\/\/steelnet.ua\/pl\/produkt\/skrzynka-hermetyczna-sn-bh-550-na-9u\/\" \/>\n<meta property=\"og:site_name\" content=\"SteelNet\" \/>\n<meta property=\"og:image\" content=\"https:\/\/steelnet.ua\/wp-content\/uploads\/2020\/12\/lara_product_153.jpg\" \/>\n\t<meta property=\"og:image:width\" content=\"800\" \/>\n\t<meta property=\"og:image:height\" content=\"800\" \/>\n\t<meta property=\"og:image:type\" content=\"image\/jpeg\" \/>\n<meta name=\"twitter:card\" content=\"summary_large_image\" \/>\n<meta name=\"twitter:label1\" content=\"Szacowany czas czytania\" \/>\n\t<meta name=\"twitter:data1\" content=\"1 minuta\" \/>\n<script type=\"application\/ld+json\" class=\"yoast-schema-graph\">{\"@context\":\"https:\\\/\\\/schema.org\",\"@graph\":[{\"@type\":\"WebPage\",\"@id\":\"https:\\\/\\\/steelnet.ua\\\/pl\\\/produkt\\\/skrzynka-hermetyczna-sn-bh-550-na-9u\\\/\",\"url\":\"https:\\\/\\\/steelnet.ua\\\/pl\\\/produkt\\\/skrzynka-hermetyczna-sn-bh-550-na-9u\\\/\",\"name\":\"Skrzynka hermetyczna SN-\u0411\u0413-550 na 9U - SteelNet\",\"isPartOf\":{\"@id\":\"https:\\\/\\\/steelnet.ua\\\/#website\"},\"primaryImageOfPage\":{\"@id\":\"https:\\\/\\\/steelnet.ua\\\/pl\\\/produkt\\\/skrzynka-hermetyczna-sn-bh-550-na-9u\\\/#primaryimage\"},\"image\":{\"@id\":\"https:\\\/\\\/steelnet.ua\\\/pl\\\/produkt\\\/skrzynka-hermetyczna-sn-bh-550-na-9u\\\/#primaryimage\"},\"thumbnailUrl\":\"https:\\\/\\\/steelnet.ua\\\/wp-content\\\/uploads\\\/2020\\\/12\\\/lara_product_153.jpg\",\"datePublished\":\"2020-12-28T20:59:59+00:00\",\"breadcrumb\":{\"@id\":\"https:\\\/\\\/steelnet.ua\\\/pl\\\/produkt\\\/skrzynka-hermetyczna-sn-bh-550-na-9u\\\/#breadcrumb\"},\"inLanguage\":\"pl-PL\",\"potentialAction\":[{\"@type\":\"ReadAction\",\"target\":[\"https:\\\/\\\/steelnet.ua\\\/pl\\\/produkt\\\/skrzynka-hermetyczna-sn-bh-550-na-9u\\\/\"]}]},{\"@type\":\"ImageObject\",\"inLanguage\":\"pl-PL\",\"@id\":\"https:\\\/\\\/steelnet.ua\\\/pl\\\/produkt\\\/skrzynka-hermetyczna-sn-bh-550-na-9u\\\/#primaryimage\",\"url\":\"https:\\\/\\\/steelnet.ua\\\/wp-content\\\/uploads\\\/2020\\\/12\\\/lara_product_153.jpg\",\"contentUrl\":\"https:\\\/\\\/steelnet.ua\\\/wp-content\\\/uploads\\\/2020\\\/12\\\/lara_product_153.jpg\",\"width\":800,\"height\":800},{\"@type\":\"BreadcrumbList\",\"@id\":\"https:\\\/\\\/steelnet.ua\\\/pl\\\/produkt\\\/skrzynka-hermetyczna-sn-bh-550-na-9u\\\/#breadcrumb\",\"itemListElement\":[{\"@type\":\"ListItem\",\"position\":1,\"name\":\"\u0413\u043e\u043b\u043e\u0432\u043d\u0430 \u0421\u0442\u043e\u0440\u0456\u043d\u043a\u0430\",\"item\":\"https:\\\/\\\/steelnet.ua\\\/\"},{\"@type\":\"ListItem\",\"position\":2,\"name\":\"\u041c\u0430\u0433\u0430\u0437\u0438\u043d\",\"item\":\"https:\\\/\\\/steelnet.ua\\\/shop\\\/\"},{\"@type\":\"ListItem\",\"position\":3,\"name\":\"Skrzynka hermetyczna SN-\u0411\u0413-550 na 9U\"}]},{\"@type\":\"WebSite\",\"@id\":\"https:\\\/\\\/steelnet.ua\\\/#website\",\"url\":\"https:\\\/\\\/steelnet.ua\\\/\",\"name\":\"SteelNet\",\"description\":\"\u041c\u0435\u0442\u0430\u043b\u043e\u043a\u043e\u043d\u0441\u0442\u0440\u0443\u043a\u0446\u0456\u0457 \u0442\u0430 \u0442\u0435\u043b\u0435\u043a\u043e\u043c \u043e\u0431\u043b\u0430\u0434\u043d\u0430\u043d\u043d\u044f\",\"potentialAction\":[{\"@type\":\"SearchAction\",\"target\":{\"@type\":\"EntryPoint\",\"urlTemplate\":\"https:\\\/\\\/steelnet.ua\\\/?s={search_term_string}\"},\"query-input\":{\"@type\":\"PropertyValueSpecification\",\"valueRequired\":true,\"valueName\":\"search_term_string\"}}],\"inLanguage\":\"pl-PL\"}]}<\/script>\n<!-- \/ Yoast SEO plugin. -->","yoast_head_json":{"title":"Skrzynka hermetyczna SN-\u0411\u0413-550 na 9U - SteelNet","robots":{"index":"index","follow":"follow","max-snippet":"max-snippet:-1","max-image-preview":"max-image-preview:large","max-video-preview":"max-video-preview:-1"},"canonical":"https:\/\/steelnet.ua\/pl\/produkt\/skrzynka-hermetyczna-sn-bh-550-na-9u\/","og_locale":"pl_PL","og_type":"article","og_title":"Skrzynka hermetyczna SN-\u0411\u0413-550 na 9U - SteelNet","og_description":"Skrzynka hermetyczna SN-\u0411\u0413-550 na 9U zosta\u0142a zaprojektowana w celu ochrony sprz\u0119tu telekomunikacyjnego przed nieautoryzowanym dost\u0119pem os\u00f3b trzecich i zewn\u0119trznymi czynnikami atmosferycznymi. Szwy i naro\u017cniki obudowy skrzynki s\u0105 hermetyczne, a drzwi s\u0105 uszczelnione gum\u0105 uszczelniaj\u0105c\u0105, kt\u00f3ra w obudowie jest dopasowana do specjalnej obr\u0119czy odprowadzaj\u0105cej wod\u0119. Dzi\u0119ki temu skrzynki serii SN-\u0411\u0413 s\u0105 hermetyczne i zgodne z norm\u0105 [&hellip;]","og_url":"https:\/\/steelnet.ua\/pl\/produkt\/skrzynka-hermetyczna-sn-bh-550-na-9u\/","og_site_name":"SteelNet","og_image":[{"width":800,"height":800,"url":"https:\/\/steelnet.ua\/wp-content\/uploads\/2020\/12\/lara_product_153.jpg","type":"image\/jpeg"}],"twitter_card":"summary_large_image","twitter_misc":{"Szacowany czas czytania":"1 minuta"},"schema":{"@context":"https:\/\/schema.org","@graph":[{"@type":"WebPage","@id":"https:\/\/steelnet.ua\/pl\/produkt\/skrzynka-hermetyczna-sn-bh-550-na-9u\/","url":"https:\/\/steelnet.ua\/pl\/produkt\/skrzynka-hermetyczna-sn-bh-550-na-9u\/","name":"Skrzynka hermetyczna SN-\u0411\u0413-550 na 9U - SteelNet","isPartOf":{"@id":"https:\/\/steelnet.ua\/#website"},"primaryImageOfPage":{"@id":"https:\/\/steelnet.ua\/pl\/produkt\/skrzynka-hermetyczna-sn-bh-550-na-9u\/#primaryimage"},"image":{"@id":"https:\/\/steelnet.ua\/pl\/produkt\/skrzynka-hermetyczna-sn-bh-550-na-9u\/#primaryimage"},"thumbnailUrl":"https:\/\/steelnet.ua\/wp-content\/uploads\/2020\/12\/lara_product_153.jpg","datePublished":"2020-12-28T20:59:59+00:00","breadcrumb":{"@id":"https:\/\/steelnet.ua\/pl\/produkt\/skrzynka-hermetyczna-sn-bh-550-na-9u\/#breadcrumb"},"inLanguage":"pl-PL","potentialAction":[{"@type":"ReadAction","target":["https:\/\/steelnet.ua\/pl\/produkt\/skrzynka-hermetyczna-sn-bh-550-na-9u\/"]}]},{"@type":"ImageObject","inLanguage":"pl-PL","@id":"https:\/\/steelnet.ua\/pl\/produkt\/skrzynka-hermetyczna-sn-bh-550-na-9u\/#primaryimage","url":"https:\/\/steelnet.ua\/wp-content\/uploads\/2020\/12\/lara_product_153.jpg","contentUrl":"https:\/\/steelnet.ua\/wp-content\/uploads\/2020\/12\/lara_product_153.jpg","width":800,"height":800},{"@type":"BreadcrumbList","@id":"https:\/\/steelnet.ua\/pl\/produkt\/skrzynka-hermetyczna-sn-bh-550-na-9u\/#breadcrumb","itemListElement":[{"@type":"ListItem","position":1,"name":"\u0413\u043e\u043b\u043e\u0432\u043d\u0430 \u0421\u0442\u043e\u0440\u0456\u043d\u043a\u0430","item":"https:\/\/steelnet.ua\/"},{"@type":"ListItem","position":2,"name":"\u041c\u0430\u0433\u0430\u0437\u0438\u043d","item":"https:\/\/steelnet.ua\/shop\/"},{"@type":"ListItem","position":3,"name":"Skrzynka hermetyczna SN-\u0411\u0413-550 na 9U"}]},{"@type":"WebSite","@id":"https:\/\/steelnet.ua\/#website","url":"https:\/\/steelnet.ua\/","name":"SteelNet","description":"\u041c\u0435\u0442\u0430\u043b\u043e\u043a\u043e\u043d\u0441\u0442\u0440\u0443\u043a\u0446\u0456\u0457 \u0442\u0430 \u0442\u0435\u043b\u0435\u043a\u043e\u043c \u043e\u0431\u043b\u0430\u0434\u043d\u0430\u043d\u043d\u044f","potentialAction":[{"@type":"SearchAction","target":{"@type":"EntryPoint","urlTemplate":"https:\/\/steelnet.ua\/?s={search_term_string}"},"query-input":{"@type":"PropertyValueSpecification","valueRequired":true,"valueName":"search_term_string"}}],"inLanguage":"pl-PL"}]}},"_links":{"self":[{"href":"https:\/\/steelnet.ua\/pl\/wp-json\/wp\/v2\/product\/10150","targetHints":{"allow":["GET"]}}],"collection":[{"href":"https:\/\/steelnet.ua\/pl\/wp-json\/wp\/v2\/product"}],"about":[{"href":"https:\/\/steelnet.ua\/pl\/wp-json\/wp\/v2\/types\/product"}],"replies":[{"embeddable":true,"href":"https:\/\/steelnet.ua\/pl\/wp-json\/wp\/v2\/comments?post=10150"}],"wp:featuredmedia":[{"embeddable":true,"href":"https:\/\/steelnet.ua\/pl\/wp-json\/wp\/v2\/media\/10151"}],"wp:attachment":[{"href":"https:\/\/steelnet.ua\/pl\/wp-json\/wp\/v2\/media?parent=10150"}],"wp:term":[{"taxonomy":"product_cat","embeddable":true,"href":"https:\/\/steelnet.ua\/pl\/wp-json\/wp\/v2\/product_cat?post=10150"},{"taxonomy":"product_tag","embeddable":true,"href":"https:\/\/steelnet.ua\/pl\/wp-json\/wp\/v2\/product_tag?post=10150"}],"curies":[{"name":"wp","href":"https:\/\/api.w.org\/{rel}","templated":true}]}}