{"id":10101,"date":"2020-12-28T23:08:13","date_gmt":"2020-12-28T21:08:13","guid":{"rendered":"https:\/\/steelnet.ua\/product\/skrzynki-antywlamaniowe-sn-shn-600-z-2-15u\/"},"modified":"2020-12-28T23:08:13","modified_gmt":"2020-12-28T21:08:13","slug":"skrzynki-antywlamaniowe-sn-shn-600-z-2-15u","status":"publish","type":"product","link":"https:\/\/steelnet.ua\/pl\/produkt\/skrzynki-antywlamaniowe-sn-shn-600-z-2-15u\/","title":{"rendered":"Skrzynki antyw\u0142amaniowe SN-\u0428\u041d-600-\u0437-2-15U"},"content":{"rendered":"<p>Seria szaf antyw\u0142amaniowych serii SN-\u0428\u041d-600 zosta\u0142a zaprojektowana w celu ochrony sprz\u0119tu telekomunikacyjnego przed nieautoryzowanym dost\u0119pem os\u00f3b trzecich w miejscach publicznych. W zale\u017cno\u015bci od konstrukcji szafa mo\u017ce pomie\u015bci\u0107 sprz\u0119t o wysoko\u015bci do 12 i 15 jednostek.<\/p>\n<p>Skrzynki antyw\u0142amaniowe SN-\u0428\u041d-600 s\u0105 wykonane ze stali o grubo\u015bci 1,5 mm, kt\u00f3ra niezawodnie chroni sprz\u0119t znajduj\u0105cy si\u0119 wewn\u0105trz.<\/p>\n<p>Standardowy zakres dostawy obejmuje 4 stojaki jednostkowe (\u201eracky\u201d), kt\u00f3re umo\u017cliwiaj\u0105 monta\u017c sprz\u0119tu wewn\u0105trz szafy. G\u0142\u0119boko\u015b\u0107 rack\u00f3w mo\u017cna regulowa\u0107.<\/p>\n<p>Produkty s\u0105 wyposa\u017cone w drzwi na zawiasach z zamkiem d\u017awigniowym. Szafy posiadaj\u0105 10 otwor\u00f3w o \u015brednicy 22 mm do wprowadzania kabli. W dolnej cz\u0119\u015bci szafy znajduj\u0105 si\u0119 2 otwory, a w g\u00f3rnej 8 otwor\u00f3w.<\/p>\n<p>Monta\u017c na \u015bcianie odbywa si\u0119 za pomoc\u0105 \u015brub kotwi\u0105cych przez otwory w tylnej cz\u0119\u015bci szafy (\u015bruby kotwi\u0105ce nie wchodz\u0105 w zakres dostawy).<\/p>\n<p>Szafy antyw\u0142amaniowe pokryte s\u0105 specjaln\u0105 farb\u0105 proszkowo-polimerow\u0105, kt\u00f3ra tworzy trwa\u0142\u0105 pow\u0142ok\u0119 z w\u0119glik\u00f3w spiekanych, odporn\u0105 na dzia\u0142anie czynnik\u00f3w zewn\u0119trznych, w tym mechanicznych.<\/p>\n<p>Dost\u0119pne s\u0105 dwa standardowe kolory: RAL7035 (szary) i RAL9005 (czarny).<\/p>\n<p>&nbsp;<\/p>\n","protected":false},"excerpt":{"rendered":"<p>Seria szaf antyw\u0142amaniowych serii SN-\u0428\u041d-600 zosta\u0142a zaprojektowana w celu ochrony sprz\u0119tu telekomunikacyjnego przed nieautoryzowanym dost\u0119pem os\u00f3b trzecich w miejscach publicznych. W zale\u017cno\u015bci od konstrukcji szafa mo\u017ce pomie\u015bci\u0107 sprz\u0119t o wysoko\u015bci do 12 i 15 jednostek. Skrzynki antyw\u0142amaniowe SN-\u0428\u041d-600 s\u0105 wykonane ze stali o grubo\u015bci 1,5 mm, kt\u00f3ra niezawodnie chroni sprz\u0119t znajduj\u0105cy si\u0119 wewn\u0105trz. Standardowy zakres [&hellip;]<\/p>\n","protected":false},"featured_media":10102,"comment_status":"open","ping_status":"closed","template":"","meta":{"inline_featured_image":false},"product_cat":[],"product_tag":[],"class_list":{"0":"post-10101","1":"product","2":"type-product","3":"status-publish","4":"has-post-thumbnail","7":"first","8":"instock","9":"shipping-taxable","10":"product-type-simple"},"yoast_head":"<!-- This site is optimized with the Yoast SEO plugin v27.3 - https:\/\/yoast.com\/product\/yoast-seo-wordpress\/ -->\n<title>Skrzynki antyw\u0142amaniowe SN-\u0428\u041d-600-\u0437-2-15U - SteelNet<\/title>\n<meta name=\"robots\" content=\"index, follow, max-snippet:-1, max-image-preview:large, max-video-preview:-1\" \/>\n<link rel=\"canonical\" href=\"https:\/\/steelnet.ua\/pl\/produkt\/skrzynki-antywlamaniowe-sn-shn-600-z-2-15u\/\" \/>\n<meta property=\"og:locale\" content=\"pl_PL\" \/>\n<meta property=\"og:type\" content=\"article\" \/>\n<meta property=\"og:title\" content=\"Skrzynki antyw\u0142amaniowe SN-\u0428\u041d-600-\u0437-2-15U - SteelNet\" \/>\n<meta property=\"og:description\" content=\"Seria szaf antyw\u0142amaniowych serii SN-\u0428\u041d-600 zosta\u0142a zaprojektowana w celu ochrony sprz\u0119tu telekomunikacyjnego przed nieautoryzowanym dost\u0119pem os\u00f3b trzecich w miejscach publicznych. W zale\u017cno\u015bci od konstrukcji szafa mo\u017ce pomie\u015bci\u0107 sprz\u0119t o wysoko\u015bci do 12 i 15 jednostek. Skrzynki antyw\u0142amaniowe SN-\u0428\u041d-600 s\u0105 wykonane ze stali o grubo\u015bci 1,5 mm, kt\u00f3ra niezawodnie chroni sprz\u0119t znajduj\u0105cy si\u0119 wewn\u0105trz. Standardowy zakres [&hellip;]\" \/>\n<meta property=\"og:url\" content=\"https:\/\/steelnet.ua\/pl\/produkt\/skrzynki-antywlamaniowe-sn-shn-600-z-2-15u\/\" \/>\n<meta property=\"og:site_name\" content=\"SteelNet\" \/>\n<meta property=\"og:image\" content=\"https:\/\/steelnet.ua\/wp-content\/uploads\/2020\/12\/lara_product_24.jpg\" \/>\n\t<meta property=\"og:image:width\" content=\"800\" \/>\n\t<meta property=\"og:image:height\" content=\"800\" \/>\n\t<meta property=\"og:image:type\" content=\"image\/jpeg\" \/>\n<meta name=\"twitter:card\" content=\"summary_large_image\" \/>\n<meta name=\"twitter:label1\" content=\"Szacowany czas czytania\" \/>\n\t<meta name=\"twitter:data1\" content=\"1 minuta\" \/>\n<script type=\"application\/ld+json\" class=\"yoast-schema-graph\">{\"@context\":\"https:\\\/\\\/schema.org\",\"@graph\":[{\"@type\":\"WebPage\",\"@id\":\"https:\\\/\\\/steelnet.ua\\\/pl\\\/produkt\\\/skrzynki-antywlamaniowe-sn-shn-600-z-2-15u\\\/\",\"url\":\"https:\\\/\\\/steelnet.ua\\\/pl\\\/produkt\\\/skrzynki-antywlamaniowe-sn-shn-600-z-2-15u\\\/\",\"name\":\"Skrzynki antyw\u0142amaniowe SN-\u0428\u041d-600-\u0437-2-15U - SteelNet\",\"isPartOf\":{\"@id\":\"https:\\\/\\\/steelnet.ua\\\/#website\"},\"primaryImageOfPage\":{\"@id\":\"https:\\\/\\\/steelnet.ua\\\/pl\\\/produkt\\\/skrzynki-antywlamaniowe-sn-shn-600-z-2-15u\\\/#primaryimage\"},\"image\":{\"@id\":\"https:\\\/\\\/steelnet.ua\\\/pl\\\/produkt\\\/skrzynki-antywlamaniowe-sn-shn-600-z-2-15u\\\/#primaryimage\"},\"thumbnailUrl\":\"https:\\\/\\\/steelnet.ua\\\/wp-content\\\/uploads\\\/2020\\\/12\\\/lara_product_24.jpg\",\"datePublished\":\"2020-12-28T21:08:13+00:00\",\"breadcrumb\":{\"@id\":\"https:\\\/\\\/steelnet.ua\\\/pl\\\/produkt\\\/skrzynki-antywlamaniowe-sn-shn-600-z-2-15u\\\/#breadcrumb\"},\"inLanguage\":\"pl-PL\",\"potentialAction\":[{\"@type\":\"ReadAction\",\"target\":[\"https:\\\/\\\/steelnet.ua\\\/pl\\\/produkt\\\/skrzynki-antywlamaniowe-sn-shn-600-z-2-15u\\\/\"]}]},{\"@type\":\"ImageObject\",\"inLanguage\":\"pl-PL\",\"@id\":\"https:\\\/\\\/steelnet.ua\\\/pl\\\/produkt\\\/skrzynki-antywlamaniowe-sn-shn-600-z-2-15u\\\/#primaryimage\",\"url\":\"https:\\\/\\\/steelnet.ua\\\/wp-content\\\/uploads\\\/2020\\\/12\\\/lara_product_24.jpg\",\"contentUrl\":\"https:\\\/\\\/steelnet.ua\\\/wp-content\\\/uploads\\\/2020\\\/12\\\/lara_product_24.jpg\",\"width\":800,\"height\":800},{\"@type\":\"BreadcrumbList\",\"@id\":\"https:\\\/\\\/steelnet.ua\\\/pl\\\/produkt\\\/skrzynki-antywlamaniowe-sn-shn-600-z-2-15u\\\/#breadcrumb\",\"itemListElement\":[{\"@type\":\"ListItem\",\"position\":1,\"name\":\"\u0413\u043e\u043b\u043e\u0432\u043d\u0430 \u0421\u0442\u043e\u0440\u0456\u043d\u043a\u0430\",\"item\":\"https:\\\/\\\/steelnet.ua\\\/\"},{\"@type\":\"ListItem\",\"position\":2,\"name\":\"\u041c\u0430\u0433\u0430\u0437\u0438\u043d\",\"item\":\"https:\\\/\\\/steelnet.ua\\\/shop\\\/\"},{\"@type\":\"ListItem\",\"position\":3,\"name\":\"Skrzynki antyw\u0142amaniowe SN-\u0428\u041d-600-\u0437-2-15U\"}]},{\"@type\":\"WebSite\",\"@id\":\"https:\\\/\\\/steelnet.ua\\\/#website\",\"url\":\"https:\\\/\\\/steelnet.ua\\\/\",\"name\":\"SteelNet\",\"description\":\"\u041c\u0435\u0442\u0430\u043b\u043e\u043a\u043e\u043d\u0441\u0442\u0440\u0443\u043a\u0446\u0456\u0457 \u0442\u0430 \u0442\u0435\u043b\u0435\u043a\u043e\u043c \u043e\u0431\u043b\u0430\u0434\u043d\u0430\u043d\u043d\u044f\",\"potentialAction\":[{\"@type\":\"SearchAction\",\"target\":{\"@type\":\"EntryPoint\",\"urlTemplate\":\"https:\\\/\\\/steelnet.ua\\\/?s={search_term_string}\"},\"query-input\":{\"@type\":\"PropertyValueSpecification\",\"valueRequired\":true,\"valueName\":\"search_term_string\"}}],\"inLanguage\":\"pl-PL\"}]}<\/script>\n<!-- \/ Yoast SEO plugin. -->","yoast_head_json":{"title":"Skrzynki antyw\u0142amaniowe SN-\u0428\u041d-600-\u0437-2-15U - SteelNet","robots":{"index":"index","follow":"follow","max-snippet":"max-snippet:-1","max-image-preview":"max-image-preview:large","max-video-preview":"max-video-preview:-1"},"canonical":"https:\/\/steelnet.ua\/pl\/produkt\/skrzynki-antywlamaniowe-sn-shn-600-z-2-15u\/","og_locale":"pl_PL","og_type":"article","og_title":"Skrzynki antyw\u0142amaniowe SN-\u0428\u041d-600-\u0437-2-15U - SteelNet","og_description":"Seria szaf antyw\u0142amaniowych serii SN-\u0428\u041d-600 zosta\u0142a zaprojektowana w celu ochrony sprz\u0119tu telekomunikacyjnego przed nieautoryzowanym dost\u0119pem os\u00f3b trzecich w miejscach publicznych. W zale\u017cno\u015bci od konstrukcji szafa mo\u017ce pomie\u015bci\u0107 sprz\u0119t o wysoko\u015bci do 12 i 15 jednostek. Skrzynki antyw\u0142amaniowe SN-\u0428\u041d-600 s\u0105 wykonane ze stali o grubo\u015bci 1,5 mm, kt\u00f3ra niezawodnie chroni sprz\u0119t znajduj\u0105cy si\u0119 wewn\u0105trz. Standardowy zakres [&hellip;]","og_url":"https:\/\/steelnet.ua\/pl\/produkt\/skrzynki-antywlamaniowe-sn-shn-600-z-2-15u\/","og_site_name":"SteelNet","og_image":[{"width":800,"height":800,"url":"https:\/\/steelnet.ua\/wp-content\/uploads\/2020\/12\/lara_product_24.jpg","type":"image\/jpeg"}],"twitter_card":"summary_large_image","twitter_misc":{"Szacowany czas czytania":"1 minuta"},"schema":{"@context":"https:\/\/schema.org","@graph":[{"@type":"WebPage","@id":"https:\/\/steelnet.ua\/pl\/produkt\/skrzynki-antywlamaniowe-sn-shn-600-z-2-15u\/","url":"https:\/\/steelnet.ua\/pl\/produkt\/skrzynki-antywlamaniowe-sn-shn-600-z-2-15u\/","name":"Skrzynki antyw\u0142amaniowe SN-\u0428\u041d-600-\u0437-2-15U - SteelNet","isPartOf":{"@id":"https:\/\/steelnet.ua\/#website"},"primaryImageOfPage":{"@id":"https:\/\/steelnet.ua\/pl\/produkt\/skrzynki-antywlamaniowe-sn-shn-600-z-2-15u\/#primaryimage"},"image":{"@id":"https:\/\/steelnet.ua\/pl\/produkt\/skrzynki-antywlamaniowe-sn-shn-600-z-2-15u\/#primaryimage"},"thumbnailUrl":"https:\/\/steelnet.ua\/wp-content\/uploads\/2020\/12\/lara_product_24.jpg","datePublished":"2020-12-28T21:08:13+00:00","breadcrumb":{"@id":"https:\/\/steelnet.ua\/pl\/produkt\/skrzynki-antywlamaniowe-sn-shn-600-z-2-15u\/#breadcrumb"},"inLanguage":"pl-PL","potentialAction":[{"@type":"ReadAction","target":["https:\/\/steelnet.ua\/pl\/produkt\/skrzynki-antywlamaniowe-sn-shn-600-z-2-15u\/"]}]},{"@type":"ImageObject","inLanguage":"pl-PL","@id":"https:\/\/steelnet.ua\/pl\/produkt\/skrzynki-antywlamaniowe-sn-shn-600-z-2-15u\/#primaryimage","url":"https:\/\/steelnet.ua\/wp-content\/uploads\/2020\/12\/lara_product_24.jpg","contentUrl":"https:\/\/steelnet.ua\/wp-content\/uploads\/2020\/12\/lara_product_24.jpg","width":800,"height":800},{"@type":"BreadcrumbList","@id":"https:\/\/steelnet.ua\/pl\/produkt\/skrzynki-antywlamaniowe-sn-shn-600-z-2-15u\/#breadcrumb","itemListElement":[{"@type":"ListItem","position":1,"name":"\u0413\u043e\u043b\u043e\u0432\u043d\u0430 \u0421\u0442\u043e\u0440\u0456\u043d\u043a\u0430","item":"https:\/\/steelnet.ua\/"},{"@type":"ListItem","position":2,"name":"\u041c\u0430\u0433\u0430\u0437\u0438\u043d","item":"https:\/\/steelnet.ua\/shop\/"},{"@type":"ListItem","position":3,"name":"Skrzynki antyw\u0142amaniowe SN-\u0428\u041d-600-\u0437-2-15U"}]},{"@type":"WebSite","@id":"https:\/\/steelnet.ua\/#website","url":"https:\/\/steelnet.ua\/","name":"SteelNet","description":"\u041c\u0435\u0442\u0430\u043b\u043e\u043a\u043e\u043d\u0441\u0442\u0440\u0443\u043a\u0446\u0456\u0457 \u0442\u0430 \u0442\u0435\u043b\u0435\u043a\u043e\u043c \u043e\u0431\u043b\u0430\u0434\u043d\u0430\u043d\u043d\u044f","potentialAction":[{"@type":"SearchAction","target":{"@type":"EntryPoint","urlTemplate":"https:\/\/steelnet.ua\/?s={search_term_string}"},"query-input":{"@type":"PropertyValueSpecification","valueRequired":true,"valueName":"search_term_string"}}],"inLanguage":"pl-PL"}]}},"_links":{"self":[{"href":"https:\/\/steelnet.ua\/pl\/wp-json\/wp\/v2\/product\/10101","targetHints":{"allow":["GET"]}}],"collection":[{"href":"https:\/\/steelnet.ua\/pl\/wp-json\/wp\/v2\/product"}],"about":[{"href":"https:\/\/steelnet.ua\/pl\/wp-json\/wp\/v2\/types\/product"}],"replies":[{"embeddable":true,"href":"https:\/\/steelnet.ua\/pl\/wp-json\/wp\/v2\/comments?post=10101"}],"wp:featuredmedia":[{"embeddable":true,"href":"https:\/\/steelnet.ua\/pl\/wp-json\/wp\/v2\/media\/10102"}],"wp:attachment":[{"href":"https:\/\/steelnet.ua\/pl\/wp-json\/wp\/v2\/media?parent=10101"}],"wp:term":[{"taxonomy":"product_cat","embeddable":true,"href":"https:\/\/steelnet.ua\/pl\/wp-json\/wp\/v2\/product_cat?post=10101"},{"taxonomy":"product_tag","embeddable":true,"href":"https:\/\/steelnet.ua\/pl\/wp-json\/wp\/v2\/product_tag?post=10101"}],"curies":[{"name":"wp","href":"https:\/\/api.w.org\/{rel}","templated":true}]}}