{"id":10095,"date":"2021-08-10T11:42:48","date_gmt":"2021-08-10T08:42:48","guid":{"rendered":"https:\/\/steelnet.ua\/product\/skrzynka-antywlamaniowa-sn-shn-520-7u\/"},"modified":"2021-08-10T11:42:48","modified_gmt":"2021-08-10T08:42:48","slug":"skrzynka-antywlamaniowa-sn-shn-520-7u","status":"publish","type":"product","link":"https:\/\/steelnet.ua\/pl\/produkt\/skrzynka-antywlamaniowa-sn-shn-520-7u\/","title":{"rendered":"SKRZYNKA ANTYW\u0141AMANIOWA SN-\u0428\u041d-520-7U"},"content":{"rendered":"<p>Seria skrzynek antyw\u0142amaniowych SN-\u0428\u041d-520-7U zosta\u0142a zaprojektowana w celu ochrony sprz\u0119tu telekomunikacyjnego przed nieautoryzowanym dost\u0119pem os\u00f3b trzecich w miejscach publicznych. Konstrukcja ta mo\u017ce pomie\u015bci\u0107 urz\u0105dzenia o wysoko\u015bci do 7 jednostek.<\/p>\n<p>Skrzynki antyw\u0142amaniowe SN-\u0428\u041d-520 s\u0105 wykonane ze stali o grubo\u015bci 1,5 mm, kt\u00f3ra niezawodnie i skutecznie chroni sprz\u0119t znajduj\u0105cy si\u0119 wewn\u0105trz.<\/p>\n<p>Model SN-\u0428\u041d-520-\u0437-2-7u jest wyposa\u017cony w drzwi na zawiasach. R\u00f3wnie\u017c modele SN-SN-520 7-jednostkowe mog\u0105 by\u0107 wyposa\u017cone w drzwi wysuwane.<\/p>\n<p>Skrzynki antyw\u0142amaniowe pokryte s\u0105 specjaln\u0105 farb\u0105 proszkowo-polimerow\u0105, kt\u00f3ra tworzy trwa\u0142\u0105 pow\u0142ok\u0119 z w\u0119glik\u00f3w spiekanych, odporn\u0105 na dzia\u0142anie czynnik\u00f3w zewn\u0119trznych, w tym mechanicznych.<\/p>\n","protected":false},"excerpt":{"rendered":"<p>Seria skrzynek antyw\u0142amaniowych SN-\u0428\u041d-520-7U zosta\u0142a zaprojektowana w celu ochrony sprz\u0119tu telekomunikacyjnego przed nieautoryzowanym dost\u0119pem os\u00f3b trzecich w miejscach publicznych. Konstrukcja ta mo\u017ce pomie\u015bci\u0107 urz\u0105dzenia o wysoko\u015bci do 7 jednostek. Skrzynki antyw\u0142amaniowe SN-\u0428\u041d-520 s\u0105 wykonane ze stali o grubo\u015bci 1,5 mm, kt\u00f3ra niezawodnie i skutecznie chroni sprz\u0119t znajduj\u0105cy si\u0119 wewn\u0105trz. Model SN-\u0428\u041d-520-\u0437-2-7u jest wyposa\u017cony w drzwi [&hellip;]<\/p>\n","protected":false},"featured_media":10096,"comment_status":"open","ping_status":"closed","template":"","meta":{"inline_featured_image":false},"product_cat":[],"product_tag":[],"class_list":{"0":"post-10095","1":"product","2":"type-product","3":"status-publish","4":"has-post-thumbnail","7":"first","8":"instock","9":"shipping-taxable","10":"product-type-simple"},"yoast_head":"<!-- This site is optimized with the Yoast SEO plugin v27.3 - https:\/\/yoast.com\/product\/yoast-seo-wordpress\/ -->\n<title>SKRZYNKA ANTYW\u0141AMANIOWA SN-\u0428\u041d-520-7U - SteelNet<\/title>\n<meta name=\"robots\" content=\"index, follow, max-snippet:-1, max-image-preview:large, max-video-preview:-1\" \/>\n<link rel=\"canonical\" href=\"https:\/\/steelnet.ua\/pl\/produkt\/skrzynka-antywlamaniowa-sn-shn-520-7u\/\" \/>\n<meta property=\"og:locale\" content=\"pl_PL\" \/>\n<meta property=\"og:type\" content=\"article\" \/>\n<meta property=\"og:title\" content=\"SKRZYNKA ANTYW\u0141AMANIOWA SN-\u0428\u041d-520-7U - SteelNet\" \/>\n<meta property=\"og:description\" content=\"Seria skrzynek antyw\u0142amaniowych SN-\u0428\u041d-520-7U zosta\u0142a zaprojektowana w celu ochrony sprz\u0119tu telekomunikacyjnego przed nieautoryzowanym dost\u0119pem os\u00f3b trzecich w miejscach publicznych. Konstrukcja ta mo\u017ce pomie\u015bci\u0107 urz\u0105dzenia o wysoko\u015bci do 7 jednostek. Skrzynki antyw\u0142amaniowe SN-\u0428\u041d-520 s\u0105 wykonane ze stali o grubo\u015bci 1,5 mm, kt\u00f3ra niezawodnie i skutecznie chroni sprz\u0119t znajduj\u0105cy si\u0119 wewn\u0105trz. Model SN-\u0428\u041d-520-\u0437-2-7u jest wyposa\u017cony w drzwi [&hellip;]\" \/>\n<meta property=\"og:url\" content=\"https:\/\/steelnet.ua\/pl\/produkt\/skrzynka-antywlamaniowa-sn-shn-520-7u\/\" \/>\n<meta property=\"og:site_name\" content=\"SteelNet\" \/>\n<meta property=\"og:image\" content=\"https:\/\/steelnet.ua\/wp-content\/uploads\/2021\/08\/anti-vandal-box.png\" \/>\n\t<meta property=\"og:image:width\" content=\"800\" \/>\n\t<meta property=\"og:image:height\" content=\"800\" \/>\n\t<meta property=\"og:image:type\" content=\"image\/png\" \/>\n<meta name=\"twitter:card\" content=\"summary_large_image\" \/>\n<meta name=\"twitter:label1\" content=\"Szacowany czas czytania\" \/>\n\t<meta name=\"twitter:data1\" content=\"1 minuta\" \/>\n<script type=\"application\/ld+json\" class=\"yoast-schema-graph\">{\"@context\":\"https:\\\/\\\/schema.org\",\"@graph\":[{\"@type\":\"WebPage\",\"@id\":\"https:\\\/\\\/steelnet.ua\\\/pl\\\/produkt\\\/skrzynka-antywlamaniowa-sn-shn-520-7u\\\/\",\"url\":\"https:\\\/\\\/steelnet.ua\\\/pl\\\/produkt\\\/skrzynka-antywlamaniowa-sn-shn-520-7u\\\/\",\"name\":\"SKRZYNKA ANTYW\u0141AMANIOWA SN-\u0428\u041d-520-7U - SteelNet\",\"isPartOf\":{\"@id\":\"https:\\\/\\\/steelnet.ua\\\/#website\"},\"primaryImageOfPage\":{\"@id\":\"https:\\\/\\\/steelnet.ua\\\/pl\\\/produkt\\\/skrzynka-antywlamaniowa-sn-shn-520-7u\\\/#primaryimage\"},\"image\":{\"@id\":\"https:\\\/\\\/steelnet.ua\\\/pl\\\/produkt\\\/skrzynka-antywlamaniowa-sn-shn-520-7u\\\/#primaryimage\"},\"thumbnailUrl\":\"https:\\\/\\\/steelnet.ua\\\/wp-content\\\/uploads\\\/2021\\\/08\\\/anti-vandal-box.png\",\"datePublished\":\"2021-08-10T08:42:48+00:00\",\"breadcrumb\":{\"@id\":\"https:\\\/\\\/steelnet.ua\\\/pl\\\/produkt\\\/skrzynka-antywlamaniowa-sn-shn-520-7u\\\/#breadcrumb\"},\"inLanguage\":\"pl-PL\",\"potentialAction\":[{\"@type\":\"ReadAction\",\"target\":[\"https:\\\/\\\/steelnet.ua\\\/pl\\\/produkt\\\/skrzynka-antywlamaniowa-sn-shn-520-7u\\\/\"]}]},{\"@type\":\"ImageObject\",\"inLanguage\":\"pl-PL\",\"@id\":\"https:\\\/\\\/steelnet.ua\\\/pl\\\/produkt\\\/skrzynka-antywlamaniowa-sn-shn-520-7u\\\/#primaryimage\",\"url\":\"https:\\\/\\\/steelnet.ua\\\/wp-content\\\/uploads\\\/2021\\\/08\\\/anti-vandal-box.png\",\"contentUrl\":\"https:\\\/\\\/steelnet.ua\\\/wp-content\\\/uploads\\\/2021\\\/08\\\/anti-vandal-box.png\",\"width\":800,\"height\":800},{\"@type\":\"BreadcrumbList\",\"@id\":\"https:\\\/\\\/steelnet.ua\\\/pl\\\/produkt\\\/skrzynka-antywlamaniowa-sn-shn-520-7u\\\/#breadcrumb\",\"itemListElement\":[{\"@type\":\"ListItem\",\"position\":1,\"name\":\"\u0413\u043e\u043b\u043e\u0432\u043d\u0430 \u0421\u0442\u043e\u0440\u0456\u043d\u043a\u0430\",\"item\":\"https:\\\/\\\/steelnet.ua\\\/\"},{\"@type\":\"ListItem\",\"position\":2,\"name\":\"\u041c\u0430\u0433\u0430\u0437\u0438\u043d\",\"item\":\"https:\\\/\\\/steelnet.ua\\\/shop\\\/\"},{\"@type\":\"ListItem\",\"position\":3,\"name\":\"SKRZYNKA ANTYW\u0141AMANIOWA SN-\u0428\u041d-520-7U\"}]},{\"@type\":\"WebSite\",\"@id\":\"https:\\\/\\\/steelnet.ua\\\/#website\",\"url\":\"https:\\\/\\\/steelnet.ua\\\/\",\"name\":\"SteelNet\",\"description\":\"\u041c\u0435\u0442\u0430\u043b\u043e\u043a\u043e\u043d\u0441\u0442\u0440\u0443\u043a\u0446\u0456\u0457 \u0442\u0430 \u0442\u0435\u043b\u0435\u043a\u043e\u043c \u043e\u0431\u043b\u0430\u0434\u043d\u0430\u043d\u043d\u044f\",\"potentialAction\":[{\"@type\":\"SearchAction\",\"target\":{\"@type\":\"EntryPoint\",\"urlTemplate\":\"https:\\\/\\\/steelnet.ua\\\/?s={search_term_string}\"},\"query-input\":{\"@type\":\"PropertyValueSpecification\",\"valueRequired\":true,\"valueName\":\"search_term_string\"}}],\"inLanguage\":\"pl-PL\"}]}<\/script>\n<!-- \/ Yoast SEO plugin. -->","yoast_head_json":{"title":"SKRZYNKA ANTYW\u0141AMANIOWA SN-\u0428\u041d-520-7U - SteelNet","robots":{"index":"index","follow":"follow","max-snippet":"max-snippet:-1","max-image-preview":"max-image-preview:large","max-video-preview":"max-video-preview:-1"},"canonical":"https:\/\/steelnet.ua\/pl\/produkt\/skrzynka-antywlamaniowa-sn-shn-520-7u\/","og_locale":"pl_PL","og_type":"article","og_title":"SKRZYNKA ANTYW\u0141AMANIOWA SN-\u0428\u041d-520-7U - SteelNet","og_description":"Seria skrzynek antyw\u0142amaniowych SN-\u0428\u041d-520-7U zosta\u0142a zaprojektowana w celu ochrony sprz\u0119tu telekomunikacyjnego przed nieautoryzowanym dost\u0119pem os\u00f3b trzecich w miejscach publicznych. Konstrukcja ta mo\u017ce pomie\u015bci\u0107 urz\u0105dzenia o wysoko\u015bci do 7 jednostek. Skrzynki antyw\u0142amaniowe SN-\u0428\u041d-520 s\u0105 wykonane ze stali o grubo\u015bci 1,5 mm, kt\u00f3ra niezawodnie i skutecznie chroni sprz\u0119t znajduj\u0105cy si\u0119 wewn\u0105trz. Model SN-\u0428\u041d-520-\u0437-2-7u jest wyposa\u017cony w drzwi [&hellip;]","og_url":"https:\/\/steelnet.ua\/pl\/produkt\/skrzynka-antywlamaniowa-sn-shn-520-7u\/","og_site_name":"SteelNet","og_image":[{"width":800,"height":800,"url":"https:\/\/steelnet.ua\/wp-content\/uploads\/2021\/08\/anti-vandal-box.png","type":"image\/png"}],"twitter_card":"summary_large_image","twitter_misc":{"Szacowany czas czytania":"1 minuta"},"schema":{"@context":"https:\/\/schema.org","@graph":[{"@type":"WebPage","@id":"https:\/\/steelnet.ua\/pl\/produkt\/skrzynka-antywlamaniowa-sn-shn-520-7u\/","url":"https:\/\/steelnet.ua\/pl\/produkt\/skrzynka-antywlamaniowa-sn-shn-520-7u\/","name":"SKRZYNKA ANTYW\u0141AMANIOWA SN-\u0428\u041d-520-7U - SteelNet","isPartOf":{"@id":"https:\/\/steelnet.ua\/#website"},"primaryImageOfPage":{"@id":"https:\/\/steelnet.ua\/pl\/produkt\/skrzynka-antywlamaniowa-sn-shn-520-7u\/#primaryimage"},"image":{"@id":"https:\/\/steelnet.ua\/pl\/produkt\/skrzynka-antywlamaniowa-sn-shn-520-7u\/#primaryimage"},"thumbnailUrl":"https:\/\/steelnet.ua\/wp-content\/uploads\/2021\/08\/anti-vandal-box.png","datePublished":"2021-08-10T08:42:48+00:00","breadcrumb":{"@id":"https:\/\/steelnet.ua\/pl\/produkt\/skrzynka-antywlamaniowa-sn-shn-520-7u\/#breadcrumb"},"inLanguage":"pl-PL","potentialAction":[{"@type":"ReadAction","target":["https:\/\/steelnet.ua\/pl\/produkt\/skrzynka-antywlamaniowa-sn-shn-520-7u\/"]}]},{"@type":"ImageObject","inLanguage":"pl-PL","@id":"https:\/\/steelnet.ua\/pl\/produkt\/skrzynka-antywlamaniowa-sn-shn-520-7u\/#primaryimage","url":"https:\/\/steelnet.ua\/wp-content\/uploads\/2021\/08\/anti-vandal-box.png","contentUrl":"https:\/\/steelnet.ua\/wp-content\/uploads\/2021\/08\/anti-vandal-box.png","width":800,"height":800},{"@type":"BreadcrumbList","@id":"https:\/\/steelnet.ua\/pl\/produkt\/skrzynka-antywlamaniowa-sn-shn-520-7u\/#breadcrumb","itemListElement":[{"@type":"ListItem","position":1,"name":"\u0413\u043e\u043b\u043e\u0432\u043d\u0430 \u0421\u0442\u043e\u0440\u0456\u043d\u043a\u0430","item":"https:\/\/steelnet.ua\/"},{"@type":"ListItem","position":2,"name":"\u041c\u0430\u0433\u0430\u0437\u0438\u043d","item":"https:\/\/steelnet.ua\/shop\/"},{"@type":"ListItem","position":3,"name":"SKRZYNKA ANTYW\u0141AMANIOWA SN-\u0428\u041d-520-7U"}]},{"@type":"WebSite","@id":"https:\/\/steelnet.ua\/#website","url":"https:\/\/steelnet.ua\/","name":"SteelNet","description":"\u041c\u0435\u0442\u0430\u043b\u043e\u043a\u043e\u043d\u0441\u0442\u0440\u0443\u043a\u0446\u0456\u0457 \u0442\u0430 \u0442\u0435\u043b\u0435\u043a\u043e\u043c \u043e\u0431\u043b\u0430\u0434\u043d\u0430\u043d\u043d\u044f","potentialAction":[{"@type":"SearchAction","target":{"@type":"EntryPoint","urlTemplate":"https:\/\/steelnet.ua\/?s={search_term_string}"},"query-input":{"@type":"PropertyValueSpecification","valueRequired":true,"valueName":"search_term_string"}}],"inLanguage":"pl-PL"}]}},"_links":{"self":[{"href":"https:\/\/steelnet.ua\/pl\/wp-json\/wp\/v2\/product\/10095","targetHints":{"allow":["GET"]}}],"collection":[{"href":"https:\/\/steelnet.ua\/pl\/wp-json\/wp\/v2\/product"}],"about":[{"href":"https:\/\/steelnet.ua\/pl\/wp-json\/wp\/v2\/types\/product"}],"replies":[{"embeddable":true,"href":"https:\/\/steelnet.ua\/pl\/wp-json\/wp\/v2\/comments?post=10095"}],"wp:featuredmedia":[{"embeddable":true,"href":"https:\/\/steelnet.ua\/pl\/wp-json\/wp\/v2\/media\/10096"}],"wp:attachment":[{"href":"https:\/\/steelnet.ua\/pl\/wp-json\/wp\/v2\/media?parent=10095"}],"wp:term":[{"taxonomy":"product_cat","embeddable":true,"href":"https:\/\/steelnet.ua\/pl\/wp-json\/wp\/v2\/product_cat?post=10095"},{"taxonomy":"product_tag","embeddable":true,"href":"https:\/\/steelnet.ua\/pl\/wp-json\/wp\/v2\/product_tag?post=10095"}],"curies":[{"name":"wp","href":"https:\/\/api.w.org\/{rel}","templated":true}]}}