{"id":10090,"date":"2020-12-28T23:01:53","date_gmt":"2020-12-28T21:01:53","guid":{"rendered":"https:\/\/steelnet.ua\/product\/uniwersalna-polka-sn-1u-u-60-7035\/"},"modified":"2020-12-28T23:01:53","modified_gmt":"2020-12-28T21:01:53","slug":"uniwersalna-polka-sn-1u-u-60-7035","status":"publish","type":"product","link":"https:\/\/steelnet.ua\/pl\/produkt\/uniwersalna-polka-sn-1u-u-60-7035\/","title":{"rendered":"Uniwersalna p\u00f3\u0142ka SN-1U.U-60-7035"},"content":{"rendered":"<p>Uniwersalne p\u00f3\u0142ki przeznaczone s\u0105 do umieszczania sprz\u0119tu w szafach i stojakach. P\u00f3\u0142ka montowana jest na stojakach monta\u017cowych za pomoc\u0105 czterech punkt\u00f3w monta\u017cowych.<\/p>\n<p>Rama p\u00f3\u0142ki wykonana jest z blachy stalowej o grubo\u015bci 1,5 mm. Maksymalne dopuszczalne obci\u0105\u017cenie statystyczne p\u00f3\u0142ki wynosi 100 kg.<\/p>\n<p>P\u00f3\u0142ki wyposa\u017cone s\u0105 w zaawansowan\u0105 perforacj\u0119 zapewniaj\u0105c\u0105 swobodny przep\u0142yw powietrza ch\u0142odz\u0105cego.<\/p>\n<p>P\u00f3\u0142ki s\u0105 dost\u0119pne w nast\u0119puj\u0105cych g\u0142\u0119boko\u015bciach: 350\/450\/650\/850 mm.<\/p>\n<p>Wysoko\u015b\u0107 p\u00f3\u0142ki wynosi 1U. Wsporniki monta\u017cowe s\u0105 do\u0142\u0105czone do zestawu.<\/p>\n<p>Produkt pokryty jest specjaln\u0105 farb\u0105 proszkowo-polimerow\u0105, kt\u00f3ra tworzy trwa\u0142\u0105 pow\u0142ok\u0119 z w\u0119glik\u00f3w spiekanych, odporn\u0105 na dzia\u0142anie czynnik\u00f3w zewn\u0119trznych, w tym mechanicznych. Dost\u0119pne s\u0105 dwa standardowe kolory: RAL7035 (szary) i RAL9005 (czarny).<\/p>\n<p>P\u00f3\u0142ka jest indywidualnie pakowana w karton.<\/p>\n","protected":false},"excerpt":{"rendered":"<p>Uniwersalne p\u00f3\u0142ki przeznaczone s\u0105 do umieszczania sprz\u0119tu w szafach i stojakach. P\u00f3\u0142ka montowana jest na stojakach monta\u017cowych za pomoc\u0105 czterech punkt\u00f3w monta\u017cowych. Rama p\u00f3\u0142ki wykonana jest z blachy stalowej o grubo\u015bci 1,5 mm. Maksymalne dopuszczalne obci\u0105\u017cenie statystyczne p\u00f3\u0142ki wynosi 100 kg. P\u00f3\u0142ki wyposa\u017cone s\u0105 w zaawansowan\u0105 perforacj\u0119 zapewniaj\u0105c\u0105 swobodny przep\u0142yw powietrza ch\u0142odz\u0105cego. P\u00f3\u0142ki s\u0105 dost\u0119pne [&hellip;]<\/p>\n","protected":false},"featured_media":10091,"comment_status":"open","ping_status":"closed","template":"","meta":{"inline_featured_image":false},"product_cat":[15],"product_tag":[],"class_list":{"0":"post-10090","1":"product","2":"type-product","3":"status-publish","4":"has-post-thumbnail","6":"product_cat-bez-katehorii","8":"first","9":"instock","10":"shipping-taxable","11":"product-type-simple"},"yoast_head":"<!-- This site is optimized with the Yoast SEO plugin v27.3 - https:\/\/yoast.com\/product\/yoast-seo-wordpress\/ -->\n<title>Uniwersalna p\u00f3\u0142ka SN-1U.U-60-7035 - SteelNet<\/title>\n<meta name=\"robots\" content=\"index, follow, max-snippet:-1, max-image-preview:large, max-video-preview:-1\" \/>\n<link rel=\"canonical\" href=\"https:\/\/steelnet.ua\/pl\/produkt\/uniwersalna-polka-sn-1u-u-60-7035\/\" \/>\n<meta property=\"og:locale\" content=\"pl_PL\" \/>\n<meta property=\"og:type\" content=\"article\" \/>\n<meta property=\"og:title\" content=\"Uniwersalna p\u00f3\u0142ka SN-1U.U-60-7035 - SteelNet\" \/>\n<meta property=\"og:description\" content=\"Uniwersalne p\u00f3\u0142ki przeznaczone s\u0105 do umieszczania sprz\u0119tu w szafach i stojakach. P\u00f3\u0142ka montowana jest na stojakach monta\u017cowych za pomoc\u0105 czterech punkt\u00f3w monta\u017cowych. Rama p\u00f3\u0142ki wykonana jest z blachy stalowej o grubo\u015bci 1,5 mm. Maksymalne dopuszczalne obci\u0105\u017cenie statystyczne p\u00f3\u0142ki wynosi 100 kg. P\u00f3\u0142ki wyposa\u017cone s\u0105 w zaawansowan\u0105 perforacj\u0119 zapewniaj\u0105c\u0105 swobodny przep\u0142yw powietrza ch\u0142odz\u0105cego. P\u00f3\u0142ki s\u0105 dost\u0119pne [&hellip;]\" \/>\n<meta property=\"og:url\" content=\"https:\/\/steelnet.ua\/pl\/produkt\/uniwersalna-polka-sn-1u-u-60-7035\/\" \/>\n<meta property=\"og:site_name\" content=\"SteelNet\" \/>\n<meta property=\"og:image\" content=\"https:\/\/steelnet.ua\/wp-content\/uploads\/2020\/12\/lara_product_266.jpg\" \/>\n\t<meta property=\"og:image:width\" content=\"800\" \/>\n\t<meta property=\"og:image:height\" content=\"800\" \/>\n\t<meta property=\"og:image:type\" content=\"image\/jpeg\" \/>\n<meta name=\"twitter:card\" content=\"summary_large_image\" \/>\n<meta name=\"twitter:label1\" content=\"Szacowany czas czytania\" \/>\n\t<meta name=\"twitter:data1\" content=\"1 minuta\" \/>\n<script type=\"application\/ld+json\" class=\"yoast-schema-graph\">{\"@context\":\"https:\\\/\\\/schema.org\",\"@graph\":[{\"@type\":\"WebPage\",\"@id\":\"https:\\\/\\\/steelnet.ua\\\/pl\\\/produkt\\\/uniwersalna-polka-sn-1u-u-60-7035\\\/\",\"url\":\"https:\\\/\\\/steelnet.ua\\\/pl\\\/produkt\\\/uniwersalna-polka-sn-1u-u-60-7035\\\/\",\"name\":\"Uniwersalna p\u00f3\u0142ka SN-1U.U-60-7035 - SteelNet\",\"isPartOf\":{\"@id\":\"https:\\\/\\\/steelnet.ua\\\/#website\"},\"primaryImageOfPage\":{\"@id\":\"https:\\\/\\\/steelnet.ua\\\/pl\\\/produkt\\\/uniwersalna-polka-sn-1u-u-60-7035\\\/#primaryimage\"},\"image\":{\"@id\":\"https:\\\/\\\/steelnet.ua\\\/pl\\\/produkt\\\/uniwersalna-polka-sn-1u-u-60-7035\\\/#primaryimage\"},\"thumbnailUrl\":\"https:\\\/\\\/steelnet.ua\\\/wp-content\\\/uploads\\\/2020\\\/12\\\/lara_product_266.jpg\",\"datePublished\":\"2020-12-28T21:01:53+00:00\",\"breadcrumb\":{\"@id\":\"https:\\\/\\\/steelnet.ua\\\/pl\\\/produkt\\\/uniwersalna-polka-sn-1u-u-60-7035\\\/#breadcrumb\"},\"inLanguage\":\"pl-PL\",\"potentialAction\":[{\"@type\":\"ReadAction\",\"target\":[\"https:\\\/\\\/steelnet.ua\\\/pl\\\/produkt\\\/uniwersalna-polka-sn-1u-u-60-7035\\\/\"]}]},{\"@type\":\"ImageObject\",\"inLanguage\":\"pl-PL\",\"@id\":\"https:\\\/\\\/steelnet.ua\\\/pl\\\/produkt\\\/uniwersalna-polka-sn-1u-u-60-7035\\\/#primaryimage\",\"url\":\"https:\\\/\\\/steelnet.ua\\\/wp-content\\\/uploads\\\/2020\\\/12\\\/lara_product_266.jpg\",\"contentUrl\":\"https:\\\/\\\/steelnet.ua\\\/wp-content\\\/uploads\\\/2020\\\/12\\\/lara_product_266.jpg\",\"width\":800,\"height\":800},{\"@type\":\"BreadcrumbList\",\"@id\":\"https:\\\/\\\/steelnet.ua\\\/pl\\\/produkt\\\/uniwersalna-polka-sn-1u-u-60-7035\\\/#breadcrumb\",\"itemListElement\":[{\"@type\":\"ListItem\",\"position\":1,\"name\":\"\u0413\u043e\u043b\u043e\u0432\u043d\u0430 \u0421\u0442\u043e\u0440\u0456\u043d\u043a\u0430\",\"item\":\"https:\\\/\\\/steelnet.ua\\\/\"},{\"@type\":\"ListItem\",\"position\":2,\"name\":\"\u041c\u0430\u0433\u0430\u0437\u0438\u043d\",\"item\":\"https:\\\/\\\/steelnet.ua\\\/shop\\\/\"},{\"@type\":\"ListItem\",\"position\":3,\"name\":\"Uniwersalna p\u00f3\u0142ka SN-1U.U-60-7035\"}]},{\"@type\":\"WebSite\",\"@id\":\"https:\\\/\\\/steelnet.ua\\\/#website\",\"url\":\"https:\\\/\\\/steelnet.ua\\\/\",\"name\":\"SteelNet\",\"description\":\"\u041c\u0435\u0442\u0430\u043b\u043e\u043a\u043e\u043d\u0441\u0442\u0440\u0443\u043a\u0446\u0456\u0457 \u0442\u0430 \u0442\u0435\u043b\u0435\u043a\u043e\u043c \u043e\u0431\u043b\u0430\u0434\u043d\u0430\u043d\u043d\u044f\",\"potentialAction\":[{\"@type\":\"SearchAction\",\"target\":{\"@type\":\"EntryPoint\",\"urlTemplate\":\"https:\\\/\\\/steelnet.ua\\\/?s={search_term_string}\"},\"query-input\":{\"@type\":\"PropertyValueSpecification\",\"valueRequired\":true,\"valueName\":\"search_term_string\"}}],\"inLanguage\":\"pl-PL\"}]}<\/script>\n<!-- \/ Yoast SEO plugin. -->","yoast_head_json":{"title":"Uniwersalna p\u00f3\u0142ka SN-1U.U-60-7035 - SteelNet","robots":{"index":"index","follow":"follow","max-snippet":"max-snippet:-1","max-image-preview":"max-image-preview:large","max-video-preview":"max-video-preview:-1"},"canonical":"https:\/\/steelnet.ua\/pl\/produkt\/uniwersalna-polka-sn-1u-u-60-7035\/","og_locale":"pl_PL","og_type":"article","og_title":"Uniwersalna p\u00f3\u0142ka SN-1U.U-60-7035 - SteelNet","og_description":"Uniwersalne p\u00f3\u0142ki przeznaczone s\u0105 do umieszczania sprz\u0119tu w szafach i stojakach. P\u00f3\u0142ka montowana jest na stojakach monta\u017cowych za pomoc\u0105 czterech punkt\u00f3w monta\u017cowych. Rama p\u00f3\u0142ki wykonana jest z blachy stalowej o grubo\u015bci 1,5 mm. Maksymalne dopuszczalne obci\u0105\u017cenie statystyczne p\u00f3\u0142ki wynosi 100 kg. P\u00f3\u0142ki wyposa\u017cone s\u0105 w zaawansowan\u0105 perforacj\u0119 zapewniaj\u0105c\u0105 swobodny przep\u0142yw powietrza ch\u0142odz\u0105cego. P\u00f3\u0142ki s\u0105 dost\u0119pne [&hellip;]","og_url":"https:\/\/steelnet.ua\/pl\/produkt\/uniwersalna-polka-sn-1u-u-60-7035\/","og_site_name":"SteelNet","og_image":[{"width":800,"height":800,"url":"https:\/\/steelnet.ua\/wp-content\/uploads\/2020\/12\/lara_product_266.jpg","type":"image\/jpeg"}],"twitter_card":"summary_large_image","twitter_misc":{"Szacowany czas czytania":"1 minuta"},"schema":{"@context":"https:\/\/schema.org","@graph":[{"@type":"WebPage","@id":"https:\/\/steelnet.ua\/pl\/produkt\/uniwersalna-polka-sn-1u-u-60-7035\/","url":"https:\/\/steelnet.ua\/pl\/produkt\/uniwersalna-polka-sn-1u-u-60-7035\/","name":"Uniwersalna p\u00f3\u0142ka SN-1U.U-60-7035 - SteelNet","isPartOf":{"@id":"https:\/\/steelnet.ua\/#website"},"primaryImageOfPage":{"@id":"https:\/\/steelnet.ua\/pl\/produkt\/uniwersalna-polka-sn-1u-u-60-7035\/#primaryimage"},"image":{"@id":"https:\/\/steelnet.ua\/pl\/produkt\/uniwersalna-polka-sn-1u-u-60-7035\/#primaryimage"},"thumbnailUrl":"https:\/\/steelnet.ua\/wp-content\/uploads\/2020\/12\/lara_product_266.jpg","datePublished":"2020-12-28T21:01:53+00:00","breadcrumb":{"@id":"https:\/\/steelnet.ua\/pl\/produkt\/uniwersalna-polka-sn-1u-u-60-7035\/#breadcrumb"},"inLanguage":"pl-PL","potentialAction":[{"@type":"ReadAction","target":["https:\/\/steelnet.ua\/pl\/produkt\/uniwersalna-polka-sn-1u-u-60-7035\/"]}]},{"@type":"ImageObject","inLanguage":"pl-PL","@id":"https:\/\/steelnet.ua\/pl\/produkt\/uniwersalna-polka-sn-1u-u-60-7035\/#primaryimage","url":"https:\/\/steelnet.ua\/wp-content\/uploads\/2020\/12\/lara_product_266.jpg","contentUrl":"https:\/\/steelnet.ua\/wp-content\/uploads\/2020\/12\/lara_product_266.jpg","width":800,"height":800},{"@type":"BreadcrumbList","@id":"https:\/\/steelnet.ua\/pl\/produkt\/uniwersalna-polka-sn-1u-u-60-7035\/#breadcrumb","itemListElement":[{"@type":"ListItem","position":1,"name":"\u0413\u043e\u043b\u043e\u0432\u043d\u0430 \u0421\u0442\u043e\u0440\u0456\u043d\u043a\u0430","item":"https:\/\/steelnet.ua\/"},{"@type":"ListItem","position":2,"name":"\u041c\u0430\u0433\u0430\u0437\u0438\u043d","item":"https:\/\/steelnet.ua\/shop\/"},{"@type":"ListItem","position":3,"name":"Uniwersalna p\u00f3\u0142ka SN-1U.U-60-7035"}]},{"@type":"WebSite","@id":"https:\/\/steelnet.ua\/#website","url":"https:\/\/steelnet.ua\/","name":"SteelNet","description":"\u041c\u0435\u0442\u0430\u043b\u043e\u043a\u043e\u043d\u0441\u0442\u0440\u0443\u043a\u0446\u0456\u0457 \u0442\u0430 \u0442\u0435\u043b\u0435\u043a\u043e\u043c \u043e\u0431\u043b\u0430\u0434\u043d\u0430\u043d\u043d\u044f","potentialAction":[{"@type":"SearchAction","target":{"@type":"EntryPoint","urlTemplate":"https:\/\/steelnet.ua\/?s={search_term_string}"},"query-input":{"@type":"PropertyValueSpecification","valueRequired":true,"valueName":"search_term_string"}}],"inLanguage":"pl-PL"}]}},"_links":{"self":[{"href":"https:\/\/steelnet.ua\/pl\/wp-json\/wp\/v2\/product\/10090","targetHints":{"allow":["GET"]}}],"collection":[{"href":"https:\/\/steelnet.ua\/pl\/wp-json\/wp\/v2\/product"}],"about":[{"href":"https:\/\/steelnet.ua\/pl\/wp-json\/wp\/v2\/types\/product"}],"replies":[{"embeddable":true,"href":"https:\/\/steelnet.ua\/pl\/wp-json\/wp\/v2\/comments?post=10090"}],"wp:featuredmedia":[{"embeddable":true,"href":"https:\/\/steelnet.ua\/pl\/wp-json\/wp\/v2\/media\/10091"}],"wp:attachment":[{"href":"https:\/\/steelnet.ua\/pl\/wp-json\/wp\/v2\/media?parent=10090"}],"wp:term":[{"taxonomy":"product_cat","embeddable":true,"href":"https:\/\/steelnet.ua\/pl\/wp-json\/wp\/v2\/product_cat?post=10090"},{"taxonomy":"product_tag","embeddable":true,"href":"https:\/\/steelnet.ua\/pl\/wp-json\/wp\/v2\/product_tag?post=10090"}],"curies":[{"name":"wp","href":"https:\/\/api.w.org\/{rel}","templated":true}]}}