{"id":10076,"date":"2020-12-28T22:59:27","date_gmt":"2020-12-28T20:59:27","guid":{"rendered":"https:\/\/steelnet.ua\/product\/polka-przesuwana-sn-1u-450-pv-9005\/"},"modified":"2020-12-28T22:59:27","modified_gmt":"2020-12-28T20:59:27","slug":"polka-przesuwana-sn-1u-450-pv-9005","status":"publish","type":"product","link":"https:\/\/steelnet.ua\/pl\/produkt\/polka-przesuwana-sn-1u-450-pv-9005\/","title":{"rendered":"P\u00f3\u0142ka przesuwana SN 1U-450-\u041f\u0412-9005"},"content":{"rendered":"<p>P\u00f3\u0142ki przesuwne przeznaczone s\u0105 do monta\u017cu w szafach i stojakach 19\u2033.<\/p>\n<p>Prowadnice teleskopowe zapewniaj\u0105 p\u0142ynne wysuwanie p\u00f3\u0142ki wraz z zainstalowanym na niej sprz\u0119tem.<\/p>\n<p>P\u00f3\u0142ka montowana jest na stojakach monta\u017cowych 19\u2033 z czterema punktami monta\u017cowymi.<\/p>\n<p>Rama p\u00f3\u0142ki wykonana jest z blachy stalowej o grubo\u015bci 1,2 mm. Maksymalne dopuszczalne obci\u0105\u017cenie statystyczne p\u00f3\u0142ki wynosi 20 kg.<\/p>\n<p>P\u00f3\u0142ki wyposa\u017cone s\u0105 w zaawansowan\u0105 perforacj\u0119 zapewniaj\u0105c\u0105 swobodny przep\u0142yw powietrza ch\u0142odz\u0105cego.<\/p>\n<p>Wysoko\u015b\u0107 p\u00f3\u0142ki wynosi 1U.<\/p>\n<p>Wymiary ca\u0142kowite p\u00f3\u0142ki, mm (szer.*wys.): 418 * 452.<\/p>\n<p>Produkt pokryty jest specjaln\u0105 farb\u0105 proszkowo-polimerow\u0105, kt\u00f3ra tworzy trwa\u0142\u0105 pow\u0142ok\u0119 z w\u0119glik\u00f3w spiekanych, odporn\u0105 na dzia\u0142anie czynnik\u00f3w zewn\u0119trznych, w tym mechanicznych.<\/p>\n<p>Dost\u0119pne s\u0105 dwa standardowe kolory: RAL7035 (szary) i RAL9005 (czarny).<\/p>\n<p>P\u00f3\u0142ka jest indywidualnie pakowana w karton.<\/p>\n","protected":false},"excerpt":{"rendered":"<p>P\u00f3\u0142ki przesuwne przeznaczone s\u0105 do monta\u017cu w szafach i stojakach 19\u2033. Prowadnice teleskopowe zapewniaj\u0105 p\u0142ynne wysuwanie p\u00f3\u0142ki wraz z zainstalowanym na niej sprz\u0119tem. P\u00f3\u0142ka montowana jest na stojakach monta\u017cowych 19\u2033 z czterema punktami monta\u017cowymi. Rama p\u00f3\u0142ki wykonana jest z blachy stalowej o grubo\u015bci 1,2 mm. Maksymalne dopuszczalne obci\u0105\u017cenie statystyczne p\u00f3\u0142ki wynosi 20 kg. P\u00f3\u0142ki wyposa\u017cone [&hellip;]<\/p>\n","protected":false},"featured_media":10077,"comment_status":"open","ping_status":"closed","template":"","meta":{"inline_featured_image":false},"product_cat":[],"product_tag":[],"class_list":{"0":"post-10076","1":"product","2":"type-product","3":"status-publish","4":"has-post-thumbnail","7":"first","8":"instock","9":"shipping-taxable","10":"product-type-simple"},"yoast_head":"<!-- This site is optimized with the Yoast SEO plugin v21.9.1 - https:\/\/yoast.com\/wordpress\/plugins\/seo\/ -->\n<title>P\u00f3\u0142ka przesuwana SN 1U-450-\u041f\u0412-9005 - SteelNet<\/title>\n<meta name=\"robots\" content=\"index, follow, max-snippet:-1, max-image-preview:large, max-video-preview:-1\" \/>\n<link rel=\"canonical\" href=\"https:\/\/steelnet.ua\/pl\/produkt\/polka-przesuwana-sn-1u-450-pv-9005\/\" \/>\n<meta property=\"og:locale\" content=\"pl_PL\" \/>\n<meta property=\"og:type\" content=\"article\" \/>\n<meta property=\"og:title\" content=\"P\u00f3\u0142ka przesuwana SN 1U-450-\u041f\u0412-9005 - SteelNet\" \/>\n<meta property=\"og:description\" content=\"P\u00f3\u0142ki przesuwne przeznaczone s\u0105 do monta\u017cu w szafach i stojakach 19\u2033. Prowadnice teleskopowe zapewniaj\u0105 p\u0142ynne wysuwanie p\u00f3\u0142ki wraz z zainstalowanym na niej sprz\u0119tem. P\u00f3\u0142ka montowana jest na stojakach monta\u017cowych 19\u2033 z czterema punktami monta\u017cowymi. Rama p\u00f3\u0142ki wykonana jest z blachy stalowej o grubo\u015bci 1,2 mm. Maksymalne dopuszczalne obci\u0105\u017cenie statystyczne p\u00f3\u0142ki wynosi 20 kg. P\u00f3\u0142ki wyposa\u017cone [&hellip;]\" \/>\n<meta property=\"og:url\" content=\"https:\/\/steelnet.ua\/pl\/produkt\/polka-przesuwana-sn-1u-450-pv-9005\/\" \/>\n<meta property=\"og:site_name\" content=\"SteelNet\" \/>\n<meta property=\"og:image\" content=\"https:\/\/steelnet.ua\/wp-content\/uploads\/2021\/01\/lara_product_285.jpg\" \/>\n\t<meta property=\"og:image:width\" content=\"640\" \/>\n\t<meta property=\"og:image:height\" content=\"640\" \/>\n\t<meta property=\"og:image:type\" content=\"image\/jpeg\" \/>\n<meta name=\"twitter:card\" content=\"summary_large_image\" \/>\n<meta name=\"twitter:label1\" content=\"Szacowany czas czytania\" \/>\n\t<meta name=\"twitter:data1\" content=\"1 minuta\" \/>\n<script type=\"application\/ld+json\" class=\"yoast-schema-graph\">{\"@context\":\"https:\/\/schema.org\",\"@graph\":[{\"@type\":\"WebPage\",\"@id\":\"https:\/\/steelnet.ua\/pl\/produkt\/polka-przesuwana-sn-1u-450-pv-9005\/\",\"url\":\"https:\/\/steelnet.ua\/pl\/produkt\/polka-przesuwana-sn-1u-450-pv-9005\/\",\"name\":\"P\u00f3\u0142ka przesuwana SN 1U-450-\u041f\u0412-9005 - SteelNet\",\"isPartOf\":{\"@id\":\"https:\/\/steelnet.ua\/#website\"},\"datePublished\":\"2020-12-28T20:59:27+00:00\",\"dateModified\":\"2020-12-28T20:59:27+00:00\",\"breadcrumb\":{\"@id\":\"https:\/\/steelnet.ua\/pl\/produkt\/polka-przesuwana-sn-1u-450-pv-9005\/#breadcrumb\"},\"inLanguage\":\"pl-PL\",\"potentialAction\":[{\"@type\":\"ReadAction\",\"target\":[\"https:\/\/steelnet.ua\/pl\/produkt\/polka-przesuwana-sn-1u-450-pv-9005\/\"]}]},{\"@type\":\"BreadcrumbList\",\"@id\":\"https:\/\/steelnet.ua\/pl\/produkt\/polka-przesuwana-sn-1u-450-pv-9005\/#breadcrumb\",\"itemListElement\":[{\"@type\":\"ListItem\",\"position\":1,\"name\":\"\u0413\u043e\u043b\u043e\u0432\u043d\u0430 \u0421\u0442\u043e\u0440\u0456\u043d\u043a\u0430\",\"item\":\"https:\/\/steelnet.ua\/\"},{\"@type\":\"ListItem\",\"position\":2,\"name\":\"\u041c\u0430\u0433\u0430\u0437\u0438\u043d\",\"item\":\"https:\/\/steelnet.ua\/shop\/\"},{\"@type\":\"ListItem\",\"position\":3,\"name\":\"P\u00f3\u0142ka przesuwana SN 1U-450-\u041f\u0412-9005\"}]},{\"@type\":\"WebSite\",\"@id\":\"https:\/\/steelnet.ua\/#website\",\"url\":\"https:\/\/steelnet.ua\/\",\"name\":\"SteelNet\",\"description\":\"\u041c\u0435\u0442\u0430\u043b\u043e\u043a\u043e\u043d\u0441\u0442\u0440\u0443\u043a\u0446\u0456\u0457 \u0442\u0430 \u0442\u0435\u043b\u0435\u043a\u043e\u043c \u043e\u0431\u043b\u0430\u0434\u043d\u0430\u043d\u043d\u044f\",\"potentialAction\":[{\"@type\":\"SearchAction\",\"target\":{\"@type\":\"EntryPoint\",\"urlTemplate\":\"https:\/\/steelnet.ua\/?s={search_term_string}\"},\"query-input\":\"required name=search_term_string\"}],\"inLanguage\":\"pl-PL\"}]}<\/script>\n<!-- \/ Yoast SEO plugin. -->","yoast_head_json":{"title":"P\u00f3\u0142ka przesuwana SN 1U-450-\u041f\u0412-9005 - SteelNet","robots":{"index":"index","follow":"follow","max-snippet":"max-snippet:-1","max-image-preview":"max-image-preview:large","max-video-preview":"max-video-preview:-1"},"canonical":"https:\/\/steelnet.ua\/pl\/produkt\/polka-przesuwana-sn-1u-450-pv-9005\/","og_locale":"pl_PL","og_type":"article","og_title":"P\u00f3\u0142ka przesuwana SN 1U-450-\u041f\u0412-9005 - SteelNet","og_description":"P\u00f3\u0142ki przesuwne przeznaczone s\u0105 do monta\u017cu w szafach i stojakach 19\u2033. Prowadnice teleskopowe zapewniaj\u0105 p\u0142ynne wysuwanie p\u00f3\u0142ki wraz z zainstalowanym na niej sprz\u0119tem. P\u00f3\u0142ka montowana jest na stojakach monta\u017cowych 19\u2033 z czterema punktami monta\u017cowymi. Rama p\u00f3\u0142ki wykonana jest z blachy stalowej o grubo\u015bci 1,2 mm. Maksymalne dopuszczalne obci\u0105\u017cenie statystyczne p\u00f3\u0142ki wynosi 20 kg. P\u00f3\u0142ki wyposa\u017cone [&hellip;]","og_url":"https:\/\/steelnet.ua\/pl\/produkt\/polka-przesuwana-sn-1u-450-pv-9005\/","og_site_name":"SteelNet","og_image":[{"width":640,"height":640,"url":"https:\/\/steelnet.ua\/wp-content\/uploads\/2021\/01\/lara_product_285.jpg","type":"image\/jpeg"}],"twitter_card":"summary_large_image","twitter_misc":{"Szacowany czas czytania":"1 minuta"},"schema":{"@context":"https:\/\/schema.org","@graph":[{"@type":"WebPage","@id":"https:\/\/steelnet.ua\/pl\/produkt\/polka-przesuwana-sn-1u-450-pv-9005\/","url":"https:\/\/steelnet.ua\/pl\/produkt\/polka-przesuwana-sn-1u-450-pv-9005\/","name":"P\u00f3\u0142ka przesuwana SN 1U-450-\u041f\u0412-9005 - SteelNet","isPartOf":{"@id":"https:\/\/steelnet.ua\/#website"},"datePublished":"2020-12-28T20:59:27+00:00","dateModified":"2020-12-28T20:59:27+00:00","breadcrumb":{"@id":"https:\/\/steelnet.ua\/pl\/produkt\/polka-przesuwana-sn-1u-450-pv-9005\/#breadcrumb"},"inLanguage":"pl-PL","potentialAction":[{"@type":"ReadAction","target":["https:\/\/steelnet.ua\/pl\/produkt\/polka-przesuwana-sn-1u-450-pv-9005\/"]}]},{"@type":"BreadcrumbList","@id":"https:\/\/steelnet.ua\/pl\/produkt\/polka-przesuwana-sn-1u-450-pv-9005\/#breadcrumb","itemListElement":[{"@type":"ListItem","position":1,"name":"\u0413\u043e\u043b\u043e\u0432\u043d\u0430 \u0421\u0442\u043e\u0440\u0456\u043d\u043a\u0430","item":"https:\/\/steelnet.ua\/"},{"@type":"ListItem","position":2,"name":"\u041c\u0430\u0433\u0430\u0437\u0438\u043d","item":"https:\/\/steelnet.ua\/shop\/"},{"@type":"ListItem","position":3,"name":"P\u00f3\u0142ka przesuwana SN 1U-450-\u041f\u0412-9005"}]},{"@type":"WebSite","@id":"https:\/\/steelnet.ua\/#website","url":"https:\/\/steelnet.ua\/","name":"SteelNet","description":"\u041c\u0435\u0442\u0430\u043b\u043e\u043a\u043e\u043d\u0441\u0442\u0440\u0443\u043a\u0446\u0456\u0457 \u0442\u0430 \u0442\u0435\u043b\u0435\u043a\u043e\u043c \u043e\u0431\u043b\u0430\u0434\u043d\u0430\u043d\u043d\u044f","potentialAction":[{"@type":"SearchAction","target":{"@type":"EntryPoint","urlTemplate":"https:\/\/steelnet.ua\/?s={search_term_string}"},"query-input":"required name=search_term_string"}],"inLanguage":"pl-PL"}]}},"_links":{"self":[{"href":"https:\/\/steelnet.ua\/pl\/wp-json\/wp\/v2\/product\/10076","targetHints":{"allow":["GET"]}}],"collection":[{"href":"https:\/\/steelnet.ua\/pl\/wp-json\/wp\/v2\/product"}],"about":[{"href":"https:\/\/steelnet.ua\/pl\/wp-json\/wp\/v2\/types\/product"}],"replies":[{"embeddable":true,"href":"https:\/\/steelnet.ua\/pl\/wp-json\/wp\/v2\/comments?post=10076"}],"wp:featuredmedia":[{"embeddable":true,"href":"https:\/\/steelnet.ua\/pl\/wp-json\/wp\/v2\/media\/10077"}],"wp:attachment":[{"href":"https:\/\/steelnet.ua\/pl\/wp-json\/wp\/v2\/media?parent=10076"}],"wp:term":[{"taxonomy":"product_cat","embeddable":true,"href":"https:\/\/steelnet.ua\/pl\/wp-json\/wp\/v2\/product_cat?post=10076"},{"taxonomy":"product_tag","embeddable":true,"href":"https:\/\/steelnet.ua\/pl\/wp-json\/wp\/v2\/product_tag?post=10076"}],"curies":[{"name":"wp","href":"https:\/\/api.w.org\/{rel}","templated":true}]}}