{"id":10070,"date":"2023-03-15T19:07:18","date_gmt":"2023-03-15T17:07:18","guid":{"rendered":"https:\/\/steelnet.ua\/product\/panel-montazowy-do-skrzynki-plastikowej\/"},"modified":"2023-03-15T19:07:18","modified_gmt":"2023-03-15T17:07:18","slug":"panel-montazowy-do-skrzynki-plastikowej","status":"publish","type":"product","link":"https:\/\/steelnet.ua\/pl\/produkt\/panel-montazowy-do-skrzynki-plastikowej\/","title":{"rendered":"Panel monta\u017cowy\u00a0do skrzynki plastikowej"},"content":{"rendered":"<p><strong>Panel monta\u017cowy<\/strong>\u00a0do skrzynki plastikowej\u00a0SN FOB 04-16.<\/p>\n<p>Panel monta\u017cowy zosta\u0142 zaprojektowany jako niezale\u017cne akcesorium do skrzynki optycznej\u00a0SN FOB 04-16. Montuje si\u0119 go na wsporniku przez otwory za pomoc\u0105 ta\u015bmy mocuj\u0105cej 201 \u2013 20\u04450,7.<\/p>\n<p>Mo\u017cna go r\u00f3wnie\u017c zamontowa\u0107 na organizatorze zapas\u00f3w kabli\u00a0SN-500-UA-7035\u00a0lub\u00a0\u00a0SN-500-W-7035\u00a0za pomoc\u0105 jednej \u015bruby i gwintowanego otworu w organizatorze.<\/p>\n<p>Wykonany jest z 2 mm metalu, przetworzonego i pomalowanego odporn\u0105 na korozj\u0119 farb\u0105 proszkow\u0105.<\/p>\n","protected":false},"excerpt":{"rendered":"<p>Panel monta\u017cowy\u00a0do skrzynki plastikowej\u00a0SN FOB 04-16. Panel monta\u017cowy zosta\u0142 zaprojektowany jako niezale\u017cne akcesorium do skrzynki optycznej\u00a0SN FOB 04-16. Montuje si\u0119 go na wsporniku przez otwory za pomoc\u0105 ta\u015bmy mocuj\u0105cej 201 \u2013 20\u04450,7. Mo\u017cna go r\u00f3wnie\u017c zamontowa\u0107 na organizatorze zapas\u00f3w kabli\u00a0SN-500-UA-7035\u00a0lub\u00a0\u00a0SN-500-W-7035\u00a0za pomoc\u0105 jednej \u015bruby i gwintowanego otworu w organizatorze. Wykonany jest z 2 mm metalu, przetworzonego [&hellip;]<\/p>\n","protected":false},"featured_media":10071,"comment_status":"open","ping_status":"closed","template":"","meta":{"inline_featured_image":false},"product_cat":[15],"product_tag":[],"class_list":{"0":"post-10070","1":"product","2":"type-product","3":"status-publish","4":"has-post-thumbnail","6":"product_cat-bez-katehorii","8":"first","9":"instock","10":"shipping-taxable","11":"product-type-simple"},"yoast_head":"<!-- This site is optimized with the Yoast SEO plugin v21.9.1 - https:\/\/yoast.com\/wordpress\/plugins\/seo\/ -->\n<title>Panel monta\u017cowy\u00a0do skrzynki plastikowej - SteelNet<\/title>\n<meta name=\"robots\" content=\"index, follow, max-snippet:-1, max-image-preview:large, max-video-preview:-1\" \/>\n<link rel=\"canonical\" href=\"https:\/\/steelnet.ua\/pl\/produkt\/panel-montazowy-do-skrzynki-plastikowej\/\" \/>\n<meta property=\"og:locale\" content=\"pl_PL\" \/>\n<meta property=\"og:type\" content=\"article\" \/>\n<meta property=\"og:title\" content=\"Panel monta\u017cowy\u00a0do skrzynki plastikowej - SteelNet\" \/>\n<meta property=\"og:description\" content=\"Panel monta\u017cowy\u00a0do skrzynki plastikowej\u00a0SN FOB 04-16. Panel monta\u017cowy zosta\u0142 zaprojektowany jako niezale\u017cne akcesorium do skrzynki optycznej\u00a0SN FOB 04-16. Montuje si\u0119 go na wsporniku przez otwory za pomoc\u0105 ta\u015bmy mocuj\u0105cej 201 \u2013 20\u04450,7. Mo\u017cna go r\u00f3wnie\u017c zamontowa\u0107 na organizatorze zapas\u00f3w kabli\u00a0SN-500-UA-7035\u00a0lub\u00a0\u00a0SN-500-W-7035\u00a0za pomoc\u0105 jednej \u015bruby i gwintowanego otworu w organizatorze. Wykonany jest z 2 mm metalu, przetworzonego [&hellip;]\" \/>\n<meta property=\"og:url\" content=\"https:\/\/steelnet.ua\/pl\/produkt\/panel-montazowy-do-skrzynki-plastikowej\/\" \/>\n<meta property=\"og:site_name\" content=\"SteelNet\" \/>\n<meta property=\"og:image\" content=\"https:\/\/steelnet.ua\/wp-content\/uploads\/2023\/03\/plastina_perspective_view_var_01-scaled.jpg\" \/>\n\t<meta property=\"og:image:width\" content=\"2560\" \/>\n\t<meta property=\"og:image:height\" content=\"2560\" \/>\n\t<meta property=\"og:image:type\" content=\"image\/jpeg\" \/>\n<meta name=\"twitter:card\" content=\"summary_large_image\" \/>\n<script type=\"application\/ld+json\" class=\"yoast-schema-graph\">{\"@context\":\"https:\/\/schema.org\",\"@graph\":[{\"@type\":\"WebPage\",\"@id\":\"https:\/\/steelnet.ua\/pl\/produkt\/panel-montazowy-do-skrzynki-plastikowej\/\",\"url\":\"https:\/\/steelnet.ua\/pl\/produkt\/panel-montazowy-do-skrzynki-plastikowej\/\",\"name\":\"Panel monta\u017cowy\u00a0do skrzynki plastikowej - SteelNet\",\"isPartOf\":{\"@id\":\"https:\/\/steelnet.ua\/#website\"},\"datePublished\":\"2023-03-15T17:07:18+00:00\",\"dateModified\":\"2023-03-15T17:07:18+00:00\",\"breadcrumb\":{\"@id\":\"https:\/\/steelnet.ua\/pl\/produkt\/panel-montazowy-do-skrzynki-plastikowej\/#breadcrumb\"},\"inLanguage\":\"pl-PL\",\"potentialAction\":[{\"@type\":\"ReadAction\",\"target\":[\"https:\/\/steelnet.ua\/pl\/produkt\/panel-montazowy-do-skrzynki-plastikowej\/\"]}]},{\"@type\":\"BreadcrumbList\",\"@id\":\"https:\/\/steelnet.ua\/pl\/produkt\/panel-montazowy-do-skrzynki-plastikowej\/#breadcrumb\",\"itemListElement\":[{\"@type\":\"ListItem\",\"position\":1,\"name\":\"\u0413\u043e\u043b\u043e\u0432\u043d\u0430 \u0421\u0442\u043e\u0440\u0456\u043d\u043a\u0430\",\"item\":\"https:\/\/steelnet.ua\/\"},{\"@type\":\"ListItem\",\"position\":2,\"name\":\"\u041c\u0430\u0433\u0430\u0437\u0438\u043d\",\"item\":\"https:\/\/steelnet.ua\/shop\/\"},{\"@type\":\"ListItem\",\"position\":3,\"name\":\"Panel monta\u017cowy\u00a0do skrzynki plastikowej\"}]},{\"@type\":\"WebSite\",\"@id\":\"https:\/\/steelnet.ua\/#website\",\"url\":\"https:\/\/steelnet.ua\/\",\"name\":\"SteelNet\",\"description\":\"\u041c\u0435\u0442\u0430\u043b\u043e\u043a\u043e\u043d\u0441\u0442\u0440\u0443\u043a\u0446\u0456\u0457 \u0442\u0430 \u0442\u0435\u043b\u0435\u043a\u043e\u043c \u043e\u0431\u043b\u0430\u0434\u043d\u0430\u043d\u043d\u044f\",\"potentialAction\":[{\"@type\":\"SearchAction\",\"target\":{\"@type\":\"EntryPoint\",\"urlTemplate\":\"https:\/\/steelnet.ua\/?s={search_term_string}\"},\"query-input\":\"required name=search_term_string\"}],\"inLanguage\":\"pl-PL\"}]}<\/script>\n<!-- \/ Yoast SEO plugin. -->","yoast_head_json":{"title":"Panel monta\u017cowy\u00a0do skrzynki plastikowej - SteelNet","robots":{"index":"index","follow":"follow","max-snippet":"max-snippet:-1","max-image-preview":"max-image-preview:large","max-video-preview":"max-video-preview:-1"},"canonical":"https:\/\/steelnet.ua\/pl\/produkt\/panel-montazowy-do-skrzynki-plastikowej\/","og_locale":"pl_PL","og_type":"article","og_title":"Panel monta\u017cowy\u00a0do skrzynki plastikowej - SteelNet","og_description":"Panel monta\u017cowy\u00a0do skrzynki plastikowej\u00a0SN FOB 04-16. Panel monta\u017cowy zosta\u0142 zaprojektowany jako niezale\u017cne akcesorium do skrzynki optycznej\u00a0SN FOB 04-16. Montuje si\u0119 go na wsporniku przez otwory za pomoc\u0105 ta\u015bmy mocuj\u0105cej 201 \u2013 20\u04450,7. Mo\u017cna go r\u00f3wnie\u017c zamontowa\u0107 na organizatorze zapas\u00f3w kabli\u00a0SN-500-UA-7035\u00a0lub\u00a0\u00a0SN-500-W-7035\u00a0za pomoc\u0105 jednej \u015bruby i gwintowanego otworu w organizatorze. Wykonany jest z 2 mm metalu, przetworzonego [&hellip;]","og_url":"https:\/\/steelnet.ua\/pl\/produkt\/panel-montazowy-do-skrzynki-plastikowej\/","og_site_name":"SteelNet","og_image":[{"width":2560,"height":2560,"url":"https:\/\/steelnet.ua\/wp-content\/uploads\/2023\/03\/plastina_perspective_view_var_01-scaled.jpg","type":"image\/jpeg"}],"twitter_card":"summary_large_image","schema":{"@context":"https:\/\/schema.org","@graph":[{"@type":"WebPage","@id":"https:\/\/steelnet.ua\/pl\/produkt\/panel-montazowy-do-skrzynki-plastikowej\/","url":"https:\/\/steelnet.ua\/pl\/produkt\/panel-montazowy-do-skrzynki-plastikowej\/","name":"Panel monta\u017cowy\u00a0do skrzynki plastikowej - SteelNet","isPartOf":{"@id":"https:\/\/steelnet.ua\/#website"},"datePublished":"2023-03-15T17:07:18+00:00","dateModified":"2023-03-15T17:07:18+00:00","breadcrumb":{"@id":"https:\/\/steelnet.ua\/pl\/produkt\/panel-montazowy-do-skrzynki-plastikowej\/#breadcrumb"},"inLanguage":"pl-PL","potentialAction":[{"@type":"ReadAction","target":["https:\/\/steelnet.ua\/pl\/produkt\/panel-montazowy-do-skrzynki-plastikowej\/"]}]},{"@type":"BreadcrumbList","@id":"https:\/\/steelnet.ua\/pl\/produkt\/panel-montazowy-do-skrzynki-plastikowej\/#breadcrumb","itemListElement":[{"@type":"ListItem","position":1,"name":"\u0413\u043e\u043b\u043e\u0432\u043d\u0430 \u0421\u0442\u043e\u0440\u0456\u043d\u043a\u0430","item":"https:\/\/steelnet.ua\/"},{"@type":"ListItem","position":2,"name":"\u041c\u0430\u0433\u0430\u0437\u0438\u043d","item":"https:\/\/steelnet.ua\/shop\/"},{"@type":"ListItem","position":3,"name":"Panel monta\u017cowy\u00a0do skrzynki plastikowej"}]},{"@type":"WebSite","@id":"https:\/\/steelnet.ua\/#website","url":"https:\/\/steelnet.ua\/","name":"SteelNet","description":"\u041c\u0435\u0442\u0430\u043b\u043e\u043a\u043e\u043d\u0441\u0442\u0440\u0443\u043a\u0446\u0456\u0457 \u0442\u0430 \u0442\u0435\u043b\u0435\u043a\u043e\u043c \u043e\u0431\u043b\u0430\u0434\u043d\u0430\u043d\u043d\u044f","potentialAction":[{"@type":"SearchAction","target":{"@type":"EntryPoint","urlTemplate":"https:\/\/steelnet.ua\/?s={search_term_string}"},"query-input":"required name=search_term_string"}],"inLanguage":"pl-PL"}]}},"_links":{"self":[{"href":"https:\/\/steelnet.ua\/pl\/wp-json\/wp\/v2\/product\/10070","targetHints":{"allow":["GET"]}}],"collection":[{"href":"https:\/\/steelnet.ua\/pl\/wp-json\/wp\/v2\/product"}],"about":[{"href":"https:\/\/steelnet.ua\/pl\/wp-json\/wp\/v2\/types\/product"}],"replies":[{"embeddable":true,"href":"https:\/\/steelnet.ua\/pl\/wp-json\/wp\/v2\/comments?post=10070"}],"wp:featuredmedia":[{"embeddable":true,"href":"https:\/\/steelnet.ua\/pl\/wp-json\/wp\/v2\/media\/10071"}],"wp:attachment":[{"href":"https:\/\/steelnet.ua\/pl\/wp-json\/wp\/v2\/media?parent=10070"}],"wp:term":[{"taxonomy":"product_cat","embeddable":true,"href":"https:\/\/steelnet.ua\/pl\/wp-json\/wp\/v2\/product_cat?post=10070"},{"taxonomy":"product_tag","embeddable":true,"href":"https:\/\/steelnet.ua\/pl\/wp-json\/wp\/v2\/product_tag?post=10070"}],"curies":[{"name":"wp","href":"https:\/\/api.w.org\/{rel}","templated":true}]}}