{"id":10052,"date":"2020-12-28T23:00:20","date_gmt":"2020-12-28T21:00:20","guid":{"rendered":"https:\/\/steelnet.ua\/product\/organizer-kabli-z-pierscieniami-sn-19-42u-39-43-7035\/"},"modified":"2020-12-28T23:00:20","modified_gmt":"2020-12-28T21:00:20","slug":"organizer-kabli-z-pierscieniami-sn-19-42u-39-43-7035","status":"publish","type":"product","link":"https:\/\/steelnet.ua\/pl\/produkt\/organizer-kabli-z-pierscieniami-sn-19-42u-39-43-7035\/","title":{"rendered":"Organizer kabli z pier\u015bcieniami SN 19\u201d 42U-39-43-7035"},"content":{"rendered":"<p>Zaprojektowany do organizacji i optymalizacji rozprowadzania kabli w szafach i stojakach 19\u201d poprzez poziome uk\u0142adanie.<\/p>\n<p>&#8211; typ wykonania: otwarty<\/p>\n<p>&#8211; materia\u0142 prowadnicy: blacha stalowa S=1,5 mm<\/p>\n<p>&#8211; materia\u0142 pier\u015bcieni: blacha stalowa S=1,5 mm<\/p>\n<p>&#8211; liczba pier\u015bcieni: 11 szt.<\/p>\n<p>&#8211; wysoko\u015b\u0107 \u2013 1900 mm.<\/p>\n<p>&#8211; szeroko\u015b\u0107 \u2013 43 mm<\/p>\n<p>&#8211; g\u0142\u0119boko\u015b\u0107 \u2013 39 mm<\/p>\n<p>&#8211; pow\u0142oka: farba proszkowo-polimerowa,<\/p>\n<p>&#8211; kolor: RAL7035 (szary) i RAL9005 (czarny)<\/p>\n<p>&#8211; waga \u2013 1,05 kg.<\/p>\n<p>* kompatybilny tylko z szafami telekomunikacyjnymi serii IRON<\/p>\n","protected":false},"excerpt":{"rendered":"<p>Zaprojektowany do organizacji i optymalizacji rozprowadzania kabli w szafach i stojakach 19\u201d poprzez poziome uk\u0142adanie. &#8211; typ wykonania: otwarty &#8211; materia\u0142 prowadnicy: blacha stalowa S=1,5 mm &#8211; materia\u0142 pier\u015bcieni: blacha stalowa S=1,5 mm &#8211; liczba pier\u015bcieni: 11 szt. &#8211; wysoko\u015b\u0107 \u2013 1900 mm. &#8211; szeroko\u015b\u0107 \u2013 43 mm &#8211; g\u0142\u0119boko\u015b\u0107 \u2013 39 mm &#8211; pow\u0142oka: [&hellip;]<\/p>\n","protected":false},"featured_media":10053,"comment_status":"open","ping_status":"closed","template":"","meta":{"inline_featured_image":false},"product_cat":[],"product_tag":[],"class_list":{"0":"post-10052","1":"product","2":"type-product","3":"status-publish","4":"has-post-thumbnail","7":"first","8":"instock","9":"shipping-taxable","10":"product-type-simple"},"yoast_head":"<!-- This site is optimized with the Yoast SEO plugin v27.3 - https:\/\/yoast.com\/product\/yoast-seo-wordpress\/ -->\n<title>Organizer kabli z pier\u015bcieniami SN 19\u201d 42U-39-43-7035 - SteelNet<\/title>\n<meta name=\"robots\" content=\"index, follow, max-snippet:-1, max-image-preview:large, max-video-preview:-1\" \/>\n<link rel=\"canonical\" href=\"https:\/\/steelnet.ua\/pl\/produkt\/organizer-kabli-z-pierscieniami-sn-19-42u-39-43-7035\/\" \/>\n<meta property=\"og:locale\" content=\"pl_PL\" \/>\n<meta property=\"og:type\" content=\"article\" \/>\n<meta property=\"og:title\" content=\"Organizer kabli z pier\u015bcieniami SN 19\u201d 42U-39-43-7035 - SteelNet\" \/>\n<meta property=\"og:description\" content=\"Zaprojektowany do organizacji i optymalizacji rozprowadzania kabli w szafach i stojakach 19\u201d poprzez poziome uk\u0142adanie. &#8211; typ wykonania: otwarty &#8211; materia\u0142 prowadnicy: blacha stalowa S=1,5 mm &#8211; materia\u0142 pier\u015bcieni: blacha stalowa S=1,5 mm &#8211; liczba pier\u015bcieni: 11 szt. &#8211; wysoko\u015b\u0107 \u2013 1900 mm. &#8211; szeroko\u015b\u0107 \u2013 43 mm &#8211; g\u0142\u0119boko\u015b\u0107 \u2013 39 mm &#8211; pow\u0142oka: [&hellip;]\" \/>\n<meta property=\"og:url\" content=\"https:\/\/steelnet.ua\/pl\/produkt\/organizer-kabli-z-pierscieniami-sn-19-42u-39-43-7035\/\" \/>\n<meta property=\"og:site_name\" content=\"SteelNet\" \/>\n<meta property=\"og:image\" content=\"https:\/\/steelnet.ua\/wp-content\/uploads\/2020\/12\/lara_product_80.jpg\" \/>\n\t<meta property=\"og:image:width\" content=\"800\" \/>\n\t<meta property=\"og:image:height\" content=\"800\" \/>\n\t<meta property=\"og:image:type\" content=\"image\/jpeg\" \/>\n<meta name=\"twitter:card\" content=\"summary_large_image\" \/>\n<script type=\"application\/ld+json\" class=\"yoast-schema-graph\">{\"@context\":\"https:\\\/\\\/schema.org\",\"@graph\":[{\"@type\":\"WebPage\",\"@id\":\"https:\\\/\\\/steelnet.ua\\\/pl\\\/produkt\\\/organizer-kabli-z-pierscieniami-sn-19-42u-39-43-7035\\\/\",\"url\":\"https:\\\/\\\/steelnet.ua\\\/pl\\\/produkt\\\/organizer-kabli-z-pierscieniami-sn-19-42u-39-43-7035\\\/\",\"name\":\"Organizer kabli z pier\u015bcieniami SN 19\u201d 42U-39-43-7035 - SteelNet\",\"isPartOf\":{\"@id\":\"https:\\\/\\\/steelnet.ua\\\/#website\"},\"primaryImageOfPage\":{\"@id\":\"https:\\\/\\\/steelnet.ua\\\/pl\\\/produkt\\\/organizer-kabli-z-pierscieniami-sn-19-42u-39-43-7035\\\/#primaryimage\"},\"image\":{\"@id\":\"https:\\\/\\\/steelnet.ua\\\/pl\\\/produkt\\\/organizer-kabli-z-pierscieniami-sn-19-42u-39-43-7035\\\/#primaryimage\"},\"thumbnailUrl\":\"https:\\\/\\\/steelnet.ua\\\/wp-content\\\/uploads\\\/2020\\\/12\\\/lara_product_80.jpg\",\"datePublished\":\"2020-12-28T21:00:20+00:00\",\"breadcrumb\":{\"@id\":\"https:\\\/\\\/steelnet.ua\\\/pl\\\/produkt\\\/organizer-kabli-z-pierscieniami-sn-19-42u-39-43-7035\\\/#breadcrumb\"},\"inLanguage\":\"pl-PL\",\"potentialAction\":[{\"@type\":\"ReadAction\",\"target\":[\"https:\\\/\\\/steelnet.ua\\\/pl\\\/produkt\\\/organizer-kabli-z-pierscieniami-sn-19-42u-39-43-7035\\\/\"]}]},{\"@type\":\"ImageObject\",\"inLanguage\":\"pl-PL\",\"@id\":\"https:\\\/\\\/steelnet.ua\\\/pl\\\/produkt\\\/organizer-kabli-z-pierscieniami-sn-19-42u-39-43-7035\\\/#primaryimage\",\"url\":\"https:\\\/\\\/steelnet.ua\\\/wp-content\\\/uploads\\\/2020\\\/12\\\/lara_product_80.jpg\",\"contentUrl\":\"https:\\\/\\\/steelnet.ua\\\/wp-content\\\/uploads\\\/2020\\\/12\\\/lara_product_80.jpg\",\"width\":800,\"height\":800},{\"@type\":\"BreadcrumbList\",\"@id\":\"https:\\\/\\\/steelnet.ua\\\/pl\\\/produkt\\\/organizer-kabli-z-pierscieniami-sn-19-42u-39-43-7035\\\/#breadcrumb\",\"itemListElement\":[{\"@type\":\"ListItem\",\"position\":1,\"name\":\"\u0413\u043e\u043b\u043e\u0432\u043d\u0430 \u0421\u0442\u043e\u0440\u0456\u043d\u043a\u0430\",\"item\":\"https:\\\/\\\/steelnet.ua\\\/\"},{\"@type\":\"ListItem\",\"position\":2,\"name\":\"\u041c\u0430\u0433\u0430\u0437\u0438\u043d\",\"item\":\"https:\\\/\\\/steelnet.ua\\\/shop\\\/\"},{\"@type\":\"ListItem\",\"position\":3,\"name\":\"Organizer kabli z pier\u015bcieniami SN 19\u201d 42U-39-43-7035\"}]},{\"@type\":\"WebSite\",\"@id\":\"https:\\\/\\\/steelnet.ua\\\/#website\",\"url\":\"https:\\\/\\\/steelnet.ua\\\/\",\"name\":\"SteelNet\",\"description\":\"\u041c\u0435\u0442\u0430\u043b\u043e\u043a\u043e\u043d\u0441\u0442\u0440\u0443\u043a\u0446\u0456\u0457 \u0442\u0430 \u0442\u0435\u043b\u0435\u043a\u043e\u043c \u043e\u0431\u043b\u0430\u0434\u043d\u0430\u043d\u043d\u044f\",\"potentialAction\":[{\"@type\":\"SearchAction\",\"target\":{\"@type\":\"EntryPoint\",\"urlTemplate\":\"https:\\\/\\\/steelnet.ua\\\/?s={search_term_string}\"},\"query-input\":{\"@type\":\"PropertyValueSpecification\",\"valueRequired\":true,\"valueName\":\"search_term_string\"}}],\"inLanguage\":\"pl-PL\"}]}<\/script>\n<!-- \/ Yoast SEO plugin. -->","yoast_head_json":{"title":"Organizer kabli z pier\u015bcieniami SN 19\u201d 42U-39-43-7035 - SteelNet","robots":{"index":"index","follow":"follow","max-snippet":"max-snippet:-1","max-image-preview":"max-image-preview:large","max-video-preview":"max-video-preview:-1"},"canonical":"https:\/\/steelnet.ua\/pl\/produkt\/organizer-kabli-z-pierscieniami-sn-19-42u-39-43-7035\/","og_locale":"pl_PL","og_type":"article","og_title":"Organizer kabli z pier\u015bcieniami SN 19\u201d 42U-39-43-7035 - SteelNet","og_description":"Zaprojektowany do organizacji i optymalizacji rozprowadzania kabli w szafach i stojakach 19\u201d poprzez poziome uk\u0142adanie. &#8211; typ wykonania: otwarty &#8211; materia\u0142 prowadnicy: blacha stalowa S=1,5 mm &#8211; materia\u0142 pier\u015bcieni: blacha stalowa S=1,5 mm &#8211; liczba pier\u015bcieni: 11 szt. &#8211; wysoko\u015b\u0107 \u2013 1900 mm. &#8211; szeroko\u015b\u0107 \u2013 43 mm &#8211; g\u0142\u0119boko\u015b\u0107 \u2013 39 mm &#8211; pow\u0142oka: [&hellip;]","og_url":"https:\/\/steelnet.ua\/pl\/produkt\/organizer-kabli-z-pierscieniami-sn-19-42u-39-43-7035\/","og_site_name":"SteelNet","og_image":[{"width":800,"height":800,"url":"https:\/\/steelnet.ua\/wp-content\/uploads\/2020\/12\/lara_product_80.jpg","type":"image\/jpeg"}],"twitter_card":"summary_large_image","schema":{"@context":"https:\/\/schema.org","@graph":[{"@type":"WebPage","@id":"https:\/\/steelnet.ua\/pl\/produkt\/organizer-kabli-z-pierscieniami-sn-19-42u-39-43-7035\/","url":"https:\/\/steelnet.ua\/pl\/produkt\/organizer-kabli-z-pierscieniami-sn-19-42u-39-43-7035\/","name":"Organizer kabli z pier\u015bcieniami SN 19\u201d 42U-39-43-7035 - SteelNet","isPartOf":{"@id":"https:\/\/steelnet.ua\/#website"},"primaryImageOfPage":{"@id":"https:\/\/steelnet.ua\/pl\/produkt\/organizer-kabli-z-pierscieniami-sn-19-42u-39-43-7035\/#primaryimage"},"image":{"@id":"https:\/\/steelnet.ua\/pl\/produkt\/organizer-kabli-z-pierscieniami-sn-19-42u-39-43-7035\/#primaryimage"},"thumbnailUrl":"https:\/\/steelnet.ua\/wp-content\/uploads\/2020\/12\/lara_product_80.jpg","datePublished":"2020-12-28T21:00:20+00:00","breadcrumb":{"@id":"https:\/\/steelnet.ua\/pl\/produkt\/organizer-kabli-z-pierscieniami-sn-19-42u-39-43-7035\/#breadcrumb"},"inLanguage":"pl-PL","potentialAction":[{"@type":"ReadAction","target":["https:\/\/steelnet.ua\/pl\/produkt\/organizer-kabli-z-pierscieniami-sn-19-42u-39-43-7035\/"]}]},{"@type":"ImageObject","inLanguage":"pl-PL","@id":"https:\/\/steelnet.ua\/pl\/produkt\/organizer-kabli-z-pierscieniami-sn-19-42u-39-43-7035\/#primaryimage","url":"https:\/\/steelnet.ua\/wp-content\/uploads\/2020\/12\/lara_product_80.jpg","contentUrl":"https:\/\/steelnet.ua\/wp-content\/uploads\/2020\/12\/lara_product_80.jpg","width":800,"height":800},{"@type":"BreadcrumbList","@id":"https:\/\/steelnet.ua\/pl\/produkt\/organizer-kabli-z-pierscieniami-sn-19-42u-39-43-7035\/#breadcrumb","itemListElement":[{"@type":"ListItem","position":1,"name":"\u0413\u043e\u043b\u043e\u0432\u043d\u0430 \u0421\u0442\u043e\u0440\u0456\u043d\u043a\u0430","item":"https:\/\/steelnet.ua\/"},{"@type":"ListItem","position":2,"name":"\u041c\u0430\u0433\u0430\u0437\u0438\u043d","item":"https:\/\/steelnet.ua\/shop\/"},{"@type":"ListItem","position":3,"name":"Organizer kabli z pier\u015bcieniami SN 19\u201d 42U-39-43-7035"}]},{"@type":"WebSite","@id":"https:\/\/steelnet.ua\/#website","url":"https:\/\/steelnet.ua\/","name":"SteelNet","description":"\u041c\u0435\u0442\u0430\u043b\u043e\u043a\u043e\u043d\u0441\u0442\u0440\u0443\u043a\u0446\u0456\u0457 \u0442\u0430 \u0442\u0435\u043b\u0435\u043a\u043e\u043c \u043e\u0431\u043b\u0430\u0434\u043d\u0430\u043d\u043d\u044f","potentialAction":[{"@type":"SearchAction","target":{"@type":"EntryPoint","urlTemplate":"https:\/\/steelnet.ua\/?s={search_term_string}"},"query-input":{"@type":"PropertyValueSpecification","valueRequired":true,"valueName":"search_term_string"}}],"inLanguage":"pl-PL"}]}},"_links":{"self":[{"href":"https:\/\/steelnet.ua\/pl\/wp-json\/wp\/v2\/product\/10052","targetHints":{"allow":["GET"]}}],"collection":[{"href":"https:\/\/steelnet.ua\/pl\/wp-json\/wp\/v2\/product"}],"about":[{"href":"https:\/\/steelnet.ua\/pl\/wp-json\/wp\/v2\/types\/product"}],"replies":[{"embeddable":true,"href":"https:\/\/steelnet.ua\/pl\/wp-json\/wp\/v2\/comments?post=10052"}],"wp:featuredmedia":[{"embeddable":true,"href":"https:\/\/steelnet.ua\/pl\/wp-json\/wp\/v2\/media\/10053"}],"wp:attachment":[{"href":"https:\/\/steelnet.ua\/pl\/wp-json\/wp\/v2\/media?parent=10052"}],"wp:term":[{"taxonomy":"product_cat","embeddable":true,"href":"https:\/\/steelnet.ua\/pl\/wp-json\/wp\/v2\/product_cat?post=10052"},{"taxonomy":"product_tag","embeddable":true,"href":"https:\/\/steelnet.ua\/pl\/wp-json\/wp\/v2\/product_tag?post=10052"}],"curies":[{"name":"wp","href":"https:\/\/api.w.org\/{rel}","templated":true}]}}