{"id":10006,"date":"2021-08-04T11:52:10","date_gmt":"2021-08-04T08:52:10","guid":{"rendered":"https:\/\/steelnet.ua\/product\/organizer-kabli-sn-19-1u-7035-z-plastikowymi-pierscieniami-2\/"},"modified":"2021-08-04T11:52:10","modified_gmt":"2021-08-04T08:52:10","slug":"organizer-kabli-sn-19-1u-7035-z-plastikowymi-pierscieniami-2","status":"publish","type":"product","link":"https:\/\/steelnet.ua\/pl\/produkt\/organizer-kabli-sn-19-1u-7035-z-plastikowymi-pierscieniami-2\/","title":{"rendered":"Organizer kabli SN 19&#8243;1U-7035 z plastikowymi pier\u015bcieniami"},"content":{"rendered":"<p>Organizer kabli SN 19\u20331U-7035 z 5 plastikowymi pier\u015bcieniami s\u0142u\u017cy do organizacji i uporz\u0105dkowanego uk\u0142adania kabli, patchcord\u00f3w optycznych i miedzianych.<\/p>\n<p>Typ wykonania \u2013 otwarty; materia\u0142 prowadnicy \u2013 blacha stalowa 1,2 mm; materia\u0142 pier\u015bcieni \u2013 tworzywo sztuczne.<\/p>\n<p>Liczba pier\u015bcieni \u2013 5 sztuk. Pow\u0142oka: odporna na korozj\u0119 farba proszkowo-polimerowa RAL7035 (szara), RAL9005 (czarna).<\/p>\n<p>Waga \u2013 0,3 kg.<\/p>\n<p>Kompatybilny ze wszystkimi szafkami i wspornikami.<\/p>\n","protected":false},"excerpt":{"rendered":"<p>Organizer kabli SN 19\u20331U-7035 z 5 plastikowymi pier\u015bcieniami s\u0142u\u017cy do organizacji i uporz\u0105dkowanego uk\u0142adania kabli, patchcord\u00f3w optycznych i miedzianych. Typ wykonania \u2013 otwarty; materia\u0142 prowadnicy \u2013 blacha stalowa 1,2 mm; materia\u0142 pier\u015bcieni \u2013 tworzywo sztuczne. Liczba pier\u015bcieni \u2013 5 sztuk. Pow\u0142oka: odporna na korozj\u0119 farba proszkowo-polimerowa RAL7035 (szara), RAL9005 (czarna). Waga \u2013 0,3 kg. Kompatybilny [&hellip;]<\/p>\n","protected":false},"featured_media":10010,"comment_status":"open","ping_status":"closed","template":"","meta":{"inline_featured_image":false},"product_cat":[],"product_tag":[],"class_list":{"0":"post-10006","1":"product","2":"type-product","3":"status-publish","4":"has-post-thumbnail","7":"first","8":"instock","9":"shipping-taxable","10":"product-type-simple"},"yoast_head":"<!-- This site is optimized with the Yoast SEO plugin v27.3 - https:\/\/yoast.com\/product\/yoast-seo-wordpress\/ -->\n<title>Organizer kabli SN 19&quot;1U-7035 z plastikowymi pier\u015bcieniami - SteelNet<\/title>\n<meta name=\"robots\" content=\"index, follow, max-snippet:-1, max-image-preview:large, max-video-preview:-1\" \/>\n<link rel=\"canonical\" href=\"https:\/\/steelnet.ua\/pl\/produkt\/organizer-kabli-sn-19-1u-7035-z-plastikowymi-pierscieniami-2\/\" \/>\n<meta property=\"og:locale\" content=\"pl_PL\" \/>\n<meta property=\"og:type\" content=\"article\" \/>\n<meta property=\"og:title\" content=\"Organizer kabli SN 19&quot;1U-7035 z plastikowymi pier\u015bcieniami - SteelNet\" \/>\n<meta property=\"og:description\" content=\"Organizer kabli SN 19\u20331U-7035 z 5 plastikowymi pier\u015bcieniami s\u0142u\u017cy do organizacji i uporz\u0105dkowanego uk\u0142adania kabli, patchcord\u00f3w optycznych i miedzianych. Typ wykonania \u2013 otwarty; materia\u0142 prowadnicy \u2013 blacha stalowa 1,2 mm; materia\u0142 pier\u015bcieni \u2013 tworzywo sztuczne. Liczba pier\u015bcieni \u2013 5 sztuk. Pow\u0142oka: odporna na korozj\u0119 farba proszkowo-polimerowa RAL7035 (szara), RAL9005 (czarna). Waga \u2013 0,3 kg. Kompatybilny [&hellip;]\" \/>\n<meta property=\"og:url\" content=\"https:\/\/steelnet.ua\/pl\/produkt\/organizer-kabli-sn-19-1u-7035-z-plastikowymi-pierscieniami-2\/\" \/>\n<meta property=\"og:site_name\" content=\"SteelNet\" \/>\n<meta property=\"og:image\" content=\"https:\/\/steelnet.ua\/wp-content\/uploads\/2021\/08\/photo_2021-10-21_14-30-22.jpg\" \/>\n\t<meta property=\"og:image:width\" content=\"833\" \/>\n\t<meta property=\"og:image:height\" content=\"832\" \/>\n\t<meta property=\"og:image:type\" content=\"image\/jpeg\" \/>\n<meta name=\"twitter:card\" content=\"summary_large_image\" \/>\n<script type=\"application\/ld+json\" class=\"yoast-schema-graph\">{\"@context\":\"https:\\\/\\\/schema.org\",\"@graph\":[{\"@type\":\"WebPage\",\"@id\":\"https:\\\/\\\/steelnet.ua\\\/pl\\\/produkt\\\/organizer-kabli-sn-19-1u-7035-z-plastikowymi-pierscieniami-2\\\/\",\"url\":\"https:\\\/\\\/steelnet.ua\\\/pl\\\/produkt\\\/organizer-kabli-sn-19-1u-7035-z-plastikowymi-pierscieniami-2\\\/\",\"name\":\"Organizer kabli SN 19\\\"1U-7035 z plastikowymi pier\u015bcieniami - SteelNet\",\"isPartOf\":{\"@id\":\"https:\\\/\\\/steelnet.ua\\\/#website\"},\"primaryImageOfPage\":{\"@id\":\"https:\\\/\\\/steelnet.ua\\\/pl\\\/produkt\\\/organizer-kabli-sn-19-1u-7035-z-plastikowymi-pierscieniami-2\\\/#primaryimage\"},\"image\":{\"@id\":\"https:\\\/\\\/steelnet.ua\\\/pl\\\/produkt\\\/organizer-kabli-sn-19-1u-7035-z-plastikowymi-pierscieniami-2\\\/#primaryimage\"},\"thumbnailUrl\":\"https:\\\/\\\/steelnet.ua\\\/wp-content\\\/uploads\\\/2021\\\/08\\\/photo_2021-10-21_14-30-22.jpg\",\"datePublished\":\"2021-08-04T08:52:10+00:00\",\"breadcrumb\":{\"@id\":\"https:\\\/\\\/steelnet.ua\\\/pl\\\/produkt\\\/organizer-kabli-sn-19-1u-7035-z-plastikowymi-pierscieniami-2\\\/#breadcrumb\"},\"inLanguage\":\"pl-PL\",\"potentialAction\":[{\"@type\":\"ReadAction\",\"target\":[\"https:\\\/\\\/steelnet.ua\\\/pl\\\/produkt\\\/organizer-kabli-sn-19-1u-7035-z-plastikowymi-pierscieniami-2\\\/\"]}]},{\"@type\":\"ImageObject\",\"inLanguage\":\"pl-PL\",\"@id\":\"https:\\\/\\\/steelnet.ua\\\/pl\\\/produkt\\\/organizer-kabli-sn-19-1u-7035-z-plastikowymi-pierscieniami-2\\\/#primaryimage\",\"url\":\"https:\\\/\\\/steelnet.ua\\\/wp-content\\\/uploads\\\/2021\\\/08\\\/photo_2021-10-21_14-30-22.jpg\",\"contentUrl\":\"https:\\\/\\\/steelnet.ua\\\/wp-content\\\/uploads\\\/2021\\\/08\\\/photo_2021-10-21_14-30-22.jpg\",\"width\":833,\"height\":832},{\"@type\":\"BreadcrumbList\",\"@id\":\"https:\\\/\\\/steelnet.ua\\\/pl\\\/produkt\\\/organizer-kabli-sn-19-1u-7035-z-plastikowymi-pierscieniami-2\\\/#breadcrumb\",\"itemListElement\":[{\"@type\":\"ListItem\",\"position\":1,\"name\":\"\u0413\u043e\u043b\u043e\u0432\u043d\u0430 \u0421\u0442\u043e\u0440\u0456\u043d\u043a\u0430\",\"item\":\"https:\\\/\\\/steelnet.ua\\\/\"},{\"@type\":\"ListItem\",\"position\":2,\"name\":\"\u041c\u0430\u0433\u0430\u0437\u0438\u043d\",\"item\":\"https:\\\/\\\/steelnet.ua\\\/shop\\\/\"},{\"@type\":\"ListItem\",\"position\":3,\"name\":\"Organizer kabli SN 19&#8243;1U-7035 z plastikowymi pier\u015bcieniami\"}]},{\"@type\":\"WebSite\",\"@id\":\"https:\\\/\\\/steelnet.ua\\\/#website\",\"url\":\"https:\\\/\\\/steelnet.ua\\\/\",\"name\":\"SteelNet\",\"description\":\"\u041c\u0435\u0442\u0430\u043b\u043e\u043a\u043e\u043d\u0441\u0442\u0440\u0443\u043a\u0446\u0456\u0457 \u0442\u0430 \u0442\u0435\u043b\u0435\u043a\u043e\u043c \u043e\u0431\u043b\u0430\u0434\u043d\u0430\u043d\u043d\u044f\",\"potentialAction\":[{\"@type\":\"SearchAction\",\"target\":{\"@type\":\"EntryPoint\",\"urlTemplate\":\"https:\\\/\\\/steelnet.ua\\\/?s={search_term_string}\"},\"query-input\":{\"@type\":\"PropertyValueSpecification\",\"valueRequired\":true,\"valueName\":\"search_term_string\"}}],\"inLanguage\":\"pl-PL\"}]}<\/script>\n<!-- \/ Yoast SEO plugin. -->","yoast_head_json":{"title":"Organizer kabli SN 19\"1U-7035 z plastikowymi pier\u015bcieniami - SteelNet","robots":{"index":"index","follow":"follow","max-snippet":"max-snippet:-1","max-image-preview":"max-image-preview:large","max-video-preview":"max-video-preview:-1"},"canonical":"https:\/\/steelnet.ua\/pl\/produkt\/organizer-kabli-sn-19-1u-7035-z-plastikowymi-pierscieniami-2\/","og_locale":"pl_PL","og_type":"article","og_title":"Organizer kabli SN 19\"1U-7035 z plastikowymi pier\u015bcieniami - SteelNet","og_description":"Organizer kabli SN 19\u20331U-7035 z 5 plastikowymi pier\u015bcieniami s\u0142u\u017cy do organizacji i uporz\u0105dkowanego uk\u0142adania kabli, patchcord\u00f3w optycznych i miedzianych. Typ wykonania \u2013 otwarty; materia\u0142 prowadnicy \u2013 blacha stalowa 1,2 mm; materia\u0142 pier\u015bcieni \u2013 tworzywo sztuczne. Liczba pier\u015bcieni \u2013 5 sztuk. Pow\u0142oka: odporna na korozj\u0119 farba proszkowo-polimerowa RAL7035 (szara), RAL9005 (czarna). Waga \u2013 0,3 kg. Kompatybilny [&hellip;]","og_url":"https:\/\/steelnet.ua\/pl\/produkt\/organizer-kabli-sn-19-1u-7035-z-plastikowymi-pierscieniami-2\/","og_site_name":"SteelNet","og_image":[{"width":833,"height":832,"url":"https:\/\/steelnet.ua\/wp-content\/uploads\/2021\/08\/photo_2021-10-21_14-30-22.jpg","type":"image\/jpeg"}],"twitter_card":"summary_large_image","schema":{"@context":"https:\/\/schema.org","@graph":[{"@type":"WebPage","@id":"https:\/\/steelnet.ua\/pl\/produkt\/organizer-kabli-sn-19-1u-7035-z-plastikowymi-pierscieniami-2\/","url":"https:\/\/steelnet.ua\/pl\/produkt\/organizer-kabli-sn-19-1u-7035-z-plastikowymi-pierscieniami-2\/","name":"Organizer kabli SN 19\"1U-7035 z plastikowymi pier\u015bcieniami - SteelNet","isPartOf":{"@id":"https:\/\/steelnet.ua\/#website"},"primaryImageOfPage":{"@id":"https:\/\/steelnet.ua\/pl\/produkt\/organizer-kabli-sn-19-1u-7035-z-plastikowymi-pierscieniami-2\/#primaryimage"},"image":{"@id":"https:\/\/steelnet.ua\/pl\/produkt\/organizer-kabli-sn-19-1u-7035-z-plastikowymi-pierscieniami-2\/#primaryimage"},"thumbnailUrl":"https:\/\/steelnet.ua\/wp-content\/uploads\/2021\/08\/photo_2021-10-21_14-30-22.jpg","datePublished":"2021-08-04T08:52:10+00:00","breadcrumb":{"@id":"https:\/\/steelnet.ua\/pl\/produkt\/organizer-kabli-sn-19-1u-7035-z-plastikowymi-pierscieniami-2\/#breadcrumb"},"inLanguage":"pl-PL","potentialAction":[{"@type":"ReadAction","target":["https:\/\/steelnet.ua\/pl\/produkt\/organizer-kabli-sn-19-1u-7035-z-plastikowymi-pierscieniami-2\/"]}]},{"@type":"ImageObject","inLanguage":"pl-PL","@id":"https:\/\/steelnet.ua\/pl\/produkt\/organizer-kabli-sn-19-1u-7035-z-plastikowymi-pierscieniami-2\/#primaryimage","url":"https:\/\/steelnet.ua\/wp-content\/uploads\/2021\/08\/photo_2021-10-21_14-30-22.jpg","contentUrl":"https:\/\/steelnet.ua\/wp-content\/uploads\/2021\/08\/photo_2021-10-21_14-30-22.jpg","width":833,"height":832},{"@type":"BreadcrumbList","@id":"https:\/\/steelnet.ua\/pl\/produkt\/organizer-kabli-sn-19-1u-7035-z-plastikowymi-pierscieniami-2\/#breadcrumb","itemListElement":[{"@type":"ListItem","position":1,"name":"\u0413\u043e\u043b\u043e\u0432\u043d\u0430 \u0421\u0442\u043e\u0440\u0456\u043d\u043a\u0430","item":"https:\/\/steelnet.ua\/"},{"@type":"ListItem","position":2,"name":"\u041c\u0430\u0433\u0430\u0437\u0438\u043d","item":"https:\/\/steelnet.ua\/shop\/"},{"@type":"ListItem","position":3,"name":"Organizer kabli SN 19&#8243;1U-7035 z plastikowymi pier\u015bcieniami"}]},{"@type":"WebSite","@id":"https:\/\/steelnet.ua\/#website","url":"https:\/\/steelnet.ua\/","name":"SteelNet","description":"\u041c\u0435\u0442\u0430\u043b\u043e\u043a\u043e\u043d\u0441\u0442\u0440\u0443\u043a\u0446\u0456\u0457 \u0442\u0430 \u0442\u0435\u043b\u0435\u043a\u043e\u043c \u043e\u0431\u043b\u0430\u0434\u043d\u0430\u043d\u043d\u044f","potentialAction":[{"@type":"SearchAction","target":{"@type":"EntryPoint","urlTemplate":"https:\/\/steelnet.ua\/?s={search_term_string}"},"query-input":{"@type":"PropertyValueSpecification","valueRequired":true,"valueName":"search_term_string"}}],"inLanguage":"pl-PL"}]}},"_links":{"self":[{"href":"https:\/\/steelnet.ua\/pl\/wp-json\/wp\/v2\/product\/10006","targetHints":{"allow":["GET"]}}],"collection":[{"href":"https:\/\/steelnet.ua\/pl\/wp-json\/wp\/v2\/product"}],"about":[{"href":"https:\/\/steelnet.ua\/pl\/wp-json\/wp\/v2\/types\/product"}],"replies":[{"embeddable":true,"href":"https:\/\/steelnet.ua\/pl\/wp-json\/wp\/v2\/comments?post=10006"}],"wp:featuredmedia":[{"embeddable":true,"href":"https:\/\/steelnet.ua\/pl\/wp-json\/wp\/v2\/media\/10010"}],"wp:attachment":[{"href":"https:\/\/steelnet.ua\/pl\/wp-json\/wp\/v2\/media?parent=10006"}],"wp:term":[{"taxonomy":"product_cat","embeddable":true,"href":"https:\/\/steelnet.ua\/pl\/wp-json\/wp\/v2\/product_cat?post=10006"},{"taxonomy":"product_tag","embeddable":true,"href":"https:\/\/steelnet.ua\/pl\/wp-json\/wp\/v2\/product_tag?post=10006"}],"curies":[{"name":"wp","href":"https:\/\/api.w.org\/{rel}","templated":true}]}}